{"id":703,"date":"2019-12-22T13:42:02","date_gmt":"2019-12-22T13:42:02","guid":{"rendered":"http:\/\/ktk.com.tr\/?page_id=703"},"modified":"2021-04-21T21:38:51","modified_gmt":"2021-04-21T18:38:51","slug":"contact-us","status":"publish","type":"page","link":"https:\/\/ktk.com.tr\/tr\/contact-us\/","title":{"rendered":"\u0130leti\u015fim"},"content":{"rendered":"<p>Esentepe Mah. B\u00fcy\u00fckdere Cad. Levent Loft A Blok No:56 34394 \u015ei\u015fli &#8211; \u0130stanbul<\/p>\n<p>Phone : +90 212 965 12 00<\/p>\n<p>Fax: +90 212 965 72 00<\/p>\n<p>Email : info@ktk.com.tr<\/p>\n<p>MON-FRI 09:00 &#8211; 18:00<\/p>\n<h3>Ba\u011flant\u0131ya Gei\u00e7iniz<\/h3>","protected":false},"excerpt":{"rendered":"<p>Esentepe Mah. B\u00fcy\u00fckdere Cad. Levent Loft A Blok No:56 34394 \u015ei\u015fli &#8211; \u0130stanbul Phone : +90 212 965 12 00 Fax: +90 212 965 72 00 Email : info@ktk.com.tr MON-FRI 09:00 &#8211; 18:00 Get In touch<\/p>","protected":false},"author":1,"featured_media":0,"parent":0,"menu_order":0,"comment_status":"closed","ping_status":"closed","template":"","meta":[],"_links":{"self":[{"href":"https:\/\/ktk.com.tr\/tr\/wp-json\/wp\/v2\/pages\/703"}],"collection":[{"href":"https:\/\/ktk.com.tr\/tr\/wp-json\/wp\/v2\/pages"}],"about":[{"href":"https:\/\/ktk.com.tr\/tr\/wp-json\/wp\/v2\/types\/page"}],"author":[{"embeddable":true,"href":"https:\/\/ktk.com.tr\/tr\/wp-json\/wp\/v2\/users\/1"}],"replies":[{"embeddable":true,"href":"https:\/\/ktk.com.tr\/tr\/wp-json\/wp\/v2\/comments?post=703"}],"version-history":[{"count":13,"href":"https:\/\/ktk.com.tr\/tr\/wp-json\/wp\/v2\/pages\/703\/revisions"}],"predecessor-version":[{"id":2454,"href":"https:\/\/ktk.com.tr\/tr\/wp-json\/wp\/v2\/pages\/703\/revisions\/2454"}],"wp:attachment":[{"href":"https:\/\/ktk.com.tr\/tr\/wp-json\/wp\/v2\/media?parent=703"}],"curies":[{"name":"wp","href":"https:\/\/api.w.org\/{rel}","templated":true}]}}