{"id":682,"date":"2019-12-22T13:38:44","date_gmt":"2019-12-22T13:38:44","guid":{"rendered":"http:\/\/ktk.com.tr\/?page_id=682"},"modified":"2020-01-20T08:56:47","modified_gmt":"2020-01-20T08:56:47","slug":"spiral-membranes","status":"publish","type":"page","link":"https:\/\/ktk.com.tr\/tr\/spiral-membranes\/","title":{"rendered":"Sipral Membranlar"},"content":{"rendered":"<p><img decoding=\"async\" loading=\"lazy\" width=\"640\" height=\"360\" src=\"https:\/\/ktk.com.tr\/wp-content\/uploads\/2020\/01\/mf_spirals_left_side_640x360.png\" alt=\"\" class=\"ktk\" srcset=\"https:\/\/ktk.com.tr\/wp-content\/uploads\/2020\/01\/mf_spirals_left_side_640x360.png 640w, https:\/\/ktk.com.tr\/wp-content\/uploads\/2020\/01\/mf_spirals_left_side_640x360-300x169.png 300w, https:\/\/ktk.com.tr\/wp-content\/uploads\/2020\/01\/mf_spirals_left_side_640x360-1x1.png 1w\" sizes=\"(max-width: 640px) 100vw, 640px\" \/>\t\t\t\t\t\t\t\t\t\t\t<\/p>\n<h2>MF<\/h2>\n<p>Alfa Laval mikrofiltrasyon spiral membranlar\u0131 (MF), da\u011f\u0131lm\u0131\u015f kat\u0131lar\u0131n etkili bir \u015fekilde uzakla\u015ft\u0131r\u0131lmas\u0131 i\u00e7in kan\u0131tlanm\u0131\u015f \u00e7\u00f6z\u00fcmlerdir. S\u0131hhi, tam oturan bir tasar\u0131mda benzersiz polipropilen destek malzemesi yap\u0131s\u0131 optimum filtreleme sa\u011flar. Farkl\u0131 mikrofiltrasyon membranlar\u0131 ve uygulaman\u0131z i\u00e7in do\u011fru performans\u0131 sa\u011flamak i\u00e7in \u00e7e\u015fitli uzunluk, \u00e7ap ve besleme ara par\u00e7as\u0131 boyutu kombinasyonlar\u0131 vard\u0131r.<\/p>\n<p>\t\t\t<a href=\"https:\/\/ktk.com.tr\/wp-content\/uploads\/2020\/01\/Spiral-Membranes-LEaflet.pdf\" role=\"button\"><br \/>\n\t\t\t\t\t\t\u00dcr\u00fcn Bilgisi<br \/>\n\t\t\t\t\t<\/a><br \/>\n\t\t\t<a href=\"https:\/\/ktk.com.tr\/tr\/contact-us\/\" role=\"button\"><br \/>\n\t\t\t\t\t\tL\u00fctfen \u0130leti\u015fime Ge\u00e7iniz<br \/>\n\t\t\t\t\t<\/a><br \/>\n\t\t\t\t\t\t\t\t\t\t<img decoding=\"async\" loading=\"lazy\" width=\"640\" height=\"360\" src=\"https:\/\/ktk.com.tr\/wp-content\/uploads\/2020\/01\/nf_spirals_left_side_640x360.png\" alt=\"\" class=\"ktk\" srcset=\"https:\/\/ktk.com.tr\/wp-content\/uploads\/2020\/01\/nf_spirals_left_side_640x360.png 640w, https:\/\/ktk.com.tr\/wp-content\/uploads\/2020\/01\/nf_spirals_left_side_640x360-300x169.png 300w, https:\/\/ktk.com.tr\/wp-content\/uploads\/2020\/01\/nf_spirals_left_side_640x360-1x1.png 1w\" sizes=\"(max-width: 640px) 100vw, 640px\" \/>\t\t\t\t\t\t\t\t\t\t\t<\/p>\n<h2>NF<\/h2>\n<p>Alfa Laval nanofiltrasyon spiral membranlar\u0131 (NF), antibiyotik, peynir alt\u0131 suyu ve ultrafiltrasyon permeat gibi \u00fcr\u00fcnlerin y\u00fcksek verim konsantrasyonu ve demineralizasyonu i\u00e7in kan\u0131tlanm\u0131\u015f \u00e7\u00f6z\u00fcmlerdir. K\u00fc\u00e7\u00fck tek de\u011ferlikli tuzlar permeat i\u00e7ine ge\u00e7erken, 1'den fazla iki de\u011ferlikli tuzlar\u0131 tutarlar. Renk ve aroma retentatta kal\u0131rken, NF zar\u0131ndan ge\u00e7en alkol bile\u015feni ile d\u00fc\u015f\u00fck alkoll\u00fc i\u00e7ecekler \u00fcretmek i\u00e7in de kullan\u0131labilirler.<\/p>\n<p>\t\t\t<a href=\"https:\/\/ktk.com.tr\/wp-content\/uploads\/2020\/01\/Spiral-Membranes-LEaflet.pdf\" role=\"button\"><br \/>\n\t\t\t\t\t\t\u00dcr\u00fcn Bilgisi<br \/>\n\t\t\t\t\t<\/a><br \/>\n\t\t\t<a href=\"https:\/\/ktk.com.tr\/tr\/contact-us\/\" role=\"button\"><br \/>\n\t\t\t\t\t\tL\u00fctfen \u0130leti\u015fime Ge\u00e7iniz<br \/>\n\t\t\t\t\t<\/a><br \/>\n\t\t\t\t\t\t\t\t\t\t<img decoding=\"async\" loading=\"lazy\" width=\"640\" height=\"360\" src=\"https:\/\/ktk.com.tr\/wp-content\/uploads\/2020\/01\/ro_spirals_left_side_640x360.png\" alt=\"\" class=\"ktk\" srcset=\"https:\/\/ktk.com.tr\/wp-content\/uploads\/2020\/01\/ro_spirals_left_side_640x360.png 640w, https:\/\/ktk.com.tr\/wp-content\/uploads\/2020\/01\/ro_spirals_left_side_640x360-300x169.png 300w, https:\/\/ktk.com.tr\/wp-content\/uploads\/2020\/01\/ro_spirals_left_side_640x360-1x1.png 1w\" sizes=\"(max-width: 640px) 100vw, 640px\" \/>\t\t\t\t\t\t\t\t\t\t\t<\/p>\n<h2>RO<\/h2>\n<p>Alfa Laval ters ozmoz spiral membranlar (RO), d\u00fc\u015f\u00fck enerjili, yem ak\u0131\u015flar\u0131n\u0131, \u00f6zellikle \u0131s\u0131ya duyarl\u0131 \u00fcr\u00fcnleri konsantre etmek i\u00e7in kan\u0131tlanm\u0131\u015f \u00e7\u00f6z\u00fcmlerdir. RO spiral membranlar\u0131 ayr\u0131ca buharla\u015ft\u0131rma \u00f6ncesi \u00f6n konsantrasyonun yan\u0131 s\u0131ra permeat ak\u0131\u015flar\u0131ndan ve buharla\u015ft\u0131r\u0131c\u0131 kondensinden \u00fcr\u00fcn ve su geri kazan\u0131m\u0131 i\u00e7in de kullan\u0131labilir. \u0130ki dizi RO membran\u0131 farkl\u0131 NaCl ret \u00f6zelliklerine sahiptir. RO membranlar\u0131, polyester veya polipropilen destek ka\u011f\u0131d\u0131 \u00fczerine ince film kompozit d\u00f6k\u00fcmd\u00fcr.<\/p>\n<p>\u00a0<br \/>\n\t\t\t<a href=\"https:\/\/ktk.com.tr\/wp-content\/uploads\/2020\/01\/Spiral-Membranes-LEaflet.pdf\" role=\"button\"><br \/>\n\t\t\t\t\t\t\u00dcr\u00fcn Bilgisi<br \/>\n\t\t\t\t\t<\/a><br \/>\n\t\t\t<a href=\"https:\/\/ktk.com.tr\/tr\/contact-us\/\" role=\"button\"><br \/>\n\t\t\t\t\t\tL\u00fctfen \u0130leti\u015fime Ge\u00e7iniz<br \/>\n\t\t\t\t\t<\/a><br \/>\n\t\t\t\t\t\t\t\t\t\t<img decoding=\"async\" loading=\"lazy\" width=\"640\" height=\"360\" src=\"https:\/\/ktk.com.tr\/wp-content\/uploads\/2020\/01\/uf_spirals_left_side_640x360.png\" alt=\"\" class=\"ktk\" srcset=\"https:\/\/ktk.com.tr\/wp-content\/uploads\/2020\/01\/uf_spirals_left_side_640x360.png 640w, https:\/\/ktk.com.tr\/wp-content\/uploads\/2020\/01\/uf_spirals_left_side_640x360-300x169.png 300w, https:\/\/ktk.com.tr\/wp-content\/uploads\/2020\/01\/uf_spirals_left_side_640x360-1x1.png 1w\" sizes=\"(max-width: 640px) 100vw, 640px\" \/>\t\t\t\t\t\t\t\t\t\t\t<\/p>\n<h2>UF<\/h2>\n<p>Alfa Laval ultrafiltrasyon spiral membranlar\u0131 (UF), g\u0131da geri kazan\u0131m\u0131, fraksiyonlama ve konsantrasyonun yan\u0131 s\u0131ra \u00fcr\u00fcn geri kazan\u0131m\u0131 i\u00e7in kullan\u0131ld\u0131klar\u0131 g\u0131da, i\u00e7ecek, s\u00fct \u00fcr\u00fcnleri, biyoteknoloji ve ila\u00e7 end\u00fcstrilerindeki bir\u00e7ok i\u015flem i\u00e7in kan\u0131tlanm\u0131\u015f ve pop\u00fcler bir se\u00e7imdir. Bu, ultrafiltrasyon membranlar\u0131n\u0131 en \u00e7ok y\u00f6nl\u00fc \u00fcr\u00fcnlerimizden biri yapar. Alfa Laval, farkl\u0131 \u00f6zelliklere ve \u00f6zelliklere sahip kapsaml\u0131 bir UF membran yelpazesi sunar.<\/p>\n<p>\u00a0<br \/>\n\t\t\t<a href=\"https:\/\/ktk.com.tr\/wp-content\/uploads\/2020\/01\/Spiral-Membranes-LEaflet.pdf\" role=\"button\"><br \/>\n\t\t\t\t\t\t\u00dcr\u00fcn Bilgisi<br \/>\n\t\t\t\t\t<\/a><br \/>\n\t\t\t<a href=\"https:\/\/ktk.com.tr\/tr\/contact-us\/\" role=\"button\"><br \/>\n\t\t\t\t\t\tL\u00fctfen \u0130leti\u015fime Ge\u00e7iniz<br \/>\n\t\t\t\t\t<\/a><\/p>","protected":false},"excerpt":{"rendered":"<p>MF Alfa Laval microfiltration spiral membranes (MF) are proven solutions for efficient removal of dispersed solids. The unique construction of polypropylene support material in a sanitary, full-fit design ensures optimum filtration. There are different types of microfiltration membranes and various combinations of length, diameter and feed spacer size to ensure the right performance for your [&hellip;]<\/p>","protected":false},"author":1,"featured_media":0,"parent":0,"menu_order":0,"comment_status":"closed","ping_status":"closed","template":"","meta":[],"_links":{"self":[{"href":"https:\/\/ktk.com.tr\/tr\/wp-json\/wp\/v2\/pages\/682"}],"collection":[{"href":"https:\/\/ktk.com.tr\/tr\/wp-json\/wp\/v2\/pages"}],"about":[{"href":"https:\/\/ktk.com.tr\/tr\/wp-json\/wp\/v2\/types\/page"}],"author":[{"embeddable":true,"href":"https:\/\/ktk.com.tr\/tr\/wp-json\/wp\/v2\/users\/1"}],"replies":[{"embeddable":true,"href":"https:\/\/ktk.com.tr\/tr\/wp-json\/wp\/v2\/comments?post=682"}],"version-history":[{"count":9,"href":"https:\/\/ktk.com.tr\/tr\/wp-json\/wp\/v2\/pages\/682\/revisions"}],"predecessor-version":[{"id":2388,"href":"https:\/\/ktk.com.tr\/tr\/wp-json\/wp\/v2\/pages\/682\/revisions\/2388"}],"wp:attachment":[{"href":"https:\/\/ktk.com.tr\/tr\/wp-json\/wp\/v2\/media?parent=682"}],"curies":[{"name":"wp","href":"https:\/\/api.w.org\/{rel}","templated":true}]}}