{"id":681,"date":"2019-12-22T13:38:44","date_gmt":"2019-12-22T13:38:44","guid":{"rendered":"http:\/\/ktk.com.tr\/?page_id=681"},"modified":"2020-01-20T08:58:50","modified_gmt":"2020-01-20T08:58:50","slug":"modules","status":"publish","type":"page","link":"https:\/\/ktk.com.tr\/tr\/modules\/","title":{"rendered":"Moduller"},"content":{"rendered":"<p><img decoding=\"async\" loading=\"lazy\" width=\"640\" height=\"360\" src=\"https:\/\/ktk.com.tr\/wp-content\/uploads\/2020\/01\/module_m30_front_640x360.png\" alt=\"\" class=\"ktk\" srcset=\"https:\/\/ktk.com.tr\/wp-content\/uploads\/2020\/01\/module_m30_front_640x360.png 640w, https:\/\/ktk.com.tr\/wp-content\/uploads\/2020\/01\/module_m30_front_640x360-300x169.png 300w, https:\/\/ktk.com.tr\/wp-content\/uploads\/2020\/01\/module_m30_front_640x360-1x1.png 1w\" sizes=\"(max-width: 640px) 100vw, 640px\" \/>\t\t\t\t\t\t\t\t\t\t\t<\/p>\n<h2>Module M30<\/h2>\n<p>Alfa Laval mod\u00fcl M30, ters ozmoz (RO) ve nanofiltrasyon (NF) g\u00f6revleri i\u00e7in \u00f6zel olarak tasarlanm\u0131\u015ft\u0131r. E\u015fsiz \u00f6zellikleri, Alfa Laval M30 mod\u00fcl\u00fcn\u00fc biyoteknoloji, ila\u00e7, yiyecek ve i\u00e7ecek end\u00fcstrilerindeki \u00e7ok say\u0131da uygulama ve ayr\u0131ca su ve at\u0131k ar\u0131tma i\u00e7in ideal se\u00e7im haline getirir<\/p>\n<p>\t\t\t<a href=\"https:\/\/ktk.com.tr\/wp-content\/uploads\/2020\/01\/Plate-and-Frame-Module-Leaflet.pdf\" role=\"button\"><br \/>\n\t\t\t\t\t\t\u00dcr\u00fcn Bilgisi<br \/>\n\t\t\t\t\t<\/a><br \/>\n\t\t\t<a href=\"https:\/\/ktk.com.tr\/tr\/contact-us\/\" role=\"button\"><br \/>\n\t\t\t\t\t\tL\u00fctfen \u0130leti\u015fime Ge\u00e7iniz<br \/>\n\t\t\t\t\t<\/a><br \/>\n\t\t\t<a href=\"https:\/\/ktk.com.tr\/tr\/contact-us\/\" role=\"button\"><br \/>\n\t\t\t\t\t\tL\u00fctfen \u0130leti\u015fime Ge\u00e7iniz<br \/>\n\t\t\t\t\t<\/a><br \/>\n\t\t\t\t\t\t\t\t\t\t<img decoding=\"async\" loading=\"lazy\" width=\"640\" height=\"360\" src=\"https:\/\/ktk.com.tr\/wp-content\/uploads\/2020\/01\/module_m37_left_side_640x360.png\" alt=\"\" class=\"ktk\" srcset=\"https:\/\/ktk.com.tr\/wp-content\/uploads\/2020\/01\/module_m37_left_side_640x360.png 640w, https:\/\/ktk.com.tr\/wp-content\/uploads\/2020\/01\/module_m37_left_side_640x360-300x169.png 300w, https:\/\/ktk.com.tr\/wp-content\/uploads\/2020\/01\/module_m37_left_side_640x360-1x1.png 1w\" sizes=\"(max-width: 640px) 100vw, 640px\" \/>\t\t\t\t\t\t\t\t\t\t\t<\/p>\n<h2>LModule M37<\/h2>\n<p>Alfa Laval mod\u00fcl\u00fc M37, y\u00fcksek viskoziteli \u00fcr\u00fcnlerin (50-250 cP) ve fermantasyon s\u0131v\u0131lar\u0131n\u0131n ultrafiltrasyonu (UF) ve mikrofiltrasyonu (MF) i\u00e7in \u00f6zel olarak tasarlanm\u0131\u015ft\u0131r. Mod\u00fcl \u00f6zellikle biyoteknoloji ve ila\u00e7, yiyecek ve i\u00e7eceklerin yan\u0131 s\u0131ra ka\u011f\u0131t hamuru ve ka\u011f\u0131t gibi end\u00fcstrilerde kullan\u0131m i\u00e7in uygundur<\/p>\n<p>\t\t\t<a href=\"https:\/\/ktk.com.tr\/wp-content\/uploads\/2020\/01\/Plate-and-Frame-Module-Leaflet.pdf\" role=\"button\"><br \/>\n\t\t\t\t\t\t\u00dcr\u00fcn Bilgisi<br \/>\n\t\t\t\t\t<\/a><br \/>\n\t\t\t<a href=\"https:\/\/ktk.com.tr\/tr\/contact-us\/\" role=\"button\"><br \/>\n\t\t\t\t\t\tL\u00fctfen \u0130leti\u015fime Ge\u00e7iniz<br \/>\n\t\t\t\t\t<\/a><br \/>\n\t\t\t<a href=\"https:\/\/ktk.com.tr\/tr\/contact-us\/\" role=\"button\"><br \/>\n\t\t\t\t\t\tL\u00fctfen \u0130leti\u015fime Ge\u00e7iniz<br \/>\n\t\t\t\t\t<\/a><br \/>\n\t\t\t\t\t\t\t\t\t\t<img decoding=\"async\" loading=\"lazy\" width=\"640\" height=\"360\" src=\"https:\/\/ktk.com.tr\/wp-content\/uploads\/2020\/01\/module_m38_front_640x360.png\" alt=\"\" class=\"ktk\" srcset=\"https:\/\/ktk.com.tr\/wp-content\/uploads\/2020\/01\/module_m38_front_640x360.png 640w, https:\/\/ktk.com.tr\/wp-content\/uploads\/2020\/01\/module_m38_front_640x360-300x169.png 300w, https:\/\/ktk.com.tr\/wp-content\/uploads\/2020\/01\/module_m38_front_640x360-1x1.png 1w\" sizes=\"(max-width: 640px) 100vw, 640px\" \/>\t\t\t\t\t\t\t\t\t\t\t<\/p>\n<h2>Module M38L\/H<\/h2>\n<p>Esnek Alfa Laval mod\u00fcl\u00fc M38L \/ H, t\u00fcm d\u00fc\u015f\u00fck ila orta viskoziteli \u00fcr\u00fcnleri (1-25 cP) ve fermantasyon s\u0131v\u0131lar\u0131n\u0131 ultrafiltrasyon ve mikrofiltrasyon yoluyla i\u015flemek i\u00e7in geli\u015ftirilmi\u015ftir. Mod\u00fcl \u00f6zellikle biyoteknoloji ve ila\u00e7, yiyecek ve i\u00e7eceklerin yan\u0131 s\u0131ra ka\u011f\u0131t hamuru ve ka\u011f\u0131t gibi end\u00fcstrilerde kullan\u0131m i\u00e7in uygundur<\/p>\n<p>\u00a0<br \/>\n\t\t\t<a href=\"https:\/\/ktk.com.tr\/wp-content\/uploads\/2020\/01\/Plate-and-Frame-Module-Leaflet.pdf\" role=\"button\"><br \/>\n\t\t\t\t\t\t\u00dcr\u00fcn Bilgisi<br \/>\n\t\t\t\t\t<\/a><br \/>\n\t\t\t<a href=\"https:\/\/ktk.com.tr\/tr\/contact-us\/\" role=\"button\"><br \/>\n\t\t\t\t\t\tL\u00fctfen \u0130leti\u015fime Ge\u00e7iniz<br \/>\n\t\t\t\t\t<\/a><br \/>\n\t\t\t<a href=\"https:\/\/ktk.com.tr\/tr\/contact-us\/\" role=\"button\"><br \/>\n\t\t\t\t\t\tL\u00fctfen \u0130leti\u015fime Ge\u00e7iniz<br \/>\n\t\t\t\t\t<\/a><br \/>\n\t\t\t\t\t\t\t\t\t\t<img decoding=\"async\" loading=\"lazy\" width=\"640\" height=\"360\" src=\"https:\/\/ktk.com.tr\/wp-content\/uploads\/2020\/01\/module_m39_left_side_640x360.png\" alt=\"\" class=\"ktk\" srcset=\"https:\/\/ktk.com.tr\/wp-content\/uploads\/2020\/01\/module_m39_left_side_640x360.png 640w, https:\/\/ktk.com.tr\/wp-content\/uploads\/2020\/01\/module_m39_left_side_640x360-300x169.png 300w, https:\/\/ktk.com.tr\/wp-content\/uploads\/2020\/01\/module_m39_left_side_640x360-1x1.png 1w\" sizes=\"(max-width: 640px) 100vw, 640px\" \/>\t\t\t\t\t\t\t\t\t\t\t<\/p>\n<h2>Module M39L\/H<\/h2>\n<p>M39L \/ H, Alfa Laval'\u0131n en pop\u00fcler plaka ve \u00e7er\u00e7eve mod\u00fcllerinden biridir. \u00d6zel bir tasar\u0131m, mod\u00fcl\u00fc y\u00fcksek viskoziteli \u00fcr\u00fcnlerin (1-30 cP) ultrafiltrasyonu ve mikrofiltrasyonu ve biyoteknoloji ve ila\u00e7 end\u00fcstrilerindeki fermantasyon s\u0131v\u0131lar\u0131n\u0131n yan\u0131 s\u0131ra yiyecek ve i\u00e7ecek uygulamalar\u0131 i\u00e7in m\u00fckemmel bir se\u00e7im haline getirir. Optimize edilmi\u015f ak\u0131\u015f dinami\u011fi, d\u00fc\u015f\u00fck enerji t\u00fcketimi ve d\u00fc\u015f\u00fck bas\u0131n\u00e7 \u00e7al\u0131\u015fmas\u0131 i\u00e7in gelecekteki talepleri kar\u015f\u0131lamak \u00fczere geli\u015ftirilmi\u015ftir.<\/p>\n<p>\u00a0<br \/>\n\t\t\t<a href=\"https:\/\/ktk.com.tr\/wp-content\/uploads\/2020\/01\/Plate-and-Frame-Module-Leaflet.pdf\" role=\"button\"><br \/>\n\t\t\t\t\t\t\u00dcr\u00fcn Bilgisi<br \/>\n\t\t\t\t\t<\/a><br \/>\n\t\t\t<a href=\"https:\/\/ktk.com.tr\/tr\/contact-us\/\" role=\"button\"><br \/>\n\t\t\t\t\t\tL\u00fctfen \u0130leti\u015fime Ge\u00e7iniz<br \/>\n\t\t\t\t\t<\/a><br \/>\n\t\t\t<a href=\"https:\/\/ktk.com.tr\/tr\/contact-us\/\" role=\"button\"><br \/>\n\t\t\t\t\t\tL\u00fctfen \u0130leti\u015fime Ge\u00e7iniz<br \/>\n\t\t\t\t\t<\/a><\/p>","protected":false},"excerpt":{"rendered":"<p>Module M30 The Alfa Laval module M30 is specially designed for reverse osmosis (RO) and nanofiltration (NF) tasks. Its unique features makes the M30 module from Alfa Laval the ideal choice for a large number of applications within the biotech, pharma, food and beverages industries as well as for water and waste treatment Product Data [&hellip;]<\/p>","protected":false},"author":1,"featured_media":0,"parent":0,"menu_order":0,"comment_status":"closed","ping_status":"closed","template":"","meta":[],"_links":{"self":[{"href":"https:\/\/ktk.com.tr\/tr\/wp-json\/wp\/v2\/pages\/681"}],"collection":[{"href":"https:\/\/ktk.com.tr\/tr\/wp-json\/wp\/v2\/pages"}],"about":[{"href":"https:\/\/ktk.com.tr\/tr\/wp-json\/wp\/v2\/types\/page"}],"author":[{"embeddable":true,"href":"https:\/\/ktk.com.tr\/tr\/wp-json\/wp\/v2\/users\/1"}],"replies":[{"embeddable":true,"href":"https:\/\/ktk.com.tr\/tr\/wp-json\/wp\/v2\/comments?post=681"}],"version-history":[{"count":7,"href":"https:\/\/ktk.com.tr\/tr\/wp-json\/wp\/v2\/pages\/681\/revisions"}],"predecessor-version":[{"id":2389,"href":"https:\/\/ktk.com.tr\/tr\/wp-json\/wp\/v2\/pages\/681\/revisions\/2389"}],"wp:attachment":[{"href":"https:\/\/ktk.com.tr\/tr\/wp-json\/wp\/v2\/media?parent=681"}],"curies":[{"name":"wp","href":"https:\/\/api.w.org\/{rel}","templated":true}]}}