{"id":679,"date":"2019-12-22T13:38:44","date_gmt":"2019-12-22T13:38:44","guid":{"rendered":"http:\/\/ktk.com.tr\/?page_id=679"},"modified":"2020-01-20T08:59:49","modified_gmt":"2020-01-20T08:59:49","slug":"membranes","status":"publish","type":"page","link":"https:\/\/ktk.com.tr\/tr\/membranes\/","title":{"rendered":"Membranes"},"content":{"rendered":"<p><img decoding=\"async\" loading=\"lazy\" width=\"1024\" height=\"953\" src=\"https:\/\/ktk.com.tr\/wp-content\/uploads\/2020\/01\/mbr_membranes_alfa_laval_wastewater_treatment_family_vertical-1024x953.jpg\" alt=\"\" class=\"ktk\" srcset=\"https:\/\/ktk.com.tr\/wp-content\/uploads\/2020\/01\/mbr_membranes_alfa_laval_wastewater_treatment_family_vertical-1024x953.jpg 1024w, https:\/\/ktk.com.tr\/wp-content\/uploads\/2020\/01\/mbr_membranes_alfa_laval_wastewater_treatment_family_vertical-300x279.jpg 300w, https:\/\/ktk.com.tr\/wp-content\/uploads\/2020\/01\/mbr_membranes_alfa_laval_wastewater_treatment_family_vertical-768x715.jpg 768w, https:\/\/ktk.com.tr\/wp-content\/uploads\/2020\/01\/mbr_membranes_alfa_laval_wastewater_treatment_family_vertical-1536x1429.jpg 1536w, https:\/\/ktk.com.tr\/wp-content\/uploads\/2020\/01\/mbr_membranes_alfa_laval_wastewater_treatment_family_vertical-2048x1906.jpg 2048w, https:\/\/ktk.com.tr\/wp-content\/uploads\/2020\/01\/mbr_membranes_alfa_laval_wastewater_treatment_family_vertical-1x1.jpg 1w\" sizes=\"(max-width: 1024px) 100vw, 1024px\" \/>\t\t\t\t\t\t\t\t\t\t\t<\/p>\n<h2>MBR Membranlar\u0131<\/h2>\n<p>Membrane bioreactor technology is a future-proof solution for treatment of both municipal and industrial wastewater. It allows you to maximize resource recovery, minimize costs and implement a circular-economy perspective in your operations. Alfa Laval\u2019s membrane modules for bioreactors bring together the advantages of hollow fibre and flat sheet technologies. Combining our unique LowResist&#x2122;, S Aerator&#x2122; and QuickSwap&#x2122; technologies, our systems offer a range of benefits for MBR processes.<\/p>\n<h4>\u00dcr\u00fcn Bilgisi<\/h4>\n<h4>Kullan\u0131m Klavuzu<\/h4>\n<h4>Yedek Par\u00e7a<\/h4>\n<p>\t\t\t<a href=\"https:\/\/ktk.com.tr\/wp-content\/uploads\/2020\/01\/MBR-Membranes-Leaflet.pdf\" role=\"button\"><br \/>\n\t\t\t\t\t\t\u00dcr\u00fcn Bilgisi<br \/>\n\t\t\t\t\t<\/a><br \/>\n\t\t\t<a href=\"https:\/\/ktk.com.tr\/tr\/contact-us\/\" role=\"button\"><br \/>\n\t\t\t\t\t\tL\u00fctfen \u0130leti\u015fime Ge\u00e7iniz<br \/>\n\t\t\t\t\t<\/a><br \/>\n\t\t\t<a href=\"https:\/\/ktk.com.tr\/tr\/contact-us\/\" role=\"button\"><br \/>\n\t\t\t\t\t\tL\u00fctfen \u0130leti\u015fime Ge\u00e7iniz<br \/>\n\t\t\t\t\t<\/a><\/p>","protected":false},"excerpt":{"rendered":"<p>MBR Membranes Membrane bioreactor technology is a future-proof solution for treatment of both municipal and industrial wastewater. It allows you to maximize resource recovery, minimize costs and implement a circular-economy perspective in your operations. Alfa Laval\u2019s membrane modules for bioreactors bring together the advantages of hollow fibre and flat sheet technologies. Combining our unique LowResist&#x2122;, [&hellip;]<\/p>","protected":false},"author":1,"featured_media":0,"parent":0,"menu_order":0,"comment_status":"closed","ping_status":"closed","template":"","meta":[],"_links":{"self":[{"href":"https:\/\/ktk.com.tr\/tr\/wp-json\/wp\/v2\/pages\/679"}],"collection":[{"href":"https:\/\/ktk.com.tr\/tr\/wp-json\/wp\/v2\/pages"}],"about":[{"href":"https:\/\/ktk.com.tr\/tr\/wp-json\/wp\/v2\/types\/page"}],"author":[{"embeddable":true,"href":"https:\/\/ktk.com.tr\/tr\/wp-json\/wp\/v2\/users\/1"}],"replies":[{"embeddable":true,"href":"https:\/\/ktk.com.tr\/tr\/wp-json\/wp\/v2\/comments?post=679"}],"version-history":[{"count":9,"href":"https:\/\/ktk.com.tr\/tr\/wp-json\/wp\/v2\/pages\/679\/revisions"}],"predecessor-version":[{"id":2391,"href":"https:\/\/ktk.com.tr\/tr\/wp-json\/wp\/v2\/pages\/679\/revisions\/2391"}],"wp:attachment":[{"href":"https:\/\/ktk.com.tr\/tr\/wp-json\/wp\/v2\/media?parent=679"}],"curies":[{"name":"wp","href":"https:\/\/api.w.org\/{rel}","templated":true}]}}