{"id":678,"date":"2019-12-22T13:38:44","date_gmt":"2019-12-22T13:38:44","guid":{"rendered":"http:\/\/ktk.com.tr\/?page_id=678"},"modified":"2020-01-20T08:59:27","modified_gmt":"2020-01-20T08:59:27","slug":"membrane-filtration-systems","status":"publish","type":"page","link":"https:\/\/ktk.com.tr\/tr\/membrane-filtration-systems\/","title":{"rendered":"Membran Filitrasyon Sistemleri"},"content":{"rendered":"<p><img decoding=\"async\" loading=\"lazy\" width=\"640\" height=\"360\" src=\"https:\/\/ktk.com.tr\/wp-content\/uploads\/2020\/01\/almem_uf_640x360.png\" alt=\"\" class=\"ktk\" srcset=\"https:\/\/ktk.com.tr\/wp-content\/uploads\/2020\/01\/almem_uf_640x360.png 640w, https:\/\/ktk.com.tr\/wp-content\/uploads\/2020\/01\/almem_uf_640x360-300x169.png 300w, https:\/\/ktk.com.tr\/wp-content\/uploads\/2020\/01\/almem_uf_640x360-1x1.png 1w\" sizes=\"(max-width: 640px) 100vw, 640px\" \/>\t\t\t\t\t\t\t\t\t\t\t<\/p>\n<h2>ALMEM<\/h2>\n<p>Standart Alfa Laval ALMEM-UF, g\u0131da, ila\u00e7 ve biyoteknoloji end\u00fcstrisinde yayg\u0131n olarak kullan\u0131lan otomatik, s\u00fcrekli bir membran filtreleme sistemidir. \u00dcr\u00fcnleri etkin bir \u015fekilde konsantre etmek i\u00e7in \u00e7apraz ak\u0131\u015fl\u0131 ultrafiltrasyon kullan\u0131r ve membran teknolojisinde 50 y\u0131l\u0131 a\u015fk\u0131n deneyim ile desteklenir. Esnek, kullan\u0131m\u0131 kolay tasar\u0131m, minimum tutma hacmiyle \u00f6zel ihtiya\u00e7lar\u0131n\u0131za uyacak bir dizi \u00f6zel konsantrasyon gereksinimini destekler.<\/p>\n<p>\t\t\t<a href=\"https:\/\/ktk.com.tr\/wp-content\/uploads\/2020\/01\/alfa-laval-membrane-uf-system.pdf\" role=\"button\"><br \/>\n\t\t\t\t\t\t\u00dcr\u00fcn Bilgisi<br \/>\n\t\t\t\t\t<\/a><br \/>\n\t\t\t<a href=\"https:\/\/ktk.com.tr\/tr\/contact-us\/\" role=\"button\"><br \/>\n\t\t\t\t\t\tL\u00fctfen \u0130leti\u015fime Ge\u00e7iniz<br \/>\n\t\t\t\t\t<\/a><br \/>\n\t\t\t<a href=\"https:\/\/ktk.com.tr\/tr\/contact-us\/\" role=\"button\"><br \/>\n\t\t\t\t\t\tL\u00fctfen \u0130leti\u015fime Ge\u00e7iniz<br \/>\n\t\t\t\t\t<\/a><br \/>\n\t\t\t\t\t\t\t\t\t\t<img decoding=\"async\" loading=\"lazy\" width=\"640\" height=\"360\" src=\"https:\/\/ktk.com.tr\/wp-content\/uploads\/2020\/01\/lowal-640x360-1.jpg\" alt=\"\" class=\"ktk\" srcset=\"https:\/\/ktk.com.tr\/wp-content\/uploads\/2020\/01\/lowal-640x360-1.jpg 640w, https:\/\/ktk.com.tr\/wp-content\/uploads\/2020\/01\/lowal-640x360-1-300x169.jpg 300w, https:\/\/ktk.com.tr\/wp-content\/uploads\/2020\/01\/lowal-640x360-1-1x1.jpg 1w\" sizes=\"(max-width: 640px) 100vw, 640px\" \/>\t\t\t\t\t\t\t\t\t\t\t<\/p>\n<h2>Low De-alcoholizer<\/h2>\n<p>Ba\u011f\u0131ms\u0131z, tam otomatik Alfa Laval Lowal dealcoholization sistemi ile ayn\u0131 tesisteki t\u00fcm bira ve fermente edilmi\u015f d\u00fc\u015f\u00fck alkoll\u00fc i\u00e7ecek t\u00fcrlerini dealcoholize edin. D\u00fc\u015f\u00fck s\u0131cakl\u0131kta i\u015fleme, biran\u0131n do\u011fal lezzetini korur ve dealcoholizasyon i\u015flemine ra\u011fmen biran\u0131n tad\u0131n\u0131n bozulmas\u0131n\u0131 \u00f6nler. Sonu\u00e7, daha y\u00fcksek kalitede d\u00fc\u015f\u00fck alkoll\u00fc veya alkols\u00fcz bira ve daha enerji verimli \u00fcretimdir.<\/p>\n<p>\t\t\t<a href=\"https:\/\/ktk.com.tr\/wp-content\/uploads\/2020\/01\/it-is-all-about-size.pdf\" role=\"button\"><br \/>\n\t\t\t\t\t\t\u00dcr\u00fcn Bilgisi<br \/>\n\t\t\t\t\t<\/a><br \/>\n\t\t\t<a href=\"https:\/\/ktk.com.tr\/tr\/contact-us\/\" role=\"button\"><br \/>\n\t\t\t\t\t\tL\u00fctfen \u0130leti\u015fime Ge\u00e7iniz<br \/>\n\t\t\t\t\t<\/a><br \/>\n\t\t\t<a href=\"https:\/\/ktk.com.tr\/tr\/contact-us\/\" role=\"button\"><br \/>\n\t\t\t\t\t\tL\u00fctfen \u0130leti\u015fime Ge\u00e7iniz<br \/>\n\t\t\t\t\t<\/a><\/p>","protected":false},"excerpt":{"rendered":"<p>ALMEM The standard Alfa Laval ALMEM-UF is an automatic, continuous membrane filtration system widely employed in the food, pharmaceutical and biotech industries. It uses cross-flow ultrafiltration to concentrate products effectively, and is backed by more than 50 years of experience in membrane technology. The flexible, easy-to-use design supports a range of specific concentration requirements to [&hellip;]<\/p>","protected":false},"author":1,"featured_media":0,"parent":0,"menu_order":0,"comment_status":"closed","ping_status":"closed","template":"","meta":[],"_links":{"self":[{"href":"https:\/\/ktk.com.tr\/tr\/wp-json\/wp\/v2\/pages\/678"}],"collection":[{"href":"https:\/\/ktk.com.tr\/tr\/wp-json\/wp\/v2\/pages"}],"about":[{"href":"https:\/\/ktk.com.tr\/tr\/wp-json\/wp\/v2\/types\/page"}],"author":[{"embeddable":true,"href":"https:\/\/ktk.com.tr\/tr\/wp-json\/wp\/v2\/users\/1"}],"replies":[{"embeddable":true,"href":"https:\/\/ktk.com.tr\/tr\/wp-json\/wp\/v2\/comments?post=678"}],"version-history":[{"count":8,"href":"https:\/\/ktk.com.tr\/tr\/wp-json\/wp\/v2\/pages\/678\/revisions"}],"predecessor-version":[{"id":2390,"href":"https:\/\/ktk.com.tr\/tr\/wp-json\/wp\/v2\/pages\/678\/revisions\/2390"}],"wp:attachment":[{"href":"https:\/\/ktk.com.tr\/tr\/wp-json\/wp\/v2\/media?parent=678"}],"curies":[{"name":"wp","href":"https:\/\/api.w.org\/{rel}","templated":true}]}}