{"id":676,"date":"2019-12-22T13:38:44","date_gmt":"2019-12-22T13:38:44","guid":{"rendered":"http:\/\/ktk.com.tr\/?page_id=676"},"modified":"2020-01-20T09:01:07","modified_gmt":"2020-01-20T09:01:07","slug":"lab-pilot-units","status":"publish","type":"page","link":"https:\/\/ktk.com.tr\/tr\/lab-pilot-units\/","title":{"rendered":"Lab \/ Pilot Units"},"content":{"rendered":"<p><img decoding=\"async\" loading=\"lazy\" width=\"640\" height=\"360\" src=\"https:\/\/ktk.com.tr\/wp-content\/uploads\/2020\/01\/labunit_m10_left_side_640x360.png\" alt=\"\" class=\"ktk\" srcset=\"https:\/\/ktk.com.tr\/wp-content\/uploads\/2020\/01\/labunit_m10_left_side_640x360.png 640w, https:\/\/ktk.com.tr\/wp-content\/uploads\/2020\/01\/labunit_m10_left_side_640x360-300x169.png 300w, https:\/\/ktk.com.tr\/wp-content\/uploads\/2020\/01\/labunit_m10_left_side_640x360-1x1.png 1w\" sizes=\"(max-width: 640px) 100vw, 640px\" \/>\t\t\t\t\t\t\t\t\t\t\t<\/p>\n<h2>LabUnit M10<\/h2>\n<p>Sadece 336 cm\u00b2'lik membran alan\u0131na sahip Alfa Laval LabUnit M10, en k\u00fc\u00e7\u00fck ve en kompakt \u00e7apraz ak\u0131\u015fl\u0131 membran filtreleme ekipman\u0131m\u0131zd\u0131r. Tamamen entegre ve kullan\u0131m\u0131 kolay, membran tarama, ara\u015ft\u0131rma, s\u00fcre\u00e7 geli\u015ftirme ve e\u011fitim i\u00e7in yeterince \u00e7ok y\u00f6nl\u00fcd\u00fcr. Alfa Laval MF ve UF d\u00fcz sac membranlar\u0131n tamam\u0131 ile birlikte kullan\u0131labilir ve ayn\u0131 anda 2 farkl\u0131 membran tipini test edebilir, b\u00f6ylece ilk mikrofiltrasyon veya ultrafiltrasyon membran se\u00e7imi i\u00e7in etkili bir ara\u00e7t\u0131r.<\/p>\n<p>\t\t\t<a href=\"https:\/\/ktk.com.tr\/wp-content\/uploads\/2020\/01\/Labpilot-Unit-Leaflet.pdf\" role=\"button\"><br \/>\n\t\t\t\t\t\t\u00dcr\u00fcn Bilgisi<br \/>\n\t\t\t\t\t<\/a><br \/>\n\t\t\t<a href=\"https:\/\/ktk.com.tr\/tr\/contact-us\/\" role=\"button\"><br \/>\n\t\t\t\t\t\tL\u00fctfen \u0130leti\u015fime Ge\u00e7iniz<br \/>\n\t\t\t\t\t<\/a><br \/>\n\t\t\t<a href=\"https:\/\/ktk.com.tr\/tr\/contact-us\/\" role=\"button\"><br \/>\n\t\t\t\t\t\tL\u00fctfen \u0130leti\u015fime Ge\u00e7iniz<br \/>\n\t\t\t\t\t<\/a><br \/>\n\t\t\t\t\t\t\t\t\t\t<img decoding=\"async\" loading=\"lazy\" width=\"640\" height=\"360\" src=\"https:\/\/ktk.com.tr\/wp-content\/uploads\/2020\/01\/labunit_m37_m38_right_side_640x360.png\" alt=\"\" class=\"ktk\" srcset=\"https:\/\/ktk.com.tr\/wp-content\/uploads\/2020\/01\/labunit_m37_m38_right_side_640x360.png 640w, https:\/\/ktk.com.tr\/wp-content\/uploads\/2020\/01\/labunit_m37_m38_right_side_640x360-300x169.png 300w, https:\/\/ktk.com.tr\/wp-content\/uploads\/2020\/01\/labunit_m37_m38_right_side_640x360-1x1.png 1w\" sizes=\"(max-width: 640px) 100vw, 640px\" \/>\t\t\t\t\t\t\t\t\t\t\t<\/p>\n<h2>LabUnit M37\/38<\/h2>\n<p>Alfa Laval LabUnit M37 \/ 38, ultrafiltrasyon ve mikrofiltrasyon membran i\u015flemleri i\u00e7in tam entegre bir plaka ve \u00e7er\u00e7eve sistemidir. Bu \u00fcnitenin mod\u00fcl\u00fc, tam \u00f6l\u00e7ekli membran filtrasyon mod\u00fcllerimizle ayn\u0131 destek plakalar\u0131n\u0131 ve membranlar\u0131 kullan\u0131r. Bu, Alfa Laval LabUnit M37 \/ 38'i proses geli\u015ftirme, \u00f6l\u00e7eklendirme, membran testi, kalite g\u00fcvencesi ve k\u00fc\u00e7\u00fck \u00f6l\u00e7ekli \u00fcretim i\u00e7in esnek bir ara\u00e7 haline getirir. Farkl\u0131 viskozite \/ kat\u0131 i\u00e7eri\u011fine sahip beslemeler i\u00e7in iste\u011fe ba\u011fl\u0131 plaka setleri mevcuttur.<\/p>\n<p>\t\t\t<a href=\"https:\/\/ktk.com.tr\/wp-content\/uploads\/2020\/01\/Labpilot-Unit-Leaflet.pdf\" role=\"button\"><br \/>\n\t\t\t\t\t\t\u00dcr\u00fcn Bilgisi<br \/>\n\t\t\t\t\t<\/a><br \/>\n\t\t\t<a href=\"https:\/\/ktk.com.tr\/tr\/contact-us\/\" role=\"button\"><br \/>\n\t\t\t\t\t\tL\u00fctfen \u0130leti\u015fime Ge\u00e7iniz<br \/>\n\t\t\t\t\t<\/a><br \/>\n\t\t\t<a href=\"https:\/\/ktk.com.tr\/tr\/contact-us\/\" role=\"button\"><br \/>\n\t\t\t\t\t\tL\u00fctfen \u0130leti\u015fime Ge\u00e7iniz<br \/>\n\t\t\t\t\t<\/a><br \/>\n\t\t\t\t\t\t\t\t\t\t<img decoding=\"async\" loading=\"lazy\" width=\"640\" height=\"360\" src=\"https:\/\/ktk.com.tr\/wp-content\/uploads\/2020\/01\/pilotunit-multi_transparent-640x360-1.png\" alt=\"\" class=\"ktk\" srcset=\"https:\/\/ktk.com.tr\/wp-content\/uploads\/2020\/01\/pilotunit-multi_transparent-640x360-1.png 640w, https:\/\/ktk.com.tr\/wp-content\/uploads\/2020\/01\/pilotunit-multi_transparent-640x360-1-300x169.png 300w, https:\/\/ktk.com.tr\/wp-content\/uploads\/2020\/01\/pilotunit-multi_transparent-640x360-1-1x1.png 1w\" sizes=\"(max-width: 640px) 100vw, 640px\" \/>\t\t\t\t\t\t\t\t\t\t\t<\/p>\n<h2>PilotUnit Multi<\/h2>\n<p>Alfa Laval PilotUnit Multi, mikrofiltrasyon, ultrafiltrasyon, nanofiltrasyon ve ters osmoz i\u00e7in her t\u00fcrl\u00fc farkl\u0131 membran filtrasyon \u00fcr\u00fcn\u00fcn\u00fcn parti veya yar\u0131 parti modunda test edilmesini m\u00fcmk\u00fcn k\u0131lan \u00e7ok \u00e7e\u015fitli se\u00e7eneklere sahip \u00e7ok ama\u00e7l\u0131 bir sistemdir. Proseslerin kolay ve g\u00fcvenilir bir \u015fekilde b\u00fcy\u00fct\u00fclmesi ve hatta k\u00fc\u00e7\u00fck \u00f6l\u00e7ekli \u00fcretim i\u00e7in ideal bir ara\u00e7t\u0131r.<\/p>\n<p>\u00a0<br \/>\n\t\t\t<a href=\"https:\/\/ktk.com.tr\/wp-content\/uploads\/2020\/01\/Labpilot-Unit-Leaflet.pdf\" role=\"button\"><br \/>\n\t\t\t\t\t\t\u00dcr\u00fcn Bilgisi<br \/>\n\t\t\t\t\t<\/a><br \/>\n\t\t\t<a href=\"https:\/\/ktk.com.tr\/tr\/contact-us\/\" role=\"button\"><br \/>\n\t\t\t\t\t\tL\u00fctfen \u0130leti\u015fime Ge\u00e7iniz<br \/>\n\t\t\t\t\t<\/a><br \/>\n\t\t\t<a href=\"https:\/\/ktk.com.tr\/tr\/contact-us\/\" role=\"button\"><br \/>\n\t\t\t\t\t\tL\u00fctfen \u0130leti\u015fime Ge\u00e7iniz<br \/>\n\t\t\t\t\t<\/a><br \/>\n\t\t\t\t\t\t\t\t\t\t<img decoding=\"async\" loading=\"lazy\" width=\"640\" height=\"360\" src=\"https:\/\/ktk.com.tr\/wp-content\/uploads\/2020\/01\/testunit_m20_left_side_640x360.png\" alt=\"\" class=\"ktk\" srcset=\"https:\/\/ktk.com.tr\/wp-content\/uploads\/2020\/01\/testunit_m20_left_side_640x360.png 640w, https:\/\/ktk.com.tr\/wp-content\/uploads\/2020\/01\/testunit_m20_left_side_640x360-300x169.png 300w, https:\/\/ktk.com.tr\/wp-content\/uploads\/2020\/01\/testunit_m20_left_side_640x360-1x1.png 1w\" sizes=\"(max-width: 640px) 100vw, 640px\" \/>\t\t\t\t\t\t\t\t\t\t\t<\/p>\n<h2>TestUnit M20<\/h2>\n<p>Alfa Laval TestUnit M20 tam entegre bir plaka ve \u00e7er\u00e7eve sistemidir. Ara\u015ft\u0131rma ve geli\u015ftirme, e\u011fitim \u00e7al\u0131\u015fmalar\u0131, s\u00fcre\u00e7 optimizasyonu ve \u00f6l\u00e7eklendirme, kalite g\u00fcvencesi ve k\u00fc\u00e7\u00fck \u00f6l\u00e7ekli \u00fcretim i\u00e7in kullan\u0131labilir. \u00dcnite, ters osmoz, nanofiltrasyon ve ultrafiltrasyon ve mikrofiltrasyon i\u00e7in t\u00fcm membran \u00e7e\u015fitlerimizle donat\u0131labilir. \u0130ste\u011fe ba\u011fl\u0131 M20-2.5 \u201dmuhafazay\u0131 ekleyerek spiral membranlarla da test edebilirsiniz.<\/p>\n<p>\u00a0<br \/>\n\t\t\t<a href=\"https:\/\/ktk.com.tr\/wp-content\/uploads\/2020\/01\/Labpilot-Unit-Leaflet.pdf\" role=\"button\"><br \/>\n\t\t\t\t\t\t\u00dcr\u00fcn Bilgisi<br \/>\n\t\t\t\t\t<\/a><br \/>\n\t\t\t<a href=\"https:\/\/ktk.com.tr\/tr\/contact-us\/\" role=\"button\"><br \/>\n\t\t\t\t\t\tL\u00fctfen \u0130leti\u015fime Ge\u00e7iniz<br \/>\n\t\t\t\t\t<\/a><br \/>\n\t\t\t<a href=\"https:\/\/ktk.com.tr\/tr\/contact-us\/\" role=\"button\"><br \/>\n\t\t\t\t\t\tL\u00fctfen \u0130leti\u015fime Ge\u00e7iniz<br \/>\n\t\t\t\t\t<\/a><\/p>","protected":false},"excerpt":{"rendered":"<p>LabUnit M10 With a membrane area of only 336 cm\u00b2, the Alfa Laval LabUnit M10 is our smallest and most compact cross-flow membrane filtration equipment. Fully integrated and easy-to-use, it is versatile enough for membrane screening, research, process development and training. It can be used with the complete Alfa Laval range of MF and UF [&hellip;]<\/p>","protected":false},"author":1,"featured_media":0,"parent":0,"menu_order":0,"comment_status":"closed","ping_status":"closed","template":"","meta":[],"_links":{"self":[{"href":"https:\/\/ktk.com.tr\/tr\/wp-json\/wp\/v2\/pages\/676"}],"collection":[{"href":"https:\/\/ktk.com.tr\/tr\/wp-json\/wp\/v2\/pages"}],"about":[{"href":"https:\/\/ktk.com.tr\/tr\/wp-json\/wp\/v2\/types\/page"}],"author":[{"embeddable":true,"href":"https:\/\/ktk.com.tr\/tr\/wp-json\/wp\/v2\/users\/1"}],"replies":[{"embeddable":true,"href":"https:\/\/ktk.com.tr\/tr\/wp-json\/wp\/v2\/comments?post=676"}],"version-history":[{"count":8,"href":"https:\/\/ktk.com.tr\/tr\/wp-json\/wp\/v2\/pages\/676\/revisions"}],"predecessor-version":[{"id":2393,"href":"https:\/\/ktk.com.tr\/tr\/wp-json\/wp\/v2\/pages\/676\/revisions\/2393"}],"wp:attachment":[{"href":"https:\/\/ktk.com.tr\/tr\/wp-json\/wp\/v2\/media?parent=676"}],"curies":[{"name":"wp","href":"https:\/\/api.w.org\/{rel}","templated":true}]}}