{"id":674,"date":"2019-12-22T13:38:44","date_gmt":"2019-12-22T13:38:44","guid":{"rendered":"http:\/\/ktk.com.tr\/?page_id=674"},"modified":"2020-01-20T09:02:36","modified_gmt":"2020-01-20T09:02:36","slug":"auxiliary-membrane-equipment","status":"publish","type":"page","link":"https:\/\/ktk.com.tr\/tr\/auxiliary-membrane-equipment\/","title":{"rendered":"Yard\u0131mc\u0131 Membran Ekipmanlar\u0131"},"content":{"rendered":"<p><img decoding=\"async\" loading=\"lazy\" width=\"640\" height=\"360\" src=\"https:\/\/ktk.com.tr\/wp-content\/uploads\/2020\/01\/clamp_fittings_front_640x360.png\" alt=\"\" class=\"ktk\" srcset=\"https:\/\/ktk.com.tr\/wp-content\/uploads\/2020\/01\/clamp_fittings_front_640x360.png 640w, https:\/\/ktk.com.tr\/wp-content\/uploads\/2020\/01\/clamp_fittings_front_640x360-300x169.png 300w, https:\/\/ktk.com.tr\/wp-content\/uploads\/2020\/01\/clamp_fittings_front_640x360-1x1.png 1w\" sizes=\"(max-width: 640px) 100vw, 640px\" \/>\t\t\t\t\t\t\t\t\t\t\t<\/p>\n<h2>Kelep\u00e7e Ba\u011flant\u0131 Par\u00e7alar\u0131<\/h2>\n<p>Kelep\u00e7e ba\u011flant\u0131 par\u00e7alar\u0131, bir\u00e7ok farkl\u0131 boru tipi ve membran filtrasyon tesislerinde kullan\u0131lan bile\u015fenler aras\u0131nda s\u0131zd\u0131rmaz ba\u011flant\u0131lar\u0131n sa\u011flanmas\u0131nda \u00f6nemli bir rol oynar. Alfa Laval kelep\u00e7e ba\u011flant\u0131 par\u00e7alar\u0131 bu \u00f6zel gereksinimi kar\u015f\u0131lamak \u00fczere tasarlanm\u0131\u015ft\u0131r<\/p>\n<p>\t\t\t<a href=\"https:\/\/ktk.com.tr\/wp-content\/uploads\/2020\/01\/Auxilliary-Membranes-Equipment.pdf\" role=\"button\"><br \/>\n\t\t\t\t\t\t\u00dcr\u00fcn Bilgisi<br \/>\n\t\t\t\t\t<\/a><br \/>\n\t\t\t<a href=\"https:\/\/ktk.com.tr\/tr\/contact-us\/\" role=\"button\"><br \/>\n\t\t\t\t\t\tL\u00fctfen \u0130leti\u015fime Ge\u00e7iniz<br \/>\n\t\t\t\t\t<\/a><br \/>\n\t\t\t<a href=\"https:\/\/ktk.com.tr\/tr\/contact-us\/\" role=\"button\"><br \/>\n\t\t\t\t\t\tL\u00fctfen \u0130leti\u015fime Ge\u00e7iniz<br \/>\n\t\t\t\t\t<\/a><br \/>\n\t\t\t\t\t\t\t\t\t\t<img decoding=\"async\" loading=\"lazy\" width=\"640\" height=\"360\" src=\"https:\/\/ktk.com.tr\/wp-content\/uploads\/2020\/01\/housing_640x360.png\" alt=\"\" class=\"ktk\" srcset=\"https:\/\/ktk.com.tr\/wp-content\/uploads\/2020\/01\/housing_640x360.png 640w, https:\/\/ktk.com.tr\/wp-content\/uploads\/2020\/01\/housing_640x360-300x169.png 300w, https:\/\/ktk.com.tr\/wp-content\/uploads\/2020\/01\/housing_640x360-1x1.png 1w\" sizes=\"(max-width: 640px) 100vw, 640px\" \/>\t\t\t\t\t\t\t\t\t\t\t<\/p>\n<h2>Membran Filtre Yuvalar\u0131<\/h2>\n<p>Alfa Laval s\u0131hhi, paslanmaz \u00e7elik muhafazalar, Alfa Laval spiral membran filtreleme sistemlerinde en hayati unsurlardan biridir. Muhafazalar, Alfa Laval'\u0131n sundu\u011fu t\u00fcm tam uyumlu spiral membranlarla \u00e7al\u0131\u015fmak i\u00e7in farkl\u0131 boyutlarda ve farkl\u0131 kapasitelerde tasarlanm\u0131\u015ft\u0131r. T\u00fcm malzemeler, muhafazalar\u0131 g\u0131da, i\u00e7ecek, s\u00fct \u00fcr\u00fcnleri, biyoteknoloji ve ila\u00e7 end\u00fcstrilerinde kullan\u0131m i\u00e7in ideal hale getiren FDA y\u00f6netmeliklerine (CFR) uygundur.<\/p>\n<p>\t\t\t<a href=\"https:\/\/ktk.com.tr\/wp-content\/uploads\/2020\/01\/Auxilliary-Membranes-Equipment.pdf\" role=\"button\"><br \/>\n\t\t\t\t\t\t\u00dcr\u00fcn Bilgisi<br \/>\n\t\t\t\t\t<\/a><br \/>\n\t\t\t<a href=\"https:\/\/ktk.com.tr\/tr\/contact-us\/\" role=\"button\"><br \/>\n\t\t\t\t\t\tL\u00fctfen \u0130leti\u015fime Ge\u00e7iniz<br \/>\n\t\t\t\t\t<\/a><br \/>\n\t\t\t<a href=\"https:\/\/ktk.com.tr\/tr\/contact-us\/\" role=\"button\"><br \/>\n\t\t\t\t\t\tL\u00fctfen \u0130leti\u015fime Ge\u00e7iniz<br \/>\n\t\t\t\t\t<\/a><br \/>\n\t\t\t\t\t\t\t\t\t\t<img decoding=\"async\" loading=\"lazy\" width=\"640\" height=\"360\" src=\"https:\/\/ktk.com.tr\/wp-content\/uploads\/2020\/01\/safety_filters_right_side_640x360.png\" alt=\"\" class=\"ktk\" srcset=\"https:\/\/ktk.com.tr\/wp-content\/uploads\/2020\/01\/safety_filters_right_side_640x360.png 640w, https:\/\/ktk.com.tr\/wp-content\/uploads\/2020\/01\/safety_filters_right_side_640x360-300x169.png 300w, https:\/\/ktk.com.tr\/wp-content\/uploads\/2020\/01\/safety_filters_right_side_640x360-1x1.png 1w\" sizes=\"(max-width: 640px) 100vw, 640px\" \/>\t\t\t\t\t\t\t\t\t\t\t<\/p>\n<h2>G\u00fcvenli Filtreler<\/h2>\n<p>Bir membran filtrasyon tesisine giren \u00fcr\u00fcn ak\u0131\u015f\u0131nda istenmeyen partik\u00fcller varsa, t\u00fcm filtrasyon sisteminin verimlili\u011fi ve dayan\u0131kl\u0131l\u0131\u011f\u0131 ciddi \u015fekilde etkilenecektir. Alfa Laval g\u00fcvenlik filtreleri bunu \u00f6nlemek i\u00e7in tasarlanm\u0131\u015ft\u0131r<\/p>\n<p>\u00a0<br \/>\n\t\t\t<a href=\"https:\/\/ktk.com.tr\/wp-content\/uploads\/2020\/01\/Auxilliary-Membranes-Equipment.pdf\" role=\"button\"><br \/>\n\t\t\t\t\t\t\u00dcr\u00fcn Bilgisi<br \/>\n\t\t\t\t\t<\/a><br \/>\n\t\t\t<a href=\"https:\/\/ktk.com.tr\/tr\/contact-us\/\" role=\"button\"><br \/>\n\t\t\t\t\t\tL\u00fctfen \u0130leti\u015fime Ge\u00e7iniz<br \/>\n\t\t\t\t\t<\/a><br \/>\n\t\t\t<a href=\"https:\/\/ktk.com.tr\/tr\/contact-us\/\" role=\"button\"><br \/>\n\t\t\t\t\t\tL\u00fctfen \u0130leti\u015fime Ge\u00e7iniz<br \/>\n\t\t\t\t\t<\/a><\/p>","protected":false},"excerpt":{"rendered":"<p>Clamp Fittings Clamp fittings play a key part in ensuring leak-proof connections between the many different types of piping and components used in membrane filtration plants. Alfa Laval clamp fittings are designed to meet this special requirement Product Data Please Contact Us Please Contact Us Housings Alfa Laval sanitary, stainless steel housings are some of [&hellip;]<\/p>","protected":false},"author":1,"featured_media":0,"parent":0,"menu_order":0,"comment_status":"closed","ping_status":"closed","template":"","meta":[],"_links":{"self":[{"href":"https:\/\/ktk.com.tr\/tr\/wp-json\/wp\/v2\/pages\/674"}],"collection":[{"href":"https:\/\/ktk.com.tr\/tr\/wp-json\/wp\/v2\/pages"}],"about":[{"href":"https:\/\/ktk.com.tr\/tr\/wp-json\/wp\/v2\/types\/page"}],"author":[{"embeddable":true,"href":"https:\/\/ktk.com.tr\/tr\/wp-json\/wp\/v2\/users\/1"}],"replies":[{"embeddable":true,"href":"https:\/\/ktk.com.tr\/tr\/wp-json\/wp\/v2\/comments?post=674"}],"version-history":[{"count":7,"href":"https:\/\/ktk.com.tr\/tr\/wp-json\/wp\/v2\/pages\/674\/revisions"}],"predecessor-version":[{"id":2395,"href":"https:\/\/ktk.com.tr\/tr\/wp-json\/wp\/v2\/pages\/674\/revisions\/2395"}],"wp:attachment":[{"href":"https:\/\/ktk.com.tr\/tr\/wp-json\/wp\/v2\/media?parent=674"}],"curies":[{"name":"wp","href":"https:\/\/api.w.org\/{rel}","templated":true}]}}