{"id":673,"date":"2019-12-22T13:38:44","date_gmt":"2019-12-22T13:38:44","guid":{"rendered":"http:\/\/ktk.com.tr\/?page_id=673"},"modified":"2020-01-20T08:54:33","modified_gmt":"2020-01-20T08:54:33","slug":"separation","status":"publish","type":"page","link":"https:\/\/ktk.com.tr\/tr\/separation\/","title":{"rendered":"Seperasyon"},"content":{"rendered":"<p><img decoding=\"async\" loading=\"lazy\" width=\"640\" height=\"360\" src=\"https:\/\/ktk.com.tr\/wp-content\/uploads\/2020\/01\/uf_spirals_left_side_640x360.png\" alt=\"\" class=\"ktk\" srcset=\"https:\/\/ktk.com.tr\/wp-content\/uploads\/2020\/01\/uf_spirals_left_side_640x360.png 640w, https:\/\/ktk.com.tr\/wp-content\/uploads\/2020\/01\/uf_spirals_left_side_640x360-300x169.png 300w, https:\/\/ktk.com.tr\/wp-content\/uploads\/2020\/01\/uf_spirals_left_side_640x360-1x1.png 1w\" sizes=\"(max-width: 640px) 100vw, 640px\" \/>\t\t\t\t\t\t\t\t\t\t\t<\/p>\n<h2>Sipral Membranlar<\/h2>\n<p>Ters ozmoz (RO), nanofiltrasyon (NF), ultrafiltrasyon (UF) ve mikrofiltrasyon (MF) i\u00e7in g\u0131da, i\u00e7ecek, vb. s\u00fct, biyoteknoloji \/ biyoteknolojik kimyasallar ve ila\u00e7. Su geri kazan\u0131m\u0131nda da kullan\u0131labilirler. Farkl\u0131 membran, \u00e7ap, uzunluk ve ara par\u00e7a kombinasyonlar\u0131, t\u00fcm \u00e7apraz ak\u0131\u015fl\u0131 membran filtreleme i\u015flemleriyle uyumlulu\u011fu sa\u011flar.<\/p>\n<p>\t\t\t<a href=\"https:\/\/ktk.com.tr\/tr\/spiral-membranes\/\" role=\"button\"><br \/>\n\t\t\t\t\t\tDaha Fazla<br \/>\n\t\t\t\t\t<\/a><br \/>\n\t\t\t\t\t\t\t\t\t\t<img decoding=\"async\" loading=\"lazy\" width=\"640\" height=\"360\" src=\"https:\/\/ktk.com.tr\/wp-content\/uploads\/2020\/01\/module_m39_left_side_640x360.png\" alt=\"\" class=\"ktk\" srcset=\"https:\/\/ktk.com.tr\/wp-content\/uploads\/2020\/01\/module_m39_left_side_640x360.png 640w, https:\/\/ktk.com.tr\/wp-content\/uploads\/2020\/01\/module_m39_left_side_640x360-300x169.png 300w, https:\/\/ktk.com.tr\/wp-content\/uploads\/2020\/01\/module_m39_left_side_640x360-1x1.png 1w\" sizes=\"(max-width: 640px) 100vw, 640px\" \/>\t\t\t\t\t\t\t\t\t\t\t<\/p>\n<h2>Moduller<\/h2>\n<p>Alfa Laval'\u0131n benzersiz plaka ve \u00e7er\u00e7eve mod\u00fcllerinin a\u00e7\u0131k kanal tasar\u0131m\u0131, \u00fcniteleri neredeyse t\u00fcm viskozite ve hatta ask\u0131da kat\u0131lar i\u00e7in uygun hale getirir. Alfa Laval plaka ve \u00e7er\u00e7eve mod\u00fclleri s\u0131hhi \u00e7al\u0131\u015fma i\u00e7in onaylanm\u0131\u015ft\u0131r ve \u00fcr\u00fcn safl\u0131\u011f\u0131 \u00e7ok \u00f6nemliyse ve m\u00fckemmel temizlik ve dezenfeksiyon \u015fart oldu\u011funda b\u00fcy\u00fck avantajlar sunar<\/p>\n<p>\t\t\t<a href=\"https:\/\/ktk.com.tr\/tr\/modules\/\" role=\"button\"><br \/>\n\t\t\t\t\t\tDaha Fazla<br \/>\n\t\t\t\t\t<\/a><br \/>\n\t\t\t\t\t\t\t\t\t\t<img decoding=\"async\" loading=\"lazy\" width=\"640\" height=\"360\" src=\"https:\/\/ktk.com.tr\/wp-content\/uploads\/2020\/01\/almem_uf_640x360.png\" alt=\"\" class=\"ktk\" srcset=\"https:\/\/ktk.com.tr\/wp-content\/uploads\/2020\/01\/almem_uf_640x360.png 640w, https:\/\/ktk.com.tr\/wp-content\/uploads\/2020\/01\/almem_uf_640x360-300x169.png 300w, https:\/\/ktk.com.tr\/wp-content\/uploads\/2020\/01\/almem_uf_640x360-1x1.png 1w\" sizes=\"(max-width: 640px) 100vw, 640px\" \/>\t\t\t\t\t\t\t\t\t\t\t<\/p>\n<h2>Membran Filitrasyon Sistemleri<\/h2>\n<p>Alfa Laval, polimerik membranlara dayal\u0131 komple \u00e7apraz ak\u0131\u015fl\u0131 membran filtreleme sistemleri tasarlar, \u00fcretir ve kurar. \u00dcretim birimlerimiz ya benzersiz plaka ve \u00e7er\u00e7eve mod\u00fcllerine ya da farkl\u0131 boyutlardaki spiral elemanlara dayanmaktad\u0131r. Baz\u0131 uygulamalar i\u00e7in, m\u00fcmk\u00fcn olan en iyi \u00e7\u00f6z\u00fcm\u00fc vermek i\u00e7in her iki t\u00fcr\u00fcn bir kombinasyonu kullan\u0131labilir<\/p>\n<p>\t\t\t<a href=\"https:\/\/ktk.com.tr\/tr\/membrane-filtration-systems\/\" role=\"button\"><br \/>\n\t\t\t\t\t\tDaha Fazla<br \/>\n\t\t\t\t\t<\/a><br \/>\n\t\t\t\t\t\t\t\t\t\t<img decoding=\"async\" loading=\"lazy\" width=\"688\" height=\"450\" src=\"https:\/\/ktk.com.tr\/wp-content\/uploads\/2020\/01\/alfa-laval-mbr-quickswap.jpg\" alt=\"\" class=\"ktk\" srcset=\"https:\/\/ktk.com.tr\/wp-content\/uploads\/2020\/01\/alfa-laval-mbr-quickswap.jpg 688w, https:\/\/ktk.com.tr\/wp-content\/uploads\/2020\/01\/alfa-laval-mbr-quickswap-300x196.jpg 300w, https:\/\/ktk.com.tr\/wp-content\/uploads\/2020\/01\/alfa-laval-mbr-quickswap-1x1.jpg 1w\" sizes=\"(max-width: 688px) 100vw, 688px\" \/>\t\t\t\t\t\t\t\t\t\t\t<\/p>\n<h2>MBR Membranlar\u0131<\/h2>\n<p>With Alfa Laval MBR membranes, you get trouble-free MBR wastewater treatment at a low operating cost. Based on Alfa Laval LowResist&#x2122; technology, they combine minimal cleaning and maintenance needs with low energy consumption and excellent effluent quality.<\/p>\n<p>\t\t\t<a href=\"https:\/\/ktk.com.tr\/tr\/membranes\/\" role=\"button\"><br \/>\n\t\t\t\t\t\tDaha Fazla<br \/>\n\t\t\t\t\t<\/a><br \/>\n\t\t\t\t\t\t\t\t\t\t<img decoding=\"async\" loading=\"lazy\" width=\"640\" height=\"360\" src=\"https:\/\/ktk.com.tr\/wp-content\/uploads\/2020\/01\/labstak-m37-m38_640x360.png\" alt=\"\" class=\"ktk\" srcset=\"https:\/\/ktk.com.tr\/wp-content\/uploads\/2020\/01\/labstak-m37-m38_640x360.png 640w, https:\/\/ktk.com.tr\/wp-content\/uploads\/2020\/01\/labstak-m37-m38_640x360-300x169.png 300w, https:\/\/ktk.com.tr\/wp-content\/uploads\/2020\/01\/labstak-m37-m38_640x360-1x1.png 1w\" sizes=\"(max-width: 640px) 100vw, 640px\" \/>\t\t\t\t\t\t\t\t\t\t\t<\/p>\n<h2>LabStak<\/h2>\n<p>Alfa Laval offers a wide range of small-scale LabStak&#x2122; modules which\u00a0are ideal for on-site testing. Valuable data is gained for evaluation of process feasibility, determination of design and up-scaling, optimization of existing production lines or processing of high-value products.<\/p>\n<p>\t\t\t<a href=\"https:\/\/ktk.com.tr\/tr\/labstak\/\" role=\"button\"><br \/>\n\t\t\t\t\t\tDaha Fazla<br \/>\n\t\t\t\t\t<\/a><br \/>\n\t\t\t\t\t\t\t\t\t\t<img decoding=\"async\" loading=\"lazy\" width=\"640\" height=\"360\" src=\"https:\/\/ktk.com.tr\/wp-content\/uploads\/2020\/01\/labunit_m37_m38_right_side_640x360.png\" alt=\"\" class=\"ktk\" srcset=\"https:\/\/ktk.com.tr\/wp-content\/uploads\/2020\/01\/labunit_m37_m38_right_side_640x360.png 640w, https:\/\/ktk.com.tr\/wp-content\/uploads\/2020\/01\/labunit_m37_m38_right_side_640x360-300x169.png 300w, https:\/\/ktk.com.tr\/wp-content\/uploads\/2020\/01\/labunit_m37_m38_right_side_640x360-1x1.png 1w\" sizes=\"(max-width: 640px) 100vw, 640px\" \/>\t\t\t\t\t\t\t\t\t\t\t<\/p>\n<h2>Lab\/Pilot \u00dcniteleri<\/h2>\n<p>Yerinde test i\u00e7in \u00f6zel k\u00fc\u00e7\u00fck \u00f6l\u00e7ekli membran filtrasyon laboratuvar\u0131 \/ pilot \u00fcniteleri yelpazesi, membran \u00e7\u00f6z\u00fcm s\u00fcrecinizin fizibilitesini, gelecekteki tasar\u0131m\u0131 ve b\u00fcy\u00fctmeyi de\u011ferlendirmek i\u00e7in veriler sa\u011flar. Mevcut s\u00fcre\u00e7leri veya hatlar\u0131 optimize etmek i\u00e7in de kullan\u0131labilirler. Membran filtrasyon ekipmanlar\u0131m\u0131z\u0131n geni\u015fli\u011fi, ilk testten tam \u00f6l\u00e7ekli \u00fcretime kadar sizinle birlikte olabilece\u011fimiz anlam\u0131na gelir. Sekt\u00f6r\u00fcm\u00fczden ve uygulama bilgimizden, aerodinamik servislerden ve sorunsuz ge\u00e7i\u015flerden yararlan\u0131n.<\/p>\n<p>\t\t\t<a href=\"https:\/\/ktk.com.tr\/tr\/lab-pilot-units\/\" role=\"button\"><br \/>\n\t\t\t\t\t\tDaha Fazla<br \/>\n\t\t\t\t\t<\/a><br \/>\n\t\t\t\t\t\t\t\t\t\t<img decoding=\"async\" loading=\"lazy\" width=\"640\" height=\"360\" src=\"https:\/\/ktk.com.tr\/wp-content\/uploads\/2020\/01\/all_flat_sheet_membranes_left_side_640x360.png\" alt=\"\" class=\"ktk\" srcset=\"https:\/\/ktk.com.tr\/wp-content\/uploads\/2020\/01\/all_flat_sheet_membranes_left_side_640x360.png 640w, https:\/\/ktk.com.tr\/wp-content\/uploads\/2020\/01\/all_flat_sheet_membranes_left_side_640x360-300x169.png 300w, https:\/\/ktk.com.tr\/wp-content\/uploads\/2020\/01\/all_flat_sheet_membranes_left_side_640x360-1x1.png 1w\" sizes=\"(max-width: 640px) 100vw, 640px\" \/>\t\t\t\t\t\t\t\t\t\t\t<\/p>\n<h2>D\u00fcz Yass\u0131 Membranlar<\/h2>\n<p>Alfa Laval, g\u0131da, i\u00e7ecek, s\u00fct \u00fcr\u00fcnleri, biyoteknoloji ve ila\u00e7 end\u00fcstrilerinde uygulanan \u00e7ok \u00e7e\u015fitli i\u015flemlerde kullan\u0131lmak \u00fczere polimerik membranlar \u00fcretir. Membranlar\u0131m\u0131z t\u00fcm \u00e7apraz ak\u0131\u015f filtrasyon i\u015flemlerini kapsar: ters ozmoz, nanofiltrasyon, ultrafiltrasyon ve mikrofiltrasyon<\/p>\n<p>\t\t\t<a href=\"https:\/\/ktk.com.tr\/tr\/flat-sheet-membranes\/\" role=\"button\"><br \/>\n\t\t\t\t\t\tDaha Fazla<br \/>\n\t\t\t\t\t<\/a><br \/>\n\t\t\t\t\t\t\t\t\t\t<img decoding=\"async\" loading=\"lazy\" width=\"640\" height=\"360\" src=\"https:\/\/ktk.com.tr\/wp-content\/uploads\/2020\/01\/housing_640x360.png\" alt=\"\" class=\"ktk\" srcset=\"https:\/\/ktk.com.tr\/wp-content\/uploads\/2020\/01\/housing_640x360.png 640w, https:\/\/ktk.com.tr\/wp-content\/uploads\/2020\/01\/housing_640x360-300x169.png 300w, https:\/\/ktk.com.tr\/wp-content\/uploads\/2020\/01\/housing_640x360-1x1.png 1w\" sizes=\"(max-width: 640px) 100vw, 640px\" \/>\t\t\t\t\t\t\t\t\t\t\t<\/p>\n<h2>Yard\u0131mc\u0131 Membran Ekipmanlar\u0131<\/h2>\n<p>Alfa Laval eksiksiz bir membran filtreleme sistemi i\u00e7in ihtiyac\u0131n\u0131z olan her \u015feyi sa\u011flar. Ayr\u0131ca, spiral sarg\u0131l\u0131 ve plaka ve \u00e7er\u00e7eve sistemlerinde kullan\u0131lan membranlar\u0131n montaj\u0131 ve bunlar\u0131n g\u00fcvenli ve verimli bir \u015fekilde \u00e7al\u0131\u015ft\u0131r\u0131lmas\u0131 i\u00e7in gereken \u00e7ok \u00e7e\u015fitli \u00f6zel yard\u0131mc\u0131 ekipman, ba\u011flant\u0131 par\u00e7alar\u0131 ve aksesuarlar da sunuyoruz.<\/p>\n<p>\t\t\t<a href=\"https:\/\/ktk.com.tr\/tr\/auxiliary-membrane-equipment\/\" role=\"button\"><br \/>\n\t\t\t\t\t\tDaha Fazla<br \/>\n\t\t\t\t\t<\/a><\/p>","protected":false},"excerpt":{"rendered":"<p>Spiral Membranes A wide range of full-fit, sanitary spiral membranes for reverse osmosis (RO), nanofiltration (NF), ultrafiltration (UF) and microfiltration (MF) to efficiently recover, purify, fractionate or concentrate products in industries such as food, beverage, dairy, biotech\/biobased chemicals and pharma. They can also be used in water recovery. Different combinations of membrane, diameter, length and [&hellip;]<\/p>","protected":false},"author":1,"featured_media":0,"parent":0,"menu_order":0,"comment_status":"closed","ping_status":"closed","template":"","meta":[],"_links":{"self":[{"href":"https:\/\/ktk.com.tr\/tr\/wp-json\/wp\/v2\/pages\/673"}],"collection":[{"href":"https:\/\/ktk.com.tr\/tr\/wp-json\/wp\/v2\/pages"}],"about":[{"href":"https:\/\/ktk.com.tr\/tr\/wp-json\/wp\/v2\/types\/page"}],"author":[{"embeddable":true,"href":"https:\/\/ktk.com.tr\/tr\/wp-json\/wp\/v2\/users\/1"}],"replies":[{"embeddable":true,"href":"https:\/\/ktk.com.tr\/tr\/wp-json\/wp\/v2\/comments?post=673"}],"version-history":[{"count":8,"href":"https:\/\/ktk.com.tr\/tr\/wp-json\/wp\/v2\/pages\/673\/revisions"}],"predecessor-version":[{"id":2387,"href":"https:\/\/ktk.com.tr\/tr\/wp-json\/wp\/v2\/pages\/673\/revisions\/2387"}],"wp:attachment":[{"href":"https:\/\/ktk.com.tr\/tr\/wp-json\/wp\/v2\/media?parent=673"}],"curies":[{"name":"wp","href":"https:\/\/api.w.org\/{rel}","templated":true}]}}