{"id":540,"date":"2019-12-22T13:29:43","date_gmt":"2019-12-22T13:29:43","guid":{"rendered":"http:\/\/ktk.com.tr\/?page_id=540"},"modified":"2020-01-20T08:00:30","modified_gmt":"2020-01-20T08:00:30","slug":"tubuler-heat-exchangers","status":"publish","type":"page","link":"https:\/\/ktk.com.tr\/tr\/tubuler-heat-exchangers\/","title":{"rendered":"Tubuler Heat Exchangers"},"content":{"rendered":"<p><img decoding=\"async\" loading=\"lazy\" width=\"768\" height=\"800\" src=\"https:\/\/ktk.com.tr\/wp-content\/uploads\/2020\/01\/Ekran-Resmi-2020-01-09-12.45.43.png\" alt=\"\" class=\"ktk\" srcset=\"https:\/\/ktk.com.tr\/wp-content\/uploads\/2020\/01\/Ekran-Resmi-2020-01-09-12.45.43.png 768w, https:\/\/ktk.com.tr\/wp-content\/uploads\/2020\/01\/Ekran-Resmi-2020-01-09-12.45.43-288x300.png 288w, https:\/\/ktk.com.tr\/wp-content\/uploads\/2020\/01\/Ekran-Resmi-2020-01-09-12.45.43-1x1.png 1w\" sizes=\"(max-width: 768px) 100vw, 768px\" \/>\t\t\t\t\t\t\t\t\t\t\t<\/p>\n<h2>Boru\/Kovan Tipi Is\u0131 De\u011fi\u015ftiriciler<\/h2>\n<p>Boru\/kovan tipi \u0131s\u0131 \u0131s\u0131 de\u011fi\u015ftiricilerimiz, \u0131s\u0131tma ve so\u011futma s\u0131v\u0131lar\u0131 i\u00e7in bir\u00e7ok konfor ve end\u00fcstri uygulamas\u0131nda kullan\u0131lmaktad\u0131r. Y\u00fcksek termal performans i\u00e7in geleneksel d\u00fcz t\u00fcplere veya geli\u015ftirilmi\u015f y\u00fczey t\u00fcplerine sahip bir kovandan olu\u015furlar. S\u0131v\u0131lar, biri t\u00fcplerin i\u00e7ine akarken, di\u011feri kovan i\u00e7indeki t\u00fcplerin d\u0131\u015f\u0131na akar. End\u00fcstrinin ihtiya\u00e7lar\u0131na g\u00f6re s\u0131v\u0131lar veya gazlar i\u00e7in kullan\u0131labilir. Tek fazl\u0131 veya iki fazl\u0131 \u0131s\u0131 de\u011fi\u015ftiricler vard\u0131r. KTK, \u00f6zellikle aseptik ila\u00e7 \u00fcretiminide kullan\u0131lan su sistemleri (PW, WFI ve PS) i\u00e7in en kaliteli tercihtir.<\/p>\n<p>\t\t\t\t\t\t\t\t\t\t<img decoding=\"async\" loading=\"lazy\" width=\"640\" height=\"360\" src=\"https:\/\/ktk.com.tr\/wp-content\/uploads\/2020\/01\/shell_and_tube_heat_exchanger_pharmax_front_640x360.png\" alt=\"\" class=\"ktk\" srcset=\"https:\/\/ktk.com.tr\/wp-content\/uploads\/2020\/01\/shell_and_tube_heat_exchanger_pharmax_front_640x360.png 640w, https:\/\/ktk.com.tr\/wp-content\/uploads\/2020\/01\/shell_and_tube_heat_exchanger_pharmax_front_640x360-300x169.png 300w, https:\/\/ktk.com.tr\/wp-content\/uploads\/2020\/01\/shell_and_tube_heat_exchanger_pharmax_front_640x360-1x1.png 1w\" sizes=\"(max-width: 640px) 100vw, 640px\" \/>\t\t\t\t\t\t\t\t\t\t\t<\/p>\n<h2>Pharma X<\/h2>\n<p>Farmas\u00f6tik steril enjeksiyonluk su (WFI) sistemlerinde kullan\u0131m noktas\u0131 so\u011futmas\u0131 i\u00e7in geli\u015ftirilmi\u015f kompakt bir t\u00fcp i\u00e7i \u0131s\u0131 de\u011fi\u015ftirici mod\u00fcl\u00fcr. Alfa Laval Pharma-X kullan\u0131lmad\u0131\u011f\u0131 zamanlarda bile sistemin kontaminasyona yol a\u00e7mayacak \u015fekilde dizayn edilmi\u015ftir.<\/p>\n<p>\t\t\t<a href=\"https:\/\/ktk.com.tr\/wp-content\/uploads\/2020\/01\/Pharma-X-Sanitary-tube-in-tube-heat-exchanger-for-point-of-use-cooling-of-WFI-sanitary-catalogue-version-.pdf\" role=\"button\"><br \/>\n\t\t\t\t\t\t\u00dcr\u00fcn Bilgisi<br \/>\n\t\t\t\t\t<\/a><br \/>\n\t\t\t<a href=\"https:\/\/ktk.com.tr\/wp-content\/uploads\/2020\/01\/Pharma-X.pdf\" role=\"button\"><br \/>\n\t\t\t\t\t\tKullan\u0131m Klavuzu<br \/>\n\t\t\t\t\t<\/a><br \/>\n\t\t\t\t\t\t\t\t\t\t<img decoding=\"async\" loading=\"lazy\" width=\"281\" height=\"300\" src=\"https:\/\/ktk.com.tr\/wp-content\/uploads\/2020\/01\/PharmaLine_S_HeatExchangers_right_side-281x300.jpg\" alt=\"\" class=\"ktk\" srcset=\"https:\/\/ktk.com.tr\/wp-content\/uploads\/2020\/01\/PharmaLine_S_HeatExchangers_right_side-281x300.jpg 281w, https:\/\/ktk.com.tr\/wp-content\/uploads\/2020\/01\/PharmaLine_S_HeatExchangers_right_side-1x1.jpg 1w, https:\/\/ktk.com.tr\/wp-content\/uploads\/2020\/01\/PharmaLine_S_HeatExchangers_right_side.jpg 469w\" sizes=\"(max-width: 281px) 100vw, 281px\" \/>\t\t\t\t\t\t\t\t\t\t\t<\/p>\n<h2>Pharma &#8211; line<\/h2>\n<p>Alfa Laval Pharma-line, ila\u00e7 ve biyoteknoloji end\u00fcstrileri i\u00e7in geli\u015ftirilimi\u015f y\u00fcksek kaliteli borulu bir \u0131s\u0131 de\u011fi\u015ftiricidir. S\u0131zd\u0131rmaz tasar\u0131m ve p\u00fcr\u00fczs\u00fcz y\u00fczey kaplamalar\u0131, kontaminasyona kar\u015f\u0131 korumaya yard\u0131mc\u0131 olur ve Enjeksiyonluk Su (WFI), \u0131s\u0131tma ve so\u011futma Saf Su (PW) ve \u00fcr\u00fcn \u0131s\u0131tma \/ so\u011futma gibi uygulamalarda en kat\u0131 hijyenik ko\u015fullar i\u00e7in idealdir. G\u00f6vde ve borulu \u0131s\u0131 e\u015fanj\u00f6r\u00fc zemine, duvara veya tavana monte edilebilir ve USP ve cGMP gerekliliklerine uygundur.<\/p>\n<p>\t\t\t<a href=\"https:\/\/ktk.com.tr\/wp-content\/uploads\/2020\/01\/Pharma-line-P.pdf\" role=\"button\"><br \/>\n\t\t\t\t\t\t\u00dcr\u00fcn Bilgisi<br \/>\n\t\t\t\t\t<\/a><br \/>\n\t\t\t<a href=\"https:\/\/ktk.com.tr\/wp-content\/uploads\/2020\/01\/Pharma-line-S.pdf\" role=\"button\"><br \/>\n\t\t\t\t\t\t\u00dcr\u00fcn Bilgisi<br \/>\n\t\t\t\t\t<\/a><br \/>\n\t\t\t<a href=\"https:\/\/ktk.com.tr\/wp-content\/uploads\/2020\/01\/Pharma-line.pdf\" role=\"button\"><br \/>\n\t\t\t\t\t\tKullan\u0131m Klavuzu<br \/>\n\t\t\t\t\t<\/a><br \/>\n\t\t\t<a href=\"https:\/\/ktk.com.tr\/wp-content\/uploads\/2020\/01\/Alfa-Laval-Pharma-line-S.pdf\" role=\"button\"><br \/>\n\t\t\t\t\t\tKullan\u0131m Klavuzu<br \/>\n\t\t\t\t\t<\/a><br \/>\n\t\t\t<a href=\"https:\/\/ktk.com.tr\/wp-content\/uploads\/2020\/01\/ESE02739-Pharma-line-S.pdf\" role=\"button\"><br \/>\n\t\t\t\t\t\tYedek Par\u00e7a<br \/>\n\t\t\t\t\t<\/a><br \/>\n\t\t\t\t\t\t\t\t\t\t<img decoding=\"async\" loading=\"lazy\" width=\"640\" height=\"360\" src=\"https:\/\/ktk.com.tr\/wp-content\/uploads\/2020\/01\/viscoline_640x360.png\" alt=\"\" class=\"ktk\" srcset=\"https:\/\/ktk.com.tr\/wp-content\/uploads\/2020\/01\/viscoline_640x360.png 640w, https:\/\/ktk.com.tr\/wp-content\/uploads\/2020\/01\/viscoline_640x360-300x169.png 300w, https:\/\/ktk.com.tr\/wp-content\/uploads\/2020\/01\/viscoline_640x360-1x1.png 1w\" sizes=\"(max-width: 640px) 100vw, 640px\" \/>\t\t\t\t\t\t\t\t\t\t\t<\/p>\n<h2>ViscoLine<\/h2>\n<p>Alfa Laval, Viskoz g\u0131dalar i\u00e7in termal \u00e7\u00f6z\u00fcmleri ViscoLine serisi ile kar\u015f\u0131lamaktad\u0131r. G\u0131da proseslerinizi en yumu\u015fak \u015fekilde ele almak \u00fczere tasarlanm\u0131\u015f bir dizi y\u00fcksek verimli \u0131s\u0131 e\u015fanj\u00f6r\u00fcd\u00fcr.<\/p>\n<p>\t\t\t<a href=\"https:\/\/ktk.com.tr\/wp-content\/uploads\/2020\/01\/ViscoLine-trade-CIP-unit.pdf\" role=\"button\"><br \/>\n\t\t\t\t\t\t\u00dcr\u00fcn Bilgisi<br \/>\n\t\t\t\t\t<\/a><br \/>\n\t\t\t<a href=\"https:\/\/ktk.com.tr\/tr\/contact-us\/\" role=\"button\"><br \/>\n\t\t\t\t\t\t\u0130leti\u015fim<br \/>\n\t\t\t\t\t<\/a><br \/>\n\t\t\t<a href=\"https:\/\/ktk.com.tr\/tr\/contact-us\/\" role=\"button\"><br \/>\n\t\t\t\t\t\t\u0130leti\u015fim<br \/>\n\t\t\t\t\t<\/a><\/p>","protected":false},"excerpt":{"rendered":"<p>Shell and Tube Heat Exchangers Our shell and tube heat exchangers are used in many comfort and industry applications for heating and cooling fluids. They consist of a shell with traditional plain tubes or enhanced surface tubes for high thermal performance. The fluids can be liquids or gases, one of which flows inside the tubes [&hellip;]<\/p>","protected":false},"author":1,"featured_media":0,"parent":0,"menu_order":0,"comment_status":"closed","ping_status":"closed","template":"","meta":[],"_links":{"self":[{"href":"https:\/\/ktk.com.tr\/tr\/wp-json\/wp\/v2\/pages\/540"}],"collection":[{"href":"https:\/\/ktk.com.tr\/tr\/wp-json\/wp\/v2\/pages"}],"about":[{"href":"https:\/\/ktk.com.tr\/tr\/wp-json\/wp\/v2\/types\/page"}],"author":[{"embeddable":true,"href":"https:\/\/ktk.com.tr\/tr\/wp-json\/wp\/v2\/users\/1"}],"replies":[{"embeddable":true,"href":"https:\/\/ktk.com.tr\/tr\/wp-json\/wp\/v2\/comments?post=540"}],"version-history":[{"count":12,"href":"https:\/\/ktk.com.tr\/tr\/wp-json\/wp\/v2\/pages\/540\/revisions"}],"predecessor-version":[{"id":2351,"href":"https:\/\/ktk.com.tr\/tr\/wp-json\/wp\/v2\/pages\/540\/revisions\/2351"}],"wp:attachment":[{"href":"https:\/\/ktk.com.tr\/tr\/wp-json\/wp\/v2\/media?parent=540"}],"curies":[{"name":"wp","href":"https:\/\/api.w.org\/{rel}","templated":true}]}}