{"id":539,"date":"2019-12-22T13:29:43","date_gmt":"2019-12-22T13:29:43","guid":{"rendered":"http:\/\/ktk.com.tr\/?page_id=539"},"modified":"2020-01-20T08:21:35","modified_gmt":"2020-01-20T08:21:35","slug":"welded-plate-and-shell-heat-exchangers","status":"publish","type":"page","link":"https:\/\/ktk.com.tr\/tr\/welded-plate-and-shell-heat-exchangers\/","title":{"rendered":"Kaynakl\u0131 kovanl\u0131-plakal\u0131 \u0131s\u0131 de\u011fi\u015ftiriciler"},"content":{"rendered":"<p><img decoding=\"async\" loading=\"lazy\" width=\"640\" height=\"360\" src=\"https:\/\/ktk.com.tr\/wp-content\/uploads\/2020\/01\/duroshell-640x360-1.jpg\" alt=\"\" class=\"ktk\" srcset=\"https:\/\/ktk.com.tr\/wp-content\/uploads\/2020\/01\/duroshell-640x360-1.jpg 640w, https:\/\/ktk.com.tr\/wp-content\/uploads\/2020\/01\/duroshell-640x360-1-300x169.jpg 300w, https:\/\/ktk.com.tr\/wp-content\/uploads\/2020\/01\/duroshell-640x360-1-1x1.jpg 1w\" sizes=\"(max-width: 640px) 100vw, 640px\" \/>\t\t\t\t\t\t\t\t\t\t\t<\/p>\n<h2>DuroShell<\/h2>\n<p>Alfa Laval DuroShell, zorlu g\u00f6revler ve korozif ortamlar i\u00e7in ideal olarak tasarlanm\u0131\u015f, \u00f6zel olarak tasarlanm\u0131\u015f bir plaka ve kabuk \u0131s\u0131 e\u015fanj\u00f6r\u00fcd\u00fcr. Y\u00fcksek s\u0131cakl\u0131klarda ve bas\u0131n\u00e7larda bile yorgunlu\u011fa dayanabilen DuroShell, sadece geleneksel \u0131s\u0131 e\u015fanj\u00f6rlerinden de\u011fil, ayn\u0131 zamanda geleneksel plaka ve kabuk tasar\u0131mlar\u0131ndan daha iyi performans g\u00f6sterir.<\/p>\n<p>\t\t\t<a href=\"https:\/\/ktk.com.tr\/wp-content\/uploads\/2020\/01\/duroshell-product-leaflet.pdf\" role=\"button\"><br \/>\n\t\t\t\t\t\t\u00dcr\u00fcn Bilgisi<br \/>\n\t\t\t\t\t<\/a><\/p>","protected":false},"excerpt":{"rendered":"<p>DuroShell Alfa Laval DuroShell is a specially engineered plate-and-shell heat exchanger ideal for demanding duties and corrosive media. Able to withstand fatigue even at high temperatures and pressures, DuroShell outperforms not only traditional heat exchangers, but also conventional plate-and-shell designs. Product Data<\/p>","protected":false},"author":1,"featured_media":0,"parent":0,"menu_order":0,"comment_status":"closed","ping_status":"closed","template":"","meta":[],"_links":{"self":[{"href":"https:\/\/ktk.com.tr\/tr\/wp-json\/wp\/v2\/pages\/539"}],"collection":[{"href":"https:\/\/ktk.com.tr\/tr\/wp-json\/wp\/v2\/pages"}],"about":[{"href":"https:\/\/ktk.com.tr\/tr\/wp-json\/wp\/v2\/types\/page"}],"author":[{"embeddable":true,"href":"https:\/\/ktk.com.tr\/tr\/wp-json\/wp\/v2\/users\/1"}],"replies":[{"embeddable":true,"href":"https:\/\/ktk.com.tr\/tr\/wp-json\/wp\/v2\/comments?post=539"}],"version-history":[{"count":8,"href":"https:\/\/ktk.com.tr\/tr\/wp-json\/wp\/v2\/pages\/539\/revisions"}],"predecessor-version":[{"id":2355,"href":"https:\/\/ktk.com.tr\/tr\/wp-json\/wp\/v2\/pages\/539\/revisions\/2355"}],"wp:attachment":[{"href":"https:\/\/ktk.com.tr\/tr\/wp-json\/wp\/v2\/media?parent=539"}],"curies":[{"name":"wp","href":"https:\/\/api.w.org\/{rel}","templated":true}]}}