{"id":538,"date":"2019-12-22T13:29:43","date_gmt":"2019-12-22T13:29:43","guid":{"rendered":"http:\/\/ktk.com.tr\/?page_id=538"},"modified":"2020-01-20T08:22:55","modified_gmt":"2020-01-20T08:22:55","slug":"welded-plate-and-block-heat-exchangers","status":"publish","type":"page","link":"https:\/\/ktk.com.tr\/tr\/welded-plate-and-block-heat-exchangers\/","title":{"rendered":"Kaynakl\u0131 plakal\u0131 blok tip \u0131s\u0131 de\u011fi\u015ftiriciler"},"content":{"rendered":"<p><img decoding=\"async\" loading=\"lazy\" width=\"640\" height=\"360\" src=\"https:\/\/ktk.com.tr\/wp-content\/uploads\/2020\/01\/compabloc_640x360_isolated.jpg\" alt=\"\" class=\"ktk\" srcset=\"https:\/\/ktk.com.tr\/wp-content\/uploads\/2020\/01\/compabloc_640x360_isolated.jpg 640w, https:\/\/ktk.com.tr\/wp-content\/uploads\/2020\/01\/compabloc_640x360_isolated-300x169.jpg 300w, https:\/\/ktk.com.tr\/wp-content\/uploads\/2020\/01\/compabloc_640x360_isolated-1x1.jpg 1w\" sizes=\"(max-width: 640px) 100vw, 640px\" \/>\t\t\t\t\t\t\t\t\t\t\t<\/p>\n<h2>Compabloc<\/h2>\n<p>D\u00fcnya \u00e7ap\u0131nda 30.000'den fazla \u00fcnitenin zorlu g\u00f6revlerle ba\u015fa \u00e7\u0131kt\u0131\u011f\u0131 Compabloc, \u0131s\u0131 transferi s\u00f6z konusu oldu\u011funda pazar \u015fampiyonu. Lazer kaynakl\u0131 yap\u0131, agresif ortamlar, y\u00fcksek bas\u0131n\u00e7 ve s\u0131cakl\u0131klarla g\u00f6revlerde \u00fcst\u00fcn g\u00fcvenilirlik sunar. Compabloc ayr\u0131ca, kurulumu ve bak\u0131m\u0131 \u00e7ok daha kolay olan daha kompakt bir tasar\u0131mla geleneksel kabuk ve t\u00fcp \u00e7\u00f6z\u00fcmlerinin termal verimlili\u011finin 3-5 kat\u0131n\u0131 sunar.<\/p>\n<p>\t\t\t<a href=\"https:\/\/ktk.com.tr\/wp-content\/uploads\/2020\/01\/alfa-laval-compabloc-product-leaflet.pdf\" role=\"button\"><br \/>\n\t\t\t\t\t\t\u00dcr\u00fcn Bilgisi<br \/>\n\t\t\t\t\t<\/a><br \/>\n\t\t\t<a href=\"https:\/\/ktk.com.tr\/tr\/contact-us\/\" role=\"button\"><br \/>\n\t\t\t\t\t\tKullan\u0131m Klavuzu<br \/>\n\t\t\t\t\t<\/a><br \/>\n\t\t\t<a href=\"https:\/\/ktk.com.tr\/tr\/contact-us\/\" role=\"button\"><br \/>\n\t\t\t\t\t\tYedek Par\u00e7a<br \/>\n\t\t\t\t\t<\/a><br \/>\n\t\t\t\t\t\t\t\t\t\t<img decoding=\"async\" loading=\"lazy\" width=\"300\" height=\"169\" src=\"https:\/\/ktk.com.tr\/wp-content\/uploads\/2020\/01\/compabloc_freeflow_640x360-300x169.png\" alt=\"\" class=\"ktk\" srcset=\"https:\/\/ktk.com.tr\/wp-content\/uploads\/2020\/01\/compabloc_freeflow_640x360-300x169.png 300w, https:\/\/ktk.com.tr\/wp-content\/uploads\/2020\/01\/compabloc_freeflow_640x360-1x1.png 1w, https:\/\/ktk.com.tr\/wp-content\/uploads\/2020\/01\/compabloc_freeflow_640x360.png 640w\" sizes=\"(max-width: 300px) 100vw, 300px\" \/>\t\t\t\t\t\t\t\t\t\t\t<\/p>\n<h2>Compabloc Free Flow<\/h2>\n<p>Alfa Laval Compabloc Free Flow, ila\u00e7 end\u00fcstrisi ve modern API \u00fcretiminin y\u00fcksek hijyen gereksinimleri i\u00e7in \u00f6zel olarak tasarlanm\u0131\u015f \u00e7ok y\u00fcksek \u0131s\u0131 transfer verimlili\u011fine sahip kompakt bir kondansat\u00f6rd\u00fcr. Hijyenik tasar\u0131m, y\u00fcksek performans, d\u00fc\u015f\u00fck i\u015fletme maliyetleri ve kolay kurulum, hasta g\u00fcvenli\u011fi, g\u00fcvenilir \u00e7al\u0131\u015fma s\u00fcresi ve \u00fcretim verimlili\u011fi sa\u011flamak i\u00e7in bir araya gelir.<\/p>\n<p>\t\t\t<a href=\"https:\/\/ktk.com.tr\/wp-content\/uploads\/2020\/01\/alfa-laval-compabloc-product-leaflet.pdf\" role=\"button\"><br \/>\n\t\t\t\t\t\t\u00dcr\u00fcn Bilgisi<br \/>\n\t\t\t\t\t<\/a><br \/>\n\t\t\t<a href=\"https:\/\/ktk.com.tr\/tr\/contact-us\/\" role=\"button\"><br \/>\n\t\t\t\t\t\tKullan\u0131m Klavuzu<br \/>\n\t\t\t\t\t<\/a><br \/>\n\t\t\t<a href=\"https:\/\/ktk.com.tr\/tr\/contact-us\/\" role=\"button\"><br \/>\n\t\t\t\t\t\tYedek Par\u00e7a<br \/>\n\t\t\t\t\t<\/a><\/p>","protected":false},"excerpt":{"rendered":"<p>Compabloc With over 30,000 units handling tough duties worldwide, Compabloc is the market champion when it comes to heat transfer. Laser-welded construction offers superior reliability in duties with aggressive media and high pressures and temperatures. Compabloc also offers 3-5 times the thermal efficiency of traditional shell-and-tube solutions, with a more compact design that is much [&hellip;]<\/p>","protected":false},"author":1,"featured_media":0,"parent":0,"menu_order":0,"comment_status":"closed","ping_status":"closed","template":"","meta":[],"_links":{"self":[{"href":"https:\/\/ktk.com.tr\/tr\/wp-json\/wp\/v2\/pages\/538"}],"collection":[{"href":"https:\/\/ktk.com.tr\/tr\/wp-json\/wp\/v2\/pages"}],"about":[{"href":"https:\/\/ktk.com.tr\/tr\/wp-json\/wp\/v2\/types\/page"}],"author":[{"embeddable":true,"href":"https:\/\/ktk.com.tr\/tr\/wp-json\/wp\/v2\/users\/1"}],"replies":[{"embeddable":true,"href":"https:\/\/ktk.com.tr\/tr\/wp-json\/wp\/v2\/comments?post=538"}],"version-history":[{"count":12,"href":"https:\/\/ktk.com.tr\/tr\/wp-json\/wp\/v2\/pages\/538\/revisions"}],"predecessor-version":[{"id":2356,"href":"https:\/\/ktk.com.tr\/tr\/wp-json\/wp\/v2\/pages\/538\/revisions\/2356"}],"wp:attachment":[{"href":"https:\/\/ktk.com.tr\/tr\/wp-json\/wp\/v2\/media?parent=538"}],"curies":[{"name":"wp","href":"https:\/\/api.w.org\/{rel}","templated":true}]}}