{"id":536,"date":"2019-12-22T13:29:43","date_gmt":"2019-12-22T13:29:43","guid":{"rendered":"http:\/\/ktk.com.tr\/?page_id=536"},"modified":"2020-01-20T08:23:48","modified_gmt":"2020-01-20T08:23:48","slug":"fusion-bonded-plate-heat-exchangers","status":"publish","type":"page","link":"https:\/\/ktk.com.tr\/tr\/fusion-bonded-plate-heat-exchangers\/","title":{"rendered":"F\u00fczyon ba\u011flant\u0131l\u0131 \u0131s\u0131 de\u011fi\u015ftiriciler"},"content":{"rendered":"<p><img decoding=\"async\" loading=\"lazy\" width=\"640\" height=\"360\" src=\"https:\/\/ktk.com.tr\/wp-content\/uploads\/2020\/01\/fhe_alfanova_indhvac_right_640x360.png\" alt=\"\" class=\"ktk\" srcset=\"https:\/\/ktk.com.tr\/wp-content\/uploads\/2020\/01\/fhe_alfanova_indhvac_right_640x360.png 640w, https:\/\/ktk.com.tr\/wp-content\/uploads\/2020\/01\/fhe_alfanova_indhvac_right_640x360-300x169.png 300w, https:\/\/ktk.com.tr\/wp-content\/uploads\/2020\/01\/fhe_alfanova_indhvac_right_640x360-1x1.png 1w\" sizes=\"(max-width: 640px) 100vw, 640px\" \/>\t\t\t\t\t\t\t\t\t\t\t<\/p>\n<h2>AlfaNova<\/h2>\n<p>Alfa Laval\u2019\u0131n patentli AlfaFusion teknolojisi ile \u00fcretilen AlfaNova, bak\u0131r veya nikel olmadan birbirine ba\u011flanm\u0131\u015f oluklu paslanmaz \u00e7elik plakalardan olu\u015fan bir \u0131s\u0131 e\u015fanj\u00f6r\u00fcd\u00fcr. Benzersiz tasar\u0131m, AlfaNova'n\u0131n geleneksel lehimli plakal\u0131 \u0131s\u0131 e\u015fanj\u00f6rlerinden daha fazla a\u015f\u0131r\u0131 s\u0131cakl\u0131k ve bas\u0131n\u00e7lara daha fazla yorulma direnci ile dayanabilece\u011fi anlam\u0131na gelir. Hijyen talepleri \u00e7ok y\u00fcksek olan i\u015fler i\u00e7in de uygundur.<\/p>\n<p>\t\t\t<a href=\"https:\/\/ktk.com.tr\/wp-content\/uploads\/2020\/01\/AlfaNova-76.pdf\" role=\"button\"><br \/>\n\t\t\t\t\t\t\u00dcr\u00fcn Bilgisi<br \/>\n\t\t\t\t\t<\/a><br \/>\n\t\t\t<a href=\"https:\/\/ktk.com.tr\/wp-content\/uploads\/2020\/01\/Instruction-Manual-Alfa-Nova-large.pdf\" role=\"button\"><br \/>\n\t\t\t\t\t\tKullan\u0131m Klavuzu<br \/>\n\t\t\t\t\t<\/a><br \/>\n\t\t\t<a href=\"https:\/\/ktk.com.tr\/tr\/contact-us\/\" role=\"button\"><br \/>\n\t\t\t\t\t\tYedek Par\u00e7a<br \/>\n\t\t\t\t\t<\/a><\/p>","protected":false},"excerpt":{"rendered":"<p>AlfaNova Manufactured with Alfa Laval\u2019s patented AlfaFusion technology, AlfaNova is a heat exchanger consisting of corrugated stainless steel plates bonded together without any copper or nickel. The unique design means that AlfaNova can withstand more extreme temperatures and pressures with greater fatigue resistance than conventional brazed plate heat exchangers. It is also suitable for duties [&hellip;]<\/p>","protected":false},"author":1,"featured_media":0,"parent":0,"menu_order":0,"comment_status":"closed","ping_status":"closed","template":"","meta":[],"_links":{"self":[{"href":"https:\/\/ktk.com.tr\/tr\/wp-json\/wp\/v2\/pages\/536"}],"collection":[{"href":"https:\/\/ktk.com.tr\/tr\/wp-json\/wp\/v2\/pages"}],"about":[{"href":"https:\/\/ktk.com.tr\/tr\/wp-json\/wp\/v2\/types\/page"}],"author":[{"embeddable":true,"href":"https:\/\/ktk.com.tr\/tr\/wp-json\/wp\/v2\/users\/1"}],"replies":[{"embeddable":true,"href":"https:\/\/ktk.com.tr\/tr\/wp-json\/wp\/v2\/comments?post=536"}],"version-history":[{"count":9,"href":"https:\/\/ktk.com.tr\/tr\/wp-json\/wp\/v2\/pages\/536\/revisions"}],"predecessor-version":[{"id":2358,"href":"https:\/\/ktk.com.tr\/tr\/wp-json\/wp\/v2\/pages\/536\/revisions\/2358"}],"wp:attachment":[{"href":"https:\/\/ktk.com.tr\/tr\/wp-json\/wp\/v2\/media?parent=536"}],"curies":[{"name":"wp","href":"https:\/\/api.w.org\/{rel}","templated":true}]}}