{"id":535,"date":"2019-12-22T13:29:43","date_gmt":"2019-12-22T13:29:43","guid":{"rendered":"http:\/\/ktk.com.tr\/?page_id=535"},"modified":"2020-01-20T08:23:26","modified_gmt":"2020-01-20T08:23:26","slug":"brazed-plate-heat-exchangers","status":"publish","type":"page","link":"https:\/\/ktk.com.tr\/tr\/brazed-plate-heat-exchangers\/","title":{"rendered":"Kaynakl\u0131 \u0131s\u0131 de\u011fi\u015ftiriciler"},"content":{"rendered":"<p><img decoding=\"async\" loading=\"lazy\" width=\"640\" height=\"360\" src=\"https:\/\/ktk.com.tr\/wp-content\/uploads\/2020\/01\/al_bhe_ac_alfachill_group_right_16_9_640x360-2.png\" alt=\"\" class=\"ktk\" srcset=\"https:\/\/ktk.com.tr\/wp-content\/uploads\/2020\/01\/al_bhe_ac_alfachill_group_right_16_9_640x360-2.png 640w, https:\/\/ktk.com.tr\/wp-content\/uploads\/2020\/01\/al_bhe_ac_alfachill_group_right_16_9_640x360-2-300x169.png 300w, https:\/\/ktk.com.tr\/wp-content\/uploads\/2020\/01\/al_bhe_ac_alfachill_group_right_16_9_640x360-2-1x1.png 1w\" sizes=\"(max-width: 640px) 100vw, 640px\" \/>\t\t\t\t\t\t\t\t\t\t\t<\/p>\n<h2>AC<\/h2>\n<p>Alfa Laval\u2019\u0131n \u00f6zel uygulaman\u0131za ve so\u011futucu ak\u0131\u015fkan se\u00e7iminize g\u00f6re optimize etti\u011fi esnek DynaStatik da\u011f\u0131t\u0131m sistemi ile in\u015fa edilen AC \u0131s\u0131 de\u011fi\u015ftirici \u00fcr\u00fcn grubumuz, buharla\u015fma g\u00f6revlerinde en \u00fcst d\u00fczey termal performans sunar. E\u015fsiz FlexFlow asimetrik kanal plakalar\u0131 ile birlikte sisteminiz i\u00e7in m\u00fcmk\u00fcn olan maksimum verimlili\u011fi elde edersiniz.<\/p>\n<p>\t\t\t<a href=\"https:\/\/ktk.com.tr\/wp-content\/uploads\/2020\/01\/Brazing-tubes-to-BHE-Guideline.pdf\" role=\"button\"><br \/>\n\t\t\t\t\t\t\u00dcr\u00fcn Bilgisi<br \/>\n\t\t\t\t\t<\/a><br \/>\n\t\t\t<a href=\"https:\/\/ktk.com.tr\/wp-content\/uploads\/2020\/01\/Instruction-Manual-BHE.pdf\" role=\"button\"><br \/>\n\t\t\t\t\t\tKullan\u0131m Klavuzu<br \/>\n\t\t\t\t\t<\/a><br \/>\n\t\t\t<a href=\"https:\/\/ktk.com.tr\/tr\/contact-us\/\" role=\"button\"><br \/>\n\t\t\t\t\t\tYedek Par\u00e7a<br \/>\n\t\t\t\t\t<\/a><br \/>\n\t\t\t\t\t\t\t\t\t\t<img decoding=\"async\" loading=\"lazy\" width=\"640\" height=\"360\" src=\"https:\/\/ktk.com.tr\/wp-content\/uploads\/2020\/01\/al_bhe_cb_right_640x360-2.png\" alt=\"\" class=\"ktk\" srcset=\"https:\/\/ktk.com.tr\/wp-content\/uploads\/2020\/01\/al_bhe_cb_right_640x360-2.png 640w, https:\/\/ktk.com.tr\/wp-content\/uploads\/2020\/01\/al_bhe_cb_right_640x360-2-300x169.png 300w, https:\/\/ktk.com.tr\/wp-content\/uploads\/2020\/01\/al_bhe_cb_right_640x360-2-1x1.png 1w\" sizes=\"(max-width: 640px) 100vw, 640px\" \/>\t\t\t\t\t\t\t\t\t\t\t<\/p>\n<h2>CB<\/h2>\n<p>Y\u00fcksek verimlilik, \u00fcst\u00fcn mekanik diren\u00e7 ve kompakt ayak izi, Alfa Laval\u2019\u0131n CB lehimli plakal\u0131 \u0131s\u0131 de\u011fi\u015ftiricileri serisini, alan\u0131n s\u0131n\u0131rl\u0131 oldu\u011fu zorlu tesisler i\u00e7in ideal hale getirir. Bu nedenle, HVAC g\u00f6revleri, so\u011futma, proses \u0131s\u0131tma ve so\u011futma, ya\u011f so\u011futma, kullan\u0131m s\u0131cak suyu, g\u00fcne\u015f enerjili \u0131s\u0131tma ve \u00e7ok daha fazlas\u0131ndaki di\u011fer \u0131s\u0131 e\u015fanj\u00f6rleri i\u00e7in ortak bir yedek haline gelmi\u015ftir.<\/p>\n<p>\t\t\t<a href=\"https:\/\/ktk.com.tr\/wp-content\/uploads\/2020\/01\/Brazing-tubes-to-BHE-Guideline.pdf\" role=\"button\"><br \/>\n\t\t\t\t\t\t\u00dcr\u00fcn Bilgisi<br \/>\n\t\t\t\t\t<\/a><br \/>\n\t\t\t<a href=\"https:\/\/ktk.com.tr\/wp-content\/uploads\/2020\/01\/Instruction-Manual-BHE.pdf\" role=\"button\"><br \/>\n\t\t\t\t\t\tKullan\u0131m Klavuzu<br \/>\n\t\t\t\t\t<\/a><br \/>\n\t\t\t<a href=\"https:\/\/ktk.com.tr\/tr\/contact-us\/\" role=\"button\"><br \/>\n\t\t\t\t\t\tYedek Par\u00e7a<br \/>\n\t\t\t\t\t<\/a><\/p>","protected":false},"excerpt":{"rendered":"<p>AC Built with Alfa Laval\u2019s flexible DynaStatic distribution system, which our experts optimize according to your specific application and choice of refrigerant, our AC line of heat exchangers offers top thermal performance in evaporation duties. Combined with the unique FlexFlow asymmetric channel plates, you get the maximum possible efficiency for your system. Product Data Instruction [&hellip;]<\/p>","protected":false},"author":1,"featured_media":0,"parent":0,"menu_order":0,"comment_status":"closed","ping_status":"closed","template":"","meta":[],"_links":{"self":[{"href":"https:\/\/ktk.com.tr\/tr\/wp-json\/wp\/v2\/pages\/535"}],"collection":[{"href":"https:\/\/ktk.com.tr\/tr\/wp-json\/wp\/v2\/pages"}],"about":[{"href":"https:\/\/ktk.com.tr\/tr\/wp-json\/wp\/v2\/types\/page"}],"author":[{"embeddable":true,"href":"https:\/\/ktk.com.tr\/tr\/wp-json\/wp\/v2\/users\/1"}],"replies":[{"embeddable":true,"href":"https:\/\/ktk.com.tr\/tr\/wp-json\/wp\/v2\/comments?post=535"}],"version-history":[{"count":8,"href":"https:\/\/ktk.com.tr\/tr\/wp-json\/wp\/v2\/pages\/535\/revisions"}],"predecessor-version":[{"id":2357,"href":"https:\/\/ktk.com.tr\/tr\/wp-json\/wp\/v2\/pages\/535\/revisions\/2357"}],"wp:attachment":[{"href":"https:\/\/ktk.com.tr\/tr\/wp-json\/wp\/v2\/media?parent=535"}],"curies":[{"name":"wp","href":"https:\/\/api.w.org\/{rel}","templated":true}]}}