{"id":533,"date":"2019-12-22T13:29:43","date_gmt":"2019-12-22T13:29:43","guid":{"rendered":"http:\/\/ktk.com.tr\/?page_id=533"},"modified":"2020-01-20T08:24:27","modified_gmt":"2020-01-20T08:24:27","slug":"gasketed-plate-and-frame-heat-exchangers","status":"publish","type":"page","link":"https:\/\/ktk.com.tr\/tr\/gasketed-plate-and-frame-heat-exchangers\/","title":{"rendered":"Contal\u0131 Plakal\u0131 Is\u0131 De\u011fi\u015ftiriciler"},"content":{"rendered":"<p><img decoding=\"async\" loading=\"lazy\" width=\"640\" height=\"360\" src=\"https:\/\/ktk.com.tr\/wp-content\/uploads\/2020\/01\/baseline_left_side_640x360-2.png\" alt=\"\" class=\"ktk\" srcset=\"https:\/\/ktk.com.tr\/wp-content\/uploads\/2020\/01\/baseline_left_side_640x360-2.png 640w, https:\/\/ktk.com.tr\/wp-content\/uploads\/2020\/01\/baseline_left_side_640x360-2-300x169.png 300w, https:\/\/ktk.com.tr\/wp-content\/uploads\/2020\/01\/baseline_left_side_640x360-2-1x1.png 1w\" sizes=\"(max-width: 640px) 100vw, 640px\" \/>\t\t\t\t\t\t\t\t\t\t\t<\/p>\n<h2>BaseLine<\/h2>\n<p>Alfa Laval BaseLine, daha basit s\u00fct \u00fcr\u00fcnleri, yiyecek, i\u00e7ecek, ila\u00e7 ve di\u011fer hijyenik ve yard\u0131mc\u0131 uygulamalar i\u00e7in rekabet\u00e7i bir contal\u0131 plakal\u0131 ve \u00e7er\u00e7eveli \u0131s\u0131 de\u011fi\u015ftirici serisidir. Daha zorlu hijyenik uygulamalar i\u00e7in Alfa Laval Frontline'a bak\u0131n.<\/p>\n<p>\t\t\t<a href=\"https:\/\/ktk.com.tr\/wp-content\/uploads\/2020\/01\/Base-10.pdf\" role=\"button\"><br \/>\n\t\t\t\t\t\t\u00dcr\u00fcn Bilgisi<br \/>\n\t\t\t\t\t<\/a><br \/>\n\t\t\t<a href=\"https:\/\/ktk.com.tr\/wp-content\/uploads\/2020\/01\/BaseLine-Instruction-manual-1.pdf\" role=\"button\"><br \/>\n\t\t\t\t\t\tKullan\u0131m Klavuzu<br \/>\n\t\t\t\t\t<\/a><br \/>\n\t\t\t<a href=\"https:\/\/ktk.com.tr\/tr\/contact-us\/\" role=\"button\"><br \/>\n\t\t\t\t\t\tYedek Par\u00e7a<br \/>\n\t\t\t\t\t<\/a><br \/>\n\t\t\t\t\t\t\t\t\t\t<img decoding=\"async\" loading=\"lazy\" width=\"640\" height=\"360\" src=\"https:\/\/ktk.com.tr\/wp-content\/uploads\/2020\/01\/clipline_left_side_640x360.png\" alt=\"\" class=\"ktk\" srcset=\"https:\/\/ktk.com.tr\/wp-content\/uploads\/2020\/01\/clipline_left_side_640x360.png 640w, https:\/\/ktk.com.tr\/wp-content\/uploads\/2020\/01\/clipline_left_side_640x360-300x169.png 300w, https:\/\/ktk.com.tr\/wp-content\/uploads\/2020\/01\/clipline_left_side_640x360-1x1.png 1w\" sizes=\"(max-width: 640px) 100vw, 640px\" \/>\t\t\t\t\t\t\t\t\t\t\t<\/p>\n<h2>ClipLine<\/h2>\n<p>Alfa Laval ClipLine serisi, FontLine serisi ile ayn\u0131 hijyenik uygulamalarda kullan\u0131l\u0131r, ancak ClipLine daha k\u00fc\u00e7\u00fck g\u00f6revler i\u00e7in kullan\u0131l\u0131r. ClipLine ve FrontLine, s\u00fct \u00fcr\u00fcnleri, yiyecek, i\u00e7ecek ve hassas \u00fcr\u00fcn i\u015flemesi, uzun \u00e7al\u0131\u015fma s\u00fcreleri veya \u00fcst\u00fcn temizlenebilirlik gerektiren di\u011fer hijyenik uygulamalarda kullan\u0131lan birinci s\u0131n\u0131f \u0131s\u0131 de\u011fi\u015ftiricileridir.<\/p>\n<p>\u00a0<br \/>\n\t\t\t<a href=\"https:\/\/ktk.com.tr\/wp-content\/uploads\/2020\/01\/Clip-3.pdf\" role=\"button\"><br \/>\n\t\t\t\t\t\t\u00dcr\u00fcn Bilgisi<br \/>\n\t\t\t\t\t<\/a><br \/>\n\t\t\t<a href=\"https:\/\/ktk.com.tr\/wp-content\/uploads\/2020\/01\/FrontLine-Instruction-manual.pdf\" role=\"button\"><br \/>\n\t\t\t\t\t\tKullan\u0131m Klavuzu<br \/>\n\t\t\t\t\t<\/a><br \/>\n\t\t\t<a href=\"https:\/\/ktk.com.tr\/tr\/contact-us\/\" role=\"button\"><br \/>\n\t\t\t\t\t\tYedek Par\u00e7a<br \/>\n\t\t\t\t\t<\/a><br \/>\n\t\t\t\t\t\t\t\t\t\t<img decoding=\"async\" loading=\"lazy\" width=\"640\" height=\"360\" src=\"https:\/\/ktk.com.tr\/wp-content\/uploads\/2020\/01\/frontline_facing_left_640x360-2.jpg\" alt=\"\" class=\"ktk\" srcset=\"https:\/\/ktk.com.tr\/wp-content\/uploads\/2020\/01\/frontline_facing_left_640x360-2.jpg 640w, https:\/\/ktk.com.tr\/wp-content\/uploads\/2020\/01\/frontline_facing_left_640x360-2-300x169.jpg 300w, https:\/\/ktk.com.tr\/wp-content\/uploads\/2020\/01\/frontline_facing_left_640x360-2-1x1.jpg 1w\" sizes=\"(max-width: 640px) 100vw, 640px\" \/>\t\t\t\t\t\t\t\t\t\t\t<\/p>\n<h2>FrontLine<\/h2>\n<p>Alfa Laval FrontLine, hijyenik kontrol ile ilgili en kat\u0131 taleplerin yan\u0131 s\u0131ra hassas \u00fcr\u00fcn i\u015fleme, uzun \u00e7al\u0131\u015fma s\u00fcresi ve \u00fcst\u00fcn temizlenebilirli\u011fe sahip uygulamalar i\u00e7in birinci s\u0131n\u0131f plakal\u0131 \u0131s\u0131 de\u011fi\u015ftiricilerimizdir. \u0130\u00e7ecek, s\u00fct ve g\u0131da gibi hijyenik ihtiya\u00e7lar\u0131 olan uygulamalar i\u00e7in uygun olan FrontLine, \u0131s\u0131ya duyarl\u0131 ortamlar i\u00e7in \u00fcst\u00fcn se\u00e7imdir. Esnek tasar\u0131m, yeniden yap\u0131land\u0131rmay\u0131 kolayla\u015ft\u0131r\u0131r.<\/p>\n<p>\t\t\t<a href=\"https:\/\/ktk.com.tr\/wp-content\/uploads\/2020\/01\/Front-6.pdf\" role=\"button\"><br \/>\n\t\t\t\t\t\t\u00dcr\u00fcn Bilgisi<br \/>\n\t\t\t\t\t<\/a><br \/>\n\t\t\t<a href=\"https:\/\/ktk.com.tr\/wp-content\/uploads\/2020\/01\/FrontLine-Instruction-manual-1.pdf\" role=\"button\"><br \/>\n\t\t\t\t\t\tKullan\u0131m Klavuzu<br \/>\n\t\t\t\t\t<\/a><br \/>\n\t\t\t<a href=\"https:\/\/ktk.com.tr\/tr\/contact-us\/\" role=\"button\"><br \/>\n\t\t\t\t\t\tYedek Par\u00e7a<br \/>\n\t\t\t\t\t<\/a><br \/>\n\t\t\t\t\t\t\t\t\t\t<img decoding=\"async\" loading=\"lazy\" width=\"640\" height=\"360\" src=\"https:\/\/ktk.com.tr\/wp-content\/uploads\/2020\/01\/m-line_left_side_640x360-2.png\" alt=\"\" class=\"ktk\" srcset=\"https:\/\/ktk.com.tr\/wp-content\/uploads\/2020\/01\/m-line_left_side_640x360-2.png 640w, https:\/\/ktk.com.tr\/wp-content\/uploads\/2020\/01\/m-line_left_side_640x360-2-300x169.png 300w, https:\/\/ktk.com.tr\/wp-content\/uploads\/2020\/01\/m-line_left_side_640x360-2-1x1.png 1w\" sizes=\"(max-width: 640px) 100vw, 640px\" \/>\t\t\t\t\t\t\t\t\t\t\t<\/p>\n<h2>M Line<\/h2>\n<p>Alfa Laval M serisi contal\u0131 plakal\u0131 ve \u00e7er\u00e7eveli \u0131s\u0131 de\u011fi\u015ftiricileri, gazl\u0131 i\u00e7ecekler gibi y\u00fcksek tasar\u0131m bas\u0131nc\u0131 (&gt; 10 bar \/ 145 psi) i\u00e7in kullan\u0131l\u0131r. \u00c7ok \u00e7e\u015fitli plaka ve conta t\u00fcrleri, s\u00fct, g\u0131da, i\u00e7ecek ve ila\u00e7 end\u00fcstrilerindeki hijyenik ve yard\u0131mc\u0131 uygulamalarda past\u00f6rizasyon ve di\u011fer \u0131s\u0131tma ve so\u011futma g\u00f6revleri i\u00e7in G\u0131da Temas Malzemeleri (FCM) gerekliliklerine uygundur.<\/p>\n<p>\t\t\t<a href=\"https:\/\/ktk.com.tr\/wp-content\/uploads\/2020\/01\/M-line-15.pdf\" role=\"button\"><br \/>\n\t\t\t\t\t\t\u00dcr\u00fcn Bilgisi<br \/>\n\t\t\t\t\t<\/a><br \/>\n\t\t\t<a href=\"https:\/\/ktk.com.tr\/wp-content\/uploads\/2020\/01\/BaseLine-Instruction-manual.pdf\" role=\"button\"><br \/>\n\t\t\t\t\t\tKullan\u0131m Klavuzu<br \/>\n\t\t\t\t\t<\/a><br \/>\n\t\t\t<a href=\"https:\/\/ktk.com.tr\/tr\/contact-us\/\" role=\"button\"><br \/>\n\t\t\t\t\t\tYedek Par\u00e7a<br \/>\n\t\t\t\t\t<\/a><\/p>","protected":false},"excerpt":{"rendered":"<p>BaseLine Alfa Laval BaseLine is a competitive range of gasketed plate-and-frame heat exchangers for simpler dairy, food, beverage, pharma and other hygienic and utility applications. See Alfa Laval Frontline for more demanding hygienic applications. Product Data Instruction Manual Spare Parts ClipLine Alfa Laval ClipLine range is used in the same hygienic applications as the FontLine [&hellip;]<\/p>","protected":false},"author":1,"featured_media":0,"parent":0,"menu_order":0,"comment_status":"closed","ping_status":"closed","template":"","meta":[],"_links":{"self":[{"href":"https:\/\/ktk.com.tr\/tr\/wp-json\/wp\/v2\/pages\/533"}],"collection":[{"href":"https:\/\/ktk.com.tr\/tr\/wp-json\/wp\/v2\/pages"}],"about":[{"href":"https:\/\/ktk.com.tr\/tr\/wp-json\/wp\/v2\/types\/page"}],"author":[{"embeddable":true,"href":"https:\/\/ktk.com.tr\/tr\/wp-json\/wp\/v2\/users\/1"}],"replies":[{"embeddable":true,"href":"https:\/\/ktk.com.tr\/tr\/wp-json\/wp\/v2\/comments?post=533"}],"version-history":[{"count":16,"href":"https:\/\/ktk.com.tr\/tr\/wp-json\/wp\/v2\/pages\/533\/revisions"}],"predecessor-version":[{"id":2359,"href":"https:\/\/ktk.com.tr\/tr\/wp-json\/wp\/v2\/pages\/533\/revisions\/2359"}],"wp:attachment":[{"href":"https:\/\/ktk.com.tr\/tr\/wp-json\/wp\/v2\/media?parent=533"}],"curies":[{"name":"wp","href":"https:\/\/api.w.org\/{rel}","templated":true}]}}