{"id":532,"date":"2019-12-22T13:29:43","date_gmt":"2019-12-22T13:29:43","guid":{"rendered":"http:\/\/ktk.com.tr\/?page_id=532"},"modified":"2020-01-20T08:21:01","modified_gmt":"2020-01-20T08:21:01","slug":"plate-heat-exchangers","status":"publish","type":"page","link":"https:\/\/ktk.com.tr\/tr\/plate-heat-exchangers\/","title":{"rendered":"Plakal\u0131 Is\u0131 De\u011fi\u015ftiriciler"},"content":{"rendered":"<p><img decoding=\"async\" loading=\"lazy\" width=\"640\" height=\"360\" src=\"https:\/\/ktk.com.tr\/wp-content\/uploads\/2020\/01\/baseline_left_side_640x360.png\" alt=\"\" class=\"ktk\" srcset=\"https:\/\/ktk.com.tr\/wp-content\/uploads\/2020\/01\/baseline_left_side_640x360.png 640w, https:\/\/ktk.com.tr\/wp-content\/uploads\/2020\/01\/baseline_left_side_640x360-300x169.png 300w, https:\/\/ktk.com.tr\/wp-content\/uploads\/2020\/01\/baseline_left_side_640x360-1x1.png 1w\" sizes=\"(max-width: 640px) 100vw, 640px\" \/>\t\t\t\t\t\t\t\t\t\t\t<\/p>\n<h1>Plakal\u0131 Is\u0131 De\u011fi\u015ftiriciler<\/h1>\n<p>Plakal\u0131 Is\u0131 de\u011fi\u015ftiricileri, k\u00fc\u00e7\u00fck bir karbon ayak izi ile verimli \u0131s\u0131 transferi sa\u011flar. Bak\u0131m\u0131 kolayd\u0131r, dayan\u0131kl\u0131d\u0131r ve y\u00fcksek s\u0131cakl\u0131klara ve y\u00fcksek bas\u0131nca dayanabilir. So\u011futma, \u0131s\u0131tma, \u0131s\u0131 geri kazan\u0131m\u0131, buharla\u015fma, HVAC, so\u011fuktan ile dondurma, \u0131s\u0131 pompalar\u0131, klima, kimyasal proses, petrol ve gaz, enerji \u00fcretimi ve g\u0131da i\u015fleme gibi end\u00fcstrilerde kullan\u0131l\u0131r.<\/p>\n<p>\t\t\t\t\t\t\t\t\t\t<img decoding=\"async\" loading=\"lazy\" width=\"640\" height=\"360\" src=\"https:\/\/ktk.com.tr\/wp-content\/uploads\/2020\/01\/duroshell-640x360-1.jpg\" alt=\"\" class=\"ktk\" srcset=\"https:\/\/ktk.com.tr\/wp-content\/uploads\/2020\/01\/duroshell-640x360-1.jpg 640w, https:\/\/ktk.com.tr\/wp-content\/uploads\/2020\/01\/duroshell-640x360-1-300x169.jpg 300w, https:\/\/ktk.com.tr\/wp-content\/uploads\/2020\/01\/duroshell-640x360-1-1x1.jpg 1w\" sizes=\"(max-width: 640px) 100vw, 640px\" \/>\t\t\t\t\t\t\t\t\t\t\t<\/p>\n<h2>Kaynakl\u0131 kovanl\u0131-plakal\u0131 \u0131s\u0131 de\u011fi\u015ftiriciler<\/h2>\n<p>Alfa Laval kaynakl\u0131 plakal\u0131 ve kovanl\u0131 \u0131s\u0131 de\u011fi\u015ftiricileri portf\u00f6y\u00fc, zorlu y\u00fcksek bas\u0131n\u00e7 proses g\u00f6revlerine kar\u015f\u0131 \u00fcst\u00fcn sa\u011flaml\u0131k sunar. \u00d6ncelikle temiz proses s\u0131v\u0131lar\u0131 i\u00e7in y\u00fcksek s\u0131cakl\u0131klar ve y\u00fcksek bas\u0131n\u00e7lar i\u00e7in tasarlanm\u0131\u015ft\u0131r. \u00dcniteler, az yer kaplayan verimli \u0131s\u0131 transferi sa\u011flar ve bu da alan\u0131n k\u0131s\u0131tl\u0131 oldu\u011fu yerlerde idealdir.<\/p>\n<p>\t\t\t<a href=\"https:\/\/ktk.com.tr\/tr\/welded-plate-and-shell-heat-exchangers\/\" role=\"button\"><br \/>\n\t\t\t\t\t\tDaha Fazla<br \/>\n\t\t\t\t\t<\/a><br \/>\n\t\t\t\t\t\t\t\t\t\t<img decoding=\"async\" loading=\"lazy\" width=\"640\" height=\"360\" src=\"https:\/\/ktk.com.tr\/wp-content\/uploads\/2020\/01\/compabloc_freeflow_640x360.png\" alt=\"\" class=\"ktk\" srcset=\"https:\/\/ktk.com.tr\/wp-content\/uploads\/2020\/01\/compabloc_freeflow_640x360.png 640w, https:\/\/ktk.com.tr\/wp-content\/uploads\/2020\/01\/compabloc_freeflow_640x360-300x169.png 300w, https:\/\/ktk.com.tr\/wp-content\/uploads\/2020\/01\/compabloc_freeflow_640x360-1x1.png 1w\" sizes=\"(max-width: 640px) 100vw, 640px\" \/>\t\t\t\t\t\t\t\t\t\t\t<\/p>\n<h2>Kaynakl\u0131 plakal\u0131 blok tip \u0131s\u0131 de\u011fi\u015ftiriciler<\/h2>\n<p>Alfa Laval Compabloc serisi, \u00e7ok \u00e7e\u015fitli temiz ve kirli proses g\u00f6revleri i\u00e7in kompakt ve verimli \u0131s\u0131 transferi sa\u011flar. Her iki devrede de tam ve kolay temizlenebilirlik, onu piyasadaki en servis dostu kaynakl\u0131 \u0131s\u0131 de\u011fi\u015ftirici yapar.<\/p>\n<p>\t\t\t<a href=\"https:\/\/ktk.com.tr\/tr\/welded-plate-and-block-heat-exchangers\/\" role=\"button\"><br \/>\n\t\t\t\t\t\tDaha Fazla<br \/>\n\t\t\t\t\t<\/a><br \/>\n\t\t\t\t\t\t\t\t\t\t<img decoding=\"async\" loading=\"lazy\" width=\"640\" height=\"360\" src=\"https:\/\/ktk.com.tr\/wp-content\/uploads\/2020\/01\/al_bhe_ac_alfachill_group_right_16_9_640x360-2.png\" alt=\"\" class=\"ktk\" srcset=\"https:\/\/ktk.com.tr\/wp-content\/uploads\/2020\/01\/al_bhe_ac_alfachill_group_right_16_9_640x360-2.png 640w, https:\/\/ktk.com.tr\/wp-content\/uploads\/2020\/01\/al_bhe_ac_alfachill_group_right_16_9_640x360-2-300x169.png 300w, https:\/\/ktk.com.tr\/wp-content\/uploads\/2020\/01\/al_bhe_ac_alfachill_group_right_16_9_640x360-2-1x1.png 1w\" sizes=\"(max-width: 640px) 100vw, 640px\" \/>\t\t\t\t\t\t\t\t\t\t\t<\/p>\n<h2>Kaynakl\u0131 \u0131s\u0131 de\u011fi\u015ftiriciler<\/h2>\n<p>Bak\u0131r lehimli plakal\u0131 \u0131s\u0131 de\u011fi\u015ftiricleri, az yer kaplayan verimli \u0131s\u0131 transferi sa\u011flar. Bak\u0131m gerektirmezler, uzun servis \u00f6mr\u00fc sa\u011flarlar ve y\u00fcksek s\u0131cakl\u0131klara ve son derece y\u00fcksek tasar\u0131m bas\u0131n\u00e7lar\u0131na dayanabilirler. So\u011futma, \u0131s\u0131tma, buharla\u015fma ve yo\u011fu\u015fma gibi \u00e7e\u015fitli g\u00f6revlerde kullan\u0131l\u0131rlar.<\/p>\n<p>\t\t\t<a href=\"https:\/\/ktk.com.tr\/tr\/brazed-plate-heat-exchangers\/\" role=\"button\"><br \/>\n\t\t\t\t\t\tDaha Fazla<br \/>\n\t\t\t\t\t<\/a><br \/>\n\t\t\t\t\t\t\t\t\t\t<img decoding=\"async\" loading=\"lazy\" width=\"640\" height=\"360\" src=\"https:\/\/ktk.com.tr\/wp-content\/uploads\/2020\/01\/fhe_alfanova_indhvac_right_640x360.png\" alt=\"\" class=\"ktk\" srcset=\"https:\/\/ktk.com.tr\/wp-content\/uploads\/2020\/01\/fhe_alfanova_indhvac_right_640x360.png 640w, https:\/\/ktk.com.tr\/wp-content\/uploads\/2020\/01\/fhe_alfanova_indhvac_right_640x360-300x169.png 300w, https:\/\/ktk.com.tr\/wp-content\/uploads\/2020\/01\/fhe_alfanova_indhvac_right_640x360-1x1.png 1w\" sizes=\"(max-width: 640px) 100vw, 640px\" \/>\t\t\t\t\t\t\t\t\t\t\t<\/p>\n<h2>F\u00fczyon ba\u011flant\u0131l\u0131 \u0131s\u0131 de\u011fi\u015ftiriciler<\/h2>\n<p>F\u00fczyon ba\u011fl\u0131 plakal\u0131 \u0131s\u0131 de\u011fi\u015ftirileri % 100 paslanmaz \u00e7elikten yap\u0131lm\u0131\u015ft\u0131r ve az yer kaplayarak verimli \u0131s\u0131 transferi sa\u011flar. Bak\u0131m gerektirmezler ve uzun servis \u00f6mr\u00fc sa\u011flarlar. Temizli\u011fe y\u00fcksek talep getiren uygulamalarda, amonyak gibi agresif ortamlar\u0131n kullan\u0131ld\u0131\u011f\u0131 veya bak\u0131r ve nikel kontaminasyonunun kabul edilmedi\u011fi uygulamalara uygundur. \u00c7ok y\u00fcksek s\u0131cakl\u0131klara veya a\u015f\u0131r\u0131 y\u00fcksek bas\u0131n\u00e7lara dayanabilir.<\/p>\n<p>\t\t\t<a href=\"https:\/\/ktk.com.tr\/tr\/fusion-bonded-plate-heat-exchangers\/\" role=\"button\"><br \/>\n\t\t\t\t\t\tDaha Fazla<br \/>\n\t\t\t\t\t<\/a><br \/>\n\t\t\t\t\t\t\t\t\t\t<img decoding=\"async\" loading=\"lazy\" width=\"640\" height=\"360\" src=\"https:\/\/ktk.com.tr\/wp-content\/uploads\/2020\/01\/industrial-line-640x360-1.jpg\" alt=\"\" class=\"ktk\" srcset=\"https:\/\/ktk.com.tr\/wp-content\/uploads\/2020\/01\/industrial-line-640x360-1.jpg 640w, https:\/\/ktk.com.tr\/wp-content\/uploads\/2020\/01\/industrial-line-640x360-1-300x169.jpg 300w, https:\/\/ktk.com.tr\/wp-content\/uploads\/2020\/01\/industrial-line-640x360-1-1x1.jpg 1w\" sizes=\"(max-width: 640px) 100vw, 640px\" \/>\t\t\t\t\t\t\t\t\t\t\t<\/p>\n<h2>Contal\u0131 Plakal\u0131 Is\u0131 De\u011fi\u015ftiriciler<\/h2>\n<p>Contal\u0131 plakal\u0131 \u0131s\u0131 e\u015fanj\u00f6rleri, az yer kaplayan kompakt bir ekipmanda verimli \u0131s\u0131 aktar\u0131m\u0131 sa\u011flar. \u00dcniteler esnek bir tasar\u0131ma sahiptir ve servis ile bak\u0131m i\u015flemlerinin yap\u0131lmas\u0131 kolayd\u0131r. \u00dcr\u00fcn yelpazesi \u00e7ok geni\u015ftir ve HVAC, so\u011futma, motor so\u011futma, s\u00fct ve g\u0131da proseslerinden kimyasal i\u015flemler, petrol \u00fcretimi ve enerji \u00fcretimi gibi daha a\u011f\u0131r proseslere kadar farkl\u0131 end\u00fcstrilerde \u0131s\u0131tma, so\u011futma, \u0131s\u0131 geri kazan\u0131m\u0131, evaporasyon ve kondenzasyon g\u00f6revlerinde kullan\u0131lmaktad\u0131r.<\/p>\n<p>\t\t\t<a href=\"https:\/\/ktk.com.tr\/tr\/gasketed-plate-and-frame-heat-exchangers\/\" role=\"button\"><br \/>\n\t\t\t\t\t\tDaha Fazla<br \/>\n\t\t\t\t\t<\/a><\/p>","protected":false},"excerpt":{"rendered":"<p>Plate Exchangers Plate Heat exchangers provide efficient heat transfer with a small carbon footprint. They are easy to maintain, durable and can withstand high temperatures and high pressure. Used in a wide range of duties and industries, for example cooling, heating, heat recovery, evaporation, condensing in industries such as HVAC, refrigeration, heat pumps, air conditioning, [&hellip;]<\/p>","protected":false},"author":1,"featured_media":0,"parent":0,"menu_order":0,"comment_status":"closed","ping_status":"closed","template":"","meta":[],"_links":{"self":[{"href":"https:\/\/ktk.com.tr\/tr\/wp-json\/wp\/v2\/pages\/532"}],"collection":[{"href":"https:\/\/ktk.com.tr\/tr\/wp-json\/wp\/v2\/pages"}],"about":[{"href":"https:\/\/ktk.com.tr\/tr\/wp-json\/wp\/v2\/types\/page"}],"author":[{"embeddable":true,"href":"https:\/\/ktk.com.tr\/tr\/wp-json\/wp\/v2\/users\/1"}],"replies":[{"embeddable":true,"href":"https:\/\/ktk.com.tr\/tr\/wp-json\/wp\/v2\/comments?post=532"}],"version-history":[{"count":9,"href":"https:\/\/ktk.com.tr\/tr\/wp-json\/wp\/v2\/pages\/532\/revisions"}],"predecessor-version":[{"id":2354,"href":"https:\/\/ktk.com.tr\/tr\/wp-json\/wp\/v2\/pages\/532\/revisions\/2354"}],"wp:attachment":[{"href":"https:\/\/ktk.com.tr\/tr\/wp-json\/wp\/v2\/media?parent=532"}],"curies":[{"name":"wp","href":"https:\/\/api.w.org\/{rel}","templated":true}]}}