{"id":531,"date":"2019-12-22T13:29:43","date_gmt":"2019-12-22T13:29:43","guid":{"rendered":"http:\/\/ktk.com.tr\/?page_id=531"},"modified":"2020-01-20T08:19:43","modified_gmt":"2020-01-20T08:19:43","slug":"heat-exchangers","status":"publish","type":"page","link":"https:\/\/ktk.com.tr\/tr\/heat-exchangers\/","title":{"rendered":"Is\u0131 De\u011fi\u015ftiriciler"},"content":{"rendered":"<p><img decoding=\"async\" loading=\"lazy\" width=\"640\" height=\"360\" src=\"https:\/\/ktk.com.tr\/wp-content\/uploads\/2020\/01\/al_bhe_cb_right_640x360.png\" alt=\"\" class=\"ktk\" srcset=\"https:\/\/ktk.com.tr\/wp-content\/uploads\/2020\/01\/al_bhe_cb_right_640x360.png 640w, https:\/\/ktk.com.tr\/wp-content\/uploads\/2020\/01\/al_bhe_cb_right_640x360-300x169.png 300w, https:\/\/ktk.com.tr\/wp-content\/uploads\/2020\/01\/al_bhe_cb_right_640x360-1x1.png 1w\" sizes=\"(max-width: 640px) 100vw, 640px\" \/>\t\t\t\t\t\t\t\t\t\t\t<\/p>\n<h1>Is\u0131 De\u011fi\u015ftiriciler<\/h1>\n<p>Alfa Laval, \u00fcretti\u011fi t\u00fcm \u0131s\u0131 de\u011fi\u015ftiricilerde kompakt tasar\u0131m\u0131 ve y\u00fcksek termal verimlili\u011fi ile tan\u0131nm\u0131\u015f. girmi\u015f oldu\u011fu t\u00fcm pazarlarda \u00f6nde gelen bir \u0131s\u0131 de\u011fi\u015ftiricisi sa\u011flay\u0131c\u0131s\u0131d\u0131r.<br \/>KTK, uzman ekibi ile siz m\u00fc\u015fterilerimize do\u011fru, efektif ve verimli \u0131s\u0131 de\u011fi\u015ftirici se\u00e7iminde, kullan\u0131m\u0131nda ve yedek par\u00e7a y\u00f6netiminde destek sa\u011flamaktad\u0131r.<\/p>\n<p>\t\t\t\t\t\t\t\t\t\t<img decoding=\"async\" loading=\"lazy\" width=\"469\" height=\"500\" src=\"https:\/\/ktk.com.tr\/wp-content\/uploads\/2020\/01\/PharmaLine_S_HeatExchangers_right_side.jpg\" alt=\"\" class=\"ktk\" srcset=\"https:\/\/ktk.com.tr\/wp-content\/uploads\/2020\/01\/PharmaLine_S_HeatExchangers_right_side.jpg 469w, https:\/\/ktk.com.tr\/wp-content\/uploads\/2020\/01\/PharmaLine_S_HeatExchangers_right_side-281x300.jpg 281w, https:\/\/ktk.com.tr\/wp-content\/uploads\/2020\/01\/PharmaLine_S_HeatExchangers_right_side-1x1.jpg 1w\" sizes=\"(max-width: 469px) 100vw, 469px\" \/>\t\t\t\t\t\t\t\t\t\t\t<\/p>\n<h2>Borulu Is\u0131 De\u011fi\u015ftiriciler<\/h2>\n<p>Hijyenik \u0131s\u0131 de\u011fi\u015fimindeki t\u00fcm ihtiya\u00e7 aral\u0131\u011f\u0131n\u0131 kar\u015f\u0131lamak i\u00e7in \u00f6zel olarak tasarlanan PharmaLine ve ViscoLine borulu \u0131s\u0131 de\u011fi\u015ftiricilerimiz \u00f6zellikle standart CIP g\u00f6revlerinden, viskoz g\u0131da i\u015flemeden, ila\u00e7 uygulamalar\u0131ndaki en y\u00fcksek hijyenik talepler i\u00e7in tasarlanm\u0131\u015ft\u0131r. Geni\u015f bir se\u00e7im aral\u0131\u011f\u0131na sahip olan ekipmanlar\u0131m\u0131z i\u00e7in KTK se\u00e7imlerinizde en do\u011fru ve verimli ekipman\u0131 bulman\u0131zda yard\u0131mc\u0131 olacakt\u0131r.<\/p>\n<p>\t\t\t<a href=\"https:\/\/ktk.com.tr\/tr\/tubuler-heat-exchangers\/\" role=\"button\"><br \/>\n\t\t\t\t\t\tDaha Fazla<br \/>\n\t\t\t\t\t<\/a><br \/>\n\t\t\t\t\t\t\t\t\t\t<img decoding=\"async\" loading=\"lazy\" width=\"468\" height=\"500\" src=\"https:\/\/ktk.com.tr\/wp-content\/uploads\/2020\/01\/FrontLine_Widestream_HeatExchangers_right_side.jpg\" alt=\"\" class=\"ktk\" srcset=\"https:\/\/ktk.com.tr\/wp-content\/uploads\/2020\/01\/FrontLine_Widestream_HeatExchangers_right_side.jpg 468w, https:\/\/ktk.com.tr\/wp-content\/uploads\/2020\/01\/FrontLine_Widestream_HeatExchangers_right_side-281x300.jpg 281w, https:\/\/ktk.com.tr\/wp-content\/uploads\/2020\/01\/FrontLine_Widestream_HeatExchangers_right_side-1x1.jpg 1w\" sizes=\"(max-width: 468px) 100vw, 468px\" \/>\t\t\t\t\t\t\t\t\t\t\t<\/p>\n<h2>Plakal\u0131 Is\u0131 De\u011fi\u015ftiriciler<\/h2>\n<p>Plakal\u0131 \u0131s\u0131 de\u011fi\u015ftiriciler geni\u015f kullan\u0131m alan\u0131 ve \u0131s\u0131 transferi aral\u0131\u011f\u0131 ile t\u00fcm end\u00fcstrilerde kullan\u0131lmaktad\u0131r.\nKTK, Plakal\u0131 \u0131s\u0131 de\u011fi\u015ftirici konfig\u00fcrasyonunun mevcut proses gereksinimlerinizi kar\u015f\u0131lamas\u0131n\u0131 sa\u011flar. Son teknolojilerden ve geli\u015fmelerden yararlanman\u0131z\u0131 sa\u011flamak i\u00e7in teknolojik geli\u015fmelere eri\u015fiminizi sa\u011flar.<\/p>\n<p>\t\t\t<a href=\"https:\/\/ktk.com.tr\/tr\/plate-heat-exchangers\/\" role=\"button\"><br \/>\n\t\t\t\t\t\tDaha Fazla<br \/>\n\t\t\t\t\t<\/a><\/p>","protected":false},"excerpt":{"rendered":"<p>Heat Exchangers Alfa Laval is a leading global provider of heat exchangers all characterized by its compact design and high thermal efficiency.KTK provides you the local expertise to give you fast, acurate selections for this industry leading portfolio with a comprehensive local stock holding and service team to back you up. Tubular Heat Exchanger Our [&hellip;]<\/p>","protected":false},"author":1,"featured_media":0,"parent":0,"menu_order":0,"comment_status":"closed","ping_status":"closed","template":"","meta":[],"_links":{"self":[{"href":"https:\/\/ktk.com.tr\/tr\/wp-json\/wp\/v2\/pages\/531"}],"collection":[{"href":"https:\/\/ktk.com.tr\/tr\/wp-json\/wp\/v2\/pages"}],"about":[{"href":"https:\/\/ktk.com.tr\/tr\/wp-json\/wp\/v2\/types\/page"}],"author":[{"embeddable":true,"href":"https:\/\/ktk.com.tr\/tr\/wp-json\/wp\/v2\/users\/1"}],"replies":[{"embeddable":true,"href":"https:\/\/ktk.com.tr\/tr\/wp-json\/wp\/v2\/comments?post=531"}],"version-history":[{"count":12,"href":"https:\/\/ktk.com.tr\/tr\/wp-json\/wp\/v2\/pages\/531\/revisions"}],"predecessor-version":[{"id":2353,"href":"https:\/\/ktk.com.tr\/tr\/wp-json\/wp\/v2\/pages\/531\/revisions\/2353"}],"wp:attachment":[{"href":"https:\/\/ktk.com.tr\/tr\/wp-json\/wp\/v2\/media?parent=531"}],"curies":[{"name":"wp","href":"https:\/\/api.w.org\/{rel}","templated":true}]}}