{"id":530,"date":"2019-12-22T13:29:43","date_gmt":"2019-12-22T13:29:43","guid":{"rendered":"http:\/\/ktk.com.tr\/?page_id=530"},"modified":"2020-01-20T08:34:38","modified_gmt":"2020-01-20T08:34:38","slug":"single-seat-valves","status":"publish","type":"page","link":"https:\/\/ktk.com.tr\/tr\/single-seat-valves\/","title":{"rendered":"Tek Yatakl\u0131 Vanalar"},"content":{"rendered":"<p><img decoding=\"async\" loading=\"lazy\" width=\"640\" height=\"360\" src=\"https:\/\/ktk.com.tr\/wp-content\/uploads\/2020\/01\/lkap_airperated_valve_front_640x360.png\" alt=\"\" class=\"ktk\" srcset=\"https:\/\/ktk.com.tr\/wp-content\/uploads\/2020\/01\/lkap_airperated_valve_front_640x360.png 640w, https:\/\/ktk.com.tr\/wp-content\/uploads\/2020\/01\/lkap_airperated_valve_front_640x360-300x169.png 300w, https:\/\/ktk.com.tr\/wp-content\/uploads\/2020\/01\/lkap_airperated_valve_front_640x360-1x1.png 1w\" sizes=\"(max-width: 640px) 100vw, 640px\" \/>\t\t\t\t\t\t\t\t\t\t\t<\/p>\n<h2>LKAP<\/h2>\n<p>Kompakt ve basit, LKAP tek yatakl\u0131 vanalar\u0131, k\u00fc\u00e7\u00fck ak\u0131\u015f h\u0131zlar\u0131 ve s\u00fct, g\u0131da ve i\u00e7ecek end\u00fcstrilerindeki dozlama uygulamalar\u0131 i\u00e7in yayg\u0131n olarak kullan\u0131lan g\u00fcvenilir havayla \u00e7al\u0131\u015fan kesme vanalar\u0131d\u0131r.<\/p>\n<p>\t\t\t<a href=\"https:\/\/ktk.com.tr\/wp-content\/uploads\/2020\/01\/Single-seat-Valves-Leaflet.pdf\" role=\"button\"><br \/>\n\t\t\t\t\t\t\u00dcr\u00fcn Bilgisi<br \/>\n\t\t\t\t\t<\/a><br \/>\n\t\t\t<a href=\"https:\/\/ktk.com.tr\/tr\/contact-us\/\" role=\"button\"><br \/>\n\t\t\t\t\t\tL\u00fctfen \u0130leti\u015fime Ge\u00e7iniz<br \/>\n\t\t\t\t\t<\/a><br \/>\n\t\t\t<a href=\"https:\/\/ktk.com.tr\/wp-content\/uploads\/2020\/01\/Single-Seat-Valves-Spare-parts.pdf\" role=\"button\"><br \/>\n\t\t\t\t\t\tYedek Par\u00e7a<br \/>\n\t\t\t\t\t<\/a><br \/>\n\t\t\t\t\t\t\t\t\t\t<img decoding=\"async\" loading=\"lazy\" width=\"640\" height=\"360\" src=\"https:\/\/ktk.com.tr\/wp-content\/uploads\/2020\/01\/sb_mini_flow_valve_left_side_640x360.png\" alt=\"\" class=\"ktk\" srcset=\"https:\/\/ktk.com.tr\/wp-content\/uploads\/2020\/01\/sb_mini_flow_valve_left_side_640x360.png 640w, https:\/\/ktk.com.tr\/wp-content\/uploads\/2020\/01\/sb_mini_flow_valve_left_side_640x360-300x169.png 300w, https:\/\/ktk.com.tr\/wp-content\/uploads\/2020\/01\/sb_mini_flow_valve_left_side_640x360-1x1.png 1w\" sizes=\"(max-width: 640px) 100vw, 640px\" \/>\t\t\t\t\t\t\t\t\t\t\t<\/p>\n<h2>SB Mini Ak\u0131\u015f Vanas\u0131<\/h2>\n<p>Hijyenik kapatma ve de\u011fi\u015ftirme gerekti\u011finde k\u00fc\u00e7\u00fck ak\u0131\u015flar\u0131 i\u015flemek i\u00e7in ideal olan Alfa Laval SB Mini Ak\u0131\u015f Valfi, bira, g\u0131da, s\u00fct \u00fcr\u00fcnleri ve s\u00fct \u00fcr\u00fcnleri end\u00fcstrisindeki \u00e7ok \u00e7e\u015fitli uygulamalarda s\u0131v\u0131 veya gaz ak\u0131\u015f\u0131n\u0131 kapatmak veya y\u00f6nlendirmek i\u00e7in kullan\u0131l\u0131r i\u00e7ecek end\u00fcstrileri. Valf, bir SCANDI BREW\u00ae tank \u00fcst\u00fc sisteminin ayr\u0131lmaz bir par\u00e7as\u0131 olarak kullan\u0131labilir.<\/p>\n<p>\t\t\t<a href=\"https:\/\/ktk.com.tr\/wp-content\/uploads\/2020\/01\/Single-seat-Valves-Leaflet.pdf\" role=\"button\"><br \/>\n\t\t\t\t\t\t\u00dcr\u00fcn Bilgisi<br \/>\n\t\t\t\t\t<\/a><br \/>\n\t\t\t<a href=\"https:\/\/ktk.com.tr\/tr\/contact-us\/\" role=\"button\"><br \/>\n\t\t\t\t\t\tL\u00fctfen \u0130leti\u015fime Ge\u00e7iniz<br \/>\n\t\t\t\t\t<\/a><br \/>\n\t\t\t<a href=\"https:\/\/ktk.com.tr\/wp-content\/uploads\/2020\/01\/Single-Seat-Valves-Spare-parts.pdf\" role=\"button\"><br \/>\n\t\t\t\t\t\tYedek Par\u00e7a<br \/>\n\t\t\t\t\t<\/a><br \/>\n\t\t\t\t\t\t\t\t\t\t<img decoding=\"async\" loading=\"lazy\" width=\"640\" height=\"360\" src=\"https:\/\/ktk.com.tr\/wp-content\/uploads\/2020\/01\/unique-ssv-w-thinktop-v50_640x360.jpg\" alt=\"\" class=\"ktk\" srcset=\"https:\/\/ktk.com.tr\/wp-content\/uploads\/2020\/01\/unique-ssv-w-thinktop-v50_640x360.jpg 640w, https:\/\/ktk.com.tr\/wp-content\/uploads\/2020\/01\/unique-ssv-w-thinktop-v50_640x360-300x169.jpg 300w, https:\/\/ktk.com.tr\/wp-content\/uploads\/2020\/01\/unique-ssv-w-thinktop-v50_640x360-1x1.jpg 1w\" sizes=\"(max-width: 640px) 100vw, 640px\" \/>\t\t\t\t\t\t\t\t\t\t\t<\/p>\n<h2>Unique SSV<\/h2>\n<p>Alfa Laval Benzersiz Tekli Yatakl\u0131 Vanalar\u0131 (SSV'ler), hijyen a\u00e7\u0131s\u0131ndan kritik \u00f6neme sahip \u00e7ok \u00e7e\u015fitli uygulamalarda kesintisiz \u00fcretim i\u00e7in tasarlanm\u0131\u015f sa\u011flam, g\u00fcvenilir ve \u00e7ok y\u00f6nl\u00fc pn\u00f6matik tekli yatakl\u0131 vanalar\u0131d\u0131r. Bu pn\u00f6matik kontrol vanalar\u0131n\u0131n valf g\u00f6vdeleri, tapalar\u0131 ve akt\u00fcat\u00f6rleri, y\u00fcksek hijyen ve aseptik uyumluluk standartlar\u0131n\u0131 kar\u015f\u0131layan uygun maliyetli \u00e7\u00f6z\u00fcmlerle sonu\u00e7lanan neredeyse t\u00fcm gereksinimleri kar\u015f\u0131layacak \u015fekilde yap\u0131land\u0131r\u0131labilir.<\/p>\n<p>\t\t\t<a href=\"https:\/\/ktk.com.tr\/wp-content\/uploads\/2020\/01\/Single-seat-Valves-Leaflet.pdf\" role=\"button\"><br \/>\n\t\t\t\t\t\t\u00dcr\u00fcn Bilgisi<br \/>\n\t\t\t\t\t<\/a><br \/>\n\t\t\t<a href=\"https:\/\/ktk.com.tr\/tr\/contact-us\/\" role=\"button\"><br \/>\n\t\t\t\t\t\tL\u00fctfen \u0130leti\u015fime Ge\u00e7iniz<br \/>\n\t\t\t\t\t<\/a><br \/>\n\t\t\t<a href=\"https:\/\/ktk.com.tr\/wp-content\/uploads\/2020\/01\/Single-Seat-Valves-Spare-parts.pdf\" role=\"button\"><br \/>\n\t\t\t\t\t\tYedek Par\u00e7a<br \/>\n\t\t\t\t\t<\/a><br \/>\n\t\t\t\t\t\t\t\t\t\t<img decoding=\"async\" loading=\"lazy\" width=\"640\" height=\"360\" src=\"https:\/\/ktk.com.tr\/wp-content\/uploads\/2020\/01\/unique_ssv_atex_right_side_640x360.png\" alt=\"\" class=\"ktk\" srcset=\"https:\/\/ktk.com.tr\/wp-content\/uploads\/2020\/01\/unique_ssv_atex_right_side_640x360.png 640w, https:\/\/ktk.com.tr\/wp-content\/uploads\/2020\/01\/unique_ssv_atex_right_side_640x360-300x169.png 300w, https:\/\/ktk.com.tr\/wp-content\/uploads\/2020\/01\/unique_ssv_atex_right_side_640x360-1x1.png 1w\" sizes=\"(max-width: 640px) 100vw, 640px\" \/>\t\t\t\t\t\t\t\t\t\t\t<\/p>\n<h2>Unique SSV ATEX<\/h2>\n<p>Benzersiz Tek yatakl\u0131 Valf ATEX, hijyen ve g\u00fcvenlik a\u00e7\u0131s\u0131ndan prosesinizin en y\u00fcksek taleplerini kar\u015f\u0131lar. Kendini kan\u0131tlam\u0131\u015f Benzersiz SSV platformu \u00fczerine in\u015fa edilmi\u015f olup, patlay\u0131c\u0131 atmosfere sahip ortamlarda kullan\u0131lmak \u00fczere ATEX sertifikal\u0131d\u0131r.<\/p>\n<p>\t\t\t<a href=\"https:\/\/ktk.com.tr\/wp-content\/uploads\/2020\/01\/Single-seat-Valves-Leaflet.pdf\" role=\"button\"><br \/>\n\t\t\t\t\t\t\u00dcr\u00fcn Bilgisi<br \/>\n\t\t\t\t\t<\/a><br \/>\n\t\t\t<a href=\"https:\/\/ktk.com.tr\/tr\/contact-us\/\" role=\"button\"><br \/>\n\t\t\t\t\t\tL\u00fctfen \u0130leti\u015fime Ge\u00e7iniz<br \/>\n\t\t\t\t\t<\/a><br \/>\n\t\t\t<a href=\"https:\/\/ktk.com.tr\/wp-content\/uploads\/2020\/01\/Single-Seat-Valves-Spare-parts.pdf\" role=\"button\"><br \/>\n\t\t\t\t\t\tYedek Par\u00e7a<br \/>\n\t\t\t\t\t<\/a><br \/>\n\t\t\t\t\t\t\t\t\t\t<img decoding=\"async\" loading=\"lazy\" width=\"640\" height=\"360\" src=\"https:\/\/ktk.com.tr\/wp-content\/uploads\/2020\/01\/unique-sssv-w-thinktop-v50_640x360.jpg\" alt=\"\" class=\"ktk\" srcset=\"https:\/\/ktk.com.tr\/wp-content\/uploads\/2020\/01\/unique-sssv-w-thinktop-v50_640x360.jpg 640w, https:\/\/ktk.com.tr\/wp-content\/uploads\/2020\/01\/unique-sssv-w-thinktop-v50_640x360-300x169.jpg 300w, https:\/\/ktk.com.tr\/wp-content\/uploads\/2020\/01\/unique-sssv-w-thinktop-v50_640x360-1x1.jpg 1w\" sizes=\"(max-width: 640px) 100vw, 640px\" \/>\t\t\t\t\t\t\t\t\t\t\t<\/p>\n<h2>Unique SSSV<\/h2>\n<p>Alfa Laval Benzersiz K\u00fc\u00e7\u00fck Tek Yatakl\u0131 Vanalar\u0131 (SSSV'ler) hijyenik uygulamalarda dozajlama ve k\u00fc\u00e7\u00fck ak\u0131\u015f h\u0131zlar\u0131n\u0131 idare eden h\u0131zl\u0131 etkili pn\u00f6matik valflerdir. Mod\u00fcler ve uygun maliyetli, kapatma veya sapt\u0131rma gereksinimlerinizi kar\u015f\u0131lamak i\u00e7in vana g\u00f6vdelerini, fi\u015fleri ve akt\u00fcat\u00f6rleri kolayca yap\u0131land\u0131rabilirsiniz. Bu dayan\u0131kl\u0131, temizlemesi kolay koltuk vanalar\u0131 \u00bd \u201dve \u00be\u201d versiyonlar\u0131nda gelir.<\/p>\n<p>\t\t\t<a href=\"https:\/\/ktk.com.tr\/wp-content\/uploads\/2020\/01\/Single-seat-Valves-Leaflet.pdf\" role=\"button\"><br \/>\n\t\t\t\t\t\t\u00dcr\u00fcn Bilgisi<br \/>\n\t\t\t\t\t<\/a><br \/>\n\t\t\t<a href=\"https:\/\/ktk.com.tr\/tr\/contact-us\/\" role=\"button\"><br \/>\n\t\t\t\t\t\tL\u00fctfen \u0130leti\u015fime Ge\u00e7iniz<br \/>\n\t\t\t\t\t<\/a><br \/>\n\t\t\t<a href=\"https:\/\/ktk.com.tr\/wp-content\/uploads\/2020\/01\/Single-Seat-Valves-Spare-parts.pdf\" role=\"button\"><br \/>\n\t\t\t\t\t\tYedek Par\u00e7a<br \/>\n\t\t\t\t\t<\/a><br \/>\n\t\t\t\t\t\t\t\t\t\t<img decoding=\"async\" loading=\"lazy\" width=\"640\" height=\"360\" src=\"https:\/\/ktk.com.tr\/wp-content\/uploads\/2020\/01\/unique-ssv-aseptic-w-thinktop-v50_640x360.jpg\" alt=\"\" class=\"ktk\" srcset=\"https:\/\/ktk.com.tr\/wp-content\/uploads\/2020\/01\/unique-ssv-aseptic-w-thinktop-v50_640x360.jpg 640w, https:\/\/ktk.com.tr\/wp-content\/uploads\/2020\/01\/unique-ssv-aseptic-w-thinktop-v50_640x360-300x169.jpg 300w, https:\/\/ktk.com.tr\/wp-content\/uploads\/2020\/01\/unique-ssv-aseptic-w-thinktop-v50_640x360-1x1.jpg 1w\" sizes=\"(max-width: 640px) 100vw, 640px\" \/>\t\t\t\t\t\t\t\t\t\t\t<\/p>\n<h2>Unique SSV Aseptic<\/h2>\n<p>Steril proses uygulamalar\u0131 i\u00e7in benzersiz SSV aseptik valf. Tek par\u00e7al\u0131 bir diyafram, atmosferden izinsiz giri\u015flere kar\u015f\u0131 hermetik s\u0131zd\u0131rmazl\u0131k sa\u011flar ve i\u015fleme s\u0131ras\u0131nda mikroorganizmalar\u0131n etkilerine kar\u015f\u0131 tam koruma sa\u011flar. \u00d6zel diyafram, standart, te\u011fet, iki a\u015famal\u0131, manuel ve tank \u00e7\u0131k\u0131\u015f vanalar\u0131 dahil olmak \u00fczere \u00e7ok \u00e7e\u015fitli Benzersiz SSV konfig\u00fcrasyonlar\u0131yla kullan\u0131labildi\u011fi i\u00e7in mod\u00fclerlik sunar.<\/p>\n<p>\t\t\t<a href=\"https:\/\/ktk.com.tr\/wp-content\/uploads\/2020\/01\/Single-seat-Valves-Leaflet.pdf\" role=\"button\"><br \/>\n\t\t\t\t\t\t\u00dcr\u00fcn Bilgisi<br \/>\n\t\t\t\t\t<\/a><br \/>\n\t\t\t<a href=\"https:\/\/ktk.com.tr\/tr\/contact-us\/\" role=\"button\"><br \/>\n\t\t\t\t\t\tL\u00fctfen \u0130leti\u015fime Ge\u00e7iniz<br \/>\n\t\t\t\t\t<\/a><br \/>\n\t\t\t<a href=\"https:\/\/ktk.com.tr\/wp-content\/uploads\/2020\/01\/Single-Seat-Valves-Spare-parts.pdf\" role=\"button\"><br \/>\n\t\t\t\t\t\tYedek Par\u00e7a<br \/>\n\t\t\t\t\t<\/a><br \/>\n\t\t\t\t\t\t\t\t\t\t<img decoding=\"async\" loading=\"lazy\" width=\"640\" height=\"360\" src=\"https:\/\/ktk.com.tr\/wp-content\/uploads\/2020\/01\/unique_ssv_dn125_dn150_right_side_640x360.png\" alt=\"\" class=\"ktk\" srcset=\"https:\/\/ktk.com.tr\/wp-content\/uploads\/2020\/01\/unique_ssv_dn125_dn150_right_side_640x360.png 640w, https:\/\/ktk.com.tr\/wp-content\/uploads\/2020\/01\/unique_ssv_dn125_dn150_right_side_640x360-300x169.png 300w, https:\/\/ktk.com.tr\/wp-content\/uploads\/2020\/01\/unique_ssv_dn125_dn150_right_side_640x360-1x1.png 1w\" sizes=\"(max-width: 640px) 100vw, 640px\" \/>\t\t\t\t\t\t\t\t\t\t\t<\/p>\n<h2>Unique SSV DN125 ve DN150<\/h2>\n<p>Benzersiz Tek Yatakl\u0131 DN125 (5 \u2033) ve DN150 (6 \u2033) vanalar, hijyenik ve mod\u00fcler tasar\u0131ml\u0131, \u00f6rne\u011fin iki veya \u00fc\u00e7 kap\u0131l\u0131 stop vanas\u0131 veya bir de\u011fi\u015ftirme vanas\u0131 olarak geni\u015f bir uygulama alan\u0131 sunan pn\u00f6matik yatak vanalar\u0131d\u0131r. \u00fc\u00e7 ila be\u015f portlu. Bu vanalar, tesisinizin boyutun \u00f6nemli oldu\u011fu belirli alanlar\u0131ndaki b\u00fcy\u00fck boyutlu kurulumlar i\u00e7in Unique Single Valve ailesini tamamlar.<\/p>\n<p>\t\t\t<a href=\"https:\/\/ktk.com.tr\/wp-content\/uploads\/2020\/01\/Single-seat-Valves-Leaflet.pdf\" role=\"button\"><br \/>\n\t\t\t\t\t\t\u00dcr\u00fcn Bilgisi<br \/>\n\t\t\t\t\t<\/a><br \/>\n\t\t\t<a href=\"https:\/\/ktk.com.tr\/tr\/contact-us\/\" role=\"button\"><br \/>\n\t\t\t\t\t\tL\u00fctfen \u0130leti\u015fime Ge\u00e7iniz<br \/>\n\t\t\t\t\t<\/a><br \/>\n\t\t\t<a href=\"https:\/\/ktk.com.tr\/wp-content\/uploads\/2020\/01\/Single-Seat-Valves-Spare-parts.pdf\" role=\"button\"><br \/>\n\t\t\t\t\t\tYedek Par\u00e7a<br \/>\n\t\t\t\t\t<\/a><br \/>\n\t\t\t\t\t\t\t\t\t\t<img decoding=\"async\" loading=\"lazy\" width=\"640\" height=\"360\" src=\"https:\/\/ktk.com.tr\/wp-content\/uploads\/2020\/01\/unique_ssv_long_stroke_valve_right_side_640x360.png\" alt=\"\" class=\"ktk\" srcset=\"https:\/\/ktk.com.tr\/wp-content\/uploads\/2020\/01\/unique_ssv_long_stroke_valve_right_side_640x360.png 640w, https:\/\/ktk.com.tr\/wp-content\/uploads\/2020\/01\/unique_ssv_long_stroke_valve_right_side_640x360-300x169.png 300w, https:\/\/ktk.com.tr\/wp-content\/uploads\/2020\/01\/unique_ssv_long_stroke_valve_right_side_640x360-1x1.png 1w\" sizes=\"(max-width: 640px) 100vw, 640px\" \/>\t\t\t\t\t\t\t\t\t\t\t<\/p>\n<h2>Unique SSV Uzun Stroklu<\/h2>\n<p>Partik\u00fcller ve \/ veya ask\u0131da kat\u0131 madde i\u00e7eren ortam veya \u00fcr\u00fcnler i\u00e7eren kurulumlarda ve y\u00fcksek viskoziteli ak\u0131\u015flarda daha yumu\u015fak, daha etkili ak\u0131\u015f kontrol\u00fc sa\u011flamak i\u00e7in daha b\u00fcy\u00fck a\u00e7\u0131kl\u0131klar\u0131n gerekli oldu\u011fu kullan\u0131m i\u00e7in benzersiz SSV Uzun Zamanl\u0131 valfler.<\/p>\n<p>\t\t\t<a href=\"https:\/\/ktk.com.tr\/wp-content\/uploads\/2020\/01\/Single-seat-Valves-Leaflet.pdf\" role=\"button\"><br \/>\n\t\t\t\t\t\t\u00dcr\u00fcn Bilgisi<br \/>\n\t\t\t\t\t<\/a><br \/>\n\t\t\t<a href=\"https:\/\/ktk.com.tr\/tr\/contact-us\/\" role=\"button\"><br \/>\n\t\t\t\t\t\tL\u00fctfen \u0130leti\u015fime Ge\u00e7iniz<br \/>\n\t\t\t\t\t<\/a><br \/>\n\t\t\t<a href=\"https:\/\/ktk.com.tr\/wp-content\/uploads\/2020\/01\/Single-Seat-Valves-Spare-parts.pdf\" role=\"button\"><br \/>\n\t\t\t\t\t\tYedek Par\u00e7a<br \/>\n\t\t\t\t\t<\/a><br \/>\n\t\t\t\t\t\t\t\t\t\t<img decoding=\"async\" loading=\"lazy\" width=\"640\" height=\"360\" src=\"https:\/\/ktk.com.tr\/wp-content\/uploads\/2020\/01\/unique_ssv_manually_operated_valve_right_side_640x360.png\" alt=\"\" class=\"ktk\" srcset=\"https:\/\/ktk.com.tr\/wp-content\/uploads\/2020\/01\/unique_ssv_manually_operated_valve_right_side_640x360.png 640w, https:\/\/ktk.com.tr\/wp-content\/uploads\/2020\/01\/unique_ssv_manually_operated_valve_right_side_640x360-300x169.png 300w, https:\/\/ktk.com.tr\/wp-content\/uploads\/2020\/01\/unique_ssv_manually_operated_valve_right_side_640x360-1x1.png 1w\" sizes=\"(max-width: 640px) 100vw, 640px\" \/>\t\t\t\t\t\t\t\t\t\t\t<\/p>\n<h2>Unique SSV Manuel<\/h2>\n<p>Kilitlenebilir kollar da dahil olmak \u00fczere bir\u00e7ok farkl\u0131 se\u00e7enek ve \u00f6zelli\u011fe sahip k\u00fc\u00e7\u00fck, nispeten basit vanalar gerektiren kapatma, depo \u00e7\u0131k\u0131\u015f\u0131 veya do\u011frudan d\u00fczenleme veya dozajlama ama\u00e7lar\u0131 i\u00e7in benzersiz SSV manuel olarak \u00e7al\u0131\u015ft\u0131r\u0131lan vanalar.<\/p>\n<p>\t\t\t<a href=\"https:\/\/ktk.com.tr\/wp-content\/uploads\/2020\/01\/Single-seat-Valves-Leaflet.pdf\" role=\"button\"><br \/>\n\t\t\t\t\t\t\u00dcr\u00fcn Bilgisi<br \/>\n\t\t\t\t\t<\/a><br \/>\n\t\t\t<a href=\"https:\/\/ktk.com.tr\/tr\/contact-us\/\" role=\"button\"><br \/>\n\t\t\t\t\t\tL\u00fctfen \u0130leti\u015fime Ge\u00e7iniz<br \/>\n\t\t\t\t\t<\/a><br \/>\n\t\t\t<a href=\"https:\/\/ktk.com.tr\/wp-content\/uploads\/2020\/01\/Single-Seat-Valves-Spare-parts.pdf\" role=\"button\"><br \/>\n\t\t\t\t\t\tYedek Par\u00e7a<br \/>\n\t\t\t\t\t<\/a><br \/>\n\t\t\t\t\t\t\t\t\t\t<img decoding=\"async\" loading=\"lazy\" width=\"640\" height=\"360\" src=\"https:\/\/ktk.com.tr\/wp-content\/uploads\/2020\/01\/unique_ssv_reverse_acting_valve_right_side_640x360.png\" alt=\"\" class=\"ktk\" srcset=\"https:\/\/ktk.com.tr\/wp-content\/uploads\/2020\/01\/unique_ssv_reverse_acting_valve_right_side_640x360.png 640w, https:\/\/ktk.com.tr\/wp-content\/uploads\/2020\/01\/unique_ssv_reverse_acting_valve_right_side_640x360-300x169.png 300w, https:\/\/ktk.com.tr\/wp-content\/uploads\/2020\/01\/unique_ssv_reverse_acting_valve_right_side_640x360-1x1.png 1w\" sizes=\"(max-width: 640px) 100vw, 640px\" \/>\t\t\t\t\t\t\t\t\t\t\t<\/p>\n<h2>Unique SSV Tersinir \u00c7al\u0131\u015fabilir<\/h2>\n<p>Ak\u0131\u015f y\u00f6n\u00fcn\u00fcn bas\u0131n\u00e7 \u015foku riskini ortadan kald\u0131rmak i\u00e7in standart bir Benzersiz SSV vanas\u0131n\u0131n kullan\u0131lmas\u0131na izin vermedi\u011fi uygulamalarda kullan\u0131m i\u00e7in benzersiz SSV ters etkili vana.<\/p>\n<p>\t\t\t<a href=\"https:\/\/ktk.com.tr\/wp-content\/uploads\/2020\/01\/Single-seat-Valves-Leaflet.pdf\" role=\"button\"><br \/>\n\t\t\t\t\t\t\u00dcr\u00fcn Bilgisi<br \/>\n\t\t\t\t\t<\/a><br \/>\n\t\t\t<a href=\"https:\/\/ktk.com.tr\/tr\/contact-us\/\" role=\"button\"><br \/>\n\t\t\t\t\t\tL\u00fctfen \u0130leti\u015fime Ge\u00e7iniz<br \/>\n\t\t\t\t\t<\/a><br \/>\n\t\t\t<a href=\"https:\/\/ktk.com.tr\/wp-content\/uploads\/2020\/01\/Single-Seat-Valves-Spare-parts.pdf\" role=\"button\"><br \/>\n\t\t\t\t\t\tYedek Par\u00e7a<br \/>\n\t\t\t\t\t<\/a><br \/>\n\t\t\t\t\t\t\t\t\t\t<img decoding=\"async\" loading=\"lazy\" width=\"640\" height=\"360\" src=\"https:\/\/ktk.com.tr\/wp-content\/uploads\/2020\/01\/unique-ssv-tangentiel-w-thinktop-v50_640x360.jpg\" alt=\"\" class=\"ktk\" srcset=\"https:\/\/ktk.com.tr\/wp-content\/uploads\/2020\/01\/unique-ssv-tangentiel-w-thinktop-v50_640x360.jpg 640w, https:\/\/ktk.com.tr\/wp-content\/uploads\/2020\/01\/unique-ssv-tangentiel-w-thinktop-v50_640x360-300x169.jpg 300w, https:\/\/ktk.com.tr\/wp-content\/uploads\/2020\/01\/unique-ssv-tangentiel-w-thinktop-v50_640x360-1x1.jpg 1w\" sizes=\"(max-width: 640px) 100vw, 640px\" \/>\t\t\t\t\t\t\t\t\t\t\t<\/p>\n<h2>Unique SSV Te\u011fetsel<\/h2>\n<p>Tank a\u00e7\u0131kl\u0131klar\u0131nda, yatay olarak monte edilmi\u015f drenajlarda ve alan k\u0131s\u0131tlamas\u0131n\u0131n herhangi bir yerde vanalar\u0131n di\u011fer a\u00e7\u0131larda tak\u0131lmas\u0131n\u0131 zorla\u015ft\u0131ran benzersiz SSV te\u011fetsel vanalar.<\/p>\n<p>\t\t\t<a href=\"https:\/\/ktk.com.tr\/wp-content\/uploads\/2020\/01\/Single-seat-Valves-Leaflet.pdf\" role=\"button\"><br \/>\n\t\t\t\t\t\t\u00dcr\u00fcn Bilgisi<br \/>\n\t\t\t\t\t<\/a><br \/>\n\t\t\t<a href=\"https:\/\/ktk.com.tr\/tr\/contact-us\/\" role=\"button\"><br \/>\n\t\t\t\t\t\tL\u00fctfen \u0130leti\u015fime Ge\u00e7iniz<br \/>\n\t\t\t\t\t<\/a><br \/>\n\t\t\t<a href=\"https:\/\/ktk.com.tr\/wp-content\/uploads\/2020\/01\/Single-Seat-Valves-Spare-parts.pdf\" role=\"button\"><br \/>\n\t\t\t\t\t\tYedek Par\u00e7a<br \/>\n\t\t\t\t\t<\/a><br \/>\n\t\t\t\t\t\t\t\t\t\t<img decoding=\"async\" loading=\"lazy\" width=\"640\" height=\"360\" src=\"https:\/\/ktk.com.tr\/wp-content\/uploads\/2020\/01\/unique_ssv_tank_outlet_valve_right_side_640x360.png\" alt=\"\" class=\"ktk\" srcset=\"https:\/\/ktk.com.tr\/wp-content\/uploads\/2020\/01\/unique_ssv_tank_outlet_valve_right_side_640x360.png 640w, https:\/\/ktk.com.tr\/wp-content\/uploads\/2020\/01\/unique_ssv_tank_outlet_valve_right_side_640x360-300x169.png 300w, https:\/\/ktk.com.tr\/wp-content\/uploads\/2020\/01\/unique_ssv_tank_outlet_valve_right_side_640x360-1x1.png 1w\" sizes=\"(max-width: 640px) 100vw, 640px\" \/>\t\t\t\t\t\t\t\t\t\t\t<\/p>\n<h2>Unique SSV Tank \u00c7\u0131k\u0131\u015f<\/h2>\n<p>Tanka a\u00e7\u0131lan (ters etkili versiyon) veya tanka yak\u0131n kurulumlar (standart versiyon) i\u00e7in benzersiz SSV tank \u00e7\u0131k\u0131\u015f vanalar\u0131.<\/p>\n<p>\t\t\t<a href=\"https:\/\/ktk.com.tr\/wp-content\/uploads\/2020\/01\/Single-seat-Valves-Leaflet.pdf\" role=\"button\"><br \/>\n\t\t\t\t\t\t\u00dcr\u00fcn Bilgisi<br \/>\n\t\t\t\t\t<\/a><br \/>\n\t\t\t<a href=\"https:\/\/ktk.com.tr\/tr\/contact-us\/\" role=\"button\"><br \/>\n\t\t\t\t\t\tL\u00fctfen \u0130leti\u015fime Ge\u00e7iniz<br \/>\n\t\t\t\t\t<\/a><br \/>\n\t\t\t<a href=\"https:\/\/ktk.com.tr\/wp-content\/uploads\/2020\/01\/Single-Seat-Valves-Spare-parts.pdf\" role=\"button\"><br \/>\n\t\t\t\t\t\tYedek Par\u00e7a<br \/>\n\t\t\t\t\t<\/a><br \/>\n\t\t\t\t\t\t\t\t\t\t<img decoding=\"async\" loading=\"lazy\" width=\"640\" height=\"360\" src=\"https:\/\/ktk.com.tr\/wp-content\/uploads\/2020\/01\/unique_ssv_two_step_valve_right_side_640x360.png\" alt=\"\" class=\"ktk\" srcset=\"https:\/\/ktk.com.tr\/wp-content\/uploads\/2020\/01\/unique_ssv_two_step_valve_right_side_640x360.png 640w, https:\/\/ktk.com.tr\/wp-content\/uploads\/2020\/01\/unique_ssv_two_step_valve_right_side_640x360-300x169.png 300w, https:\/\/ktk.com.tr\/wp-content\/uploads\/2020\/01\/unique_ssv_two_step_valve_right_side_640x360-1x1.png 1w\" sizes=\"(max-width: 640px) 100vw, 640px\" \/>\t\t\t\t\t\t\t\t\t\t\t<\/p>\n<h2>Unique SSV \u0130ki Kademeli<\/h2>\n<p>Dozajda kullan\u0131m i\u00e7in benzersiz SSV iki kademeli vanalar, odaklaman\u0131n tam bir hacim sa\u011flamaya veya iki borunun ayn\u0131 anda bo\u015falt\u0131lmas\u0131 \u00fczerine oldu\u011fu iki a\u015famal\u0131 dolum. Ayarlanabilir kald\u0131rma y\u00fcksekli\u011fi belirli hacimlerin ve miktarlar\u0131n e\u015fle\u015ftirilmesini m\u00fcmk\u00fcn k\u0131lar.<\/p>\n<p>\t\t\t<a href=\"https:\/\/ktk.com.tr\/wp-content\/uploads\/2020\/01\/Single-seat-Valves-Leaflet.pdf\" role=\"button\"><br \/>\n\t\t\t\t\t\t\u00dcr\u00fcn Bilgisi<br \/>\n\t\t\t\t\t<\/a><br \/>\n\t\t\t<a href=\"https:\/\/ktk.com.tr\/tr\/contact-us\/\" role=\"button\"><br \/>\n\t\t\t\t\t\tL\u00fctfen \u0130leti\u015fime Ge\u00e7iniz<br \/>\n\t\t\t\t\t<\/a><br \/>\n\t\t\t<a href=\"https:\/\/ktk.com.tr\/wp-content\/uploads\/2020\/01\/Single-Seat-Valves-Spare-parts.pdf\" role=\"button\"><br \/>\n\t\t\t\t\t\tYedek Par\u00e7a<br \/>\n\t\t\t\t\t<\/a><br \/>\n\t\t\t\t\t\t\t\t\t\t<img decoding=\"async\" loading=\"lazy\" width=\"640\" height=\"360\" src=\"https:\/\/ktk.com.tr\/wp-content\/uploads\/2020\/01\/unique-ssv-y-body-w-thinktop-v50_640x360.jpg\" alt=\"\" class=\"ktk\" srcset=\"https:\/\/ktk.com.tr\/wp-content\/uploads\/2020\/01\/unique-ssv-y-body-w-thinktop-v50_640x360.jpg 640w, https:\/\/ktk.com.tr\/wp-content\/uploads\/2020\/01\/unique-ssv-y-body-w-thinktop-v50_640x360-300x169.jpg 300w, https:\/\/ktk.com.tr\/wp-content\/uploads\/2020\/01\/unique-ssv-y-body-w-thinktop-v50_640x360-1x1.jpg 1w\" sizes=\"(max-width: 640px) 100vw, 640px\" \/>\t\t\t\t\t\t\t\t\t\t\t<\/p>\n<h2>Unique SSV Y-G\u00f6vde<\/h2>\n<p>B\u00fcy\u00fck partik\u00fcllere ve \/ veya y\u00fcksek viskoziteye sahip ak\u0131\u015flar\u0131 i\u00e7eren ve oda\u011f\u0131n \u00f6zellikle \u00fcr\u00fcnlerin ve ak\u0131\u015flar\u0131n nazik\u00e7e i\u015flenmesine odakland\u0131\u011f\u0131 kurulumlarda kullan\u0131m i\u00e7in benzersiz SSV Y-g\u00f6vde vanalar\u0131.<\/p>\n<p>\t\t\t<a href=\"https:\/\/ktk.com.tr\/wp-content\/uploads\/2020\/01\/Single-seat-Valves-Leaflet.pdf\" role=\"button\"><br \/>\n\t\t\t\t\t\t\u00dcr\u00fcn Bilgisi<br \/>\n\t\t\t\t\t<\/a><br \/>\n\t\t\t<a href=\"https:\/\/ktk.com.tr\/tr\/contact-us\/\" role=\"button\"><br \/>\n\t\t\t\t\t\tL\u00fctfen \u0130leti\u015fime Ge\u00e7iniz<br \/>\n\t\t\t\t\t<\/a><br \/>\n\t\t\t<a href=\"https:\/\/ktk.com.tr\/wp-content\/uploads\/2020\/01\/Single-Seat-Valves-Spare-parts.pdf\" role=\"button\"><br \/>\n\t\t\t\t\t\tYedek Par\u00e7a<br \/>\n\t\t\t\t\t<\/a><\/p>","protected":false},"excerpt":{"rendered":"<p>LKAP Compact and straightforward, LKAP seat valves are reliable air-operated shut-off valves widely used for small flow rates and for dosing applications in the dairy, food and beverage industries. Product Data Please Contact Us Spare Parts SB Mini Flow Valve Ideal for handling small flows when hygienic shut-off and change-over are required, the Alfa Laval [&hellip;]<\/p>","protected":false},"author":1,"featured_media":0,"parent":0,"menu_order":0,"comment_status":"closed","ping_status":"closed","template":"","meta":[],"_links":{"self":[{"href":"https:\/\/ktk.com.tr\/tr\/wp-json\/wp\/v2\/pages\/530"}],"collection":[{"href":"https:\/\/ktk.com.tr\/tr\/wp-json\/wp\/v2\/pages"}],"about":[{"href":"https:\/\/ktk.com.tr\/tr\/wp-json\/wp\/v2\/types\/page"}],"author":[{"embeddable":true,"href":"https:\/\/ktk.com.tr\/tr\/wp-json\/wp\/v2\/users\/1"}],"replies":[{"embeddable":true,"href":"https:\/\/ktk.com.tr\/tr\/wp-json\/wp\/v2\/comments?post=530"}],"version-history":[{"count":7,"href":"https:\/\/ktk.com.tr\/tr\/wp-json\/wp\/v2\/pages\/530\/revisions"}],"predecessor-version":[{"id":2371,"href":"https:\/\/ktk.com.tr\/tr\/wp-json\/wp\/v2\/pages\/530\/revisions\/2371"}],"wp:attachment":[{"href":"https:\/\/ktk.com.tr\/tr\/wp-json\/wp\/v2\/media?parent=530"}],"curies":[{"name":"wp","href":"https:\/\/api.w.org\/{rel}","templated":true}]}}