{"id":529,"date":"2019-12-22T13:29:43","date_gmt":"2019-12-22T13:29:43","guid":{"rendered":"http:\/\/ktk.com.tr\/?page_id=529"},"modified":"2020-01-20T08:33:00","modified_gmt":"2020-01-20T08:33:00","slug":"shutter-valves","status":"publish","type":"page","link":"https:\/\/ktk.com.tr\/tr\/shutter-valves\/","title":{"rendered":"Kesme Vanalar\u0131"},"content":{"rendered":"<p><img decoding=\"async\" loading=\"lazy\" width=\"640\" height=\"360\" src=\"https:\/\/ktk.com.tr\/wp-content\/uploads\/2020\/01\/mh-shutter-valve-w-thinktop-v50_640x360.jpg\" alt=\"\" class=\"ktk\" srcset=\"https:\/\/ktk.com.tr\/wp-content\/uploads\/2020\/01\/mh-shutter-valve-w-thinktop-v50_640x360.jpg 640w, https:\/\/ktk.com.tr\/wp-content\/uploads\/2020\/01\/mh-shutter-valve-w-thinktop-v50_640x360-300x169.jpg 300w, https:\/\/ktk.com.tr\/wp-content\/uploads\/2020\/01\/mh-shutter-valve-w-thinktop-v50_640x360-1x1.jpg 1w\" sizes=\"(max-width: 640px) 100vw, 640px\" \/>\t\t\t\t\t\t\t\t\t\t\t<\/p>\n<h2>Koltek Vanalar\u0131<\/h2>\n<p>MH kesme vanas\u0131 b\u00fcy\u00fck partik\u00fcllere, y\u00fcksek viskoziteli \u00fcr\u00fcnlere veya bas\u0131n\u00e7 kayb\u0131n\u0131 en aza indiren kat\u0131 gereksinimlere uygundur.<\/p>\n<p>\t\t\t<a href=\"https:\/\/ktk.com.tr\/wp-content\/uploads\/2020\/01\/Shutter-Valve-Leaflet.pdf\" role=\"button\"><br \/>\n\t\t\t\t\t\t\u00dcr\u00fcn Bilgisi<br \/>\n\t\t\t\t\t<\/a><br \/>\n\t\t\t<a href=\"https:\/\/ktk.com.tr\/tr\/contact-us\/\" role=\"button\"><br \/>\n\t\t\t\t\t\tL\u00fctfen \u0130leti\u015fime Ge\u00e7iniz<br \/>\n\t\t\t\t\t<\/a><br \/>\n\t\t\t<a href=\"https:\/\/ktk.com.tr\/wp-content\/uploads\/2020\/01\/Shutter-valves-Spare-parts.pdf\" role=\"button\"><br \/>\n\t\t\t\t\t\tYedek Par\u00e7a<br \/>\n\t\t\t\t\t<\/a><\/p>","protected":false},"excerpt":{"rendered":"<p>Koltek Valves The MH shutter valve is suitable in products with large particles, high viscous products or for strict requirements minimizing pressure loss. Product Data Please Contact Us Spare Parts<\/p>","protected":false},"author":1,"featured_media":0,"parent":0,"menu_order":0,"comment_status":"closed","ping_status":"closed","template":"","meta":[],"_links":{"self":[{"href":"https:\/\/ktk.com.tr\/tr\/wp-json\/wp\/v2\/pages\/529"}],"collection":[{"href":"https:\/\/ktk.com.tr\/tr\/wp-json\/wp\/v2\/pages"}],"about":[{"href":"https:\/\/ktk.com.tr\/tr\/wp-json\/wp\/v2\/types\/page"}],"author":[{"embeddable":true,"href":"https:\/\/ktk.com.tr\/tr\/wp-json\/wp\/v2\/users\/1"}],"replies":[{"embeddable":true,"href":"https:\/\/ktk.com.tr\/tr\/wp-json\/wp\/v2\/comments?post=529"}],"version-history":[{"count":6,"href":"https:\/\/ktk.com.tr\/tr\/wp-json\/wp\/v2\/pages\/529\/revisions"}],"predecessor-version":[{"id":2370,"href":"https:\/\/ktk.com.tr\/tr\/wp-json\/wp\/v2\/pages\/529\/revisions\/2370"}],"wp:attachment":[{"href":"https:\/\/ktk.com.tr\/tr\/wp-json\/wp\/v2\/media?parent=529"}],"curies":[{"name":"wp","href":"https:\/\/api.w.org\/{rel}","templated":true}]}}