{"id":528,"date":"2019-12-22T13:29:43","date_gmt":"2019-12-22T13:29:43","guid":{"rendered":"http:\/\/ktk.com.tr\/?page_id=528"},"modified":"2020-01-20T08:32:34","modified_gmt":"2020-01-20T08:32:34","slug":"sampling-valves","status":"publish","type":"page","link":"https:\/\/ktk.com.tr\/tr\/sampling-valves\/","title":{"rendered":"Numune Alma Vanalar\u0131"},"content":{"rendered":"<p><img decoding=\"async\" loading=\"lazy\" width=\"640\" height=\"360\" src=\"https:\/\/ktk.com.tr\/wp-content\/uploads\/2020\/01\/sb_carlsberg_flask_left_side_640x360.png\" alt=\"\" class=\"ktk\" srcset=\"https:\/\/ktk.com.tr\/wp-content\/uploads\/2020\/01\/sb_carlsberg_flask_left_side_640x360.png 640w, https:\/\/ktk.com.tr\/wp-content\/uploads\/2020\/01\/sb_carlsberg_flask_left_side_640x360-300x169.png 300w, https:\/\/ktk.com.tr\/wp-content\/uploads\/2020\/01\/sb_carlsberg_flask_left_side_640x360-1x1.png 1w\" sizes=\"(max-width: 640px) 100vw, 640px\" \/>\t\t\t\t\t\t\t\t\t\t\t<\/p>\n<h2>SB Carlsberg Flask<\/h2>\n<p>Alfa Laval SB Carlsberg Flask, bira fabrikalar\u0131nda aseptik maya y\u00f6netimi i\u00e7in \u00f6zel olarak geli\u015ftirilmi\u015ftir. Bira fabrikalar\u0131nda (ayr\u0131ca s\u00fct, g\u0131da ve i\u00e7ecek end\u00fcstrilerinde) maya \u00e7o\u011faltma tesislerinde kullan\u0131lmak \u00fczere, wort'u sterilize etmek ve saf maya k\u00fclt\u00fcr\u00fcn\u00fc laboratuvar \u00f6l\u00e7e\u011finde yaymak i\u00e7in kullan\u0131l\u0131r. \u015ei\u015fe, kat\u0131 s\u0131hhi gereksinimleri kar\u015f\u0131layan ve kolayca otoklavlanabilen malzemelerden yap\u0131lm\u0131\u015ft\u0131r.<\/p>\n<p>\t\t\t<a href=\"https:\/\/ktk.com.tr\/wp-content\/uploads\/2020\/01\/Sampling-Valve-Leaflet.pdf\" role=\"button\"><br \/>\n\t\t\t\t\t\t\u00dcr\u00fcn Bilgisi<br \/>\n\t\t\t\t\t<\/a><br \/>\n\t\t\t<a href=\"https:\/\/ktk.com.tr\/tr\/contact-us\/\" role=\"button\"><br \/>\n\t\t\t\t\t\tL\u00fctfen \u0130leti\u015fime Ge\u00e7iniz<br \/>\n\t\t\t\t\t<\/a><br \/>\n\t\t\t<a href=\"https:\/\/ktk.com.tr\/wp-content\/uploads\/2020\/01\/Sampling-Valves-Spare-Parts.pdf\" role=\"button\"><br \/>\n\t\t\t\t\t\tYedek Par\u00e7a<br \/>\n\t\t\t\t\t<\/a><br \/>\n\t\t\t\t\t\t\t\t\t\t<img decoding=\"async\" loading=\"lazy\" width=\"640\" height=\"360\" src=\"https:\/\/ktk.com.tr\/wp-content\/uploads\/2020\/01\/scandi-brew-membrane-sample-valve_640x360.png\" alt=\"\" class=\"ktk\" srcset=\"https:\/\/ktk.com.tr\/wp-content\/uploads\/2020\/01\/scandi-brew-membrane-sample-valve_640x360.png 640w, https:\/\/ktk.com.tr\/wp-content\/uploads\/2020\/01\/scandi-brew-membrane-sample-valve_640x360-300x169.png 300w, https:\/\/ktk.com.tr\/wp-content\/uploads\/2020\/01\/scandi-brew-membrane-sample-valve_640x360-1x1.png 1w\" sizes=\"(max-width: 640px) 100vw, 640px\" \/>\t\t\t\t\t\t\t\t\t\t\t<\/p>\n<h2>SB Membran Numune Vanas\u0131<\/h2>\n<p>Alfa Laval SB Membran Numune Alma Vanas\u0131, bira fabrikalar\u0131nda (ve g\u0131da ve s\u00fct \u00fcr\u00fcnleri gibi di\u011fer hijyenik i\u015flemlerde) tanklardan ve boru tesislerinden d\u00f6kme veya aseptik numuneleri steril ko\u015fullar alt\u0131nda alman\u0131n kompakt, uygun maliyetli bir yoludur. Bu aseptik \u00f6rnekleme valfi, hasat mayas\u0131 gibi y\u00fcksek viskoziteli \u00fcr\u00fcnler i\u00e7in uygundur ve minimum kontaminasyon, y\u00fcksek do\u011fruluk, ola\u011fan\u00fcst\u00fc tekrarlanabilirlik ve m\u00fckemmel g\u00fcvenilirlik riski sa\u011flar.<\/p>\n<p>\t\t\t<a href=\"https:\/\/ktk.com.tr\/wp-content\/uploads\/2020\/01\/Sampling-Valve-Leaflet.pdf\" role=\"button\"><br \/>\n\t\t\t\t\t\t\u00dcr\u00fcn Bilgisi<br \/>\n\t\t\t\t\t<\/a><br \/>\n\t\t\t<a href=\"https:\/\/ktk.com.tr\/tr\/contact-us\/\" role=\"button\"><br \/>\n\t\t\t\t\t\tL\u00fctfen \u0130leti\u015fime Ge\u00e7iniz<br \/>\n\t\t\t\t\t<\/a><br \/>\n\t\t\t<a href=\"https:\/\/ktk.com.tr\/wp-content\/uploads\/2020\/01\/Sampling-Valves-Spare-Parts.pdf\" role=\"button\"><br \/>\n\t\t\t\t\t\tYedek Par\u00e7a<br \/>\n\t\t\t\t\t<\/a><br \/>\n\t\t\t\t\t\t\t\t\t\t<img decoding=\"async\" loading=\"lazy\" width=\"640\" height=\"360\" src=\"https:\/\/ktk.com.tr\/wp-content\/uploads\/2020\/01\/sb_micro_sample_port_left_side_640x360.png\" alt=\"\" class=\"ktk\" srcset=\"https:\/\/ktk.com.tr\/wp-content\/uploads\/2020\/01\/sb_micro_sample_port_left_side_640x360.png 640w, https:\/\/ktk.com.tr\/wp-content\/uploads\/2020\/01\/sb_micro_sample_port_left_side_640x360-300x169.png 300w, https:\/\/ktk.com.tr\/wp-content\/uploads\/2020\/01\/sb_micro_sample_port_left_side_640x360-1x1.png 1w\" sizes=\"(max-width: 640px) 100vw, 640px\" \/>\t\t\t\t\t\t\t\t\t\t\t<\/p>\n<h2>SB Mikro Numune Vanas\u0131<\/h2>\n<p>Bira fabrikas\u0131, g\u0131da, s\u00fct \u00fcr\u00fcnleri ve i\u00e7ecek end\u00fcstrilerinde yayg\u0131n olarak kullan\u0131lan Alfa Laval SB Mikro Numune Portu, temsil edici aseptik ve mikrobiyolojik numunelerin tanklardan ve borulardan k\u00fc\u00e7\u00fck miktarlarda al\u0131nmas\u0131n\u0131 sa\u011flar.<\/p>\n<p>\t\t\t<a href=\"https:\/\/ktk.com.tr\/wp-content\/uploads\/2020\/01\/Sampling-Valve-Leaflet.pdf\" role=\"button\"><br \/>\n\t\t\t\t\t\t\u00dcr\u00fcn Bilgisi<br \/>\n\t\t\t\t\t<\/a><br \/>\n\t\t\t<a href=\"https:\/\/ktk.com.tr\/tr\/contact-us\/\" role=\"button\"><br \/>\n\t\t\t\t\t\tL\u00fctfen \u0130leti\u015fime Ge\u00e7iniz<br \/>\n\t\t\t\t\t<\/a><br \/>\n\t\t\t<a href=\"https:\/\/ktk.com.tr\/wp-content\/uploads\/2020\/01\/Sampling-Valves-Spare-Parts.pdf\" role=\"button\"><br \/>\n\t\t\t\t\t\tYedek Par\u00e7a<br \/>\n\t\t\t\t\t<\/a><br \/>\n\t\t\t\t\t\t\t\t\t\t<img decoding=\"async\" loading=\"lazy\" width=\"640\" height=\"360\" src=\"https:\/\/ktk.com.tr\/wp-content\/uploads\/2020\/01\/unique_sampling_valve_front_640x360_new.png\" alt=\"\" class=\"ktk\" srcset=\"https:\/\/ktk.com.tr\/wp-content\/uploads\/2020\/01\/unique_sampling_valve_front_640x360_new.png 640w, https:\/\/ktk.com.tr\/wp-content\/uploads\/2020\/01\/unique_sampling_valve_front_640x360_new-300x169.png 300w, https:\/\/ktk.com.tr\/wp-content\/uploads\/2020\/01\/unique_sampling_valve_front_640x360_new-1x1.png 1w\" sizes=\"(max-width: 640px) 100vw, 640px\" \/>\t\t\t\t\t\t\t\t\t\t\t<\/p>\n<h2>Unique Numune Vanas\u0131<\/h2>\n<p>Alfa Laval Benzersiz Numune Alma Valfleri ile yiyecek ve i\u00e7ecek, ki\u015fisel bak\u0131m ve biyofarmas\u00f6tik dahil olmak \u00fczere \u00e7e\u015fitli hijyenik s\u00fcre\u00e7lerde temsili \u00f6rnekler alabilirsiniz. Bu g\u00fcvenilir tek ve \u00e7ift ki\u015filik valfler, y\u00fcksek kaliteli, uygun maliyetli \u00f6rnekleme i\u00e7in gerekli olan y\u00fcksek do\u011fruluk, ola\u011fan\u00fcst\u00fc tekrarlanabilirlik ve m\u00fckemmel g\u00fcvenilirlik sa\u011flar. Ergonomik olarak tasarlanm\u0131\u015f sap, \u00e7al\u0131\u015fma s\u0131ras\u0131nda ola\u011fan\u00fcst\u00fc kontrol ve kolayl\u0131k sa\u011flar.<\/p>\n<p>\t\t\t<a href=\"https:\/\/ktk.com.tr\/wp-content\/uploads\/2020\/01\/Sampling-Valve-Leaflet.pdf\" role=\"button\"><br \/>\n\t\t\t\t\t\t\u00dcr\u00fcn Bilgisi<br \/>\n\t\t\t\t\t<\/a><br \/>\n\t\t\t<a href=\"https:\/\/ktk.com.tr\/tr\/contact-us\/\" role=\"button\"><br \/>\n\t\t\t\t\t\tL\u00fctfen \u0130leti\u015fime Ge\u00e7iniz<br \/>\n\t\t\t\t\t<\/a><br \/>\n\t\t\t<a href=\"https:\/\/ktk.com.tr\/wp-content\/uploads\/2020\/01\/Sampling-Valves-Spare-Parts.pdf\" role=\"button\"><br \/>\n\t\t\t\t\t\tYedek Par\u00e7a<br \/>\n\t\t\t\t\t<\/a><\/p>","protected":false},"excerpt":{"rendered":"<p>SB Carlsberg Flask Alfa Laval SB Carlsberg Flask has been developed specifically for aseptic yeast management in breweries. It is used for sterilizing wort and propagating pure yeast culture on a laboratory scale for use in yeast propagation plants in breweries (as well as in the dairy, food and beverage industries). The flask is made [&hellip;]<\/p>","protected":false},"author":1,"featured_media":0,"parent":0,"menu_order":0,"comment_status":"closed","ping_status":"closed","template":"","meta":[],"_links":{"self":[{"href":"https:\/\/ktk.com.tr\/tr\/wp-json\/wp\/v2\/pages\/528"}],"collection":[{"href":"https:\/\/ktk.com.tr\/tr\/wp-json\/wp\/v2\/pages"}],"about":[{"href":"https:\/\/ktk.com.tr\/tr\/wp-json\/wp\/v2\/types\/page"}],"author":[{"embeddable":true,"href":"https:\/\/ktk.com.tr\/tr\/wp-json\/wp\/v2\/users\/1"}],"replies":[{"embeddable":true,"href":"https:\/\/ktk.com.tr\/tr\/wp-json\/wp\/v2\/comments?post=528"}],"version-history":[{"count":6,"href":"https:\/\/ktk.com.tr\/tr\/wp-json\/wp\/v2\/pages\/528\/revisions"}],"predecessor-version":[{"id":2369,"href":"https:\/\/ktk.com.tr\/tr\/wp-json\/wp\/v2\/pages\/528\/revisions\/2369"}],"wp:attachment":[{"href":"https:\/\/ktk.com.tr\/tr\/wp-json\/wp\/v2\/media?parent=528"}],"curies":[{"name":"wp","href":"https:\/\/api.w.org\/{rel}","templated":true}]}}