{"id":527,"date":"2019-12-22T13:29:43","date_gmt":"2019-12-22T13:29:43","guid":{"rendered":"http:\/\/ktk.com.tr\/?page_id=527"},"modified":"2020-01-20T08:31:54","modified_gmt":"2020-01-20T08:31:54","slug":"safety-valves","status":"publish","type":"page","link":"https:\/\/ktk.com.tr\/tr\/safety-valves\/","title":{"rendered":"G\u00fcvenlik Vanalar\u0131"},"content":{"rendered":"<p><img decoding=\"async\" loading=\"lazy\" width=\"640\" height=\"360\" src=\"https:\/\/ktk.com.tr\/wp-content\/uploads\/2020\/01\/sb_anti_vacuum_house_left_side_640x360.png\" alt=\"\" class=\"ktk\" srcset=\"https:\/\/ktk.com.tr\/wp-content\/uploads\/2020\/01\/sb_anti_vacuum_house_left_side_640x360.png 640w, https:\/\/ktk.com.tr\/wp-content\/uploads\/2020\/01\/sb_anti_vacuum_house_left_side_640x360-300x169.png 300w, https:\/\/ktk.com.tr\/wp-content\/uploads\/2020\/01\/sb_anti_vacuum_house_left_side_640x360-1x1.png 1w\" sizes=\"(max-width: 640px) 100vw, 640px\" \/>\t\t\t\t\t\t\t\t\t\t\t<\/p>\n<h2>SB Anti Vakum A\u011f\u0131z\u0131<\/h2>\n<p>Alfa Laval SB Anti Vakum a\u011f\u0131z\u0131, tank\u0131 doldururken veya bo\u015falt\u0131rken, s\u0131cak temizlemeden sonra so\u011fuk durulama veya bir CO2 atmosferinde kostik temizleme gibi vakum ko\u015fullar\u0131na tabi olan kapal\u0131 proses tanklar\u0131nda patlama riskini en aza indirir. SCANDI BREW\u00ae tank \u00fcst\u00fc sistemine entegre edilebilen valf, bira fabrikas\u0131, s\u00fct \u00fcr\u00fcnleri, yiyecek ve i\u00e7ecek end\u00fcstrilerindeki hijyenik i\u015flemler i\u00e7in tasarlanm\u0131\u015ft\u0131r.<\/p>\n<p>\t\t\t<a href=\"https:\/\/ktk.com.tr\/wp-content\/uploads\/2020\/01\/Safety-Valves-Leaflet.pdf\" role=\"button\"><br \/>\n\t\t\t\t\t\t\u00dcr\u00fcn Bilgisi<br \/>\n\t\t\t\t\t<\/a><br \/>\n\t\t\t<a href=\"https:\/\/ktk.com.tr\/tr\/contact-us\/\" role=\"button\"><br \/>\n\t\t\t\t\t\tL\u00fctfen \u0130leti\u015fime Ge\u00e7iniz<br \/>\n\t\t\t\t\t<\/a><br \/>\n\t\t\t<a href=\"https:\/\/ktk.com.tr\/wp-content\/uploads\/2020\/01\/Safety-Valves-Spare-parts.pdf\" role=\"button\"><br \/>\n\t\t\t\t\t\tYedek Par\u00e7a<br \/>\n\t\t\t\t\t<\/a><br \/>\n\t\t\t\t\t\t\t\t\t\t<img decoding=\"async\" loading=\"lazy\" width=\"640\" height=\"360\" src=\"https:\/\/ktk.com.tr\/wp-content\/uploads\/2020\/01\/sb-anti-vacuum-valve-left-side_640x360.png\" alt=\"\" class=\"ktk\" srcset=\"https:\/\/ktk.com.tr\/wp-content\/uploads\/2020\/01\/sb-anti-vacuum-valve-left-side_640x360.png 640w, https:\/\/ktk.com.tr\/wp-content\/uploads\/2020\/01\/sb-anti-vacuum-valve-left-side_640x360-300x169.png 300w, https:\/\/ktk.com.tr\/wp-content\/uploads\/2020\/01\/sb-anti-vacuum-valve-left-side_640x360-1x1.png 1w\" sizes=\"(max-width: 640px) 100vw, 640px\" \/>\t\t\t\t\t\t\t\t\t\t\t<\/p>\n<h2>SB Anti Vakum Vanas\u0131<\/h2>\n<p>SCANDI BREW\u00ae tank \u00fcst\u00fc sistemine entegre edilen Alfa Laval SB Anti Vakum Vanas\u0131, bir vakum durumu ortaya \u00e7\u0131kt\u0131\u011f\u0131nda tanklar\u0131n patlama riskini en aza indiren kompakt bir emniyet vanas\u0131d\u0131r. Bu ko\u015fullar, s\u0131v\u0131 kab\u0131 doldurulurken veya bo\u015falt\u0131l\u0131rken, bir CO2 atmosferinde s\u0131cak temizlemeden veya kostik temizlemeden sonra so\u011fuk durulamada ortaya \u00e7\u0131kar. Bira fabrikas\u0131, s\u00fct \u00fcr\u00fcnleri, yiyecek ve i\u00e7ecek end\u00fcstrilerinde kullan\u0131lmak \u00fczere tasarlanan bu \u00fcr\u00fcn, kritik s\u00fcre\u00e7lerin g\u00fcvenli\u011fini, g\u00fcvenilirli\u011fini ve performans\u0131n\u0131 optimize etmeye ve \u00e7al\u0131\u015fma s\u00fcresini en \u00fcst d\u00fczeye \u00e7\u0131karmaya yard\u0131mc\u0131 olur.<\/p>\n<p>\t\t\t<a href=\"https:\/\/ktk.com.tr\/wp-content\/uploads\/2020\/01\/Safety-Valves-Leaflet.pdf\" role=\"button\"><br \/>\n\t\t\t\t\t\t\u00dcr\u00fcn Bilgisi<br \/>\n\t\t\t\t\t<\/a><br \/>\n\t\t\t<a href=\"https:\/\/ktk.com.tr\/tr\/contact-us\/\" role=\"button\"><br \/>\n\t\t\t\t\t\tL\u00fctfen \u0130leti\u015fime Ge\u00e7iniz<br \/>\n\t\t\t\t\t<\/a><br \/>\n\t\t\t<a href=\"https:\/\/ktk.com.tr\/wp-content\/uploads\/2020\/01\/Safety-Valves-Spare-parts.pdf\" role=\"button\"><br \/>\n\t\t\t\t\t\tYedek Par\u00e7a<br \/>\n\t\t\t\t\t<\/a><br \/>\n\t\t\t\t\t\t\t\t\t\t<img decoding=\"async\" loading=\"lazy\" width=\"640\" height=\"360\" src=\"https:\/\/ktk.com.tr\/wp-content\/uploads\/2020\/01\/sb_pressure_relief_valve_right_side_640x360.png\" alt=\"\" class=\"ktk\" srcset=\"https:\/\/ktk.com.tr\/wp-content\/uploads\/2020\/01\/sb_pressure_relief_valve_right_side_640x360.png 640w, https:\/\/ktk.com.tr\/wp-content\/uploads\/2020\/01\/sb_pressure_relief_valve_right_side_640x360-300x169.png 300w, https:\/\/ktk.com.tr\/wp-content\/uploads\/2020\/01\/sb_pressure_relief_valve_right_side_640x360-1x1.png 1w\" sizes=\"(max-width: 640px) 100vw, 640px\" \/>\t\t\t\t\t\t\t\t\t\t\t<\/p>\n<h2>SB Bas\u0131n\u00e7 Tahliye Vanas\u0131<\/h2>\n<p>Tank\u0131n hasar g\u00f6rmesini \u00f6nlemek ve g\u00fcvenli \u00e7al\u0131\u015fmalar\u0131n sa\u011flanmas\u0131na yard\u0131mc\u0131 olmak i\u00e7in Alfa Laval SB Bas\u0131n\u00e7 Tahliye Valfi, a\u015f\u0131r\u0131 bas\u0131n\u00e7 olay\u0131 s\u0131ras\u0131nda bas\u0131n\u00e7l\u0131 bir tank\u0131 korur. Bira fabrikas\u0131, s\u00fct \u00fcr\u00fcnleri, yiyecek ve i\u00e7ecek end\u00fcstrilerindeki hijyenik i\u015flemler i\u00e7in tasarlanm\u0131\u015ft\u0131r. Valf bir SCANDI BREW\u00ae tank \u00fcst\u00fc sistemiyle entegre edilebilir.<\/p>\n<p>\t\t\t<a href=\"https:\/\/ktk.com.tr\/wp-content\/uploads\/2020\/01\/Safety-Valves-Leaflet.pdf\" role=\"button\"><br \/>\n\t\t\t\t\t\t\u00dcr\u00fcn Bilgisi<br \/>\n\t\t\t\t\t<\/a><br \/>\n\t\t\t<a href=\"https:\/\/ktk.com.tr\/tr\/contact-us\/\" role=\"button\"><br \/>\n\t\t\t\t\t\tL\u00fctfen \u0130leti\u015fime Ge\u00e7iniz<br \/>\n\t\t\t\t\t<\/a><br \/>\n\t\t\t<a href=\"https:\/\/ktk.com.tr\/wp-content\/uploads\/2020\/01\/Safety-Valves-Spare-parts.pdf\" role=\"button\"><br \/>\n\t\t\t\t\t\tYedek Par\u00e7a<br \/>\n\t\t\t\t\t<\/a><br \/>\n\t\t\t\t\t\t\t\t\t\t<img decoding=\"async\" loading=\"lazy\" width=\"640\" height=\"360\" src=\"https:\/\/ktk.com.tr\/wp-content\/uploads\/2020\/01\/safety_valve_640x360.png\" alt=\"\" class=\"ktk\" srcset=\"https:\/\/ktk.com.tr\/wp-content\/uploads\/2020\/01\/safety_valve_640x360.png 640w, https:\/\/ktk.com.tr\/wp-content\/uploads\/2020\/01\/safety_valve_640x360-300x169.png 300w, https:\/\/ktk.com.tr\/wp-content\/uploads\/2020\/01\/safety_valve_640x360-1x1.png 1w\" sizes=\"(max-width: 640px) 100vw, 640px\" \/>\t\t\t\t\t\t\t\t\t\t\t<\/p>\n<h2>G\u00fcvenlik Vanas\u0131<\/h2>\n<p>Alfa Laval Emniyet Valfi ekipman\u0131n\u0131z\u0131, ortam\u0131n\u0131z\u0131 ve \u00e7al\u0131\u015fanlar\u0131n\u0131z\u0131n sa\u011fl\u0131\u011f\u0131n\u0131 ve g\u00fcvenli\u011fini korur. Bu g\u00fcvenlik cihaz\u0131, gemilerden veya ekipmandan gelen a\u015f\u0131r\u0131 bas\u0131nc\u0131 a\u00e7mak ve tahliye etmek ve daha sonra sistem normale d\u00f6nd\u00fc\u011f\u00fcnde s\u0131v\u0131n\u0131n tekrar serbest kalmas\u0131n\u0131 ve tekrar sal\u0131nmas\u0131n\u0131 \u00f6nlemek i\u00e7in tasarlanm\u0131\u015ft\u0131r.<\/p>\n<p>\t\t\t<a href=\"https:\/\/ktk.com.tr\/wp-content\/uploads\/2020\/01\/Safety-Valves-Leaflet.pdf\" role=\"button\"><br \/>\n\t\t\t\t\t\t\u00dcr\u00fcn Bilgisi<br \/>\n\t\t\t\t\t<\/a><br \/>\n\t\t\t<a href=\"https:\/\/ktk.com.tr\/tr\/contact-us\/\" role=\"button\"><br \/>\n\t\t\t\t\t\tL\u00fctfen \u0130leti\u015fime Ge\u00e7iniz<br \/>\n\t\t\t\t\t<\/a><br \/>\n\t\t\t<a href=\"https:\/\/ktk.com.tr\/wp-content\/uploads\/2020\/01\/Safety-Valves-Spare-parts.pdf\" role=\"button\"><br \/>\n\t\t\t\t\t\tYedek Par\u00e7a<br \/>\n\t\t\t\t\t<\/a><\/p>","protected":false},"excerpt":{"rendered":"<p>SB Anti Vacuum house The Alfa Laval SB Anti Vacuum House minimizes the risk of implosion in closed process tanks that are subject to vacuum conditions, such as while filling or emptying the tank, cool rinsing after hot-cleaning, or caustic cleaning in a CO2 atmosphere. Capable of being integrated into a SCANDI BREW\u00ae tank top [&hellip;]<\/p>","protected":false},"author":1,"featured_media":0,"parent":0,"menu_order":0,"comment_status":"closed","ping_status":"closed","template":"","meta":[],"_links":{"self":[{"href":"https:\/\/ktk.com.tr\/tr\/wp-json\/wp\/v2\/pages\/527"}],"collection":[{"href":"https:\/\/ktk.com.tr\/tr\/wp-json\/wp\/v2\/pages"}],"about":[{"href":"https:\/\/ktk.com.tr\/tr\/wp-json\/wp\/v2\/types\/page"}],"author":[{"embeddable":true,"href":"https:\/\/ktk.com.tr\/tr\/wp-json\/wp\/v2\/users\/1"}],"replies":[{"embeddable":true,"href":"https:\/\/ktk.com.tr\/tr\/wp-json\/wp\/v2\/comments?post=527"}],"version-history":[{"count":7,"href":"https:\/\/ktk.com.tr\/tr\/wp-json\/wp\/v2\/pages\/527\/revisions"}],"predecessor-version":[{"id":2368,"href":"https:\/\/ktk.com.tr\/tr\/wp-json\/wp\/v2\/pages\/527\/revisions\/2368"}],"wp:attachment":[{"href":"https:\/\/ktk.com.tr\/tr\/wp-json\/wp\/v2\/media?parent=527"}],"curies":[{"name":"wp","href":"https:\/\/api.w.org\/{rel}","templated":true}]}}