{"id":526,"date":"2019-12-22T13:29:43","date_gmt":"2019-12-22T13:29:43","guid":{"rendered":"http:\/\/ktk.com.tr\/?page_id=526"},"modified":"2020-01-20T08:31:05","modified_gmt":"2020-01-20T08:31:05","slug":"regulating-valves","status":"publish","type":"page","link":"https:\/\/ktk.com.tr\/tr\/regulating-valves\/","title":{"rendered":"Ayar Vanalar\u0131"},"content":{"rendered":"<p><img decoding=\"async\" loading=\"lazy\" width=\"640\" height=\"360\" src=\"https:\/\/ktk.com.tr\/wp-content\/uploads\/2020\/01\/cpm_2_regulating_valve_front_640x360.png\" alt=\"\" class=\"ktk\" srcset=\"https:\/\/ktk.com.tr\/wp-content\/uploads\/2020\/01\/cpm_2_regulating_valve_front_640x360.png 640w, https:\/\/ktk.com.tr\/wp-content\/uploads\/2020\/01\/cpm_2_regulating_valve_front_640x360-300x169.png 300w, https:\/\/ktk.com.tr\/wp-content\/uploads\/2020\/01\/cpm_2_regulating_valve_front_640x360-1x1.png 1w\" sizes=\"(max-width: 640px) 100vw, 640px\" \/>\t\t\t\t\t\t\t\t\t\t\t<\/p>\n<h2>CPM<\/h2>\n<p>CPM vanalar\u0131, s\u00fct, g\u0131da ve i\u00e7ecek end\u00fcstrileri i\u00e7in hijyenik proses hatlar\u0131nda d\u00fczg\u00fcn giri\u015f veya \u00e7\u0131k\u0131\u015f bas\u0131nc\u0131n\u0131 korur. Bu ayar valfleri do\u011fru bas\u0131n\u00e7 kontrol\u00fc, g\u00fcvenli ve g\u00fcvenilir performans ve m\u00fckemmel temizlenebilirlik sa\u011flar.<\/p>\n<p>\t\t\t<a href=\"https:\/\/ktk.com.tr\/wp-content\/uploads\/2020\/01\/Regulating-valve-Leaflet.pdf\" role=\"button\"><br \/>\n\t\t\t\t\t\t\u00dcr\u00fcn Bilgisi<br \/>\n\t\t\t\t\t<\/a><br \/>\n\t\t\t<a href=\"https:\/\/ktk.com.tr\/tr\/contact-us\/\" role=\"button\"><br \/>\n\t\t\t\t\t\tL\u00fctfen \u0130leti\u015fime Ge\u00e7iniz<br \/>\n\t\t\t\t\t<\/a><br \/>\n\t\t\t<a href=\"https:\/\/ktk.com.tr\/wp-content\/uploads\/2020\/01\/Regulating-Valve-Spare-parts.pdf\" role=\"button\"><br \/>\n\t\t\t\t\t\tYedek Par\u00e7a<br \/>\n\t\t\t\t\t<\/a><br \/>\n\t\t\t\t\t\t\t\t\t\t<img decoding=\"async\" loading=\"lazy\" width=\"640\" height=\"360\" src=\"https:\/\/ktk.com.tr\/wp-content\/uploads\/2020\/01\/scandi-brew-pressure-exhaust-valve-right-side_640x360.png\" alt=\"\" class=\"ktk\" srcset=\"https:\/\/ktk.com.tr\/wp-content\/uploads\/2020\/01\/scandi-brew-pressure-exhaust-valve-right-side_640x360.png 640w, https:\/\/ktk.com.tr\/wp-content\/uploads\/2020\/01\/scandi-brew-pressure-exhaust-valve-right-side_640x360-300x169.png 300w, https:\/\/ktk.com.tr\/wp-content\/uploads\/2020\/01\/scandi-brew-pressure-exhaust-valve-right-side_640x360-1x1.png 1w\" sizes=\"(max-width: 640px) 100vw, 640px\" \/>\t\t\t\t\t\t\t\t\t\t\t<\/p>\n<h2>SB Bas\u0131n\u00e7 Egzoz Vanas\u0131<\/h2>\n<p>Alfa Laval SB Bas\u0131n\u00e7l\u0131 Egzoz Valfi, bira, yiyecek, s\u00fct ve i\u00e7ecek proses tanklar\u0131ndaki \u00e7al\u0131\u015fma bas\u0131nc\u0131n\u0131 kaptaki bas\u0131n\u00e7 artt\u0131k\u00e7a otomatik olarak azaltan bir d\u00fczenleme valfidir. Valf, SCANDI BREW\u00ae tank \u00fcst\u00fc sisteminin ayr\u0131lmaz bir par\u00e7as\u0131d\u0131r.<\/p>\n<p>\t\t\t<a href=\"https:\/\/ktk.com.tr\/wp-content\/uploads\/2020\/01\/Regulating-valve-Leaflet.pdf\" role=\"button\"><br \/>\n\t\t\t\t\t\t\u00dcr\u00fcn Bilgisi<br \/>\n\t\t\t\t\t<\/a><br \/>\n\t\t\t<a href=\"https:\/\/ktk.com.tr\/tr\/contact-us\/\" role=\"button\"><br \/>\n\t\t\t\t\t\tL\u00fctfen \u0130leti\u015fime Ge\u00e7iniz<br \/>\n\t\t\t\t\t<\/a><br \/>\n\t\t\t<a href=\"https:\/\/ktk.com.tr\/wp-content\/uploads\/2020\/01\/Regulating-Valve-Spare-parts.pdf\" role=\"button\"><br \/>\n\t\t\t\t\t\tYedek Par\u00e7a<br \/>\n\t\t\t\t\t<\/a><br \/>\n\t\t\t\t\t\t\t\t\t\t<img decoding=\"async\" loading=\"lazy\" width=\"640\" height=\"360\" src=\"https:\/\/ktk.com.tr\/wp-content\/uploads\/2020\/01\/sb-tank-pressure-regulator-front_640x360.png\" alt=\"\" class=\"ktk\" srcset=\"https:\/\/ktk.com.tr\/wp-content\/uploads\/2020\/01\/sb-tank-pressure-regulator-front_640x360.png 640w, https:\/\/ktk.com.tr\/wp-content\/uploads\/2020\/01\/sb-tank-pressure-regulator-front_640x360-300x169.png 300w, https:\/\/ktk.com.tr\/wp-content\/uploads\/2020\/01\/sb-tank-pressure-regulator-front_640x360-1x1.png 1w\" sizes=\"(max-width: 640px) 100vw, 640px\" \/>\t\t\t\t\t\t\t\t\t\t\t<\/p>\n<h2>SB Tank Bas\u0131n\u00e7 Ayar Vanas\u0131<\/h2>\n<p>Alfa Laval SB Tank Bas\u0131n\u00e7 Reg\u00fclat\u00f6r\u00fc, doldurma, i\u015fleme ve bo\u015faltma s\u0131ras\u0131nda bas\u0131n\u00e7 tanklar\u0131 \u00fczerindeki en y\u00fcksek bas\u0131nc\u0131 korur ve d\u00fczenler. Genellikle do\u011frudan tank\u0131n tepesine giden gaz \/ CIP borusuna ba\u011flan\u0131r veya bir ak\u0131\u015f paneline dahil edilir. Reg\u00fclat\u00f6r bir SCANDI BREW\u00ae tank \u00fcst\u00fc sistemiyle entegre edilebilir.<\/p>\n<p>\u00a0<br \/>\n\t\t\t<a href=\"https:\/\/ktk.com.tr\/wp-content\/uploads\/2020\/01\/Regulating-valve-Leaflet.pdf\" role=\"button\"><br \/>\n\t\t\t\t\t\t\u00dcr\u00fcn Bilgisi<br \/>\n\t\t\t\t\t<\/a><br \/>\n\t\t\t<a href=\"https:\/\/ktk.com.tr\/tr\/contact-us\/\" role=\"button\"><br \/>\n\t\t\t\t\t\tL\u00fctfen \u0130leti\u015fime Ge\u00e7iniz<br \/>\n\t\t\t\t\t<\/a><br \/>\n\t\t\t<a href=\"https:\/\/ktk.com.tr\/wp-content\/uploads\/2020\/01\/Regulating-Valve-Spare-parts.pdf\" role=\"button\"><br \/>\n\t\t\t\t\t\tYedek Par\u00e7a<br \/>\n\t\t\t\t\t<\/a><br \/>\n\t\t\t\t\t\t\t\t\t\t<img decoding=\"async\" loading=\"lazy\" width=\"640\" height=\"360\" src=\"https:\/\/ktk.com.tr\/wp-content\/uploads\/2020\/01\/unique_rv-p_regulating_valve_left_side_640x360.png\" alt=\"\" class=\"ktk\" srcset=\"https:\/\/ktk.com.tr\/wp-content\/uploads\/2020\/01\/unique_rv-p_regulating_valve_left_side_640x360.png 640w, https:\/\/ktk.com.tr\/wp-content\/uploads\/2020\/01\/unique_rv-p_regulating_valve_left_side_640x360-300x169.png 300w, https:\/\/ktk.com.tr\/wp-content\/uploads\/2020\/01\/unique_rv-p_regulating_valve_left_side_640x360-1x1.png 1w\" sizes=\"(max-width: 640px) 100vw, 640px\" \/>\t\t\t\t\t\t\t\t\t\t\t<\/p>\n<h2>Unique RV-P<\/h2>\n<p>Benzersiz RV-P ayar vanas\u0131, s\u00fct \u00fcr\u00fcnleri, yiyecek ve i\u00e7ecek ve biyofarma end\u00fcstrilerindeki hassas ak\u0131\u015flar\u0131 g\u00fcvenli ve etkili bir \u015fekilde kontrol etmek veya d\u00fczenlemek i\u00e7in tasarlanm\u0131\u015ft\u0131r.<\/p>\n<p>\t\t\t<a href=\"https:\/\/ktk.com.tr\/wp-content\/uploads\/2020\/01\/Regulating-valve-Leaflet.pdf\" role=\"button\"><br \/>\n\t\t\t\t\t\t\u00dcr\u00fcn Bilgisi<br \/>\n\t\t\t\t\t<\/a><br \/>\n\t\t\t<a href=\"https:\/\/ktk.com.tr\/tr\/contact-us\/\" role=\"button\"><br \/>\n\t\t\t\t\t\tL\u00fctfen \u0130leti\u015fime Ge\u00e7iniz<br \/>\n\t\t\t\t\t<\/a><br \/>\n\t\t\t<a href=\"https:\/\/ktk.com.tr\/wp-content\/uploads\/2020\/01\/Regulating-Valve-Spare-parts.pdf\" role=\"button\"><br \/>\n\t\t\t\t\t\tYedek Par\u00e7a<br \/>\n\t\t\t\t\t<\/a><br \/>\n\t\t\t\t\t\t\t\t\t\t<img decoding=\"async\" loading=\"lazy\" width=\"640\" height=\"360\" src=\"https:\/\/ktk.com.tr\/wp-content\/uploads\/2020\/01\/unique_rv_st_regulating_valve_right_side_640x360.png\" alt=\"\" class=\"ktk\" srcset=\"https:\/\/ktk.com.tr\/wp-content\/uploads\/2020\/01\/unique_rv_st_regulating_valve_right_side_640x360.png 640w, https:\/\/ktk.com.tr\/wp-content\/uploads\/2020\/01\/unique_rv_st_regulating_valve_right_side_640x360-300x169.png 300w, https:\/\/ktk.com.tr\/wp-content\/uploads\/2020\/01\/unique_rv_st_regulating_valve_right_side_640x360-1x1.png 1w\" sizes=\"(max-width: 640px) 100vw, 640px\" \/>\t\t\t\t\t\t\t\t\t\t\t<\/p>\n<h2>Unique RV-ST<\/h2>\n<p>Entegre IP d\u00f6n\u00fc\u015ft\u00fcr\u00fcc\u00fc ve bas-\u00e7al\u0131\u015ft\u0131r kurulumu ile Benzersiz RV-ST ayar valfi, hijyen ve g\u00fcvenlik i\u00e7in en y\u00fcksek proses taleplerini kar\u015f\u0131lar. Benzersiz SSV platformu \u00fczerine in\u015fa edilmi\u015f, y\u00fcksek hacimli s\u0131hhi s\u0131v\u0131 i\u015fleme uygulamalar\u0131 i\u00e7in idealdir.<\/p>\n<p>\u00a0<br \/>\n\t\t\t<a href=\"https:\/\/ktk.com.tr\/wp-content\/uploads\/2020\/01\/Regulating-valve-Leaflet.pdf\" role=\"button\"><br \/>\n\t\t\t\t\t\t\u00dcr\u00fcn Bilgisi<br \/>\n\t\t\t\t\t<\/a><br \/>\n\t\t\t<a href=\"https:\/\/ktk.com.tr\/tr\/contact-us\/\" role=\"button\"><br \/>\n\t\t\t\t\t\tL\u00fctfen \u0130leti\u015fime Ge\u00e7iniz<br \/>\n\t\t\t\t\t<\/a><br \/>\n\t\t\t<a href=\"https:\/\/ktk.com.tr\/wp-content\/uploads\/2020\/01\/Regulating-Valve-Spare-parts.pdf\" role=\"button\"><br \/>\n\t\t\t\t\t\tYedek Par\u00e7a<br \/>\n\t\t\t\t\t<\/a><\/p>","protected":false},"excerpt":{"rendered":"<p>CPM CPM valves maintain uniform inlet or outlet pressure in hygienic process lines for the dairy, food and beverage industries. These regulating valves provide accurate pressure control, safe and reliable performance and excellent cleanability. Product Data Please Contact Us Spare Parts SB Pressure Exhaust Valve The Alfa Laval SB Pressure Exhaust Valve is a regulating [&hellip;]<\/p>","protected":false},"author":1,"featured_media":0,"parent":0,"menu_order":0,"comment_status":"closed","ping_status":"closed","template":"","meta":[],"_links":{"self":[{"href":"https:\/\/ktk.com.tr\/tr\/wp-json\/wp\/v2\/pages\/526"}],"collection":[{"href":"https:\/\/ktk.com.tr\/tr\/wp-json\/wp\/v2\/pages"}],"about":[{"href":"https:\/\/ktk.com.tr\/tr\/wp-json\/wp\/v2\/types\/page"}],"author":[{"embeddable":true,"href":"https:\/\/ktk.com.tr\/tr\/wp-json\/wp\/v2\/users\/1"}],"replies":[{"embeddable":true,"href":"https:\/\/ktk.com.tr\/tr\/wp-json\/wp\/v2\/comments?post=526"}],"version-history":[{"count":7,"href":"https:\/\/ktk.com.tr\/tr\/wp-json\/wp\/v2\/pages\/526\/revisions"}],"predecessor-version":[{"id":2367,"href":"https:\/\/ktk.com.tr\/tr\/wp-json\/wp\/v2\/pages\/526\/revisions\/2367"}],"wp:attachment":[{"href":"https:\/\/ktk.com.tr\/tr\/wp-json\/wp\/v2\/media?parent=526"}],"curies":[{"name":"wp","href":"https:\/\/api.w.org\/{rel}","templated":true}]}}