{"id":525,"date":"2019-12-22T13:29:43","date_gmt":"2019-12-22T13:29:43","guid":{"rendered":"http:\/\/ktk.com.tr\/?page_id=525"},"modified":"2020-01-20T08:30:15","modified_gmt":"2020-01-20T08:30:15","slug":"double-seat-valves","status":"publish","type":"page","link":"https:\/\/ktk.com.tr\/tr\/double-seat-valves\/","title":{"rendered":"\u00c7ift Yatakl\u0131 Vanalar"},"content":{"rendered":"<p><img decoding=\"async\" loading=\"lazy\" width=\"640\" height=\"360\" src=\"https:\/\/ktk.com.tr\/wp-content\/uploads\/2020\/01\/aseptic-mixproof-w-thinktop-v70_640x360.jpg\" alt=\"\" class=\"ktk\" srcset=\"https:\/\/ktk.com.tr\/wp-content\/uploads\/2020\/01\/aseptic-mixproof-w-thinktop-v70_640x360.jpg 640w, https:\/\/ktk.com.tr\/wp-content\/uploads\/2020\/01\/aseptic-mixproof-w-thinktop-v70_640x360-300x169.jpg 300w, https:\/\/ktk.com.tr\/wp-content\/uploads\/2020\/01\/aseptic-mixproof-w-thinktop-v70_640x360-1x1.jpg 1w\" sizes=\"(max-width: 640px) 100vw, 640px\" \/>\t\t\t\t\t\t\t\t\t\t\t<\/p>\n<h2>Aseptic Mixproof<\/h2>\n<p>Alfa Laval Aseptik Kar\u0131\u015f\u0131ml\u0131 Vana, \u00fcr\u00fcn g\u00fcvenli\u011fi sa\u011flar ve istenmeyen bas\u0131n\u00e7 art\u0131\u015flar\u0131nda bile zararl\u0131 mikroorganizmalar\u0131n izinsiz giri\u015fine kar\u015f\u0131 tam koruma sa\u011flar. Bu \u00e7ift koltuklu kar\u0131\u015f\u0131m ge\u00e7irmez valf, g\u0131da, s\u00fct ve i\u00e7ecek end\u00fcstrilerindeki steril proses uygulamalar\u0131nda kullan\u0131m i\u00e7in m\u00fckemmeldir. Yap\u0131land\u0131rmas\u0131, \u00e7al\u0131\u015ft\u0131r\u0131lmas\u0131, bak\u0131m\u0131 kolayd\u0131r, toplam sahip olma maliyetini di\u011fer aseptik valflere k\u0131yasla% 45'e kadar azalt\u0131r.<\/p>\n<p>\t\t\t<a href=\"https:\/\/ktk.com.tr\/wp-content\/uploads\/2020\/01\/Double-Seat-Valves-Leaflet.pdf\" role=\"button\"><br \/>\n\t\t\t\t\t\t\u00dcr\u00fcn Bilgisi<br \/>\n\t\t\t\t\t<\/a><br \/>\n\t\t\t<a href=\"https:\/\/ktk.com.tr\/tr\/contact-us\/\" role=\"button\"><br \/>\n\t\t\t\t\t\tL\u00fctfen \u0130leti\u015fime Ge\u00e7iniz<br \/>\n\t\t\t\t\t<\/a><br \/>\n\t\t\t<a href=\"https:\/\/ktk.com.tr\/wp-content\/uploads\/2020\/01\/Double-Seat-Valves-Spare-parts1.pdf\" role=\"button\"><br \/>\n\t\t\t\t\t\tYedek Par\u00e7a<br \/>\n\t\t\t\t\t<\/a><br \/>\n\t\t\t<a href=\"https:\/\/ktk.com.tr\/wp-content\/uploads\/2020\/01\/Double-Seat-Valves-Spare-parts2.pdf\" role=\"button\"><br \/>\n\t\t\t\t\t\tYedek Par\u00e7a<br \/>\n\t\t\t\t\t<\/a><br \/>\n\t\t\t\t\t\t\t\t\t\t<img decoding=\"async\" loading=\"lazy\" width=\"640\" height=\"360\" src=\"https:\/\/ktk.com.tr\/wp-content\/uploads\/2020\/01\/unique-mixproof-seatclean-w-thinktop-v70_640x360.jpg\" alt=\"\" class=\"ktk\" srcset=\"https:\/\/ktk.com.tr\/wp-content\/uploads\/2020\/01\/unique-mixproof-seatclean-w-thinktop-v70_640x360.jpg 640w, https:\/\/ktk.com.tr\/wp-content\/uploads\/2020\/01\/unique-mixproof-seatclean-w-thinktop-v70_640x360-300x169.jpg 300w, https:\/\/ktk.com.tr\/wp-content\/uploads\/2020\/01\/unique-mixproof-seatclean-w-thinktop-v70_640x360-1x1.jpg 1w\" sizes=\"(max-width: 640px) 100vw, 640px\" \/>\t\t\t\t\t\t\t\t\t\t\t<\/p>\n<h2>Unique Mixproof<\/h2>\n<p>Alfa Laval Benzersiz Mixproof vanalar, \u00e7apraz bula\u015fma riski olmadan ayn\u0131 vanadan iki \u00fcr\u00fcn\u00fcn veya s\u0131v\u0131n\u0131n ayn\u0131 anda akmas\u0131n\u0131 sa\u011flar. S\u0131rad\u0131\u015f\u0131 d\u00f6k\u00fcnt\u00fcs\u00fcz \u00e7al\u0131\u015fmalar\u0131 \u00e7o\u011fu hijyen standard\u0131 ile uyumludur.<\/p>\n<p>\t\t\t<a href=\"https:\/\/ktk.com.tr\/wp-content\/uploads\/2020\/01\/Double-Seat-Valves-Leaflet.pdf\" role=\"button\"><br \/>\n\t\t\t\t\t\t\u00dcr\u00fcn Bilgisi<br \/>\n\t\t\t\t\t<\/a><br \/>\n\t\t\t<a href=\"https:\/\/ktk.com.tr\/tr\/contact-us\/\" role=\"button\"><br \/>\n\t\t\t\t\t\tL\u00fctfen \u0130leti\u015fime Ge\u00e7iniz<br \/>\n\t\t\t\t\t<\/a><br \/>\n\t\t\t<a href=\"https:\/\/ktk.com.tr\/wp-content\/uploads\/2020\/01\/Double-Seat-Valves-Spare-parts1.pdf\" role=\"button\"><br \/>\n\t\t\t\t\t\tYedek Par\u00e7a<br \/>\n\t\t\t\t\t<\/a><br \/>\n\t\t\t<a href=\"https:\/\/ktk.com.tr\/wp-content\/uploads\/2020\/01\/Double-Seat-Valves-Spare-parts2.pdf\" role=\"button\"><br \/>\n\t\t\t\t\t\tYedek Par\u00e7a<br \/>\n\t\t\t\t\t<\/a><br \/>\n\t\t\t\t\t\t\t\t\t\t<img decoding=\"async\" loading=\"lazy\" width=\"640\" height=\"360\" src=\"https:\/\/ktk.com.tr\/wp-content\/uploads\/2020\/01\/unique-mixproof-3-body-w-sensor-and-thinktop-v70_640x360.jpg\" alt=\"\" class=\"ktk\" srcset=\"https:\/\/ktk.com.tr\/wp-content\/uploads\/2020\/01\/unique-mixproof-3-body-w-sensor-and-thinktop-v70_640x360.jpg 640w, https:\/\/ktk.com.tr\/wp-content\/uploads\/2020\/01\/unique-mixproof-3-body-w-sensor-and-thinktop-v70_640x360-300x169.jpg 300w, https:\/\/ktk.com.tr\/wp-content\/uploads\/2020\/01\/unique-mixproof-3-body-w-sensor-and-thinktop-v70_640x360-1x1.jpg 1w\" sizes=\"(max-width: 640px) 100vw, 640px\" \/>\t\t\t\t\t\t\t\t\t\t\t<\/p>\n<h2>Uniques Mixproof 3-Body<\/h2>\n<p>Alfa Laval Benzersiz Mixproof 3-G\u00f6vde vanalar, \u00e7apraz bula\u015fma riski olmadan ayn\u0131 vanadan iki farkl\u0131 \u00fcr\u00fcn\u00fcn veya s\u0131v\u0131n\u0131n ayn\u0131 anda akmas\u0131n\u0131 sa\u011flar. Valf ayr\u0131ca bir de\u011fi\u015ftirme fonksiyonu ile donat\u0131lm\u0131\u015ft\u0131r.<\/p>\n<p>\t\t\t<a href=\"https:\/\/ktk.com.tr\/wp-content\/uploads\/2020\/01\/Double-Seat-Valves-Leaflet.pdf\" role=\"button\"><br \/>\n\t\t\t\t\t\t\u00dcr\u00fcn Bilgisi<br \/>\n\t\t\t\t\t<\/a><br \/>\n\t\t\t<a href=\"https:\/\/ktk.com.tr\/tr\/contact-us\/\" role=\"button\"><br \/>\n\t\t\t\t\t\tL\u00fctfen \u0130leti\u015fime Ge\u00e7iniz<br \/>\n\t\t\t\t\t<\/a><br \/>\n\t\t\t<a href=\"https:\/\/ktk.com.tr\/wp-content\/uploads\/2020\/01\/Double-Seat-Valves-Spare-parts1.pdf\" role=\"button\"><br \/>\n\t\t\t\t\t\tYedek Par\u00e7a<br \/>\n\t\t\t\t\t<\/a><br \/>\n\t\t\t<a href=\"https:\/\/ktk.com.tr\/wp-content\/uploads\/2020\/01\/Double-Seat-Valves-Spare-parts2.pdf\" role=\"button\"><br \/>\n\t\t\t\t\t\tYedek Par\u00e7a<br \/>\n\t\t\t\t\t<\/a><br \/>\n\t\t\t\t\t\t\t\t\t\t<img decoding=\"async\" loading=\"lazy\" width=\"640\" height=\"360\" src=\"https:\/\/ktk.com.tr\/wp-content\/uploads\/2020\/01\/unique-mixproof-cp-3-w-v70_640x360.jpg\" alt=\"\" class=\"ktk\" srcset=\"https:\/\/ktk.com.tr\/wp-content\/uploads\/2020\/01\/unique-mixproof-cp-3-w-v70_640x360.jpg 640w, https:\/\/ktk.com.tr\/wp-content\/uploads\/2020\/01\/unique-mixproof-cp-3-w-v70_640x360-300x169.jpg 300w, https:\/\/ktk.com.tr\/wp-content\/uploads\/2020\/01\/unique-mixproof-cp-3-w-v70_640x360-1x1.jpg 1w\" sizes=\"(max-width: 640px) 100vw, 640px\" \/>\t\t\t\t\t\t\t\t\t\t\t<\/p>\n<h2>Unique Mixproof CP-3<\/h2>\n<p>Alfa Laval Unique mixproof CP-3 valfi, y\u00fcksek verimli, hafif, d\u00fc\u015f\u00fcr\u00fclm\u00fc\u015f havaland\u0131rma valfidir - yap\u0131land\u0131r\u0131labilir ve t\u00fcm i\u015fleme durumlar\u0131nda \u00fcr\u00fcn\u00fc korumak i\u00e7in tasarlanm\u0131\u015ft\u0131r. En son verimlilik ve s\u00fcrd\u00fcr\u00fclebilirlik ilkeleri g\u00f6z \u00f6n\u00fcnde bulundurularak tasarlanan CIP t\u00fcketimini ve kesinti s\u00fcresini b\u00fcy\u00fck \u00f6l\u00e7\u00fcde en aza indirirken zemin alan\u0131n\u0131 en \u00fcst d\u00fczeye \u00e7\u0131kar\u0131r.<\/p>\n<p>\u00a0<br \/>\n\t\t\t<a href=\"https:\/\/ktk.com.tr\/wp-content\/uploads\/2020\/01\/Double-Seat-Valves-Leaflet.pdf\" role=\"button\"><br \/>\n\t\t\t\t\t\t\u00dcr\u00fcn Bilgisi<br \/>\n\t\t\t\t\t<\/a><br \/>\n\t\t\t<a href=\"https:\/\/ktk.com.tr\/tr\/contact-us\/\" role=\"button\"><br \/>\n\t\t\t\t\t\tL\u00fctfen \u0130leti\u015fime Ge\u00e7iniz<br \/>\n\t\t\t\t\t<\/a><br \/>\n\t\t\t<a href=\"https:\/\/ktk.com.tr\/wp-content\/uploads\/2020\/01\/Double-Seat-Valves-Spare-parts1.pdf\" role=\"button\"><br \/>\n\t\t\t\t\t\tYedek Par\u00e7a<br \/>\n\t\t\t\t\t<\/a><br \/>\n\t\t\t<a href=\"https:\/\/ktk.com.tr\/wp-content\/uploads\/2020\/01\/Double-Seat-Valves-Spare-parts2.pdf\" role=\"button\"><br \/>\n\t\t\t\t\t\tYedek Par\u00e7a<br \/>\n\t\t\t\t\t<\/a><br \/>\n\t\t\t\t\t\t\t\t\t\t<img decoding=\"async\" loading=\"lazy\" width=\"640\" height=\"360\" src=\"https:\/\/ktk.com.tr\/wp-content\/uploads\/2020\/01\/smp-bc-w-thinktop-v50_640x360.jpg\" alt=\"\" class=\"ktk\" srcset=\"https:\/\/ktk.com.tr\/wp-content\/uploads\/2020\/01\/smp-bc-w-thinktop-v50_640x360.jpg 640w, https:\/\/ktk.com.tr\/wp-content\/uploads\/2020\/01\/smp-bc-w-thinktop-v50_640x360-300x169.jpg 300w, https:\/\/ktk.com.tr\/wp-content\/uploads\/2020\/01\/smp-bc-w-thinktop-v50_640x360-1x1.jpg 1w\" sizes=\"(max-width: 640px) 100vw, 640px\" \/>\t\t\t\t\t\t\t\t\t\t\t<\/p>\n<h2>Unique Mixproof Horizontal Tank<\/h2>\n<p>Do\u011frudan tank \u00e7eperine yatay montaj i\u00e7in \u00f6zel olarak tasarlanm\u0131\u015f benzersiz Mixproof Yatay Tank Vanas\u0131. Yatay tank ba\u011flant\u0131lar\u0131n\u0131n temizli\u011fini artt\u0131r\u0131r ve tank giri\u015finin veya tank \u00e7\u0131k\u0131\u015f\u0131n\u0131n hi\u00e7bir alan\u0131n\u0131n temiz b\u0131rak\u0131lmamas\u0131n\u0131 sa\u011flar.<\/p>\n<p>\t\t\t<a href=\"https:\/\/ktk.com.tr\/wp-content\/uploads\/2020\/01\/Double-Seat-Valves-Leaflet.pdf\" role=\"button\"><br \/>\n\t\t\t\t\t\t\u00dcr\u00fcn Bilgisi<br \/>\n\t\t\t\t\t<\/a><br \/>\n\t\t\t<a href=\"https:\/\/ktk.com.tr\/tr\/contact-us\/\" role=\"button\"><br \/>\n\t\t\t\t\t\tL\u00fctfen \u0130leti\u015fime Ge\u00e7iniz<br \/>\n\t\t\t\t\t<\/a><br \/>\n\t\t\t<a href=\"https:\/\/ktk.com.tr\/wp-content\/uploads\/2020\/01\/Double-Seat-Valves-Spare-parts1.pdf\" role=\"button\"><br \/>\n\t\t\t\t\t\tYedek Par\u00e7a<br \/>\n\t\t\t\t\t<\/a><br \/>\n\t\t\t<a href=\"https:\/\/ktk.com.tr\/wp-content\/uploads\/2020\/01\/Double-Seat-Valves-Spare-parts2.pdf\" role=\"button\"><br \/>\n\t\t\t\t\t\tYedek Par\u00e7a<br \/>\n\t\t\t\t\t<\/a><br \/>\n\t\t\t\t\t\t\t\t\t\t<img decoding=\"async\" loading=\"lazy\" width=\"640\" height=\"360\" src=\"https:\/\/ktk.com.tr\/wp-content\/uploads\/2020\/01\/unique-mixproof-seatclean-w-thinktop-v70_640x360.jpg\" alt=\"\" class=\"ktk\" srcset=\"https:\/\/ktk.com.tr\/wp-content\/uploads\/2020\/01\/unique-mixproof-seatclean-w-thinktop-v70_640x360.jpg 640w, https:\/\/ktk.com.tr\/wp-content\/uploads\/2020\/01\/unique-mixproof-seatclean-w-thinktop-v70_640x360-300x169.jpg 300w, https:\/\/ktk.com.tr\/wp-content\/uploads\/2020\/01\/unique-mixproof-seatclean-w-thinktop-v70_640x360-1x1.jpg 1w\" sizes=\"(max-width: 640px) 100vw, 640px\" \/>\t\t\t\t\t\t\t\t\t\t\t<\/p>\n<h2>Unique Mixproof Large Particle <\/h2>\n<p>\u00c7ok b\u00fcy\u00fck partik\u00fcllere veya y\u00fcksek viskoziteli s\u0131v\u0131lara sahip uygulamalar i\u00e7in, bu valf Benzersiz kar\u0131\u015ft\u0131rmaya dayan\u0131kl\u0131 valflerle ayn\u0131 temel avantajlar\u0131 sunar, ancak \u00e7ap\u0131 45 mm'ye kadar olan b\u00fcy\u00fck a\u00e7\u0131kl\u0131klar ile \u00f6zel olarak tasarlanm\u0131\u015ft\u0131r.<\/p>\n<p>\t\t\t<a href=\"https:\/\/ktk.com.tr\/wp-content\/uploads\/2020\/01\/Double-Seat-Valves-Leaflet.pdf\" role=\"button\"><br \/>\n\t\t\t\t\t\t\u00dcr\u00fcn Bilgisi<br \/>\n\t\t\t\t\t<\/a><br \/>\n\t\t\t<a href=\"https:\/\/ktk.com.tr\/tr\/contact-us\/\" role=\"button\"><br \/>\n\t\t\t\t\t\tL\u00fctfen \u0130leti\u015fime Ge\u00e7iniz<br \/>\n\t\t\t\t\t<\/a><br \/>\n\t\t\t<a href=\"https:\/\/ktk.com.tr\/wp-content\/uploads\/2020\/01\/Double-Seat-Valves-Spare-parts1.pdf\" role=\"button\"><br \/>\n\t\t\t\t\t\tYedek Par\u00e7a<br \/>\n\t\t\t\t\t<\/a><br \/>\n\t\t\t<a href=\"https:\/\/ktk.com.tr\/wp-content\/uploads\/2020\/01\/Double-Seat-Valves-Spare-parts2.pdf\" role=\"button\"><br \/>\n\t\t\t\t\t\tYedek Par\u00e7a<br \/>\n\t\t\t\t\t<\/a><br \/>\n\t\t\t\t\t\t\t\t\t\t<img decoding=\"async\" loading=\"lazy\" width=\"640\" height=\"360\" src=\"https:\/\/ktk.com.tr\/wp-content\/uploads\/2020\/01\/unique-mixproof-tank-outlet-w-v70_640x360.jpg\" alt=\"\" class=\"ktk\" srcset=\"https:\/\/ktk.com.tr\/wp-content\/uploads\/2020\/01\/unique-mixproof-tank-outlet-w-v70_640x360.jpg 640w, https:\/\/ktk.com.tr\/wp-content\/uploads\/2020\/01\/unique-mixproof-tank-outlet-w-v70_640x360-300x169.jpg 300w, https:\/\/ktk.com.tr\/wp-content\/uploads\/2020\/01\/unique-mixproof-tank-outlet-w-v70_640x360-1x1.jpg 1w\" sizes=\"(max-width: 640px) 100vw, 640px\" \/>\t\t\t\t\t\t\t\t\t\t\t<\/p>\n<h2>Unique Mixproof Tank Outlet <\/h2>\n<p>Benzersiz kar\u0131\u015f\u0131m ge\u00e7irmez valflerle ayn\u0131 temel avantajlar, ancak do\u011frudan giri\u015f ve \u00e7\u0131k\u0131\u015flardaki tank duvar\u0131na montaj i\u00e7in tasarlanm\u0131\u015ft\u0131r. Tank giri\u015f ve \u00e7\u0131k\u0131\u015f uygulamalar\u0131 i\u00e7in, Benzersiz miks ge\u00e7irmez tank \u00e7\u0131k\u0131\u015f (T\u00c7) valfi tam tahliye \u00f6zelli\u011fi sunar ve \u00e7apraz kontaminasyon riski olmadan tanka kadar tamamen temizlenebilirlik sa\u011flar.<\/p>\n<p>\u00a0<br \/>\n\t\t\t<a href=\"https:\/\/ktk.com.tr\/wp-content\/uploads\/2020\/01\/Double-Seat-Valves-Leaflet.pdf\" role=\"button\"><br \/>\n\t\t\t\t\t\t\u00dcr\u00fcn Bilgisi<br \/>\n\t\t\t\t\t<\/a><br \/>\n\t\t\t<a href=\"https:\/\/ktk.com.tr\/tr\/contact-us\/\" role=\"button\"><br \/>\n\t\t\t\t\t\tL\u00fctfen \u0130leti\u015fime Ge\u00e7iniz<br \/>\n\t\t\t\t\t<\/a><br \/>\n\t\t\t<a href=\"https:\/\/ktk.com.tr\/wp-content\/uploads\/2020\/01\/Double-Seat-Valves-Spare-parts1.pdf\" role=\"button\"><br \/>\n\t\t\t\t\t\tYedek Par\u00e7a<br \/>\n\t\t\t\t\t<\/a><br \/>\n\t\t\t<a href=\"https:\/\/ktk.com.tr\/wp-content\/uploads\/2020\/01\/Double-Seat-Valves-Spare-parts2.pdf\" role=\"button\"><br \/>\n\t\t\t\t\t\tYedek Par\u00e7a<br \/>\n\t\t\t\t\t<\/a><br \/>\n\t\t\t\t\t\t\t\t\t\t<img decoding=\"async\" loading=\"lazy\" width=\"640\" height=\"360\" src=\"https:\/\/ktk.com.tr\/wp-content\/uploads\/2020\/01\/unique-mixproof-seatclean-w-thinktop-v70_640x360.jpg\" alt=\"\" class=\"ktk\" srcset=\"https:\/\/ktk.com.tr\/wp-content\/uploads\/2020\/01\/unique-mixproof-seatclean-w-thinktop-v70_640x360.jpg 640w, https:\/\/ktk.com.tr\/wp-content\/uploads\/2020\/01\/unique-mixproof-seatclean-w-thinktop-v70_640x360-300x169.jpg 300w, https:\/\/ktk.com.tr\/wp-content\/uploads\/2020\/01\/unique-mixproof-seatclean-w-thinktop-v70_640x360-1x1.jpg 1w\" sizes=\"(max-width: 640px) 100vw, 640px\" \/>\t\t\t\t\t\t\t\t\t\t\t<\/p>\n<h2>Unique Mixproof UltraPure<\/h2>\n<p>Alfa Laval Benzersiz Mixproof UltraPure, \u0130la\u00e7 ve Biyoteknoloji end\u00fcstrilerinin ihtiya\u00e7lar\u0131na uygun olarak tasarlanm\u0131\u015ft\u0131r. \u00c7apraz kontaminasyon riski olmadan iki farkl\u0131 s\u0131v\u0131n\u0131n ayn\u0131 anda akmas\u0131n\u0131 sa\u011flar. Mod\u00fcler tasar\u0131mda, s\u00fcrekli, y\u00fcksek safl\u0131kta prosesler i\u00e7in maksimum \u00e7al\u0131\u015fma s\u00fcresi sa\u011flarlar.<\/p>\n<p>\t\t\t<a href=\"https:\/\/ktk.com.tr\/wp-content\/uploads\/2020\/01\/Double-Seat-Valves-Leaflet.pdf\" role=\"button\"><br \/>\n\t\t\t\t\t\t\u00dcr\u00fcn Bilgisi<br \/>\n\t\t\t\t\t<\/a><br \/>\n\t\t\t<a href=\"https:\/\/ktk.com.tr\/tr\/contact-us\/\" role=\"button\"><br \/>\n\t\t\t\t\t\tL\u00fctfen \u0130leti\u015fime Ge\u00e7iniz<br \/>\n\t\t\t\t\t<\/a><br \/>\n\t\t\t<a href=\"https:\/\/ktk.com.tr\/wp-content\/uploads\/2020\/01\/Double-Seat-Valves-Spare-parts1.pdf\" role=\"button\"><br \/>\n\t\t\t\t\t\tYedek Par\u00e7a<br \/>\n\t\t\t\t\t<\/a><br \/>\n\t\t\t<a href=\"https:\/\/ktk.com.tr\/wp-content\/uploads\/2020\/01\/Double-Seat-Valves-Spare-parts2.pdf\" role=\"button\"><br \/>\n\t\t\t\t\t\tYedek Par\u00e7a<br \/>\n\t\t\t\t\t<\/a><\/p>","protected":false},"excerpt":{"rendered":"<p>Aseptic Mixproof The Alfa Laval Aseptic Mixproof Valve ensures product safety and provides full protection against the intrusion of harmful microorganisms, even during unwanted pressure spikes. This double-seat mixproof valve is perfect for use in sterile process applications in the food, dairy and beverage industries. Easy to configure, operate, maintain, it reduces the total cost [&hellip;]<\/p>","protected":false},"author":1,"featured_media":0,"parent":0,"menu_order":0,"comment_status":"closed","ping_status":"closed","template":"","meta":[],"_links":{"self":[{"href":"https:\/\/ktk.com.tr\/tr\/wp-json\/wp\/v2\/pages\/525"}],"collection":[{"href":"https:\/\/ktk.com.tr\/tr\/wp-json\/wp\/v2\/pages"}],"about":[{"href":"https:\/\/ktk.com.tr\/tr\/wp-json\/wp\/v2\/types\/page"}],"author":[{"embeddable":true,"href":"https:\/\/ktk.com.tr\/tr\/wp-json\/wp\/v2\/users\/1"}],"replies":[{"embeddable":true,"href":"https:\/\/ktk.com.tr\/tr\/wp-json\/wp\/v2\/comments?post=525"}],"version-history":[{"count":7,"href":"https:\/\/ktk.com.tr\/tr\/wp-json\/wp\/v2\/pages\/525\/revisions"}],"predecessor-version":[{"id":2366,"href":"https:\/\/ktk.com.tr\/tr\/wp-json\/wp\/v2\/pages\/525\/revisions\/2366"}],"wp:attachment":[{"href":"https:\/\/ktk.com.tr\/tr\/wp-json\/wp\/v2\/media?parent=525"}],"curies":[{"name":"wp","href":"https:\/\/api.w.org\/{rel}","templated":true}]}}