{"id":524,"date":"2019-12-22T13:29:43","date_gmt":"2019-12-22T13:29:43","guid":{"rendered":"http:\/\/ktk.com.tr\/?page_id=524"},"modified":"2020-01-20T08:28:58","modified_gmt":"2020-01-20T08:28:58","slug":"double-seal-valves","status":"publish","type":"page","link":"https:\/\/ktk.com.tr\/tr\/double-seal-valves\/","title":{"rendered":"\u00c7ift Contal\u0131 Vanalar"},"content":{"rendered":"<p><img decoding=\"async\" loading=\"lazy\" width=\"640\" height=\"360\" src=\"https:\/\/ktk.com.tr\/wp-content\/uploads\/2020\/01\/smp-bc-w-thinktop-v50_640x360.jpg\" alt=\"\" class=\"ktk\" srcset=\"https:\/\/ktk.com.tr\/wp-content\/uploads\/2020\/01\/smp-bc-w-thinktop-v50_640x360.jpg 640w, https:\/\/ktk.com.tr\/wp-content\/uploads\/2020\/01\/smp-bc-w-thinktop-v50_640x360-300x169.jpg 300w, https:\/\/ktk.com.tr\/wp-content\/uploads\/2020\/01\/smp-bc-w-thinktop-v50_640x360-1x1.jpg 1w\" sizes=\"(max-width: 640px) 100vw, 640px\" \/>\t\t\t\t\t\t\t\t\t\t\t<\/p>\n<h2>\u00c7ift Contal\u0131 Vanalar<\/h2>\n<p>Matris boru sistemleri arac\u0131l\u0131\u011f\u0131yla s\u0131hhi proses ak\u0131\u015flar\u0131n\u0131 i\u015flemek i\u00e7in ideal olan SMP kar\u0131\u015f\u0131m ge\u00e7irmez valfler, Benzersiz kar\u0131\u015f\u0131m ge\u00e7irmez valflere standart, uygun maliyetli alternatiflerdir.<\/p>\n<p>\t\t\t<a href=\"https:\/\/ktk.com.tr\/wp-content\/uploads\/2020\/01\/Double-Seal-Valves-Leaflet.pdf\" role=\"button\"><br \/>\n\t\t\t\t\t\t\u00dcr\u00fcn Bilgisi<br \/>\n\t\t\t\t\t<\/a><br \/>\n\t\t\t<a href=\"https:\/\/ktk.com.tr\/tr\/contact-us\/\" role=\"button\"><br \/>\n\t\t\t\t\t\tL\u00fctfen \u0130leti\u015fime Ge\u00e7iniz<br \/>\n\t\t\t\t\t<\/a><br \/>\n\t\t\t<a href=\"https:\/\/ktk.com.tr\/wp-content\/uploads\/2020\/01\/Double-Seal-Valve-Spare-Parts.pdf\" role=\"button\"><br \/>\n\t\t\t\t\t\tYedek Par\u00e7a<br \/>\n\t\t\t\t\t<\/a><\/p>","protected":false},"excerpt":{"rendered":"<p>Double Seal Valves Ideal for handling sanitary process flows through matrix piping systems, SMP mixproof valves are standardized, cost-effective alternatives to Unique mixproof valves. Product Data Please Contact Us Spare Parts<\/p>","protected":false},"author":1,"featured_media":0,"parent":0,"menu_order":0,"comment_status":"closed","ping_status":"closed","template":"","meta":[],"_links":{"self":[{"href":"https:\/\/ktk.com.tr\/tr\/wp-json\/wp\/v2\/pages\/524"}],"collection":[{"href":"https:\/\/ktk.com.tr\/tr\/wp-json\/wp\/v2\/pages"}],"about":[{"href":"https:\/\/ktk.com.tr\/tr\/wp-json\/wp\/v2\/types\/page"}],"author":[{"embeddable":true,"href":"https:\/\/ktk.com.tr\/tr\/wp-json\/wp\/v2\/users\/1"}],"replies":[{"embeddable":true,"href":"https:\/\/ktk.com.tr\/tr\/wp-json\/wp\/v2\/comments?post=524"}],"version-history":[{"count":7,"href":"https:\/\/ktk.com.tr\/tr\/wp-json\/wp\/v2\/pages\/524\/revisions"}],"predecessor-version":[{"id":2365,"href":"https:\/\/ktk.com.tr\/tr\/wp-json\/wp\/v2\/pages\/524\/revisions\/2365"}],"wp:attachment":[{"href":"https:\/\/ktk.com.tr\/tr\/wp-json\/wp\/v2\/media?parent=524"}],"curies":[{"name":"wp","href":"https:\/\/api.w.org\/{rel}","templated":true}]}}