{"id":523,"date":"2019-12-22T13:29:43","date_gmt":"2019-12-22T13:29:43","guid":{"rendered":"http:\/\/ktk.com.tr\/?page_id=523"},"modified":"2020-01-20T08:28:06","modified_gmt":"2020-01-20T08:28:06","slug":"diaphragm-valves","status":"publish","type":"page","link":"https:\/\/ktk.com.tr\/tr\/diaphragm-valves\/","title":{"rendered":"Diyafram Vanalar"},"content":{"rendered":"<p><img decoding=\"async\" loading=\"lazy\" width=\"640\" height=\"360\" src=\"https:\/\/ktk.com.tr\/wp-content\/uploads\/2020\/01\/dv-st-w-thinktop-v50_640x360-2.jpg\" alt=\"\" class=\"ktk\" srcset=\"https:\/\/ktk.com.tr\/wp-content\/uploads\/2020\/01\/dv-st-w-thinktop-v50_640x360-2.jpg 640w, https:\/\/ktk.com.tr\/wp-content\/uploads\/2020\/01\/dv-st-w-thinktop-v50_640x360-2-300x169.jpg 300w, https:\/\/ktk.com.tr\/wp-content\/uploads\/2020\/01\/dv-st-w-thinktop-v50_640x360-2-1x1.jpg 1w\" sizes=\"(max-width: 640px) 100vw, 640px\" \/>\t\t\t\t\t\t\t\t\t\t\t<\/p>\n<h2>Diyafram Vanalar<\/h2>\n<p>Alfa Laval Benzersiz DV-ST UltraPure diyafram vanalar\u0131, ila\u00e7 ve biyoteknoloji end\u00fcstrileri (ve di\u011fer hijyen odakl\u0131 s\u00fcre\u00e7ler) i\u00e7in do\u011fal se\u00e7imdir. Kompakt ve hafif valfler, valf g\u00f6vdeleri, diyaframlar, akt\u00fcat\u00f6rler ve saplar\u0131 i\u00e7eren bir dizi temel par\u00e7a i\u00e7erir. Se\u00e7im, i\u015fleminizin tam ihtiya\u00e7lar\u0131n\u0131 kar\u015f\u0131lamak i\u00e7in \u00e7ok say\u0131da yap\u0131land\u0131rma sa\u011flar. Kullan\u0131lan t\u00fcm diyaframlar, TSE \/ ADI'nin yan\u0131 s\u0131ra FDA \/ USP s\u0131n\u0131fland\u0131rmalar\u0131n\u0131 da kar\u015f\u0131lar.<\/p>\n<p>\u00a0<br \/>\n\t\t\t<a href=\"https:\/\/ktk.com.tr\/wp-content\/uploads\/2020\/01\/Diaphragm-Valves-Leaflet.pdf\" role=\"button\"><br \/>\n\t\t\t\t\t\t\u00dcr\u00fcn Bilgisi<br \/>\n\t\t\t\t\t<\/a><br \/>\n\t\t\t<a href=\"https:\/\/ktk.com.tr\/tr\/contact-us\/\" role=\"button\"><br \/>\n\t\t\t\t\t\tL\u00fctfen \u0130leti\u015fime Ge\u00e7iniz<br \/>\n\t\t\t\t\t<\/a><br \/>\n\t\t\t<a href=\"https:\/\/ktk.com.tr\/wp-content\/uploads\/2020\/01\/Diaphragm-Valves-Spare-Parts.pdf\" role=\"button\"><br \/>\n\t\t\t\t\t\tYedek Par\u00e7a<br \/>\n\t\t\t\t\t<\/a><\/p>","protected":false},"excerpt":{"rendered":"<p>Diaphragm Valves Alfa Laval Unique DV-ST UltraPure diaphragm valves are the natural choice for pharma and biotech industries (as well as other hygiene-focused processes). The compact and lightweight valves comprise a series of base parts including valve bodies, diaphragms, actuators and handles. The choice gives you a multitude of configurations to meet the exact needs [&hellip;]<\/p>","protected":false},"author":1,"featured_media":0,"parent":0,"menu_order":0,"comment_status":"closed","ping_status":"closed","template":"","meta":[],"_links":{"self":[{"href":"https:\/\/ktk.com.tr\/tr\/wp-json\/wp\/v2\/pages\/523"}],"collection":[{"href":"https:\/\/ktk.com.tr\/tr\/wp-json\/wp\/v2\/pages"}],"about":[{"href":"https:\/\/ktk.com.tr\/tr\/wp-json\/wp\/v2\/types\/page"}],"author":[{"embeddable":true,"href":"https:\/\/ktk.com.tr\/tr\/wp-json\/wp\/v2\/users\/1"}],"replies":[{"embeddable":true,"href":"https:\/\/ktk.com.tr\/tr\/wp-json\/wp\/v2\/comments?post=523"}],"version-history":[{"count":7,"href":"https:\/\/ktk.com.tr\/tr\/wp-json\/wp\/v2\/pages\/523\/revisions"}],"predecessor-version":[{"id":2364,"href":"https:\/\/ktk.com.tr\/tr\/wp-json\/wp\/v2\/pages\/523\/revisions\/2364"}],"wp:attachment":[{"href":"https:\/\/ktk.com.tr\/tr\/wp-json\/wp\/v2\/media?parent=523"}],"curies":[{"name":"wp","href":"https:\/\/api.w.org\/{rel}","templated":true}]}}