{"id":522,"date":"2019-12-22T13:29:43","date_gmt":"2019-12-22T13:29:43","guid":{"rendered":"http:\/\/ktk.com.tr\/?page_id=522"},"modified":"2020-01-20T08:27:43","modified_gmt":"2020-01-20T08:27:43","slug":"control-check-valves","status":"publish","type":"page","link":"https:\/\/ktk.com.tr\/tr\/control-check-valves\/","title":{"rendered":"Kontrol\/\u00c7ek Vanalar"},"content":{"rendered":"<p><img decoding=\"async\" loading=\"lazy\" width=\"640\" height=\"360\" src=\"https:\/\/ktk.com.tr\/wp-content\/uploads\/2020\/01\/lkc2_non-return_regulating_valve_right_side_640x360.png\" alt=\"\" class=\"ktk\" srcset=\"https:\/\/ktk.com.tr\/wp-content\/uploads\/2020\/01\/lkc2_non-return_regulating_valve_right_side_640x360.png 640w, https:\/\/ktk.com.tr\/wp-content\/uploads\/2020\/01\/lkc2_non-return_regulating_valve_right_side_640x360-300x169.png 300w, https:\/\/ktk.com.tr\/wp-content\/uploads\/2020\/01\/lkc2_non-return_regulating_valve_right_side_640x360-1x1.png 1w\" sizes=\"(max-width: 640px) 100vw, 640px\" \/>\t\t\t\t\t\t\t\t\t\t\t<\/p>\n<h2>LKC \u00c7ek Vana<\/h2>\n<p>Paslanmaz \u00e7elik boru tesisatlar\u0131nda kullan\u0131m i\u00e7in \u00f6zel olarak tasarlanm\u0131\u015f LKC-2 \u00e7ek valfler, s\u0131v\u0131lar\u0131n ters ak\u0131\u015f\u0131n\u0131 \u00f6nler. S\u0131hhi end\u00fcstri genelinde \u00e7e\u015fitli i\u015flemlerde yayg\u0131n olarak kullan\u0131lan bu standart \u00e7ek valfler g\u00fcvenli ve son derece g\u00fcvenilirdir.<\/p>\n<p>\t\t\t<a href=\"https:\/\/ktk.com.tr\/wp-content\/uploads\/2020\/01\/ControlCheck-Valve-Leaflet.pdf\" role=\"button\"><br \/>\n\t\t\t\t\t\t\u00dcr\u00fcn Bilgisi<br \/>\n\t\t\t\t\t<\/a><br \/>\n\t\t\t<a href=\"https:\/\/ktk.com.tr\/wp-content\/uploads\/2020\/01\/lkc-2.pdf\" role=\"button\"><br \/>\n\t\t\t\t\t\tKullan\u0131m Klavuzu<br \/>\n\t\t\t\t\t<\/a><br \/>\n\t\t\t<a href=\"https:\/\/ktk.com.tr\/wp-content\/uploads\/2020\/01\/Controlcheck-valve-spare-parts.pdf\" role=\"button\"><br \/>\n\t\t\t\t\t\tYedek Par\u00e7a<br \/>\n\t\t\t\t\t<\/a><br \/>\n\t\t\t\t\t\t\t\t\t\t<img decoding=\"async\" loading=\"lazy\" width=\"640\" height=\"360\" src=\"https:\/\/ktk.com.tr\/wp-content\/uploads\/2020\/01\/lkc_ultrapure_check_valve_right_side_640x360.png\" alt=\"\" class=\"ktk\" srcset=\"https:\/\/ktk.com.tr\/wp-content\/uploads\/2020\/01\/lkc_ultrapure_check_valve_right_side_640x360.png 640w, https:\/\/ktk.com.tr\/wp-content\/uploads\/2020\/01\/lkc_ultrapure_check_valve_right_side_640x360-300x169.png 300w, https:\/\/ktk.com.tr\/wp-content\/uploads\/2020\/01\/lkc_ultrapure_check_valve_right_side_640x360-1x1.png 1w\" sizes=\"(max-width: 640px) 100vw, 640px\" \/>\t\t\t\t\t\t\t\t\t\t\t<\/p>\n<h2>LKC Ultra Saf \u00c7ek Vana<\/h2>\n<p>Biyoteknoloji, ila\u00e7 ve ki\u015fisel bak\u0131m end\u00fcstrilerinin \u00f6zel taleplerini kar\u015f\u0131lamak i\u00e7in tasarlanan LKC UltraPure \u00e7ek valf, g\u00fcvenli, kolay kurulum ve y\u00fcksek, tutarl\u0131 kalite sa\u011flar.<\/p>\n<p>\t\t\t<a href=\"https:\/\/ktk.com.tr\/wp-content\/uploads\/2020\/01\/ControlCheck-Valve-Leaflet.pdf\" role=\"button\"><br \/>\n\t\t\t\t\t\t\u00dcr\u00fcn Bilgisi<br \/>\n\t\t\t\t\t<\/a><br \/>\n\t\t\t<a href=\"https:\/\/ktk.com.tr\/wp-content\/uploads\/2020\/01\/lkc-2.pdf\" role=\"button\"><br \/>\n\t\t\t\t\t\tKullan\u0131m Klavuzu<br \/>\n\t\t\t\t\t<\/a><br \/>\n\t\t\t<a href=\"https:\/\/ktk.com.tr\/wp-content\/uploads\/2020\/01\/Controlcheck-valve-spare-parts.pdf\" role=\"button\"><br \/>\n\t\t\t\t\t\tYedek Par\u00e7a<br \/>\n\t\t\t\t\t<\/a><br \/>\n\t\t\t\t\t\t\t\t\t\t<img decoding=\"async\" loading=\"lazy\" width=\"640\" height=\"360\" src=\"https:\/\/ktk.com.tr\/wp-content\/uploads\/2020\/01\/lkuv_air_relief_valve_640x360.png\" alt=\"\" class=\"ktk\" srcset=\"https:\/\/ktk.com.tr\/wp-content\/uploads\/2020\/01\/lkuv_air_relief_valve_640x360.png 640w, https:\/\/ktk.com.tr\/wp-content\/uploads\/2020\/01\/lkuv_air_relief_valve_640x360-300x169.png 300w, https:\/\/ktk.com.tr\/wp-content\/uploads\/2020\/01\/lkuv_air_relief_valve_640x360-1x1.png 1w\" sizes=\"(max-width: 640px) 100vw, 640px\" \/>\t\t\t\t\t\t\t\t\t\t\t<\/p>\n<h2>LKUV-2 Hava Tahliye Vanalar\u0131<\/h2>\n<p>LKUV-2 hava tahliye vanalar\u0131, bir i\u015flem hatt\u0131ndan \u00fcr\u00fcn kayb\u0131 olmadan havan\u0131n \u00e7\u0131kar\u0131lmas\u0131 birincil sorun oldu\u011funda kullan\u0131lmak \u00fczere tasarlanm\u0131\u015ft\u0131r. Bunlar, hijyen standartlar\u0131n\u0131n gerekli oldu\u011fu i\u015flemler i\u00e7in sa\u011flam g\u00fcvenlik, verimlilik ve d\u00fc\u015f\u00fck sahip olma maliyeti sa\u011flar.<\/p>\n<p>\t\t\t<a href=\"https:\/\/ktk.com.tr\/wp-content\/uploads\/2020\/01\/ControlCheck-Valve-Leaflet.pdf\" role=\"button\"><br \/>\n\t\t\t\t\t\t\u00dcr\u00fcn Bilgisi<br \/>\n\t\t\t\t\t<\/a><br \/>\n\t\t\t<a href=\"https:\/\/ktk.com.tr\/tr\/contact-us\/\" role=\"button\"><br \/>\n\t\t\t\t\t\tL\u00fctfen \u0130leti\u015fime Ge\u00e7iniz<br \/>\n\t\t\t\t\t<\/a><br \/>\n\t\t\t<a href=\"https:\/\/ktk.com.tr\/wp-content\/uploads\/2020\/01\/Controlcheck-valve-spare-parts.pdf\" role=\"button\"><br \/>\n\t\t\t\t\t\tYedek Par\u00e7a<br \/>\n\t\t\t\t\t<\/a><br \/>\n\t\t\t\t\t\t\t\t\t\t<img decoding=\"async\" loading=\"lazy\" width=\"640\" height=\"360\" src=\"https:\/\/ktk.com.tr\/wp-content\/uploads\/2020\/01\/sb-self-cleaning-co2-valve-front_640x360.png\" alt=\"\" class=\"ktk\" srcset=\"https:\/\/ktk.com.tr\/wp-content\/uploads\/2020\/01\/sb-self-cleaning-co2-valve-front_640x360.png 640w, https:\/\/ktk.com.tr\/wp-content\/uploads\/2020\/01\/sb-self-cleaning-co2-valve-front_640x360-300x169.png 300w, https:\/\/ktk.com.tr\/wp-content\/uploads\/2020\/01\/sb-self-cleaning-co2-valve-front_640x360-1x1.png 1w\" sizes=\"(max-width: 640px) 100vw, 640px\" \/>\t\t\t\t\t\t\t\t\t\t\t<\/p>\n<h2>SB Kendi Kendini Temizleyen CO2 Valfi<\/h2>\n<p>Alfa Laval SB Kendi Kendini Temizleyen CO2 Valfi, tank \u00fcst\u00fc sistemleri ve di\u011fer sistemlerden karbondioksit ak\u0131\u015f\u0131n\u0131 kontrol eden kendi kendini d\u00fczenleyen bir valftir. Bira fabrikas\u0131, g\u0131da, s\u00fct \u00fcr\u00fcnleri ve i\u00e7ecek end\u00fcstrilerinde kullan\u0131lmak \u00fczere tasarlanan bu kombine gaz \u00e7\u0131k\u0131\u015f \/ besleme valfi, kab\u0131n havaland\u0131r\u0131lmas\u0131n\u0131 veya bas\u0131n\u00e7land\u0131r\u0131lmas\u0131n\u0131 kolayla\u015ft\u0131r\u0131r. Valf bir SCANDI BREW\u00ae tank \u00fcst\u00fc sistemiyle entegre edilebilir.<\/p>\n<p>\u00a0<br \/>\n\t\t\t<a href=\"https:\/\/ktk.com.tr\/wp-content\/uploads\/2020\/01\/ControlCheck-Valve-Leaflet.pdf\" role=\"button\"><br \/>\n\t\t\t\t\t\t\u00dcr\u00fcn Bilgisi<br \/>\n\t\t\t\t\t<\/a><br \/>\n\t\t\t<a href=\"https:\/\/ktk.com.tr\/tr\/contact-us\/\" role=\"button\"><br \/>\n\t\t\t\t\t\tL\u00fctfen \u0130leti\u015fime Ge\u00e7iniz<br \/>\n\t\t\t\t\t<\/a><br \/>\n\t\t\t<a href=\"https:\/\/ktk.com.tr\/wp-content\/uploads\/2020\/01\/Controlcheck-valve-spare-parts.pdf\" role=\"button\"><br \/>\n\t\t\t\t\t\tYedek Par\u00e7a<br \/>\n\t\t\t\t\t<\/a><\/p>","protected":false},"excerpt":{"rendered":"<p>LKC Non-return Valve Specially designed for use in stainless steel pipe installations, LKC-2 non-return valves prevent the reverse flow of fluids. Widely used in various processes throughout the sanitary industry, these standard non-return valves are safe and highly reliable. Product Data Instruction Manual Spare Parts LKC UltraPure Non-return Valve Designed to meet the specific demands [&hellip;]<\/p>","protected":false},"author":1,"featured_media":0,"parent":0,"menu_order":0,"comment_status":"closed","ping_status":"closed","template":"","meta":[],"_links":{"self":[{"href":"https:\/\/ktk.com.tr\/tr\/wp-json\/wp\/v2\/pages\/522"}],"collection":[{"href":"https:\/\/ktk.com.tr\/tr\/wp-json\/wp\/v2\/pages"}],"about":[{"href":"https:\/\/ktk.com.tr\/tr\/wp-json\/wp\/v2\/types\/page"}],"author":[{"embeddable":true,"href":"https:\/\/ktk.com.tr\/tr\/wp-json\/wp\/v2\/users\/1"}],"replies":[{"embeddable":true,"href":"https:\/\/ktk.com.tr\/tr\/wp-json\/wp\/v2\/comments?post=522"}],"version-history":[{"count":8,"href":"https:\/\/ktk.com.tr\/tr\/wp-json\/wp\/v2\/pages\/522\/revisions"}],"predecessor-version":[{"id":2363,"href":"https:\/\/ktk.com.tr\/tr\/wp-json\/wp\/v2\/pages\/522\/revisions\/2363"}],"wp:attachment":[{"href":"https:\/\/ktk.com.tr\/tr\/wp-json\/wp\/v2\/media?parent=522"}],"curies":[{"name":"wp","href":"https:\/\/api.w.org\/{rel}","templated":true}]}}