{"id":521,"date":"2019-12-22T13:29:43","date_gmt":"2019-12-22T13:29:43","guid":{"rendered":"http:\/\/ktk.com.tr\/?page_id=521"},"modified":"2020-01-20T08:26:54","modified_gmt":"2020-01-20T08:26:54","slug":"butterfly-valves","status":"publish","type":"page","link":"https:\/\/ktk.com.tr\/tr\/butterfly-valves\/","title":{"rendered":"Kelebek Vanalar"},"content":{"rendered":"<p><img decoding=\"async\" loading=\"lazy\" width=\"640\" height=\"360\" src=\"https:\/\/ktk.com.tr\/wp-content\/uploads\/2020\/01\/sbv-ball-valve-w-thinktop-v50_640x360.jpg\" alt=\"\" class=\"ktk\" srcset=\"https:\/\/ktk.com.tr\/wp-content\/uploads\/2020\/01\/sbv-ball-valve-w-thinktop-v50_640x360.jpg 640w, https:\/\/ktk.com.tr\/wp-content\/uploads\/2020\/01\/sbv-ball-valve-w-thinktop-v50_640x360-300x169.jpg 300w, https:\/\/ktk.com.tr\/wp-content\/uploads\/2020\/01\/sbv-ball-valve-w-thinktop-v50_640x360-1x1.jpg 1w\" sizes=\"(max-width: 640px) 100vw, 640px\" \/>\t\t\t\t\t\t\t\t\t\t\t<\/p>\n<h2>LKB Kelebek Vana<\/h2>\n<p>Kelebek vanalar, \u00f6nemli bir a\u00e7ma alan\u0131na ve d\u00fc\u015f\u00fck ak\u0131\u015f direncine sahip nispeten basit a\u00e7ma \/ kapama y\u00f6nlendirme vanalar\u0131d\u0131r. Hijyen standartlar\u0131n\u0131n \u00f6nemli oldu\u011fu yerlerde, bunlar d\u00fc\u015f\u00fck ve orta viskoziteli s\u0131v\u0131lar i\u00e7in idealdir.<\/p>\n<p>\t\t\t<a href=\"https:\/\/ktk.com.tr\/wp-content\/uploads\/2020\/01\/Butterfly-Valves-Leaflet.pdf\" role=\"button\"><br \/>\n\t\t\t\t\t\t\u00dcr\u00fcn Bilgisi<br \/>\n\t\t\t\t\t<\/a><br \/>\n\t\t\t<a href=\"https:\/\/ktk.com.tr\/wp-content\/uploads\/2020\/01\/alfa-laval-lkb-automatic-or-manual-butterfly-valve-and-lkb-lp-low-pressure-butterfly-valve-instruction-manual-ese02446en.pdf\" role=\"button\"><br \/>\n\t\t\t\t\t\tKullan\u0131m Klavuzu<br \/>\n\t\t\t\t\t<\/a><br \/>\n\t\t\t<a href=\"https:\/\/ktk.com.tr\/wp-content\/uploads\/2020\/01\/Butterfly-Valve-Spare-parts.pdf\" role=\"button\"><br \/>\n\t\t\t\t\t\tYedek Par\u00e7a<br \/>\n\t\t\t\t\t<\/a><br \/>\n\t\t\t\t\t\t\t\t\t\t<img decoding=\"async\" loading=\"lazy\" width=\"640\" height=\"360\" src=\"https:\/\/ktk.com.tr\/wp-content\/uploads\/2020\/01\/lkb-butterfly-ultrapure-valve-w-thinktop-v50_640x360.jpg\" alt=\"\" class=\"ktk\" srcset=\"https:\/\/ktk.com.tr\/wp-content\/uploads\/2020\/01\/lkb-butterfly-ultrapure-valve-w-thinktop-v50_640x360.jpg 640w, https:\/\/ktk.com.tr\/wp-content\/uploads\/2020\/01\/lkb-butterfly-ultrapure-valve-w-thinktop-v50_640x360-300x169.jpg 300w, https:\/\/ktk.com.tr\/wp-content\/uploads\/2020\/01\/lkb-butterfly-ultrapure-valve-w-thinktop-v50_640x360-1x1.jpg 1w\" sizes=\"(max-width: 640px) 100vw, 640px\" \/>\t\t\t\t\t\t\t\t\t\t\t<\/p>\n<h2>LKB UltraPure <\/h2>\n<p>Bu kelebek vanalar, ki\u015fisel bak\u0131m, biyoteknoloji ve farmas\u00f6tik uygulamalarda d\u00fc\u015f\u00fck ve orta viskoziteli s\u0131v\u0131larla kullan\u0131m i\u00e7in hijyenik a\u00e7ma \/ kapama vanalar\u0131d\u0131r.<\/p>\n<p>\t\t\t<a href=\"https:\/\/ktk.com.tr\/wp-content\/uploads\/2020\/01\/Butterfly-Valves-Leaflet.pdf\" role=\"button\"><br \/>\n\t\t\t\t\t\t\u00dcr\u00fcn Bilgisi<br \/>\n\t\t\t\t\t<\/a><br \/>\n\t\t\t<a href=\"https:\/\/ktk.com.tr\/wp-content\/uploads\/2020\/01\/LKB-UltraPure-2.pdf\" role=\"button\"><br \/>\n\t\t\t\t\t\tKullan\u0131m Klavuzu<br \/>\n\t\t\t\t\t<\/a><br \/>\n\t\t\t<a href=\"https:\/\/ktk.com.tr\/wp-content\/uploads\/2020\/01\/Butterfly-Valve-Spare-parts.pdf\" role=\"button\"><br \/>\n\t\t\t\t\t\tYedek Par\u00e7a<br \/>\n\t\t\t\t\t<\/a><br \/>\n\t\t\t\t\t\t\t\t\t\t<img decoding=\"async\" loading=\"lazy\" width=\"640\" height=\"360\" src=\"https:\/\/ktk.com.tr\/wp-content\/uploads\/2020\/01\/butterfly_valves_lkb-f_left_side_640x360.png\" alt=\"\" class=\"ktk\" srcset=\"https:\/\/ktk.com.tr\/wp-content\/uploads\/2020\/01\/butterfly_valves_lkb-f_left_side_640x360.png 640w, https:\/\/ktk.com.tr\/wp-content\/uploads\/2020\/01\/butterfly_valves_lkb-f_left_side_640x360-300x169.png 300w, https:\/\/ktk.com.tr\/wp-content\/uploads\/2020\/01\/butterfly_valves_lkb-f_left_side_640x360-1x1.png 1w\" sizes=\"(max-width: 640px) 100vw, 640px\" \/>\t\t\t\t\t\t\t\t\t\t\t<\/p>\n<h2>LKB-F<\/h2>\n<p>LKB kelebek vanas\u0131n\u0131n, boru kurulumlar\u0131n\u0131 s\u00f6kmeye gerek kalmadan vana g\u00f6vdesini \u00e7\u0131karmay\u0131 kolayla\u015ft\u0131ran \u00f6zel flan\u015f versiyonu. Bu da onar\u0131m, servis ve de\u011fi\u015ftirme i\u015flemlerini minimum d\u00fczeyde kesinti ile kolayla\u015ft\u0131r\u0131r.<\/p>\n<p>\t\t\t<a href=\"https:\/\/ktk.com.tr\/wp-content\/uploads\/2020\/01\/Butterfly-Valves-Leaflet.pdf\" role=\"button\"><br \/>\n\t\t\t\t\t\t\u00dcr\u00fcn Bilgisi<br \/>\n\t\t\t\t\t<\/a><br \/>\n\t\t\t<a href=\"https:\/\/ktk.com.tr\/wp-content\/uploads\/2020\/01\/alfa-laval-lkb-automatic-or-manual-butterfly-valve-and-lkb-lp-low-pressure-butterfly-valve-instruction-manual-ese02446en.pdf\" role=\"button\"><br \/>\n\t\t\t\t\t\tKullan\u0131m Klavuzu<br \/>\n\t\t\t\t\t<\/a><br \/>\n\t\t\t<a href=\"https:\/\/ktk.com.tr\/wp-content\/uploads\/2020\/01\/Butterfly-Valve-Spare-parts.pdf\" role=\"button\"><br \/>\n\t\t\t\t\t\tYedek Par\u00e7a<br \/>\n\t\t\t\t\t<\/a><br \/>\n\t\t\t\t\t\t\t\t\t\t<img decoding=\"async\" loading=\"lazy\" width=\"640\" height=\"360\" src=\"https:\/\/ktk.com.tr\/wp-content\/uploads\/2020\/01\/unique_control_right_side_640x360.png\" alt=\"\" class=\"ktk\" srcset=\"https:\/\/ktk.com.tr\/wp-content\/uploads\/2020\/01\/unique_control_right_side_640x360.png 640w, https:\/\/ktk.com.tr\/wp-content\/uploads\/2020\/01\/unique_control_right_side_640x360-300x169.png 300w, https:\/\/ktk.com.tr\/wp-content\/uploads\/2020\/01\/unique_control_right_side_640x360-1x1.png 1w\" sizes=\"(max-width: 640px) 100vw, 640px\" \/>\t\t\t\t\t\t\t\t\t\t\t<\/p>\n<h2>Unique Control LKB<\/h2>\n<p>Alfa Laval Benzersiz DV-ST UltraPure diyafram vanalar\u0131, ila\u00e7 ve biyoteknoloji end\u00fcstrileri (ve di\u011fer hijyen odakl\u0131 s\u00fcre\u00e7ler) i\u00e7in do\u011fal se\u00e7imdir. Kompakt ve hafif valfler, valf g\u00f6vdeleri, diyaframlar, akt\u00fcat\u00f6rler ve saplar\u0131 i\u00e7eren bir dizi temel par\u00e7a i\u00e7erir. Se\u00e7im, i\u015fleminizin tam ihtiya\u00e7lar\u0131n\u0131 kar\u015f\u0131lamak i\u00e7in \u00e7ok say\u0131da yap\u0131land\u0131rma sa\u011flar. Kullan\u0131lan t\u00fcm diyaframlar, TSE \/ ADI'nin yan\u0131 s\u0131ra FDA \/ USP s\u0131n\u0131fland\u0131rmalar\u0131n\u0131 da kar\u015f\u0131lar.<\/p>\n<p>\u00a0<br \/>\n\t\t\t<a href=\"https:\/\/ktk.com.tr\/wp-content\/uploads\/2020\/01\/Butterfly-Valves-Leaflet.pdf\" role=\"button\"><br \/>\n\t\t\t\t\t\t\u00dcr\u00fcn Bilgisi<br \/>\n\t\t\t\t\t<\/a><br \/>\n\t\t\t<a href=\"https:\/\/ktk.com.tr\/wp-content\/uploads\/2020\/01\/Unique-Control-3.pdf\" role=\"button\"><br \/>\n\t\t\t\t\t\tKullan\u0131m Klavuzu<br \/>\n\t\t\t\t\t<\/a><br \/>\n\t\t\t<a href=\"https:\/\/ktk.com.tr\/wp-content\/uploads\/2020\/01\/Butterfly-Valve-Spare-parts.pdf\" role=\"button\"><br \/>\n\t\t\t\t\t\tYedek Par\u00e7a<br \/>\n\t\t\t\t\t<\/a><\/p>","protected":false},"excerpt":{"rendered":"<p>LKB Butterfly Valve Butterfly valves are relatively straightforward on\/off routing valves with a substantial opening area and low flow resistance. Where hygiene standards are important, these are ideal for use with low and medium-viscosity liquids. Product Data Instruction Manual Spare Parts LKB UltraPure Our butterfly valves are straightforward on\/off routing valves with a substantial opening [&hellip;]<\/p>","protected":false},"author":1,"featured_media":0,"parent":0,"menu_order":0,"comment_status":"closed","ping_status":"closed","template":"","meta":[],"_links":{"self":[{"href":"https:\/\/ktk.com.tr\/tr\/wp-json\/wp\/v2\/pages\/521"}],"collection":[{"href":"https:\/\/ktk.com.tr\/tr\/wp-json\/wp\/v2\/pages"}],"about":[{"href":"https:\/\/ktk.com.tr\/tr\/wp-json\/wp\/v2\/types\/page"}],"author":[{"embeddable":true,"href":"https:\/\/ktk.com.tr\/tr\/wp-json\/wp\/v2\/users\/1"}],"replies":[{"embeddable":true,"href":"https:\/\/ktk.com.tr\/tr\/wp-json\/wp\/v2\/comments?post=521"}],"version-history":[{"count":9,"href":"https:\/\/ktk.com.tr\/tr\/wp-json\/wp\/v2\/pages\/521\/revisions"}],"predecessor-version":[{"id":2362,"href":"https:\/\/ktk.com.tr\/tr\/wp-json\/wp\/v2\/pages\/521\/revisions\/2362"}],"wp:attachment":[{"href":"https:\/\/ktk.com.tr\/tr\/wp-json\/wp\/v2\/media?parent=521"}],"curies":[{"name":"wp","href":"https:\/\/api.w.org\/{rel}","templated":true}]}}