{"id":520,"date":"2019-12-22T13:29:43","date_gmt":"2019-12-22T13:29:43","guid":{"rendered":"http:\/\/ktk.com.tr\/?page_id=520"},"modified":"2021-04-22T00:21:58","modified_gmt":"2021-04-21T21:21:58","slug":"ball-valves","status":"publish","type":"page","link":"https:\/\/ktk.com.tr\/tr\/ball-valves\/","title":{"rendered":"K\u00fcresel Vanalar"},"content":{"rendered":"<div class=\"wp-block-image\">\n<figure class=\"alignright\"><img decoding=\"async\" src=\"https:\/\/ktk.com.tr\/wp-content\/uploads\/2020\/01\/sbv-ball-valve-w-thinktop-v50_640x360.jpg\" alt=\"\"><\/figure>\n<\/div>\n<h2>SBV K\u00fcresel Vana<\/h2>\n<p>S\u0131hhi k\u00fcresel vanalar, minimum bas\u0131n\u00e7 d\u00fc\u015f\u00fc\u015f\u00fc ile tam s\u0131v\u0131 ak\u0131\u015f\u0131n\u0131 sa\u011flayan tam delikli bir tasar\u0131ma sahiptir, bu da viskoz s\u0131v\u0131lar\u0131 veya yiyecek, i\u00e7ecek, kimya ve ila\u00e7 end\u00fcstrilerinde par\u00e7ac\u0131klar i\u00e7eren s\u0131v\u0131lar\u0131 i\u015flemek i\u00e7in idealdir.<\/p>\n<p><a role=\"button\" href=\"https:\/\/ktk.com.tr\/wp-content\/uploads\/2020\/01\/SBV-Sanitary-Ball-Valve.pdf\"><br \/>\n\u00dcr\u00fcn Bilgisi<\/a><br \/>\n<a role=\"button\" href=\"https:\/\/ktk.com.tr\/wp-content\/uploads\/2020\/01\/SBV.pdf\"><br \/>\nKullan\u0131m Klavuzu<br \/>\n<\/a><br \/>\n<a role=\"button\" href=\"https:\/\/ktk.com.tr\/wp-content\/uploads\/2020\/01\/SBV-2.pdf\"><br \/>\nYedek Par\u00e7a<br \/>\n<\/a><\/p>","protected":false},"excerpt":{"rendered":"<p>SBV Ball Valve Sanitary ball valves feature a full-bore design that enables full fluid flow with minimal pressure drop, making them ideal for handling viscous liquids or liquids containing particles in the food, beverage, chemical and pharmaceutical industries. Product Data Instruction Manual Spare Parts<\/p>","protected":false},"author":1,"featured_media":0,"parent":0,"menu_order":0,"comment_status":"closed","ping_status":"closed","template":"","meta":[],"_links":{"self":[{"href":"https:\/\/ktk.com.tr\/tr\/wp-json\/wp\/v2\/pages\/520"}],"collection":[{"href":"https:\/\/ktk.com.tr\/tr\/wp-json\/wp\/v2\/pages"}],"about":[{"href":"https:\/\/ktk.com.tr\/tr\/wp-json\/wp\/v2\/types\/page"}],"author":[{"embeddable":true,"href":"https:\/\/ktk.com.tr\/tr\/wp-json\/wp\/v2\/users\/1"}],"replies":[{"embeddable":true,"href":"https:\/\/ktk.com.tr\/tr\/wp-json\/wp\/v2\/comments?post=520"}],"version-history":[{"count":16,"href":"https:\/\/ktk.com.tr\/tr\/wp-json\/wp\/v2\/pages\/520\/revisions"}],"predecessor-version":[{"id":2468,"href":"https:\/\/ktk.com.tr\/tr\/wp-json\/wp\/v2\/pages\/520\/revisions\/2468"}],"wp:attachment":[{"href":"https:\/\/ktk.com.tr\/tr\/wp-json\/wp\/v2\/media?parent=520"}],"curies":[{"name":"wp","href":"https:\/\/api.w.org\/{rel}","templated":true}]}}