{"id":519,"date":"2019-12-22T13:29:43","date_gmt":"2019-12-22T13:29:43","guid":{"rendered":"http:\/\/ktk.com.tr\/?page_id=519"},"modified":"2020-01-20T08:25:53","modified_gmt":"2020-01-20T08:25:53","slug":"valves","status":"publish","type":"page","link":"https:\/\/ktk.com.tr\/tr\/valves\/","title":{"rendered":"Vanalar"},"content":{"rendered":"<p><img decoding=\"async\" loading=\"lazy\" width=\"640\" height=\"360\" src=\"https:\/\/ktk.com.tr\/wp-content\/uploads\/2020\/01\/sbv-ball-valve-w-thinktop-v50_640x360.jpg\" alt=\"\" class=\"ktk\" srcset=\"https:\/\/ktk.com.tr\/wp-content\/uploads\/2020\/01\/sbv-ball-valve-w-thinktop-v50_640x360.jpg 640w, https:\/\/ktk.com.tr\/wp-content\/uploads\/2020\/01\/sbv-ball-valve-w-thinktop-v50_640x360-300x169.jpg 300w, https:\/\/ktk.com.tr\/wp-content\/uploads\/2020\/01\/sbv-ball-valve-w-thinktop-v50_640x360-1x1.jpg 1w\" sizes=\"(max-width: 640px) 100vw, 640px\" \/>\t\t\t\t\t\t\t\t\t\t\t<\/p>\n<h2>K\u00fcresel Vanalar<\/h2>\n<p>K\u00fcresel vanalar\u0131m\u0131z, \u00fcr\u00fcn\u00fcn herhangi bir k\u0131s\u0131tlama olmaks\u0131z\u0131n ve minimum bas\u0131n\u00e7 d\u00fc\u015f\u00fc\u015f\u00fc ile vanadan ge\u00e7mesini sa\u011flayan tam ak\u0131\u015fl\u0131 g\u00f6vde tasar\u0131m\u0131 ile \u00fcretilmi\u015ftir. Temel tasar\u0131m, pigging sistemleri kullan\u0131larak temizlik ve \u00fcr\u00fcn geri kazan\u0131m\u0131 sa\u011flar ve viskoz s\u0131v\u0131lar ve kat\u0131 veya yar\u0131 kat\u0131 par\u00e7ac\u0131klar i\u00e7eren s\u0131v\u0131lar ile kullan\u0131m i\u00e7in idealdir. Hijyenik kullan\u0131m i\u00e7in Alfa Laval k\u00fcresel vanalar, Alfa Laval SBV ve Alfa Laval Tri-Clover\u00ae tan\u0131mlar\u0131na sahiptir.<\/p>\n<p>\t\t\t<a href=\"https:\/\/ktk.com.tr\/tr\/ball-valves\/\" role=\"button\"><br \/>\n\t\t\t\t\t\tDaha Fazla<br \/>\n\t\t\t\t\t<\/a><br \/>\n\t\t\t\t\t\t\t\t\t\t<img decoding=\"async\" loading=\"lazy\" width=\"640\" height=\"360\" src=\"https:\/\/ktk.com.tr\/wp-content\/uploads\/2020\/01\/lkb-butterfly-ultrapure-valve-w-thinktop-v50_640x360.jpg\" alt=\"\" class=\"ktk\" srcset=\"https:\/\/ktk.com.tr\/wp-content\/uploads\/2020\/01\/lkb-butterfly-ultrapure-valve-w-thinktop-v50_640x360.jpg 640w, https:\/\/ktk.com.tr\/wp-content\/uploads\/2020\/01\/lkb-butterfly-ultrapure-valve-w-thinktop-v50_640x360-300x169.jpg 300w, https:\/\/ktk.com.tr\/wp-content\/uploads\/2020\/01\/lkb-butterfly-ultrapure-valve-w-thinktop-v50_640x360-1x1.jpg 1w\" sizes=\"(max-width: 640px) 100vw, 640px\" \/>\t\t\t\t\t\t\t\t\t\t\t<\/p>\n<h2>Kelebek Vanalar<\/h2>\n<p>Bu kelebek vanalar, ki\u015fisel bak\u0131m, biyoteknoloji ve farmas\u00f6tik uygulamalarda d\u00fc\u015f\u00fck ve orta viskoziteli s\u0131v\u0131larla kullan\u0131m i\u00e7in hijyenik a\u00e7ma \/ kapama vanalar\u0131d\u0131r.<\/p>\n<p>\t\t\t<a href=\"https:\/\/ktk.com.tr\/tr\/butterfly-valves\/\" role=\"button\"><br \/>\n\t\t\t\t\t\tDaha Fazla<br \/>\n\t\t\t\t\t<\/a><br \/>\n\t\t\t\t\t\t\t\t\t\t<img decoding=\"async\" loading=\"lazy\" width=\"640\" height=\"360\" src=\"https:\/\/ktk.com.tr\/wp-content\/uploads\/2020\/01\/lkc2_non-return_regulating_valve_right_side_640x360.png\" alt=\"\" class=\"ktk\" srcset=\"https:\/\/ktk.com.tr\/wp-content\/uploads\/2020\/01\/lkc2_non-return_regulating_valve_right_side_640x360.png 640w, https:\/\/ktk.com.tr\/wp-content\/uploads\/2020\/01\/lkc2_non-return_regulating_valve_right_side_640x360-300x169.png 300w, https:\/\/ktk.com.tr\/wp-content\/uploads\/2020\/01\/lkc2_non-return_regulating_valve_right_side_640x360-1x1.png 1w\" sizes=\"(max-width: 640px) 100vw, 640px\" \/>\t\t\t\t\t\t\t\t\t\t\t<\/p>\n<h2>Kontrol\/\u00c7ek Vanalar<\/h2>\n<p>LKB kelebek vanas\u0131n\u0131n, boru kurulumlar\u0131n\u0131 s\u00f6kmeye gerek kalmadan vana g\u00f6vdesini \u00e7\u0131karmay\u0131 kolayla\u015ft\u0131ran \u00f6zel flan\u015f versiyonu. Bu da onar\u0131m, servis ve de\u011fi\u015ftirme i\u015flemlerini minimum d\u00fczeyde kesinti ile kolayla\u015ft\u0131r\u0131r.<\/p>\n<p>\t\t\t<a href=\"https:\/\/ktk.com.tr\/tr\/control-check-valves\/\" role=\"button\"><br \/>\n\t\t\t\t\t\tDaha Fazla<br \/>\n\t\t\t\t\t<\/a><br \/>\n\t\t\t\t\t\t\t\t\t\t<img decoding=\"async\" loading=\"lazy\" width=\"640\" height=\"360\" src=\"https:\/\/ktk.com.tr\/wp-content\/uploads\/2020\/01\/dv-st-w-thinktop-v50_640x360-2.jpg\" alt=\"\" class=\"ktk\" srcset=\"https:\/\/ktk.com.tr\/wp-content\/uploads\/2020\/01\/dv-st-w-thinktop-v50_640x360-2.jpg 640w, https:\/\/ktk.com.tr\/wp-content\/uploads\/2020\/01\/dv-st-w-thinktop-v50_640x360-2-300x169.jpg 300w, https:\/\/ktk.com.tr\/wp-content\/uploads\/2020\/01\/dv-st-w-thinktop-v50_640x360-2-1x1.jpg 1w\" sizes=\"(max-width: 640px) 100vw, 640px\" \/>\t\t\t\t\t\t\t\t\t\t\t<\/p>\n<h2>Diyafram Vanalar<\/h2>\n<p>Alfa Laval Benzersiz DV-ST UltraPure diyafram vanalar\u0131, ila\u00e7 ve biyoteknoloji end\u00fcstrileri (ve di\u011fer hijyen odakl\u0131 s\u00fcre\u00e7ler) i\u00e7in do\u011fal se\u00e7imdir. Kompakt ve hafif valfler, valf g\u00f6vdeleri, diyaframlar, akt\u00fcat\u00f6rler ve saplar\u0131 i\u00e7eren bir dizi temel par\u00e7a i\u00e7erir. Se\u00e7im, i\u015fleminizin tam ihtiya\u00e7lar\u0131n\u0131 kar\u015f\u0131lamak i\u00e7in \u00e7ok say\u0131da yap\u0131land\u0131rma sa\u011flar. Kullan\u0131lan t\u00fcm diyaframlar, TSE \/ ADI'nin yan\u0131 s\u0131ra FDA \/ USP s\u0131n\u0131fland\u0131rmalar\u0131n\u0131 da kar\u015f\u0131lar.<\/p>\n<p>\u00a0<br \/>\n\t\t\t<a href=\"https:\/\/ktk.com.tr\/tr\/diaphragm-valves\/\" role=\"button\"><br \/>\n\t\t\t\t\t\tDaha Fazla<br \/>\n\t\t\t\t\t<\/a><br \/>\n\t\t\t\t\t\t\t\t\t\t<img decoding=\"async\" loading=\"lazy\" width=\"640\" height=\"360\" src=\"https:\/\/ktk.com.tr\/wp-content\/uploads\/2020\/01\/smp-bc-w-thinktop-v50_640x360.jpg\" alt=\"\" class=\"ktk\" srcset=\"https:\/\/ktk.com.tr\/wp-content\/uploads\/2020\/01\/smp-bc-w-thinktop-v50_640x360.jpg 640w, https:\/\/ktk.com.tr\/wp-content\/uploads\/2020\/01\/smp-bc-w-thinktop-v50_640x360-300x169.jpg 300w, https:\/\/ktk.com.tr\/wp-content\/uploads\/2020\/01\/smp-bc-w-thinktop-v50_640x360-1x1.jpg 1w\" sizes=\"(max-width: 640px) 100vw, 640px\" \/>\t\t\t\t\t\t\t\t\t\t\t<\/p>\n<h2>\u00c7ift Contal\u0131 Vanalar<\/h2>\n<p>Alfa Laval SMP-BC ve aseptik versiyon SMP-BCA olmak \u00fczere iki adet \u00e7ift s\u0131zd\u0131rmaz kar\u0131\u015f\u0131m ge\u00e7irmez valf sunuyoruz. Valfler standartla\u015ft\u0131r\u0131lm\u0131\u015f ve uygun maliyetli bir tasar\u0131ma sahiptir ve matris boru sistemleri yoluyla hijyenik proses ak\u0131\u015flar\u0131n\u0131 i\u015flemek i\u00e7in idealdir.<\/p>\n<p>\t\t\t<a href=\"https:\/\/ktk.com.tr\/tr\/double-seal-valves\/\" role=\"button\"><br \/>\n\t\t\t\t\t\tDaha Fazla<br \/>\n\t\t\t\t\t<\/a><br \/>\n\t\t\t\t\t\t\t\t\t\t<img decoding=\"async\" loading=\"lazy\" width=\"640\" height=\"360\" src=\"https:\/\/ktk.com.tr\/wp-content\/uploads\/2020\/01\/unique-mixproof-seatclean-w-thinktop-v70_640x360.jpg\" alt=\"\" class=\"ktk\" srcset=\"https:\/\/ktk.com.tr\/wp-content\/uploads\/2020\/01\/unique-mixproof-seatclean-w-thinktop-v70_640x360.jpg 640w, https:\/\/ktk.com.tr\/wp-content\/uploads\/2020\/01\/unique-mixproof-seatclean-w-thinktop-v70_640x360-300x169.jpg 300w, https:\/\/ktk.com.tr\/wp-content\/uploads\/2020\/01\/unique-mixproof-seatclean-w-thinktop-v70_640x360-1x1.jpg 1w\" sizes=\"(max-width: 640px) 100vw, 640px\" \/>\t\t\t\t\t\t\t\t\t\t\t<\/p>\n<h2>\u00c7ift Yatakl\u0131 Vanalar<\/h2>\n<p>\u00c7ift yatakl\u0131 valf konseptimiz, herhangi bir \u00f6zel gereksinime kolayca uyarlanabilen mod\u00fcler \u00e7\u00f6z\u00fcmler sunar. \u00c7ift yatakl\u0131 tasar\u0131m uzun \u00f6m\u00fcrl\u00fc, d\u00f6k\u00fclmeden \u00e7al\u0131\u015fma imkan\u0131 sunarak \u00fcr\u00fcn kontaminasyonu riskini en aza indirir. \u00c7ift contalar\u0131n kullan\u0131lmas\u0131 g\u00fcvenli ve hijyenik \u00e7al\u0131\u015fmay\u0131 sa\u011flamak i\u00e7in ek koruma sa\u011flar.<\/p>\n<p>\t\t\t<a href=\"https:\/\/ktk.com.tr\/tr\/double-seat-valves\/\" role=\"button\"><br \/>\n\t\t\t\t\t\tDaha Fazla<br \/>\n\t\t\t\t\t<\/a><br \/>\n\t\t\t\t\t\t\t\t\t\t<img decoding=\"async\" loading=\"lazy\" width=\"640\" height=\"360\" src=\"https:\/\/ktk.com.tr\/wp-content\/uploads\/2020\/01\/sb-tank-pressure-regulator-front_640x360.png\" alt=\"\" class=\"ktk\" srcset=\"https:\/\/ktk.com.tr\/wp-content\/uploads\/2020\/01\/sb-tank-pressure-regulator-front_640x360.png 640w, https:\/\/ktk.com.tr\/wp-content\/uploads\/2020\/01\/sb-tank-pressure-regulator-front_640x360-300x169.png 300w, https:\/\/ktk.com.tr\/wp-content\/uploads\/2020\/01\/sb-tank-pressure-regulator-front_640x360-1x1.png 1w\" sizes=\"(max-width: 640px) 100vw, 640px\" \/>\t\t\t\t\t\t\t\t\t\t\t<\/p>\n<h2>Ayar Vanalar\u0131<\/h2>\n<p>Ayar vanalar\u0131m\u0131z, ak\u0131\u015f hacimlerini ve ak\u0131\u015f y\u00f6nlerini ayarlamak veya izlemek i\u00e7in kullan\u0131l\u0131r. \u00c7ok \u00e7e\u015fitli \u00f6l\u00e7\u00fcm, kar\u0131\u015ft\u0131rma, tart\u0131m ve doldurma sistemi uygulamalar\u0131nda kullan\u0131lmak \u00fczere \u00f6zel olarak tasarlanm\u0131\u015f olan bu sistemler, ak\u0131\u015f h\u0131z\u0131 veya bas\u0131nc\u0131n\u0131n hassas kontrol\u00fc i\u00e7in ideal \u00e7\u00f6z\u00fcmlerdir.<\/p>\n<p>\u00a0<br \/>\n\t\t\t<a href=\"https:\/\/ktk.com.tr\/tr\/regulating-valves\/\" role=\"button\"><br \/>\n\t\t\t\t\t\tDaha Fazla<br \/>\n\t\t\t\t\t<\/a><br \/>\n\t\t\t\t\t\t\t\t\t\t<img decoding=\"async\" loading=\"lazy\" width=\"640\" height=\"360\" src=\"https:\/\/ktk.com.tr\/wp-content\/uploads\/2020\/01\/sb-anti-vacuum-valve-left-side_640x360.png\" alt=\"\" class=\"ktk\" srcset=\"https:\/\/ktk.com.tr\/wp-content\/uploads\/2020\/01\/sb-anti-vacuum-valve-left-side_640x360.png 640w, https:\/\/ktk.com.tr\/wp-content\/uploads\/2020\/01\/sb-anti-vacuum-valve-left-side_640x360-300x169.png 300w, https:\/\/ktk.com.tr\/wp-content\/uploads\/2020\/01\/sb-anti-vacuum-valve-left-side_640x360-1x1.png 1w\" sizes=\"(max-width: 640px) 100vw, 640px\" \/>\t\t\t\t\t\t\t\t\t\t\t<\/p>\n<h2>G\u00fcvenlik Vanalar\u0131<\/h2>\n<p>Emniyet valfleri, tank ve boru hatlar\u0131nda a\u015f\u0131r\u0131 bas\u0131n\u00e7 veya vakum korumas\u0131 i\u00e7in kullan\u0131l\u0131r. S\u0131cak temizlemeden sonra so\u011fuk durulamadan kaynaklanan vakum nedeniyle patlamaya kar\u015f\u0131 korur; CO2 atmosferi \/ s\u0131cakl\u0131k dalgalanmalar\u0131nda emilen kostik nedeniyle patlamaya veya bo\u015faltma s\u0131ras\u0131nda gaz kayna\u011f\u0131n\u0131n t\u0131kanmas\u0131na ba\u011fl\u0131 patlamaya kar\u015f\u0131.<\/p>\n<p>\t\t\t<a href=\"https:\/\/ktk.com.tr\/tr\/safety-valves\/\" role=\"button\"><br \/>\n\t\t\t\t\t\tDaha Fazla<br \/>\n\t\t\t\t\t<\/a><br \/>\n\t\t\t\t\t\t\t\t\t\t<img decoding=\"async\" loading=\"lazy\" width=\"640\" height=\"360\" src=\"https:\/\/ktk.com.tr\/wp-content\/uploads\/2020\/01\/unique_sampling_valve_front_640x360_new.png\" alt=\"\" class=\"ktk\" srcset=\"https:\/\/ktk.com.tr\/wp-content\/uploads\/2020\/01\/unique_sampling_valve_front_640x360_new.png 640w, https:\/\/ktk.com.tr\/wp-content\/uploads\/2020\/01\/unique_sampling_valve_front_640x360_new-300x169.png 300w, https:\/\/ktk.com.tr\/wp-content\/uploads\/2020\/01\/unique_sampling_valve_front_640x360_new-1x1.png 1w\" sizes=\"(max-width: 640px) 100vw, 640px\" \/>\t\t\t\t\t\t\t\t\t\t\t<\/p>\n<h2>Numune Alma Vanalar\u0131<\/h2>\n<p>Alfa Laval numune alma valfleri, yiyecek ve i\u00e7ecek, ki\u015fisel bak\u0131m ve biyofarma \u00fcr\u00fcnlerinin temsili \u00f6rneklerini almay\u0131 m\u00fcmk\u00fcn k\u0131lar.<\/p>\n<p>\t\t\t<a href=\"https:\/\/ktk.com.tr\/tr\/sampling-valves\/\" role=\"button\"><br \/>\n\t\t\t\t\t\tDaha Fazla<br \/>\n\t\t\t\t\t<\/a><br \/>\n\t\t\t\t\t\t\t\t\t\t<img decoding=\"async\" loading=\"lazy\" width=\"640\" height=\"360\" src=\"https:\/\/ktk.com.tr\/wp-content\/uploads\/2020\/01\/mh-shutter-valve-w-thinktop-v50_640x360.jpg\" alt=\"\" class=\"ktk\" srcset=\"https:\/\/ktk.com.tr\/wp-content\/uploads\/2020\/01\/mh-shutter-valve-w-thinktop-v50_640x360.jpg 640w, https:\/\/ktk.com.tr\/wp-content\/uploads\/2020\/01\/mh-shutter-valve-w-thinktop-v50_640x360-300x169.jpg 300w, https:\/\/ktk.com.tr\/wp-content\/uploads\/2020\/01\/mh-shutter-valve-w-thinktop-v50_640x360-1x1.jpg 1w\" sizes=\"(max-width: 640px) 100vw, 640px\" \/>\t\t\t\t\t\t\t\t\t\t\t<\/p>\n<h2>Kesme Vanalar\u0131<\/h2>\n<p>Kesme vanalar\u0131m\u0131z b\u00fcy\u00fck \u00fcr\u00fcnleri, y\u00fcksek viskoziteli veya bas\u0131n\u00e7 kayb\u0131n\u0131 en aza indiren kat\u0131 gereksinimleri olan uygulamalarda uygundur. Kesme aral\u0131\u011f\u0131, y\u00fcksek hijyen gereksinimleri olan g\u0131da, kimya, ila\u00e7 ve di\u011fer end\u00fcstrilerde kullan\u0131lmak \u00fczere tasarlanm\u0131\u015ft\u0131r.<\/p>\n<p>\t\t\t<a href=\"https:\/\/ktk.com.tr\/tr\/shutter-valves\/\" role=\"button\"><br \/>\n\t\t\t\t\t\tDaha Fazla<br \/>\n\t\t\t\t\t<\/a><br \/>\n\t\t\t\t\t\t\t\t\t\t<img decoding=\"async\" loading=\"lazy\" width=\"640\" height=\"360\" src=\"https:\/\/ktk.com.tr\/wp-content\/uploads\/2020\/01\/unique-ssv-tangentiel-w-thinktop-v50_640x360.jpg\" alt=\"\" class=\"ktk\" srcset=\"https:\/\/ktk.com.tr\/wp-content\/uploads\/2020\/01\/unique-ssv-tangentiel-w-thinktop-v50_640x360.jpg 640w, https:\/\/ktk.com.tr\/wp-content\/uploads\/2020\/01\/unique-ssv-tangentiel-w-thinktop-v50_640x360-300x169.jpg 300w, https:\/\/ktk.com.tr\/wp-content\/uploads\/2020\/01\/unique-ssv-tangentiel-w-thinktop-v50_640x360-1x1.jpg 1w\" sizes=\"(max-width: 640px) 100vw, 640px\" \/>\t\t\t\t\t\t\t\t\t\t\t<\/p>\n<h2>Tek Yatakl\u0131 Vanalar<\/h2>\n<p>Tekli yatak vanalar\u0131 serimiz, \u00e7ok sa\u011flam ve esnek \u00e7ok say\u0131da amaca uygun tasarlanm\u0131\u015f vana \u00fcnitesinden olu\u015fur. Y\u00fcksek hijyen standard\u0131na sahip proseslerde kullan\u0131m i\u00e7in idealdir.<\/p>\n<p>\t\t\t<a href=\"https:\/\/ktk.com.tr\/tr\/single-seat-valves\/\" role=\"button\"><br \/>\n\t\t\t\t\t\tDaha Fazla<br \/>\n\t\t\t\t\t<\/a><\/p>","protected":false},"excerpt":{"rendered":"<p>Ball Valves Our ball valves are constructed with a full-flow body design, enabling the product to pass through the valve with no restrictions and with a minimal pressure drop. The basic design allows cleaning and product recovery using pigging systems, and they are ideal for use with viscous liquids and liquids containing solid or semi-solid [&hellip;]<\/p>","protected":false},"author":1,"featured_media":0,"parent":0,"menu_order":0,"comment_status":"closed","ping_status":"closed","template":"","meta":[],"_links":{"self":[{"href":"https:\/\/ktk.com.tr\/tr\/wp-json\/wp\/v2\/pages\/519"}],"collection":[{"href":"https:\/\/ktk.com.tr\/tr\/wp-json\/wp\/v2\/pages"}],"about":[{"href":"https:\/\/ktk.com.tr\/tr\/wp-json\/wp\/v2\/types\/page"}],"author":[{"embeddable":true,"href":"https:\/\/ktk.com.tr\/tr\/wp-json\/wp\/v2\/users\/1"}],"replies":[{"embeddable":true,"href":"https:\/\/ktk.com.tr\/tr\/wp-json\/wp\/v2\/comments?post=519"}],"version-history":[{"count":29,"href":"https:\/\/ktk.com.tr\/tr\/wp-json\/wp\/v2\/pages\/519\/revisions"}],"predecessor-version":[{"id":2360,"href":"https:\/\/ktk.com.tr\/tr\/wp-json\/wp\/v2\/pages\/519\/revisions\/2360"}],"wp:attachment":[{"href":"https:\/\/ktk.com.tr\/tr\/wp-json\/wp\/v2\/media?parent=519"}],"curies":[{"name":"wp","href":"https:\/\/api.w.org\/{rel}","templated":true}]}}