{"id":518,"date":"2019-12-22T13:29:43","date_gmt":"2019-12-22T13:29:43","guid":{"rendered":"http:\/\/ktk.com.tr\/?page_id=518"},"modified":"2020-01-20T08:37:46","modified_gmt":"2020-01-20T08:37:46","slug":"tank-equipment","status":"publish","type":"page","link":"https:\/\/ktk.com.tr\/tr\/tank-equipment\/","title":{"rendered":"Tank Ekipmanlar\u0131"},"content":{"rendered":"<p><img decoding=\"async\" loading=\"lazy\" width=\"640\" height=\"360\" src=\"https:\/\/ktk.com.tr\/wp-content\/uploads\/2020\/01\/relief_valve_front_640x360.png\" alt=\"\" class=\"ktk\" srcset=\"https:\/\/ktk.com.tr\/wp-content\/uploads\/2020\/01\/relief_valve_front_640x360.png 640w, https:\/\/ktk.com.tr\/wp-content\/uploads\/2020\/01\/relief_valve_front_640x360-300x169.png 300w, https:\/\/ktk.com.tr\/wp-content\/uploads\/2020\/01\/relief_valve_front_640x360-1x1.png 1w\" sizes=\"(max-width: 640px) 100vw, 640px\" \/>\t\t\t\t\t\t\t\t\t\t\t<\/p>\n<h2>Tahliye Vanas\u0131<\/h2>\n<p>Alfa Laval tahliye vanalar\u0131, bira fabrikas\u0131, yiyecek ve i\u00e7ecek, ki\u015fisel bak\u0131m ve biyofarma end\u00fcstrilerinde kullan\u0131lan tanklar\u0131n veya gemilerin i\u00e7inde vakum veya bas\u0131n\u00e7 birikmesini \u00f6nler.<\/p>\n<p>\t\t\t<a href=\"https:\/\/ktk.com.tr\/wp-content\/uploads\/2020\/01\/Butterfly-Valves-Leaflet.pdf\" role=\"button\"><br \/>\n\t\t\t\t\t\t\u00dcr\u00fcn Bilgisi<br \/>\n\t\t\t\t\t<\/a><br \/>\n\t\t\t<a href=\"https:\/\/ktk.com.tr\/tr\/contact-us\/\" role=\"button\"><br \/>\n\t\t\t\t\t\tL\u00fctfen \u0130leti\u015fime Ge\u00e7iniz<br \/>\n\t\t\t\t\t<\/a><br \/>\n\t\t\t<a href=\"https:\/\/ktk.com.tr\/wp-content\/uploads\/2020\/01\/Tank-Accessories-Spare-Parts.pdf\" role=\"button\"><br \/>\n\t\t\t\t\t\tYedek Par\u00e7a<br \/>\n\t\t\t\t\t<\/a><br \/>\n\t\t\t\t\t\t\t\t\t\t<img decoding=\"async\" loading=\"lazy\" width=\"640\" height=\"360\" src=\"https:\/\/ktk.com.tr\/wp-content\/uploads\/2020\/01\/sightglasses_front_640x360.png\" alt=\"\" class=\"ktk\" srcset=\"https:\/\/ktk.com.tr\/wp-content\/uploads\/2020\/01\/sightglasses_front_640x360.png 640w, https:\/\/ktk.com.tr\/wp-content\/uploads\/2020\/01\/sightglasses_front_640x360-300x169.png 300w, https:\/\/ktk.com.tr\/wp-content\/uploads\/2020\/01\/sightglasses_front_640x360-1x1.png 1w\" sizes=\"(max-width: 640px) 100vw, 640px\" \/>\t\t\t\t\t\t\t\t\t\t\t<\/p>\n<h2>G\u00f6zetleme Camlar\u0131 ve Ayd\u0131nlatma Yuvalar\u0131<\/h2>\n<p>Alfa Laval g\u00f6zetleme camlar\u0131, s\u00fct, yiyecek ve i\u00e7ecek, ki\u015fisel bak\u0131m ve biyofarma end\u00fcstrilerinde kullan\u0131lan kaplar\u0131n i\u00e7inde proses ko\u015fullar\u0131n\u0131n, \u00fcr\u00fcnlerin, s\u0131v\u0131 seviyelerinin ve temizli\u011fin do\u011frudan bozulmadan g\u00f6rsel olarak incelenmesine izin veren hassas mastar g\u00f6zl\u00fckleridir.<\/p>\n<p>\t\t\t<a href=\"https:\/\/ktk.com.tr\/wp-content\/uploads\/2020\/01\/Tank-Accessories-Leaflet.pdf\" role=\"button\"><br \/>\n\t\t\t\t\t\t\u00dcr\u00fcn Bilgisi<br \/>\n\t\t\t\t\t<\/a><br \/>\n\t\t\t<a href=\"https:\/\/ktk.com.tr\/tr\/contact-us\/\" role=\"button\"><br \/>\n\t\t\t\t\t\tL\u00fctfen \u0130leti\u015fime Ge\u00e7iniz<br \/>\n\t\t\t\t\t<\/a><br \/>\n\t\t\t<a href=\"https:\/\/ktk.com.tr\/wp-content\/uploads\/2020\/01\/Tank-Accessories-Spare-Parts.pdf\" role=\"button\"><br \/>\n\t\t\t\t\t\tYedek Par\u00e7a<br \/>\n\t\t\t\t\t<\/a><br \/>\n\t\t\t\t\t\t\t\t\t\t<img decoding=\"async\" loading=\"lazy\" width=\"640\" height=\"360\" src=\"https:\/\/ktk.com.tr\/wp-content\/uploads\/2020\/01\/tankleg_front_640x360-2.png\" alt=\"\" class=\"ktk\" srcset=\"https:\/\/ktk.com.tr\/wp-content\/uploads\/2020\/01\/tankleg_front_640x360-2.png 640w, https:\/\/ktk.com.tr\/wp-content\/uploads\/2020\/01\/tankleg_front_640x360-2-300x169.png 300w, https:\/\/ktk.com.tr\/wp-content\/uploads\/2020\/01\/tankleg_front_640x360-2-1x1.png 1w\" sizes=\"(max-width: 640px) 100vw, 640px\" \/>\t\t\t\t\t\t\t\t\t\t\t<\/p>\n<h2>Tank Ayak ve Taban Plakas\u0131 <\/h2>\n<p>Alfa Laval tank ayaklar\u0131, bira fabrikas\u0131, yiyecek ve i\u00e7ecek, ki\u015fisel bak\u0131m ve biyofarma end\u00fcstrilerinde kullan\u0131lan ba\u011f\u0131ms\u0131z tanklar veya gemiler i\u00e7in tamamen ayarlanabilir destek sa\u011flar.<\/p>\n<p>\u00a0<br \/>\n\t\t\t<a href=\"https:\/\/ktk.com.tr\/wp-content\/uploads\/2020\/01\/Tank-Accessories-Leaflet.pdf\" role=\"button\"><br \/>\n\t\t\t\t\t\t\u00dcr\u00fcn Bilgisi<br \/>\n\t\t\t\t\t<\/a><br \/>\n\t\t\t<a href=\"https:\/\/ktk.com.tr\/tr\/contact-us\/\" role=\"button\"><br \/>\n\t\t\t\t\t\tL\u00fctfen \u0130leti\u015fime Ge\u00e7iniz<br \/>\n\t\t\t\t\t<\/a><br \/>\n\t\t\t<a href=\"https:\/\/ktk.com.tr\/wp-content\/uploads\/2020\/01\/Tank-Accessories-Spare-Parts.pdf\" role=\"button\"><br \/>\n\t\t\t\t\t\tYedek Par\u00e7a<br \/>\n\t\t\t\t\t<\/a><\/p>","protected":false},"excerpt":{"rendered":"<p>Relief Valve Alfa Laval relief valves prevent vacuum or pressure build up inside tanks or vessels used in the brewery, food and beverage, personal care and biopharm industries. Product Data Please Contact Us Spare Parts Sight Glasses and Light Fitting Alfa Laval sight glasses are accurate gage glasses that permit direct distortion-free visual inspection of [&hellip;]<\/p>","protected":false},"author":1,"featured_media":0,"parent":0,"menu_order":0,"comment_status":"closed","ping_status":"closed","template":"","meta":[],"_links":{"self":[{"href":"https:\/\/ktk.com.tr\/tr\/wp-json\/wp\/v2\/pages\/518"}],"collection":[{"href":"https:\/\/ktk.com.tr\/tr\/wp-json\/wp\/v2\/pages"}],"about":[{"href":"https:\/\/ktk.com.tr\/tr\/wp-json\/wp\/v2\/types\/page"}],"author":[{"embeddable":true,"href":"https:\/\/ktk.com.tr\/tr\/wp-json\/wp\/v2\/users\/1"}],"replies":[{"embeddable":true,"href":"https:\/\/ktk.com.tr\/tr\/wp-json\/wp\/v2\/comments?post=518"}],"version-history":[{"count":13,"href":"https:\/\/ktk.com.tr\/tr\/wp-json\/wp\/v2\/pages\/518\/revisions"}],"predecessor-version":[{"id":2374,"href":"https:\/\/ktk.com.tr\/tr\/wp-json\/wp\/v2\/pages\/518\/revisions\/2374"}],"wp:attachment":[{"href":"https:\/\/ktk.com.tr\/tr\/wp-json\/wp\/v2\/media?parent=518"}],"curies":[{"name":"wp","href":"https:\/\/api.w.org\/{rel}","templated":true}]}}