{"id":517,"date":"2019-12-22T13:29:43","date_gmt":"2019-12-22T13:29:43","guid":{"rendered":"http:\/\/ktk.com.tr\/?page_id=517"},"modified":"2020-01-20T08:37:09","modified_gmt":"2020-01-20T08:37:09","slug":"tank-covers","status":"publish","type":"page","link":"https:\/\/ktk.com.tr\/tr\/tank-covers\/","title":{"rendered":"Tank Kapaklar\u0131"},"content":{"rendered":"<p><img decoding=\"async\" loading=\"lazy\" width=\"640\" height=\"360\" src=\"https:\/\/ktk.com.tr\/wp-content\/uploads\/2020\/01\/hlsd_2_tank_cover_left_side_640x360.png\" alt=\"\" class=\"ktk\" srcset=\"https:\/\/ktk.com.tr\/wp-content\/uploads\/2020\/01\/hlsd_2_tank_cover_left_side_640x360.png 640w, https:\/\/ktk.com.tr\/wp-content\/uploads\/2020\/01\/hlsd_2_tank_cover_left_side_640x360-300x169.png 300w, https:\/\/ktk.com.tr\/wp-content\/uploads\/2020\/01\/hlsd_2_tank_cover_left_side_640x360-1x1.png 1w\" sizes=\"(max-width: 640px) 100vw, 640px\" \/>\t\t\t\t\t\t\t\t\t\t\t<\/p>\n<h2>HLSD-2<\/h2>\n<p>Alfa Laval tank kapaklar\u0131, s\u00fct, yiyecek ve i\u00e7ecek ve biyofarma end\u00fcstrilerindeki tank i\u00e7lerine h\u0131zl\u0131, kolay ve rahat giri\u015f ve \u00e7\u0131k\u0131\u015f sa\u011flayan y\u00fcksek kaliteli a\u00e7\u0131kl\u0131klard\u0131r. Tank\u0131n i\u00e7 mekanlar\u0131na h\u0131zl\u0131, kolay ve rahat bir giri\u015f ve eri\u015fim sa\u011flayan 50'den fazla farkl\u0131 oval, dairesel ve dikd\u00f6rtgen kapak se\u00e7ene\u011fi sunuyoruz. \u00c7e\u015fitli y\u00fczey kaplamalar\u0131 ve s\u0131zd\u0131rmazl\u0131k malzemeleri ile mevcut olan bu malzemeler y\u00fcksek \/ d\u00fc\u015f\u00fck veya bas\u0131n\u00e7s\u0131z tanklar\u0131n a\u00e7\u0131kl\u0131klar\u0131na g\u00fcvenli bir \u015fekilde uyar.<\/p>\n<p>\t\t\t<a href=\"https:\/\/ktk.com.tr\/wp-content\/uploads\/2020\/01\/Tank-Covers-Leaflet.pdf\" role=\"button\"><br \/>\n\t\t\t\t\t\t\u00dcr\u00fcn Bilgisi<br \/>\n\t\t\t\t\t<\/a><br \/>\n\t\t\t<a href=\"https:\/\/ktk.com.tr\/tr\/contact-us\/\" role=\"button\"><br \/>\n\t\t\t\t\t\tL\u00fctfen \u0130leti\u015fime Ge\u00e7iniz<br \/>\n\t\t\t\t\t<\/a><br \/>\n\t\t\t<a href=\"https:\/\/ktk.com.tr\/wp-content\/uploads\/2020\/01\/Tank-Covers-Spare-Parts.pdf\" role=\"button\"><br \/>\n\t\t\t\t\t\tYedek Par\u00e7a<br \/>\n\t\t\t\t\t<\/a><br \/>\n\t\t\t\t\t\t\t\t\t\t<img decoding=\"async\" loading=\"lazy\" width=\"640\" height=\"360\" src=\"https:\/\/ktk.com.tr\/wp-content\/uploads\/2020\/01\/lkd_tank_cover_left_side_640x360.png\" alt=\"\" class=\"ktk\" srcset=\"https:\/\/ktk.com.tr\/wp-content\/uploads\/2020\/01\/lkd_tank_cover_left_side_640x360.png 640w, https:\/\/ktk.com.tr\/wp-content\/uploads\/2020\/01\/lkd_tank_cover_left_side_640x360-300x169.png 300w, https:\/\/ktk.com.tr\/wp-content\/uploads\/2020\/01\/lkd_tank_cover_left_side_640x360-1x1.png 1w\" sizes=\"(max-width: 640px) 100vw, 640px\" \/>\t\t\t\t\t\t\t\t\t\t\t<\/p>\n<h2>LKD<\/h2>\n<p>Alfa Laval tank kapaklar\u0131, s\u00fct, yiyecek ve i\u00e7ecek ve biyofarma end\u00fcstrilerindeki tank i\u00e7lerine h\u0131zl\u0131, kolay ve rahat giri\u015f ve \u00e7\u0131k\u0131\u015f sa\u011flayan y\u00fcksek kaliteli a\u00e7\u0131kl\u0131klard\u0131r. Tank\u0131n i\u00e7 mekanlar\u0131na h\u0131zl\u0131, kolay ve rahat bir giri\u015f ve eri\u015fim sa\u011flayan 50'den fazla farkl\u0131 oval, dairesel ve dikd\u00f6rtgen kapak se\u00e7ene\u011fi sunuyoruz. \u00c7e\u015fitli y\u00fczey kaplamalar\u0131 ve s\u0131zd\u0131rmazl\u0131k malzemeleri ile mevcut olan bu malzemeler y\u00fcksek \/ d\u00fc\u015f\u00fck veya bas\u0131n\u00e7s\u0131z tanklar\u0131n a\u00e7\u0131kl\u0131klar\u0131na g\u00fcvenli bir \u015fekilde uyar.<\/p>\n<p>\t\t\t<a href=\"https:\/\/ktk.com.tr\/wp-content\/uploads\/2020\/01\/Tank-Covers-Leaflet.pdf\" role=\"button\"><br \/>\n\t\t\t\t\t\t\u00dcr\u00fcn Bilgisi<br \/>\n\t\t\t\t\t<\/a><br \/>\n\t\t\t<a href=\"https:\/\/ktk.com.tr\/tr\/contact-us\/\" role=\"button\"><br \/>\n\t\t\t\t\t\tL\u00fctfen \u0130leti\u015fime Ge\u00e7iniz<br \/>\n\t\t\t\t\t<\/a><br \/>\n\t\t\t<a href=\"https:\/\/ktk.com.tr\/wp-content\/uploads\/2020\/01\/Tank-Covers-Spare-Parts.pdf\" role=\"button\"><br \/>\n\t\t\t\t\t\tYedek Par\u00e7a<br \/>\n\t\t\t\t\t<\/a><br \/>\n\t\t\t\t\t\t\t\t\t\t<img decoding=\"async\" loading=\"lazy\" width=\"640\" height=\"360\" src=\"https:\/\/ktk.com.tr\/wp-content\/uploads\/2020\/01\/lkdc_tank_cover_left_side_640x360.png\" alt=\"\" class=\"ktk\" srcset=\"https:\/\/ktk.com.tr\/wp-content\/uploads\/2020\/01\/lkdc_tank_cover_left_side_640x360.png 640w, https:\/\/ktk.com.tr\/wp-content\/uploads\/2020\/01\/lkdc_tank_cover_left_side_640x360-300x169.png 300w, https:\/\/ktk.com.tr\/wp-content\/uploads\/2020\/01\/lkdc_tank_cover_left_side_640x360-1x1.png 1w\" sizes=\"(max-width: 640px) 100vw, 640px\" \/>\t\t\t\t\t\t\t\t\t\t\t<\/p>\n<h2>LKDC<\/h2>\n<p>Alfa Laval tank kapaklar\u0131, s\u00fct, yiyecek ve i\u00e7ecek ve biyofarma end\u00fcstrilerindeki tank i\u00e7lerine h\u0131zl\u0131, kolay ve rahat giri\u015f ve \u00e7\u0131k\u0131\u015f sa\u011flayan y\u00fcksek kaliteli a\u00e7\u0131kl\u0131klard\u0131r. Tank\u0131n i\u00e7 mekanlar\u0131na h\u0131zl\u0131, kolay ve rahat bir giri\u015f ve eri\u015fim sa\u011flayan 50'den fazla farkl\u0131 oval, dairesel ve dikd\u00f6rtgen kapak se\u00e7ene\u011fi sunuyoruz. \u00c7e\u015fitli y\u00fczey kaplamalar\u0131 ve s\u0131zd\u0131rmazl\u0131k malzemeleri ile mevcut olan bu malzemeler y\u00fcksek \/ d\u00fc\u015f\u00fck veya bas\u0131n\u00e7s\u0131z tanklar\u0131n a\u00e7\u0131kl\u0131klar\u0131na g\u00fcvenli bir \u015fekilde uyar.<\/p>\n<p>\t\t\t<a href=\"https:\/\/ktk.com.tr\/wp-content\/uploads\/2020\/01\/Tank-Covers-Leaflet.pdf\" role=\"button\"><br \/>\n\t\t\t\t\t\t\u00dcr\u00fcn Bilgisi<br \/>\n\t\t\t\t\t<\/a><br \/>\n\t\t\t<a href=\"https:\/\/ktk.com.tr\/tr\/contact-us\/\" role=\"button\"><br \/>\n\t\t\t\t\t\tL\u00fctfen \u0130leti\u015fime Ge\u00e7iniz<br \/>\n\t\t\t\t\t<\/a><br \/>\n\t\t\t<a href=\"https:\/\/ktk.com.tr\/wp-content\/uploads\/2020\/01\/Tank-Covers-Spare-Parts.pdf\" role=\"button\"><br \/>\n\t\t\t\t\t\tYedek Par\u00e7a<br \/>\n\t\t\t\t\t<\/a><br \/>\n\t\t\t\t\t\t\t\t\t\t<img decoding=\"async\" loading=\"lazy\" width=\"640\" height=\"360\" src=\"https:\/\/ktk.com.tr\/wp-content\/uploads\/2020\/01\/tank_cover_circular_cover_lkdc_lp_640x360.png\" alt=\"\" class=\"ktk\" srcset=\"https:\/\/ktk.com.tr\/wp-content\/uploads\/2020\/01\/tank_cover_circular_cover_lkdc_lp_640x360.png 640w, https:\/\/ktk.com.tr\/wp-content\/uploads\/2020\/01\/tank_cover_circular_cover_lkdc_lp_640x360-300x169.png 300w, https:\/\/ktk.com.tr\/wp-content\/uploads\/2020\/01\/tank_cover_circular_cover_lkdc_lp_640x360-1x1.png 1w\" sizes=\"(max-width: 640px) 100vw, 640px\" \/>\t\t\t\t\t\t\t\t\t\t\t<\/p>\n<h2>LKDC-LP<\/h2>\n<p>The circular Alfa Laval LKDC \u2013 LP low pressure tank cover is used on top of tanks or vessels. It is designed for applications where the tank is pressurized during production or cleaning-in-place. It is available from the smaller 300mm sizes up to the large manway size of 600 mm diameter.<\/p>\n<p>\u00a0<br \/>\n\t\t\t<a href=\"https:\/\/ktk.com.tr\/wp-content\/uploads\/2020\/01\/Tank-Covers-Leaflet.pdf\" role=\"button\"><br \/>\n\t\t\t\t\t\t\u00dcr\u00fcn Bilgisi<br \/>\n\t\t\t\t\t<\/a><br \/>\n\t\t\t<a href=\"https:\/\/ktk.com.tr\/tr\/contact-us\/\" role=\"button\"><br \/>\n\t\t\t\t\t\tL\u00fctfen \u0130leti\u015fime Ge\u00e7iniz<br \/>\n\t\t\t\t\t<\/a><br \/>\n\t\t\t<a href=\"https:\/\/ktk.com.tr\/wp-content\/uploads\/2020\/01\/Tank-Covers-Spare-Parts.pdf\" role=\"button\"><br \/>\n\t\t\t\t\t\tYedek Par\u00e7a<br \/>\n\t\t\t\t\t<\/a><br \/>\n\t\t\t\t\t\t\t\t\t\t<img decoding=\"async\" loading=\"lazy\" width=\"640\" height=\"360\" src=\"https:\/\/ktk.com.tr\/wp-content\/uploads\/2020\/01\/lkds_tank_cover_left_side_640x360.png\" alt=\"\" class=\"ktk\" srcset=\"https:\/\/ktk.com.tr\/wp-content\/uploads\/2020\/01\/lkds_tank_cover_left_side_640x360.png 640w, https:\/\/ktk.com.tr\/wp-content\/uploads\/2020\/01\/lkds_tank_cover_left_side_640x360-300x169.png 300w, https:\/\/ktk.com.tr\/wp-content\/uploads\/2020\/01\/lkds_tank_cover_left_side_640x360-1x1.png 1w\" sizes=\"(max-width: 640px) 100vw, 640px\" \/>\t\t\t\t\t\t\t\t\t\t\t<\/p>\n<h2>LKDS<\/h2>\n<p>Alfa Laval tank kapaklar\u0131, s\u00fct, yiyecek ve i\u00e7ecek ve biyofarma end\u00fcstrilerindeki tank i\u00e7lerine h\u0131zl\u0131, kolay ve rahat giri\u015f ve \u00e7\u0131k\u0131\u015f sa\u011flayan y\u00fcksek kaliteli a\u00e7\u0131kl\u0131klard\u0131r. Tank\u0131n i\u00e7 mekanlar\u0131na h\u0131zl\u0131, kolay ve rahat bir giri\u015f ve eri\u015fim sa\u011flayan 50'den fazla farkl\u0131 oval, dairesel ve dikd\u00f6rtgen kapak se\u00e7ene\u011fi sunuyoruz. \u00c7e\u015fitli y\u00fczey kaplamalar\u0131 ve s\u0131zd\u0131rmazl\u0131k malzemeleri ile mevcut olan bu malzemeler y\u00fcksek \/ d\u00fc\u015f\u00fck veya bas\u0131n\u00e7s\u0131z tanklar\u0131n a\u00e7\u0131kl\u0131klar\u0131na g\u00fcvenli bir \u015fekilde uyar.<\/p>\n<p>\t\t\t<a href=\"https:\/\/ktk.com.tr\/wp-content\/uploads\/2020\/01\/Tank-Covers-Leaflet.pdf\" role=\"button\"><br \/>\n\t\t\t\t\t\t\u00dcr\u00fcn Bilgisi<br \/>\n\t\t\t\t\t<\/a><br \/>\n\t\t\t<a href=\"https:\/\/ktk.com.tr\/tr\/contact-us\/\" role=\"button\"><br \/>\n\t\t\t\t\t\tL\u00fctfen \u0130leti\u015fime Ge\u00e7iniz<br \/>\n\t\t\t\t\t<\/a><br \/>\n\t\t\t<a href=\"https:\/\/ktk.com.tr\/wp-content\/uploads\/2020\/01\/Tank-Covers-Spare-Parts.pdf\" role=\"button\"><br \/>\n\t\t\t\t\t\tYedek Par\u00e7a<br \/>\n\t\t\t\t\t<\/a><br \/>\n\t\t\t\t\t\t\t\t\t\t<img decoding=\"async\" loading=\"lazy\" width=\"640\" height=\"360\" src=\"https:\/\/ktk.com.tr\/wp-content\/uploads\/2020\/01\/type_c_tank_cover_front_640x360.png\" alt=\"\" class=\"ktk\" srcset=\"https:\/\/ktk.com.tr\/wp-content\/uploads\/2020\/01\/type_c_tank_cover_front_640x360.png 640w, https:\/\/ktk.com.tr\/wp-content\/uploads\/2020\/01\/type_c_tank_cover_front_640x360-300x169.png 300w, https:\/\/ktk.com.tr\/wp-content\/uploads\/2020\/01\/type_c_tank_cover_front_640x360-1x1.png 1w\" sizes=\"(max-width: 640px) 100vw, 640px\" \/>\t\t\t\t\t\t\t\t\t\t\t<\/p>\n<h2>Type C<\/h2>\n<p>Alfa Laval tank kapaklar\u0131, s\u00fct, yiyecek ve i\u00e7ecek ve biyofarma end\u00fcstrilerindeki tank i\u00e7lerine h\u0131zl\u0131, kolay ve rahat giri\u015f ve \u00e7\u0131k\u0131\u015f sa\u011flayan y\u00fcksek kaliteli a\u00e7\u0131kl\u0131klard\u0131r. Tank\u0131n i\u00e7 mekanlar\u0131na h\u0131zl\u0131, kolay ve rahat bir giri\u015f ve eri\u015fim sa\u011flayan 50'den fazla farkl\u0131 oval, dairesel ve dikd\u00f6rtgen kapak se\u00e7ene\u011fi sunuyoruz. \u00c7e\u015fitli y\u00fczey kaplamalar\u0131 ve s\u0131zd\u0131rmazl\u0131k malzemeleri ile mevcut olan bu malzemeler y\u00fcksek \/ d\u00fc\u015f\u00fck veya bas\u0131n\u00e7s\u0131z tanklar\u0131n a\u00e7\u0131kl\u0131klar\u0131na g\u00fcvenli bir \u015fekilde uyar.<\/p>\n<p>\t\t\t<a href=\"https:\/\/ktk.com.tr\/wp-content\/uploads\/2020\/01\/Tank-Covers-Leaflet.pdf\" role=\"button\"><br \/>\n\t\t\t\t\t\t\u00dcr\u00fcn Bilgisi<br \/>\n\t\t\t\t\t<\/a><br \/>\n\t\t\t<a href=\"https:\/\/ktk.com.tr\/tr\/contact-us\/\" role=\"button\"><br \/>\n\t\t\t\t\t\tL\u00fctfen \u0130leti\u015fime Ge\u00e7iniz<br \/>\n\t\t\t\t\t<\/a><br \/>\n\t\t\t<a href=\"https:\/\/ktk.com.tr\/wp-content\/uploads\/2020\/01\/Tank-Covers-Spare-Parts.pdf\" role=\"button\"><br \/>\n\t\t\t\t\t\tYedek Par\u00e7a<br \/>\n\t\t\t\t\t<\/a><br \/>\n\t\t\t\t\t\t\t\t\t\t<img decoding=\"async\" loading=\"lazy\" width=\"640\" height=\"360\" src=\"https:\/\/ktk.com.tr\/wp-content\/uploads\/2020\/01\/type_o_tank_cover_left_side_640x360.png\" alt=\"\" class=\"ktk\" srcset=\"https:\/\/ktk.com.tr\/wp-content\/uploads\/2020\/01\/type_o_tank_cover_left_side_640x360.png 640w, https:\/\/ktk.com.tr\/wp-content\/uploads\/2020\/01\/type_o_tank_cover_left_side_640x360-300x169.png 300w, https:\/\/ktk.com.tr\/wp-content\/uploads\/2020\/01\/type_o_tank_cover_left_side_640x360-1x1.png 1w\" sizes=\"(max-width: 640px) 100vw, 640px\" \/>\t\t\t\t\t\t\t\t\t\t\t<\/p>\n<h2>Type O<\/h2>\n<p>Alfa Laval tank kapaklar\u0131, s\u00fct, yiyecek ve i\u00e7ecek ve biyofarma end\u00fcstrilerindeki tank i\u00e7lerine h\u0131zl\u0131, kolay ve rahat giri\u015f ve \u00e7\u0131k\u0131\u015f sa\u011flayan y\u00fcksek kaliteli a\u00e7\u0131kl\u0131klard\u0131r. Tank\u0131n i\u00e7 mekanlar\u0131na h\u0131zl\u0131, kolay ve rahat bir giri\u015f ve eri\u015fim sa\u011flayan 50'den fazla farkl\u0131 oval, dairesel ve dikd\u00f6rtgen kapak se\u00e7ene\u011fi sunuyoruz. \u00c7e\u015fitli y\u00fczey kaplamalar\u0131 ve s\u0131zd\u0131rmazl\u0131k malzemeleri ile mevcut olan bu malzemeler y\u00fcksek \/ d\u00fc\u015f\u00fck veya bas\u0131n\u00e7s\u0131z tanklar\u0131n a\u00e7\u0131kl\u0131klar\u0131na g\u00fcvenli bir \u015fekilde uyar.<\/p>\n<p>\u00a0<br \/>\n\t\t\t<a href=\"https:\/\/ktk.com.tr\/wp-content\/uploads\/2020\/01\/Tank-Covers-Leaflet.pdf\" role=\"button\"><br \/>\n\t\t\t\t\t\t\u00dcr\u00fcn Bilgisi<br \/>\n\t\t\t\t\t<\/a><br \/>\n\t\t\t<a href=\"https:\/\/ktk.com.tr\/tr\/contact-us\/\" role=\"button\"><br \/>\n\t\t\t\t\t\tL\u00fctfen \u0130leti\u015fime Ge\u00e7iniz<br \/>\n\t\t\t\t\t<\/a><br \/>\n\t\t\t<a href=\"https:\/\/ktk.com.tr\/wp-content\/uploads\/2020\/01\/Tank-Covers-Spare-Parts.pdf\" role=\"button\"><br \/>\n\t\t\t\t\t\tYedek Par\u00e7a<br \/>\n\t\t\t\t\t<\/a><br \/>\n\t\t\t\t\t\t\t\t\t\t<img decoding=\"async\" loading=\"lazy\" width=\"640\" height=\"360\" src=\"https:\/\/ktk.com.tr\/wp-content\/uploads\/2020\/01\/type_r_tank_cover_left_side_640x360.png\" alt=\"\" class=\"ktk\" srcset=\"https:\/\/ktk.com.tr\/wp-content\/uploads\/2020\/01\/type_r_tank_cover_left_side_640x360.png 640w, https:\/\/ktk.com.tr\/wp-content\/uploads\/2020\/01\/type_r_tank_cover_left_side_640x360-300x169.png 300w, https:\/\/ktk.com.tr\/wp-content\/uploads\/2020\/01\/type_r_tank_cover_left_side_640x360-1x1.png 1w\" sizes=\"(max-width: 640px) 100vw, 640px\" \/>\t\t\t\t\t\t\t\t\t\t\t<\/p>\n<h2>Type R<\/h2>\n<p>Alfa Laval tank kapaklar\u0131, s\u00fct, yiyecek ve i\u00e7ecek ve biyofarma end\u00fcstrilerindeki tank i\u00e7lerine h\u0131zl\u0131, kolay ve rahat giri\u015f ve \u00e7\u0131k\u0131\u015f sa\u011flayan y\u00fcksek kaliteli a\u00e7\u0131kl\u0131klard\u0131r. Tank\u0131n i\u00e7 mekanlar\u0131na h\u0131zl\u0131, kolay ve rahat bir giri\u015f ve eri\u015fim sa\u011flayan 50'den fazla farkl\u0131 oval, dairesel ve dikd\u00f6rtgen kapak se\u00e7ene\u011fi sunuyoruz. \u00c7e\u015fitli y\u00fczey kaplamalar\u0131 ve s\u0131zd\u0131rmazl\u0131k malzemeleri ile mevcut olan bu malzemeler y\u00fcksek \/ d\u00fc\u015f\u00fck veya bas\u0131n\u00e7s\u0131z tanklar\u0131n a\u00e7\u0131kl\u0131klar\u0131na g\u00fcvenli bir \u015fekilde uyar.<\/p>\n<p>\t\t\t<a href=\"https:\/\/ktk.com.tr\/wp-content\/uploads\/2020\/01\/Tank-Covers-Leaflet.pdf\" role=\"button\"><br \/>\n\t\t\t\t\t\t\u00dcr\u00fcn Bilgisi<br \/>\n\t\t\t\t\t<\/a><br \/>\n\t\t\t<a href=\"https:\/\/ktk.com.tr\/tr\/contact-us\/\" role=\"button\"><br \/>\n\t\t\t\t\t\tL\u00fctfen \u0130leti\u015fime Ge\u00e7iniz<br \/>\n\t\t\t\t\t<\/a><br \/>\n\t\t\t<a href=\"https:\/\/ktk.com.tr\/wp-content\/uploads\/2020\/01\/Tank-Covers-Spare-Parts.pdf\" role=\"button\"><br \/>\n\t\t\t\t\t\tYedek Par\u00e7a<br \/>\n\t\t\t\t\t<\/a><\/p>","protected":false},"excerpt":{"rendered":"<p>HLSD-2 Alfa Laval tank covers are high-quality openings that provide quick, easy and convenient entry and egress to tank interiors in the dairy, food and beverage, and biopharm industries. We offer more than 50 different types of oval, circular and rectangular covers, providing a quick, easy and convenient entry and access to tank interiors. Available [&hellip;]<\/p>","protected":false},"author":1,"featured_media":0,"parent":0,"menu_order":0,"comment_status":"closed","ping_status":"closed","template":"","meta":[],"_links":{"self":[{"href":"https:\/\/ktk.com.tr\/tr\/wp-json\/wp\/v2\/pages\/517"}],"collection":[{"href":"https:\/\/ktk.com.tr\/tr\/wp-json\/wp\/v2\/pages"}],"about":[{"href":"https:\/\/ktk.com.tr\/tr\/wp-json\/wp\/v2\/types\/page"}],"author":[{"embeddable":true,"href":"https:\/\/ktk.com.tr\/tr\/wp-json\/wp\/v2\/users\/1"}],"replies":[{"embeddable":true,"href":"https:\/\/ktk.com.tr\/tr\/wp-json\/wp\/v2\/comments?post=517"}],"version-history":[{"count":9,"href":"https:\/\/ktk.com.tr\/tr\/wp-json\/wp\/v2\/pages\/517\/revisions"}],"predecessor-version":[{"id":2373,"href":"https:\/\/ktk.com.tr\/tr\/wp-json\/wp\/v2\/pages\/517\/revisions\/2373"}],"wp:attachment":[{"href":"https:\/\/ktk.com.tr\/tr\/wp-json\/wp\/v2\/media?parent=517"}],"curies":[{"name":"wp","href":"https:\/\/api.w.org\/{rel}","templated":true}]}}