{"id":516,"date":"2019-12-22T13:29:43","date_gmt":"2019-12-22T13:29:43","guid":{"rendered":"http:\/\/ktk.com.tr\/?page_id=516"},"modified":"2020-01-20T08:35:41","modified_gmt":"2020-01-20T08:35:41","slug":"tank-accessories","status":"publish","type":"page","link":"https:\/\/ktk.com.tr\/tr\/tank-accessories\/","title":{"rendered":"Tank Aksesuarlar\u0131"},"content":{"rendered":"<p><img decoding=\"async\" loading=\"lazy\" width=\"768\" height=\"707\" src=\"https:\/\/ktk.com.tr\/wp-content\/uploads\/2020\/01\/Ekran-Resmi-2020-01-10-14.55.29-768x707.png\" alt=\"\" class=\"ktk\" srcset=\"https:\/\/ktk.com.tr\/wp-content\/uploads\/2020\/01\/Ekran-Resmi-2020-01-10-14.55.29-768x707.png 768w, https:\/\/ktk.com.tr\/wp-content\/uploads\/2020\/01\/Ekran-Resmi-2020-01-10-14.55.29-300x276.png 300w, https:\/\/ktk.com.tr\/wp-content\/uploads\/2020\/01\/Ekran-Resmi-2020-01-10-14.55.29-1024x943.png 1024w, https:\/\/ktk.com.tr\/wp-content\/uploads\/2020\/01\/Ekran-Resmi-2020-01-10-14.55.29-1x1.png 1w, https:\/\/ktk.com.tr\/wp-content\/uploads\/2020\/01\/Ekran-Resmi-2020-01-10-14.55.29.png 1192w\" sizes=\"(max-width: 768px) 100vw, 768px\" \/>\t\t\t\t\t\t\t\t\t\t\t<\/p>\n<h1>Tank Ekipmanlar\u0131<\/h1>\n<p>Alfa Laval, hijyenik uygulamalarda kullan\u0131lan tank ekipmanlar\u0131 i\u00e7in kar\u0131\u015ft\u0131r\u0131c\u0131lar ve kar\u0131\u015ft\u0131r\u0131c\u0131lar, temizlik ekipmanlar\u0131 ve aksesuarlar dahil olmak \u00fczere \u00e7ok \u00e7e\u015fitli bile\u015fenler ve \u00e7\u00f6z\u00fcmler sunar. Do\u011fru teknolojiyi se\u00e7mek, su, enerji, temizlik s\u0131v\u0131lar\u0131 ve zaman gibi de\u011ferli kaynaklardan tasarruf etmenizi sa\u011flar.<\/p>\n<p>\t\t\t\t\t\t\t\t\t\t<img decoding=\"async\" loading=\"lazy\" width=\"640\" height=\"360\" src=\"https:\/\/ktk.com.tr\/wp-content\/uploads\/2020\/01\/tank_covers_640x360.png\" alt=\"\" class=\"ktk\" srcset=\"https:\/\/ktk.com.tr\/wp-content\/uploads\/2020\/01\/tank_covers_640x360.png 640w, https:\/\/ktk.com.tr\/wp-content\/uploads\/2020\/01\/tank_covers_640x360-300x169.png 300w, https:\/\/ktk.com.tr\/wp-content\/uploads\/2020\/01\/tank_covers_640x360-1x1.png 1w\" sizes=\"(max-width: 640px) 100vw, 640px\" \/>\t\t\t\t\t\t\t\t\t\t\t<\/p>\n<h2>Tank Kapaklar\u0131<\/h2>\n<p>Alfa Laval tank kapaklar\u0131, s\u00fct, yiyecek ve i\u00e7ecek ve biyofarma end\u00fcstrilerindeki tank i\u00e7lerine h\u0131zl\u0131, kolay ve rahat giri\u015f ve \u00e7\u0131k\u0131\u015f sa\u011flayan y\u00fcksek kaliteli a\u00e7\u0131kl\u0131klard\u0131r. Tank\u0131n i\u00e7 mekanlar\u0131na h\u0131zl\u0131, kolay ve rahat bir giri\u015f ve eri\u015fim sa\u011flayan 50'den fazla farkl\u0131 oval, dairesel ve dikd\u00f6rtgen kapak se\u00e7ene\u011fi sunuyoruz. \u00c7e\u015fitli y\u00fczey kaplamalar\u0131 ve s\u0131zd\u0131rmazl\u0131k malzemeleri ile mevcut olan bu malzemeler y\u00fcksek \/ d\u00fc\u015f\u00fck veya bas\u0131n\u00e7s\u0131z tanklar\u0131n a\u00e7\u0131kl\u0131klar\u0131na g\u00fcvenli bir \u015fekilde uyar.<\/p>\n<p>\t\t\t<a href=\"https:\/\/ktk.com.tr\/tr\/tank-covers\/\" role=\"button\"><br \/>\n\t\t\t\t\t\tDaha Fazla<br \/>\n\t\t\t\t\t<\/a><br \/>\n\t\t\t\t\t\t\t\t\t\t<img decoding=\"async\" loading=\"lazy\" width=\"640\" height=\"360\" src=\"https:\/\/ktk.com.tr\/wp-content\/uploads\/2020\/01\/tank_accessories_640x360.png\" alt=\"\" class=\"ktk\" srcset=\"https:\/\/ktk.com.tr\/wp-content\/uploads\/2020\/01\/tank_accessories_640x360.png 640w, https:\/\/ktk.com.tr\/wp-content\/uploads\/2020\/01\/tank_accessories_640x360-300x169.png 300w, https:\/\/ktk.com.tr\/wp-content\/uploads\/2020\/01\/tank_accessories_640x360-1x1.png 1w\" sizes=\"(max-width: 640px) 100vw, 640px\" \/>\t\t\t\t\t\t\t\t\t\t\t<\/p>\n<h2>Tank Aksesuarlar\u0131<\/h2>\n<p>Alfa Laval Tank Aksesuarlar\u0131 ile s\u00fcreci optimize etmenin yan\u0131 s\u0131ra Alfa Laval, tank\u0131n kendisini geli\u015ftirmek i\u00e7in geni\u015f bir se\u00e7enek yelpazesi sunar. Bunlar, \u00e7ok \u00e7e\u015fitli yap\u0131larda makine ayaklar\u0131 ve tank ayaklar\u0131, halojen \u0131\u015f\u0131k fikst\u00fcrl\u00fc ve halojensiz \u0131\u015f\u0131k g\u00f6zl\u00fckleri ve \u00e7ok \u00e7e\u015fitli tank kapaklar\u0131n\u0131 i\u00e7erir. Her ihtiyac\u0131 kar\u015f\u0131lamak i\u00e7in \u00e7e\u015fitli \u015fekil ve boyutlarda 50'den fazla farkl\u0131 tank kapa\u011f\u0131na sahibiz. Alfa Laval depo kapaklar\u0131 hem standart hem de bas\u0131n\u00e7l\u0131 kaplar i\u00e7in mevcuttur.<\/p>\n<p>\t\t\t<a href=\"https:\/\/ktk.com.tr\/tr\/tank-equipment\/\" role=\"button\"><br \/>\n\t\t\t\t\t\tDaha Fazla<br \/>\n\t\t\t\t\t<\/a><\/p>","protected":false},"excerpt":{"rendered":"<p>Tank Equipment KTK Process Solutions offers the most comprehensive range of sanitary pumps in the Turkish Market. Representing the market leading brands for Centrifugal, Positive displacement and new technologies such as twin screw, we are assured we can find the right match for your application. Tank Covers Alfa Laval tank covers are high-quality openings that [&hellip;]<\/p>","protected":false},"author":1,"featured_media":0,"parent":0,"menu_order":0,"comment_status":"closed","ping_status":"closed","template":"","meta":[],"_links":{"self":[{"href":"https:\/\/ktk.com.tr\/tr\/wp-json\/wp\/v2\/pages\/516"}],"collection":[{"href":"https:\/\/ktk.com.tr\/tr\/wp-json\/wp\/v2\/pages"}],"about":[{"href":"https:\/\/ktk.com.tr\/tr\/wp-json\/wp\/v2\/types\/page"}],"author":[{"embeddable":true,"href":"https:\/\/ktk.com.tr\/tr\/wp-json\/wp\/v2\/users\/1"}],"replies":[{"embeddable":true,"href":"https:\/\/ktk.com.tr\/tr\/wp-json\/wp\/v2\/comments?post=516"}],"version-history":[{"count":6,"href":"https:\/\/ktk.com.tr\/tr\/wp-json\/wp\/v2\/pages\/516\/revisions"}],"predecessor-version":[{"id":2372,"href":"https:\/\/ktk.com.tr\/tr\/wp-json\/wp\/v2\/pages\/516\/revisions\/2372"}],"wp:attachment":[{"href":"https:\/\/ktk.com.tr\/tr\/wp-json\/wp\/v2\/media?parent=516"}],"curies":[{"name":"wp","href":"https:\/\/api.w.org\/{rel}","templated":true}]}}