{"id":515,"date":"2019-12-22T13:29:43","date_gmt":"2019-12-22T13:29:43","guid":{"rendered":"http:\/\/ktk.com.tr\/?page_id=515"},"modified":"2020-01-22T07:17:02","modified_gmt":"2020-01-22T07:17:02","slug":"otary-spray-heads","status":"publish","type":"page","link":"https:\/\/ktk.com.tr\/tr\/otary-spray-heads\/","title":{"rendered":"D\u00f6ner Y\u0131kama Ba\u015fl\u0131klar\u0131"},"content":{"rendered":"<p><img decoding=\"async\" loading=\"lazy\" width=\"640\" height=\"360\" src=\"https:\/\/ktk.com.tr\/wp-content\/uploads\/2020\/01\/rotating_spray_head_multi_640x360.png\" alt=\"\" class=\"ktk\" srcset=\"https:\/\/ktk.com.tr\/wp-content\/uploads\/2020\/01\/rotating_spray_head_multi_640x360.png 640w, https:\/\/ktk.com.tr\/wp-content\/uploads\/2020\/01\/rotating_spray_head_multi_640x360-300x169.png 300w, https:\/\/ktk.com.tr\/wp-content\/uploads\/2020\/01\/rotating_spray_head_multi_640x360-1x1.png 1w\" sizes=\"(max-width: 640px) 100vw, 640px\" \/>\t\t\t\t\t\t\t\t\t\t\t<\/p>\n<h2>Multi<\/h2>\n<p>\u00c7o\u011fu sekt\u00f6rde kullan\u0131m i\u00e7in tasarlanan Alfa Laval'\u0131n Toftejorg d\u00f6ner sprey ba\u015fl\u0131klar\u0131, son derece verimli tank temizli\u011fi, ola\u011fan\u00fcst\u00fc temizlenebilirlik, daha iyi son \u00fcr\u00fcn kalitesi, daha y\u00fcksek toplam \u00e7\u0131kt\u0131 ve d\u00fc\u015f\u00fck i\u015fletme maliyetleri sunar.<\/p>\n<p>\t\t\t<a href=\"https:\/\/ktk.com.tr\/wp-content\/uploads\/2020\/01\/Rotary-Spray-Head-Leaflet.pdf\" role=\"button\"><br \/>\n\t\t\t\t\t\t\u00dcr\u00fcn Bilgisi<br \/>\n\t\t\t\t\t<\/a><br \/>\n\t\t\t<a href=\"https:\/\/ktk.com.tr\/tr\/contact-us\/\" role=\"button\"><br \/>\n\t\t\t\t\t\tL\u00fctfen \u0130leti\u015fime Ge\u00e7iniz<br \/>\n\t\t\t\t\t<\/a><br \/>\n\t\t\t<a href=\"https:\/\/ktk.com.tr\/wp-content\/uploads\/2020\/01\/Rotary-Spray-head-Spare-Parts.pdf\" role=\"button\"><br \/>\n\t\t\t\t\t\tYedek Par\u00e7a<br \/>\n\t\t\t\t\t<\/a><br \/>\n\t\t\t\t\t\t\t\t\t\t<img decoding=\"async\" loading=\"lazy\" width=\"640\" height=\"360\" src=\"https:\/\/ktk.com.tr\/wp-content\/uploads\/2020\/01\/rotating_spray_head_sani_640x360.png\" alt=\"\" class=\"ktk\" srcset=\"https:\/\/ktk.com.tr\/wp-content\/uploads\/2020\/01\/rotating_spray_head_sani_640x360.png 640w, https:\/\/ktk.com.tr\/wp-content\/uploads\/2020\/01\/rotating_spray_head_sani_640x360-300x169.png 300w, https:\/\/ktk.com.tr\/wp-content\/uploads\/2020\/01\/rotating_spray_head_sani_640x360-1x1.png 1w\" sizes=\"(max-width: 640px) 100vw, 640px\" \/>\t\t\t\t\t\t\t\t\t\t\t<\/p>\n<h2>Sani<\/h2>\n<p>Hijyenik uygulamalar i\u00e7in tasarlanan Toftejorg Rotary sprey kafas\u0131 tank\u0131 temizleme cihazlar\u0131, ola\u011fan\u00fcst\u00fc temizlenebilirlik ve tahliye edilebilirlik ve kolay, uygun maliyetli bak\u0131m sunar.<\/p>\n<p>\t\t\t<a href=\"https:\/\/ktk.com.tr\/wp-content\/uploads\/2020\/01\/Rotary-Spray-Head-Leaflet.pdf\" role=\"button\"><br \/>\n\t\t\t\t\t\t\u00dcr\u00fcn Bilgisi<br \/>\n\t\t\t\t\t<\/a><br \/>\n\t\t\t<a href=\"https:\/\/ktk.com.tr\/tr\/contact-us\/\" role=\"button\"><br \/>\n\t\t\t\t\t\tL\u00fctfen \u0130leti\u015fime Ge\u00e7iniz<br \/>\n\t\t\t\t\t<\/a><br \/>\n\t\t\t<a href=\"https:\/\/ktk.com.tr\/wp-content\/uploads\/2020\/01\/Rotary-Spray-head-Spare-Parts.pdf\" role=\"button\"><br \/>\n\t\t\t\t\t\tYedek Par\u00e7a<br \/>\n\t\t\t\t\t<\/a><br \/>\n\t\t\t\t\t\t\t\t\t\t<img decoding=\"async\" loading=\"lazy\" width=\"640\" height=\"360\" src=\"https:\/\/ktk.com.tr\/wp-content\/uploads\/2020\/01\/rotating_spray_heads_sanimidget_sb_front_640x360.png\" alt=\"\" class=\"ktk\" srcset=\"https:\/\/ktk.com.tr\/wp-content\/uploads\/2020\/01\/rotating_spray_heads_sanimidget_sb_front_640x360.png 640w, https:\/\/ktk.com.tr\/wp-content\/uploads\/2020\/01\/rotating_spray_heads_sanimidget_sb_front_640x360-300x169.png 300w, https:\/\/ktk.com.tr\/wp-content\/uploads\/2020\/01\/rotating_spray_heads_sanimidget_sb_front_640x360-1x1.png 1w\" sizes=\"(max-width: 640px) 100vw, 640px\" \/>\t\t\t\t\t\t\t\t\t\t\t<\/p>\n<h2>Sani SB<\/h2>\n<p>Hijyenik end\u00fcstrilerde kullan\u0131lmak \u00fczere tasarlanan Alfa Laval'\u0131n Toftejorg d\u00f6ner sprey ba\u015fl\u0131klar\u0131, son derece verimli tank temizli\u011fi, ola\u011fan\u00fcst\u00fc temizlik, daha iyi son \u00fcr\u00fcn kalitesi, daha y\u00fcksek toplam \u00fcretim ve daha d\u00fc\u015f\u00fck i\u015fletme maliyetleri sunar.<\/p>\n<p>\t\t\t<a href=\"https:\/\/ktk.com.tr\/wp-content\/uploads\/2020\/01\/Rotary-Spray-Head-Leaflet.pdf\" role=\"button\"><br \/>\n\t\t\t\t\t\t\u00dcr\u00fcn Bilgisi<br \/>\n\t\t\t\t\t<\/a><br \/>\n\t\t\t<a href=\"https:\/\/ktk.com.tr\/tr\/contact-us\/\" role=\"button\"><br \/>\n\t\t\t\t\t\tL\u00fctfen \u0130leti\u015fime Ge\u00e7iniz<br \/>\n\t\t\t\t\t<\/a><br \/>\n\t\t\t<a href=\"https:\/\/ktk.com.tr\/wp-content\/uploads\/2020\/01\/Rotary-Spray-head-Spare-Parts.pdf\" role=\"button\"><br \/>\n\t\t\t\t\t\tYedek Par\u00e7a<br \/>\n\t\t\t\t\t<\/a><\/p>","protected":false},"excerpt":{"rendered":"<p>Multi Engineered for use in most industries, Toftejorg rotary spray heads from Alfa Laval are highly efficient tank-cleaning offer exceptional cleanability, better end-product quality, greater overall output and reduced operating costs. Product Data Please Contact Us Spare Parts Sani Engineered for hygienic applications, Toftejorg Rotary spray head tank cleaning devices offer exceptional cleanability and drainability [&hellip;]<\/p>","protected":false},"author":1,"featured_media":0,"parent":0,"menu_order":0,"comment_status":"closed","ping_status":"closed","template":"","meta":[],"_links":{"self":[{"href":"https:\/\/ktk.com.tr\/tr\/wp-json\/wp\/v2\/pages\/515"}],"collection":[{"href":"https:\/\/ktk.com.tr\/tr\/wp-json\/wp\/v2\/pages"}],"about":[{"href":"https:\/\/ktk.com.tr\/tr\/wp-json\/wp\/v2\/types\/page"}],"author":[{"embeddable":true,"href":"https:\/\/ktk.com.tr\/tr\/wp-json\/wp\/v2\/users\/1"}],"replies":[{"embeddable":true,"href":"https:\/\/ktk.com.tr\/tr\/wp-json\/wp\/v2\/comments?post=515"}],"version-history":[{"count":14,"href":"https:\/\/ktk.com.tr\/tr\/wp-json\/wp\/v2\/pages\/515\/revisions"}],"predecessor-version":[{"id":2414,"href":"https:\/\/ktk.com.tr\/tr\/wp-json\/wp\/v2\/pages\/515\/revisions\/2414"}],"wp:attachment":[{"href":"https:\/\/ktk.com.tr\/tr\/wp-json\/wp\/v2\/media?parent=515"}],"curies":[{"name":"wp","href":"https:\/\/api.w.org\/{rel}","templated":true}]}}