{"id":514,"date":"2019-12-22T13:29:43","date_gmt":"2019-12-22T13:29:43","guid":{"rendered":"http:\/\/ktk.com.tr\/?page_id=514"},"modified":"2020-01-20T08:42:23","modified_gmt":"2020-01-20T08:42:23","slug":"rotary-jet-heads","status":"publish","type":"page","link":"https:\/\/ktk.com.tr\/tr\/rotary-jet-heads\/","title":{"rendered":"D\u00f6ner Jet Ba\u015fl\u0131klar\u0131"},"content":{"rendered":"<p><img decoding=\"async\" loading=\"lazy\" width=\"640\" height=\"360\" src=\"https:\/\/ktk.com.tr\/wp-content\/uploads\/2020\/01\/gj_640x360.png\" alt=\"\" class=\"ktk\" srcset=\"https:\/\/ktk.com.tr\/wp-content\/uploads\/2020\/01\/gj_640x360.png 640w, https:\/\/ktk.com.tr\/wp-content\/uploads\/2020\/01\/gj_640x360-300x169.png 300w, https:\/\/ktk.com.tr\/wp-content\/uploads\/2020\/01\/gj_640x360-1x1.png 1w\" sizes=\"(max-width: 640px) 100vw, 640px\" \/>\t\t\t\t\t\t\t\t\t\t\t<\/p>\n<h2>GJ<\/h2>\n<p>Alfa Laval GJ \u00fcr\u00fcn serisi, boya, \u00e7elik, ka\u011f\u0131t hamuru ve ka\u011f\u0131t, kimyasallar ve petrol ve gaz gibi end\u00fcstriyel uygulamalar i\u00e7in \u00e7ok \u00e7e\u015fitli tank temizleme makineleri sunmaktad\u0131r. \u00dcr\u00fcn yelpazesi, k\u00fc\u00e7\u00fck depolama \/ proses tanklar\u0131n\u0131 temizlemekten 5678m3 (1.5 milyon galon) \u00fczerindeki b\u00fcy\u00fck end\u00fcstriyel fermant\u00f6rlere ve depolama tanklar\u0131na kadar uzanmaktad\u0131r. Hat ayr\u0131ca yeralt\u0131 depolama tanklar\u0131n\u0131 tek y\u00f6nl\u00fc a\u00e7\u0131lma yoluyla temizlemek i\u00e7in \u00f6zel bir \u00fcnite i\u00e7erir.<\/p>\n<p>\t\t\t<a href=\"https:\/\/ktk.com.tr\/wp-content\/uploads\/2020\/01\/Rotary-Jet-Heads-1-Leaflets.pdf\" role=\"button\"><br \/>\n\t\t\t\t\t\t\u00dcr\u00fcn Bilgisi<br \/>\n\t\t\t\t\t<\/a><br \/>\n\t\t\t<a href=\"https:\/\/ktk.com.tr\/wp-content\/uploads\/2020\/01\/Rotary-Jet-Heads-2-leaflets.pdf\" role=\"button\"><br \/>\n\t\t\t\t\t\t\u00dcr\u00fcn Bilgisi<br \/>\n\t\t\t\t\t<\/a><br \/>\n\t\t\t<a href=\"https:\/\/ktk.com.tr\/wp-content\/uploads\/2020\/01\/SBV.pdf\" role=\"button\"><br \/>\n\t\t\t\t\t\tL\u00fctfen \u0130leti\u015fime Ge\u00e7iniz<br \/>\n\t\t\t\t\t<\/a><br \/>\n\t\t\t<a href=\"https:\/\/ktk.com.tr\/wp-content\/uploads\/2020\/01\/Rotary-Jet-Head-Spare-Part.pdf\" role=\"button\"><br \/>\n\t\t\t\t\t\tYedek Par\u00e7a<br \/>\n\t\t\t\t\t<\/a><br \/>\n\t\t\t\t\t\t\t\t\t\t<img decoding=\"async\" loading=\"lazy\" width=\"640\" height=\"360\" src=\"https:\/\/ktk.com.tr\/wp-content\/uploads\/2020\/01\/rotary_jet_head_multijet_640x360.png\" alt=\"\" class=\"ktk\" srcset=\"https:\/\/ktk.com.tr\/wp-content\/uploads\/2020\/01\/rotary_jet_head_multijet_640x360.png 640w, https:\/\/ktk.com.tr\/wp-content\/uploads\/2020\/01\/rotary_jet_head_multijet_640x360-300x169.png 300w, https:\/\/ktk.com.tr\/wp-content\/uploads\/2020\/01\/rotary_jet_head_multijet_640x360-1x1.png 1w\" sizes=\"(max-width: 640px) 100vw, 640px\" \/>\t\t\t\t\t\t\t\t\t\t\t<\/p>\n<h2>MultiJet<\/h2>\n<p>Alfa Laval MultiJet Rotary Jet Head tank temizleme serisi, ola\u011fan\u00fcst\u00fc temizlenebilirlik, daha iyi son \u00fcr\u00fcn kalitesi, daha y\u00fcksek toplam \u00e7\u0131kt\u0131 ve d\u00fc\u015f\u00fck i\u015fletme maliyetleri sa\u011flar. Boya, \u00e7elik, Sel\u00fcloz ve Ka\u011f\u0131t, kimyasal uygulamalar gibi end\u00fcstriyel uygulamalar i\u00e7in tasarlanm\u0131\u015ft\u0131r. Herhangi bir tank boyutunu kapsayan \u00e7e\u015fitli boyutlarda ve farkl\u0131 konfig\u00fcrasyonlarda mevcuttur.<\/p>\n<p>\t\t\t<a href=\"https:\/\/ktk.com.tr\/wp-content\/uploads\/2020\/01\/Rotary-Jet-Heads-1-Leaflets.pdf\" role=\"button\"><br \/>\n\t\t\t\t\t\t\u00dcr\u00fcn Bilgisi<br \/>\n\t\t\t\t\t<\/a><br \/>\n\t\t\t<a href=\"https:\/\/ktk.com.tr\/wp-content\/uploads\/2020\/01\/Rotary-Jet-Heads-2-leaflets.pdf\" role=\"button\"><br \/>\n\t\t\t\t\t\t\u00dcr\u00fcn Bilgisi<br \/>\n\t\t\t\t\t<\/a><br \/>\n\t\t\t<a href=\"https:\/\/ktk.com.tr\/tr\/contact-us\/\" role=\"button\"><br \/>\n\t\t\t\t\t\tL\u00fctfen \u0130leti\u015fime Ge\u00e7iniz<br \/>\n\t\t\t\t\t<\/a><br \/>\n\t\t\t<a href=\"https:\/\/ktk.com.tr\/wp-content\/uploads\/2020\/01\/Rotary-Jet-Head-Spare-Part.pdf\" role=\"button\"><br \/>\n\t\t\t\t\t\tYedek Par\u00e7a<br \/>\n\t\t\t\t\t<\/a><br \/>\n\t\t\t\t\t\t\t\t\t\t<img decoding=\"async\" loading=\"lazy\" width=\"640\" height=\"360\" src=\"https:\/\/ktk.com.tr\/wp-content\/uploads\/2020\/01\/rotary_jet_head_sanijet_640x360.png\" alt=\"\" class=\"ktk\" srcset=\"https:\/\/ktk.com.tr\/wp-content\/uploads\/2020\/01\/rotary_jet_head_sanijet_640x360.png 640w, https:\/\/ktk.com.tr\/wp-content\/uploads\/2020\/01\/rotary_jet_head_sanijet_640x360-300x169.png 300w, https:\/\/ktk.com.tr\/wp-content\/uploads\/2020\/01\/rotary_jet_head_sanijet_640x360-1x1.png 1w\" sizes=\"(max-width: 640px) 100vw, 640px\" \/>\t\t\t\t\t\t\t\t\t\t\t<\/p>\n<h2>SaniJet<\/h2>\n<p>Alfa Laval SaniJet, hijyenik, biyoteknoloji ve farmas\u00f6tik uygulamalar i\u00e7in tasarlanm\u0131\u015ft\u0131r ve ola\u011fan\u00fcst\u00fc temizlik, daha iyi son \u00fcr\u00fcn kalitesi, daha y\u00fcksek toplam \u00fcretim ve daha d\u00fc\u015f\u00fck i\u015fletme maliyetleri sa\u011flar.<\/p>\n<p>\t\t\t<a href=\"https:\/\/ktk.com.tr\/wp-content\/uploads\/2020\/01\/Rotary-Jet-Heads-1-Leaflets.pdf\" role=\"button\"><br \/>\n\t\t\t\t\t\t\u00dcr\u00fcn Bilgisi<br \/>\n\t\t\t\t\t<\/a><br \/>\n\t\t\t<a href=\"https:\/\/ktk.com.tr\/wp-content\/uploads\/2020\/01\/Rotary-Jet-Heads-2-leaflets.pdf\" role=\"button\"><br \/>\n\t\t\t\t\t\t\u00dcr\u00fcn Bilgisi<br \/>\n\t\t\t\t\t<\/a><br \/>\n\t\t\t<a href=\"https:\/\/ktk.com.tr\/tr\/contact-us\/\" role=\"button\"><br \/>\n\t\t\t\t\t\tL\u00fctfen \u0130leti\u015fime Ge\u00e7iniz<br \/>\n\t\t\t\t\t<\/a><br \/>\n\t\t\t<a href=\"https:\/\/ktk.com.tr\/wp-content\/uploads\/2020\/01\/Rotary-Jet-Head-Spare-Part.pdf\" role=\"button\"><br \/>\n\t\t\t\t\t\tYedek Par\u00e7a<br \/>\n\t\t\t\t\t<\/a><br \/>\n\t\t\t\t\t\t\t\t\t\t<img decoding=\"async\" loading=\"lazy\" width=\"640\" height=\"360\" src=\"https:\/\/ktk.com.tr\/wp-content\/uploads\/2020\/01\/rotary_jet_head_t_tz74_640x360.png\" alt=\"\" class=\"ktk\" srcset=\"https:\/\/ktk.com.tr\/wp-content\/uploads\/2020\/01\/rotary_jet_head_t_tz74_640x360.png 640w, https:\/\/ktk.com.tr\/wp-content\/uploads\/2020\/01\/rotary_jet_head_t_tz74_640x360-300x169.png 300w, https:\/\/ktk.com.tr\/wp-content\/uploads\/2020\/01\/rotary_jet_head_t_tz74_640x360-1x1.png 1w\" sizes=\"(max-width: 640px) 100vw, 640px\" \/>\t\t\t\t\t\t\t\t\t\t\t<\/p>\n<h2>T\/TZ<\/h2>\n<p>Alfa Laval T \/ TZ Rotary Jet Head tank temizleme serisi, ola\u011fan\u00fcst\u00fc temizlenebilirlik, daha iyi son \u00fcr\u00fcn kalitesi, daha y\u00fcksek toplam \u00e7\u0131kt\u0131 ve d\u00fc\u015f\u00fck i\u015fletme maliyetleri sa\u011flar. G\u0131da, s\u00fct \u00fcr\u00fcnleri ve i\u00e7ecek gibi hijyenik uygulamalar ve deniz \u00e7evresi i\u00e7in tasarlanm\u0131\u015ft\u0131r. Herhangi bir tank boyutunu kapsayan \u00e7e\u015fitli boyutlarda ve farkl\u0131 konfig\u00fcrasyonlarda mevcuttur.<\/p>\n<p>\u00a0<br \/>\n\t\t\t<a href=\"https:\/\/ktk.com.tr\/wp-content\/uploads\/2020\/01\/Rotary-Jet-Heads-1-Leaflets.pdf\" role=\"button\"><br \/>\n\t\t\t\t\t\t\u00dcr\u00fcn Bilgisi<br \/>\n\t\t\t\t\t<\/a><br \/>\n\t\t\t<a href=\"https:\/\/ktk.com.tr\/wp-content\/uploads\/2020\/01\/Rotary-Jet-Heads-2-leaflets.pdf\" role=\"button\"><br \/>\n\t\t\t\t\t\t\u00dcr\u00fcn Bilgisi<br \/>\n\t\t\t\t\t<\/a><br \/>\n\t\t\t<a href=\"https:\/\/ktk.com.tr\/tr\/contact-us\/\" role=\"button\"><br \/>\n\t\t\t\t\t\tL\u00fctfen \u0130leti\u015fime Ge\u00e7iniz<br \/>\n\t\t\t\t\t<\/a><br \/>\n\t\t\t<a href=\"https:\/\/ktk.com.tr\/wp-content\/uploads\/2020\/01\/Rotary-Jet-Head-Spare-Part.pdf\" role=\"button\"><br \/>\n\t\t\t\t\t\tYedek Par\u00e7a<br \/>\n\t\t\t\t\t<\/a><br \/>\n\t\t\t\t\t\t\t\t\t\t<img decoding=\"async\" loading=\"lazy\" width=\"640\" height=\"360\" src=\"https:\/\/ktk.com.tr\/wp-content\/uploads\/2020\/01\/tj40g-tj20g_480x360.png\" alt=\"\" class=\"ktk\" srcset=\"https:\/\/ktk.com.tr\/wp-content\/uploads\/2020\/01\/tj40g-tj20g_480x360.png 640w, https:\/\/ktk.com.tr\/wp-content\/uploads\/2020\/01\/tj40g-tj20g_480x360-300x169.png 300w, https:\/\/ktk.com.tr\/wp-content\/uploads\/2020\/01\/tj40g-tj20g_480x360-1x1.png 1w\" sizes=\"(max-width: 640px) 100vw, 640px\" \/>\t\t\t\t\t\t\t\t\t\t\t<\/p>\n<h2>TJ<\/h2>\n<p>Alfa Laval\u2019\u0131n Rotary Jet Head tank temizleme cihazlar\u0131 serisi, ola\u011fan\u00fcst\u00fc temizlik, daha iyi son \u00fcr\u00fcn kalitesi, daha y\u00fcksek toplam \u00e7\u0131kt\u0131 ve i\u015fletme maliyetlerinde% 70'e varan azalma sa\u011flar. G\u0131da, s\u00fct \u00fcr\u00fcnleri, ki\u015fisel bak\u0131m ve i\u00e7ecekler gibi hijyenik uygulamalar i\u00e7in tasarlanm\u0131\u015ft\u0131r.<\/p>\n<p>\t\t\t<a href=\"https:\/\/ktk.com.tr\/wp-content\/uploads\/2020\/01\/Rotary-Jet-Heads-1-Leaflets.pdf\" role=\"button\"><br \/>\n\t\t\t\t\t\t\u00dcr\u00fcn Bilgisi<br \/>\n\t\t\t\t\t<\/a><br \/>\n\t\t\t<a href=\"https:\/\/ktk.com.tr\/wp-content\/uploads\/2020\/01\/Rotary-Jet-Heads-2-leaflets.pdf\" role=\"button\"><br \/>\n\t\t\t\t\t\t\u00dcr\u00fcn Bilgisi<br \/>\n\t\t\t\t\t<\/a><br \/>\n\t\t\t<a href=\"https:\/\/ktk.com.tr\/tr\/contact-us\/\" role=\"button\"><br \/>\n\t\t\t\t\t\tL\u00fctfen \u0130leti\u015fime Ge\u00e7iniz<br \/>\n\t\t\t\t\t<\/a><br \/>\n\t\t\t<a href=\"https:\/\/ktk.com.tr\/wp-content\/uploads\/2020\/01\/Rotary-Jet-Head-Spare-Part.pdf\" role=\"button\"><br \/>\n\t\t\t\t\t\tYedek Par\u00e7a<br \/>\n\t\t\t\t\t<\/a><\/p>","protected":false},"excerpt":{"rendered":"<p>GJ The Alfa Laval GJ product line offers a wide range of tank cleaning machines for industrial applications, such as paint, steel, pulp &amp; paper, chemicals, and oil &amp; gas. The range spans from being able to clean small storage\/process tanks to the big industrial fermenters and storage tanks of sizes more than 5678m3 (1.5 [&hellip;]<\/p>","protected":false},"author":1,"featured_media":0,"parent":0,"menu_order":0,"comment_status":"closed","ping_status":"closed","template":"","meta":[],"_links":{"self":[{"href":"https:\/\/ktk.com.tr\/tr\/wp-json\/wp\/v2\/pages\/514"}],"collection":[{"href":"https:\/\/ktk.com.tr\/tr\/wp-json\/wp\/v2\/pages"}],"about":[{"href":"https:\/\/ktk.com.tr\/tr\/wp-json\/wp\/v2\/types\/page"}],"author":[{"embeddable":true,"href":"https:\/\/ktk.com.tr\/tr\/wp-json\/wp\/v2\/users\/1"}],"replies":[{"embeddable":true,"href":"https:\/\/ktk.com.tr\/tr\/wp-json\/wp\/v2\/comments?post=514"}],"version-history":[{"count":10,"href":"https:\/\/ktk.com.tr\/tr\/wp-json\/wp\/v2\/pages\/514\/revisions"}],"predecessor-version":[{"id":2377,"href":"https:\/\/ktk.com.tr\/tr\/wp-json\/wp\/v2\/pages\/514\/revisions\/2377"}],"wp:attachment":[{"href":"https:\/\/ktk.com.tr\/tr\/wp-json\/wp\/v2\/media?parent=514"}],"curies":[{"name":"wp","href":"https:\/\/api.w.org\/{rel}","templated":true}]}}