{"id":513,"date":"2019-12-22T13:29:43","date_gmt":"2019-12-22T13:29:43","guid":{"rendered":"http:\/\/ktk.com.tr\/?page_id=513"},"modified":"2020-01-24T12:51:33","modified_gmt":"2020-01-24T12:51:33","slug":"tank-cleaning-equipment","status":"publish","type":"page","link":"https:\/\/ktk.com.tr\/tr\/tank-cleaning-equipment\/","title":{"rendered":"Tank Temizleme Ekipmanlar\u0131"},"content":{"rendered":"<p><img decoding=\"async\" loading=\"lazy\" width=\"370\" height=\"431\" src=\"https:\/\/ktk.com.tr\/wp-content\/uploads\/2020\/01\/alfa-laval-tj40g-self-cleaning-illustration.jpg\" alt=\"\" class=\"ktk\" srcset=\"https:\/\/ktk.com.tr\/wp-content\/uploads\/2020\/01\/alfa-laval-tj40g-self-cleaning-illustration.jpg 370w, https:\/\/ktk.com.tr\/wp-content\/uploads\/2020\/01\/alfa-laval-tj40g-self-cleaning-illustration-258x300.jpg 258w, https:\/\/ktk.com.tr\/wp-content\/uploads\/2020\/01\/alfa-laval-tj40g-self-cleaning-illustration-1x1.jpg 1w\" sizes=\"(max-width: 370px) 100vw, 370px\" \/>\t\t\t\t\t\t\t\t\t\t\t<\/p>\n<h1>Tank Temizleme Ekipmanlar\u0131<\/h1>\n<p>Otomatik d\u00f6ner tank temizleme cihazlar\u0131m\u0131zla tanklar\u0131, kutular\u0131, mikserleri, kar\u0131\u015ft\u0131r\u0131c\u0131lar\u0131, su \u0131s\u0131t\u0131c\u0131lar\u0131n\u0131, kurutucular\u0131, reakt\u00f6rleri ve daha fazlas\u0131n\u0131 temizleyin. Alfa Laval tank temizleme makineleri, y\u00fcksek etkili temizleme jetleri olu\u015fturmak i\u00e7in bas\u0131nc\u0131 ve ak\u0131\u015f\u0131 birle\u015ftiren patentli teknoloji kullan\u0131r.<\/p>\n<p>Bu hassas, tekrarlanabilir ve g\u00fcvenilir 360 \u00b0 desen, en etkili tank\u0131 temizlerken en az miktarda kaynak kullanman\u0131z\u0131 sa\u011flar.<\/p>\n<p>\t\t\t\t\t\t\t\t\t\t<img decoding=\"async\" loading=\"lazy\" width=\"640\" height=\"360\" src=\"https:\/\/ktk.com.tr\/wp-content\/uploads\/2020\/01\/rotating_spray_head_sani_640x360.png\" alt=\"\" class=\"ktk\" srcset=\"https:\/\/ktk.com.tr\/wp-content\/uploads\/2020\/01\/rotating_spray_head_sani_640x360.png 640w, https:\/\/ktk.com.tr\/wp-content\/uploads\/2020\/01\/rotating_spray_head_sani_640x360-300x169.png 300w, https:\/\/ktk.com.tr\/wp-content\/uploads\/2020\/01\/rotating_spray_head_sani_640x360-1x1.png 1w\" sizes=\"(max-width: 640px) 100vw, 640px\" \/>\t\t\t\t\t\t\t\t\t\t\t<\/p>\n<h2>D\u00f6ner Y\u0131kama Ba\u015fl\u0131klar\u0131<\/h2>\n<p>D\u00f6ner y\u0131kama ba\u015fl\u0131klar\u0131 tank\u0131 temizlemede, ola\u011fan\u00fcst\u00fc temizlenebilirlik, daha iyi son \u00fcr\u00fcn kalitesi, daha y\u00fcksek toplam \u00e7\u0131kt\u0131 ve d\u00fc\u015f\u00fck i\u015fletme maliyetleri sa\u011flar. Hijyenik, biyoteknoloji ve farmas\u00f6tik uygulamalar i\u00e7in tasarlanm\u0131\u015ft\u0131r. Herhangi bir tank boyutunu kapsayan \u00e7e\u015fitli boyutlarda ve farkl\u0131 konfig\u00fcrasyonlarda mevcuttur.<\/p>\n<p>\t\t\t<a href=\"https:\/\/ktk.com.tr\/tr\/otary-spray-heads\/\" role=\"button\"><br \/>\n\t\t\t\t\t\tDaha Fazla<br \/>\n\t\t\t\t\t<\/a><br \/>\n\t\t\t\t\t\t\t\t\t\t<img decoding=\"async\" loading=\"lazy\" width=\"640\" height=\"360\" src=\"https:\/\/ktk.com.tr\/wp-content\/uploads\/2020\/01\/gj_640x360.png\" alt=\"\" class=\"ktk\" srcset=\"https:\/\/ktk.com.tr\/wp-content\/uploads\/2020\/01\/gj_640x360.png 640w, https:\/\/ktk.com.tr\/wp-content\/uploads\/2020\/01\/gj_640x360-300x169.png 300w, https:\/\/ktk.com.tr\/wp-content\/uploads\/2020\/01\/gj_640x360-1x1.png 1w\" sizes=\"(max-width: 640px) 100vw, 640px\" \/>\t\t\t\t\t\t\t\t\t\t\t<\/p>\n<h2>D\u00f6ner Jet Ba\u015fl\u0131klar\u0131<\/h2>\n<p>D\u00f6ner jet ba\u015fl\u0131klar\u0131 tank\u0131 temizlemede, ola\u011fan\u00fcst\u00fc temizlenebilirlik, daha iyi son \u00fcr\u00fcn kalitesi, daha y\u00fcksek toplam \u00e7\u0131kt\u0131 ve d\u00fc\u015f\u00fck i\u015fletme maliyetleri sa\u011flar. Deniz, hijyen, biyoteknoloji ve farmas\u00f6tik uygulamalar i\u00e7in tasarlanm\u0131\u015ft\u0131r. Herhangi bir tank boyutunu kapsayan \u00e7e\u015fitli boyutlarda ve farkl\u0131 konfig\u00fcrasyonlarda mevcuttur.<\/p>\n<p>\t\t\t<a href=\"https:\/\/ktk.com.tr\/tr\/rotary-jet-heads\/\" role=\"button\"><br \/>\n\t\t\t\t\t\tDaha Fazla<br \/>\n\t\t\t\t\t<\/a><\/p>","protected":false},"excerpt":{"rendered":"<p>Tank Cleaning Equipment Clean tanks, totes, mixers, blenders, kettles, dryers, reactors and more with our automated rotary tank cleaning devices.\u00a0Alfa Laval tank cleaning machines use patented technology that combines pressure and flow to create high impact cleaning jets. This precise, repeatable and reliable, 360\u00b0 pattern enables you to use the least amount of resources while [&hellip;]<\/p>","protected":false},"author":1,"featured_media":0,"parent":0,"menu_order":0,"comment_status":"closed","ping_status":"closed","template":"","meta":[],"_links":{"self":[{"href":"https:\/\/ktk.com.tr\/tr\/wp-json\/wp\/v2\/pages\/513"}],"collection":[{"href":"https:\/\/ktk.com.tr\/tr\/wp-json\/wp\/v2\/pages"}],"about":[{"href":"https:\/\/ktk.com.tr\/tr\/wp-json\/wp\/v2\/types\/page"}],"author":[{"embeddable":true,"href":"https:\/\/ktk.com.tr\/tr\/wp-json\/wp\/v2\/users\/1"}],"replies":[{"embeddable":true,"href":"https:\/\/ktk.com.tr\/tr\/wp-json\/wp\/v2\/comments?post=513"}],"version-history":[{"count":12,"href":"https:\/\/ktk.com.tr\/tr\/wp-json\/wp\/v2\/pages\/513\/revisions"}],"predecessor-version":[{"id":2419,"href":"https:\/\/ktk.com.tr\/tr\/wp-json\/wp\/v2\/pages\/513\/revisions\/2419"}],"wp:attachment":[{"href":"https:\/\/ktk.com.tr\/tr\/wp-json\/wp\/v2\/media?parent=513"}],"curies":[{"name":"wp","href":"https:\/\/api.w.org\/{rel}","templated":true}]}}