{"id":512,"date":"2019-12-22T13:29:43","date_gmt":"2019-12-22T13:29:43","guid":{"rendered":"http:\/\/ktk.com.tr\/?page_id=512"},"modified":"2020-01-20T08:43:30","modified_gmt":"2020-01-20T08:43:30","slug":"twin-screw","status":"publish","type":"page","link":"https:\/\/ktk.com.tr\/tr\/twin-screw\/","title":{"rendered":"Twin Screw"},"content":{"rendered":"<p><img decoding=\"async\" loading=\"lazy\" width=\"640\" height=\"360\" src=\"https:\/\/ktk.com.tr\/wp-content\/uploads\/2020\/01\/twinscrew_pump_640x360px.png\" alt=\"\" class=\"ktk\" srcset=\"https:\/\/ktk.com.tr\/wp-content\/uploads\/2020\/01\/twinscrew_pump_640x360px.png 640w, https:\/\/ktk.com.tr\/wp-content\/uploads\/2020\/01\/twinscrew_pump_640x360px-300x169.png 300w, https:\/\/ktk.com.tr\/wp-content\/uploads\/2020\/01\/twinscrew_pump_640x360px-1x1.png 1w\" sizes=\"(max-width: 640px) 100vw, 640px\" \/>\t\t\t\t\t\t\t\t\t\t\t<\/p>\n<h2>OS Twin Screw<\/h2>\n<p>Proses esnekli\u011fi i\u00e7in tasarlanan Alfa Laval \u0130kiz Vidal\u0131 Pompa, kat\u0131 hijyen standartlar\u0131n\u0131 kar\u015f\u0131layan sa\u011flam ve g\u00fcvenilir bir platform \u00fczerine in\u015fa edilmi\u015ftir. Hem \u00fcr\u00fcn transferini hem de Yerinde Temizlik (CIP) i\u015fleme kapasitesine sahiptir. D\u00fc\u015f\u00fck titre\u015fim karakteristikleri ve m\u00fckemmel kat\u0131 elle\u00e7leme \u00f6zelli\u011fi \u00fcr\u00fcn hasar\u0131 riskini azalt\u0131r ve b\u00f6ylece \u00fcr\u00fcn kalitesini art\u0131r\u0131r. Bak\u0131m basitle\u015ftirildi ve i\u015flem \u00e7al\u0131\u015fma s\u00fcresi art\u0131r\u0131ld\u0131.<\/p>\n<p>\t\t\t<a href=\"https:\/\/ktk.com.tr\/wp-content\/uploads\/2020\/01\/OS-Twin-Screw-Pump.pdf\" role=\"button\"><br \/>\n\t\t\t\t\t\t\u00dcr\u00fcn Bilgisi<br \/>\n\t\t\t\t\t<\/a><br \/>\n\t\t\t<a href=\"https:\/\/ktk.com.tr\/wp-content\/uploads\/2020\/01\/Twin-Screw-Pump-OS.pdf\" role=\"button\"><br \/>\n\t\t\t\t\t\tKullan\u0131m Klavuzu<br \/>\n\t\t\t\t\t<\/a><br \/>\n\t\t\t<a href=\"https:\/\/ktk.com.tr\/wp-content\/uploads\/2020\/01\/Twin-Screw-Pump-OS-2.pdf\" role=\"button\"><br \/>\n\t\t\t\t\t\tYedek Par\u00e7a<br \/>\n\t\t\t\t\t<\/a><\/p>","protected":false},"excerpt":{"rendered":"<p>OS Twin Screw Designed for process flexibility, the Alfa Laval Twin Screw Pump is built on a robust, reliable platform that meets stringent hygienic standards. It is capable of handling both product transfer and Cleaning-in-Place (CIP). Its low pulsation characteristics and excellent solids handling capability reduce the risk of product damage, thereby improving product quality. [&hellip;]<\/p>","protected":false},"author":1,"featured_media":0,"parent":0,"menu_order":0,"comment_status":"closed","ping_status":"closed","template":"","meta":[],"_links":{"self":[{"href":"https:\/\/ktk.com.tr\/tr\/wp-json\/wp\/v2\/pages\/512"}],"collection":[{"href":"https:\/\/ktk.com.tr\/tr\/wp-json\/wp\/v2\/pages"}],"about":[{"href":"https:\/\/ktk.com.tr\/tr\/wp-json\/wp\/v2\/types\/page"}],"author":[{"embeddable":true,"href":"https:\/\/ktk.com.tr\/tr\/wp-json\/wp\/v2\/users\/1"}],"replies":[{"embeddable":true,"href":"https:\/\/ktk.com.tr\/tr\/wp-json\/wp\/v2\/comments?post=512"}],"version-history":[{"count":9,"href":"https:\/\/ktk.com.tr\/tr\/wp-json\/wp\/v2\/pages\/512\/revisions"}],"predecessor-version":[{"id":2379,"href":"https:\/\/ktk.com.tr\/tr\/wp-json\/wp\/v2\/pages\/512\/revisions\/2379"}],"wp:attachment":[{"href":"https:\/\/ktk.com.tr\/tr\/wp-json\/wp\/v2\/media?parent=512"}],"curies":[{"name":"wp","href":"https:\/\/api.w.org\/{rel}","templated":true}]}}