{"id":510,"date":"2019-12-22T13:29:43","date_gmt":"2019-12-22T13:29:43","guid":{"rendered":"http:\/\/ktk.com.tr\/?page_id=510"},"modified":"2020-01-20T08:44:37","modified_gmt":"2020-01-20T08:44:37","slug":"rotary-lobe-pumps","status":"publish","type":"page","link":"https:\/\/ktk.com.tr\/tr\/rotary-lobe-pumps\/","title":{"rendered":"D\u00f6ner Loblu Pompalar"},"content":{"rendered":"<p><img decoding=\"async\" loading=\"lazy\" width=\"640\" height=\"360\" src=\"https:\/\/ktk.com.tr\/wp-content\/uploads\/2020\/01\/optilobe_rotary-lobe-pump_640x360.jpg\" alt=\"\" class=\"ktk\" srcset=\"https:\/\/ktk.com.tr\/wp-content\/uploads\/2020\/01\/optilobe_rotary-lobe-pump_640x360.jpg 640w, https:\/\/ktk.com.tr\/wp-content\/uploads\/2020\/01\/optilobe_rotary-lobe-pump_640x360-300x169.jpg 300w, https:\/\/ktk.com.tr\/wp-content\/uploads\/2020\/01\/optilobe_rotary-lobe-pump_640x360-1x1.jpg 1w\" sizes=\"(max-width: 640px) 100vw, 640px\" \/>\t\t\t\t\t\t\t\t\t\t\t<\/p>\n<h2>OptiLobe<\/h2>\n<p>Alfa Laval OptiLobe d\u00f6ner loblu pompalar, hassas \u00fcr\u00fcn i\u015flemi ve kolay servis verilebilmesi gereken genel uygulamalar i\u00e7in uygun maliyetli alternatiflerdir. \u00c7ok y\u00f6nl\u00fc, g\u00fcvenilir ve enerji tasarruflu bu hijyenik pozitif deplasmanl\u0131 pompalar, hem proses esnekli\u011fini hem de operasyonel g\u00fcvenilirli\u011fi art\u0131r\u0131r.<\/p>\n<p>\t\t\t<a href=\"https:\/\/ktk.com.tr\/wp-content\/uploads\/2020\/01\/OptiLobe-Rotary-Lobe-Pump.pdf\" role=\"button\"><br \/>\n\t\t\t\t\t\t\u00dcr\u00fcn Bilgisi<br \/>\n\t\t\t\t\t<\/a><br \/>\n\t\t\t<a href=\"https:\/\/ktk.com.tr\/wp-content\/uploads\/2020\/01\/OptiLobe.pdf\" role=\"button\"><br \/>\n\t\t\t\t\t\tKullan\u0131m Klavuzu<br \/>\n\t\t\t\t\t<\/a><br \/>\n\t\t\t<a href=\"https:\/\/ktk.com.tr\/wp-content\/uploads\/2020\/01\/OptiLobe-2.pdf\" role=\"button\"><br \/>\n\t\t\t\t\t\tYedek Par\u00e7a<br \/>\n\t\t\t\t\t<\/a><br \/>\n\t\t\t\t\t\t\t\t\t\t<img decoding=\"async\" loading=\"lazy\" width=\"300\" height=\"169\" src=\"https:\/\/ktk.com.tr\/wp-content\/uploads\/2020\/01\/sx_rotary_lobe_pump_left_side_640x360-300x169.png\" alt=\"\" class=\"ktk\" srcset=\"https:\/\/ktk.com.tr\/wp-content\/uploads\/2020\/01\/sx_rotary_lobe_pump_left_side_640x360-300x169.png 300w, https:\/\/ktk.com.tr\/wp-content\/uploads\/2020\/01\/sx_rotary_lobe_pump_left_side_640x360-1x1.png 1w, https:\/\/ktk.com.tr\/wp-content\/uploads\/2020\/01\/sx_rotary_lobe_pump_left_side_640x360.png 640w\" sizes=\"(max-width: 300px) 100vw, 300px\" \/>\t\t\t\t\t\t\t\t\t\t\t<\/p>\n<h2>SRU<\/h2>\n<p>Yumu\u015fak, d\u00fc\u015f\u00fck kesmeli pompalama eylemi ile SRU, s\u00fct, yiyecek ve i\u00e7ecek, biyoteknoloji ve ila\u00e7 end\u00fcstrilerindeki hassas proses s\u0131v\u0131lar\u0131n\u0131n nazik kullan\u0131m\u0131 i\u00e7in Alfa Laval\u2019\u0131n temel d\u00f6ner lob pompas\u0131d\u0131r.<\/p>\n<p>\t\t\t<a href=\"https:\/\/ktk.com.tr\/wp-content\/uploads\/2020\/01\/SRU-Rotary-Lobe-Pump.pdf\" role=\"button\"><br \/>\n\t\t\t\t\t\t\u00dcr\u00fcn Bilgisi<br \/>\n\t\t\t\t\t<\/a><br \/>\n\t\t\t<a href=\"https:\/\/ktk.com.tr\/wp-content\/uploads\/2020\/01\/SRU.pdf\" role=\"button\"><br \/>\n\t\t\t\t\t\tKullan\u0131m Klavuzu<br \/>\n\t\t\t\t\t<\/a><br \/>\n\t\t\t<a href=\"https:\/\/ktk.com.tr\/wp-content\/uploads\/2020\/01\/SRU-Rotary-Lobe-Pumps.pdf\" role=\"button\"><br \/>\n\t\t\t\t\t\tYedek Par\u00e7a<br \/>\n\t\t\t\t\t<\/a><br \/>\n\t\t\t\t\t\t\t\t\t\t<img decoding=\"async\" loading=\"lazy\" width=\"750\" height=\"753\" src=\"https:\/\/ktk.com.tr\/wp-content\/uploads\/2020\/01\/rotary-lobe-pumps-sx-7062.jpg\" alt=\"\" class=\"ktk\" srcset=\"https:\/\/ktk.com.tr\/wp-content\/uploads\/2020\/01\/rotary-lobe-pumps-sx-7062.jpg 750w, https:\/\/ktk.com.tr\/wp-content\/uploads\/2020\/01\/rotary-lobe-pumps-sx-7062-300x300.jpg 300w, https:\/\/ktk.com.tr\/wp-content\/uploads\/2020\/01\/rotary-lobe-pumps-sx-7062-150x150.jpg 150w, https:\/\/ktk.com.tr\/wp-content\/uploads\/2020\/01\/rotary-lobe-pumps-sx-7062-1x1.jpg 1w\" sizes=\"(max-width: 750px) 100vw, 750px\" \/>\t\t\t\t\t\t\t\t\t\t\t<\/p>\n<h2>SX<\/h2>\n<p>SX, Alfa Laval\u2019\u0131n biyoteknoloji ve ila\u00e7 end\u00fcstrilerindeki hijyenik ve ultra temiz uygulamalarda, sa\u011fl\u0131k ve g\u00fczellikte ve zorlu g\u0131da uygulamalar\u0131nda proses s\u0131v\u0131lar\u0131n\u0131n hafif\u00e7e ta\u015f\u0131nmas\u0131 i\u00e7in tasarlanm\u0131\u015f birinci s\u0131n\u0131f d\u00f6ner loblu pompad\u0131r.<\/p>\n<p>\t\t\t<a href=\"https:\/\/ktk.com.tr\/wp-content\/uploads\/2020\/01\/SX-Rotary-Lobe-Pump.pdf\" role=\"button\"><br \/>\n\t\t\t\t\t\t\u00dcr\u00fcn Bilgisi<br \/>\n\t\t\t\t\t<\/a><br \/>\n\t\t\t<a href=\"https:\/\/ktk.com.tr\/wp-content\/uploads\/2020\/01\/SX-RotaryLobePumps.pdf\" role=\"button\"><br \/>\n\t\t\t\t\t\tKullan\u0131m Klavuzu<br \/>\n\t\t\t\t\t<\/a><br \/>\n\t\t\t<a href=\"https:\/\/ktk.com.tr\/wp-content\/uploads\/2020\/01\/SX-Rotary-Lobe-Pumps.pdf\" role=\"button\"><br \/>\n\t\t\t\t\t\tYedek Par\u00e7a<br \/>\n\t\t\t\t\t<\/a><br \/>\n\t\t\t\t\t\t\t\t\t\t<img decoding=\"async\" loading=\"lazy\" width=\"640\" height=\"360\" src=\"https:\/\/ktk.com.tr\/wp-content\/uploads\/2020\/01\/sxultrapure-640x360shadow.png\" alt=\"\" class=\"ktk\" srcset=\"https:\/\/ktk.com.tr\/wp-content\/uploads\/2020\/01\/sxultrapure-640x360shadow.png 640w, https:\/\/ktk.com.tr\/wp-content\/uploads\/2020\/01\/sxultrapure-640x360shadow-300x169.png 300w, https:\/\/ktk.com.tr\/wp-content\/uploads\/2020\/01\/sxultrapure-640x360shadow-1x1.png 1w\" sizes=\"(max-width: 640px) 100vw, 640px\" \/>\t\t\t\t\t\t\t\t\t\t\t<\/p>\n<h2>SX UltraPure<\/h2>\n<p>Alfa Laval SX UltraPure, \u0130la\u00e7 ve Biyoteknoloji end\u00fcstrilerindeki y\u00fcksek safl\u0131kta uygulamalarda proses s\u0131v\u0131lar\u0131n\u0131n nazik\u00e7e ta\u015f\u0131nmas\u0131 i\u00e7in \u00f6zel olarak tasarlanm\u0131\u015f Alfa Laval\u2019\u0131n d\u00f6ner loblu pompas\u0131d\u0131r.<\/p>\n<p>\u00a0<br \/>\n\t\t\t<a href=\"https:\/\/ktk.com.tr\/wp-content\/uploads\/2020\/01\/SX-UltraPure-Rotary-Lobe-Pump.pdf\" role=\"button\"><br \/>\n\t\t\t\t\t\t\u00dcr\u00fcn Bilgisi<br \/>\n\t\t\t\t\t<\/a><br \/>\n\t\t\t<a href=\"https:\/\/ktk.com.tr\/wp-content\/uploads\/2020\/01\/SX-UltraPure-Range.pdf\" role=\"button\"><br \/>\n\t\t\t\t\t\tKullan\u0131m Klavuzu<br \/>\n\t\t\t\t\t<\/a><br \/>\n\t\t\t<a href=\"https:\/\/ktk.com.tr\/wp-content\/uploads\/2020\/01\/Rotary-Lobe-Pumps-SX-UltraPure-Range.pdf\" role=\"button\"><br \/>\n\t\t\t\t\t\tYedek Par\u00e7a<br \/>\n\t\t\t\t\t<\/a><\/p>","protected":false},"excerpt":{"rendered":"<p>OptiLobe Alfa Laval OptiLobe rotary lobe pumps are cost-effective alternatives for general applications requiring gentle product treatment and easy serviceability. Versatile, reliable and energy-efficient, these hygienic positive displacement pumps enhance both process flexibility and operational reliability. Product Data Instruction Manual Spare Parts SRU With its smooth, low-shear pumping action, the SRU is Alfa Laval\u2019s core [&hellip;]<\/p>","protected":false},"author":1,"featured_media":0,"parent":0,"menu_order":0,"comment_status":"closed","ping_status":"closed","template":"","meta":[],"_links":{"self":[{"href":"https:\/\/ktk.com.tr\/tr\/wp-json\/wp\/v2\/pages\/510"}],"collection":[{"href":"https:\/\/ktk.com.tr\/tr\/wp-json\/wp\/v2\/pages"}],"about":[{"href":"https:\/\/ktk.com.tr\/tr\/wp-json\/wp\/v2\/types\/page"}],"author":[{"embeddable":true,"href":"https:\/\/ktk.com.tr\/tr\/wp-json\/wp\/v2\/users\/1"}],"replies":[{"embeddable":true,"href":"https:\/\/ktk.com.tr\/tr\/wp-json\/wp\/v2\/comments?post=510"}],"version-history":[{"count":13,"href":"https:\/\/ktk.com.tr\/tr\/wp-json\/wp\/v2\/pages\/510\/revisions"}],"predecessor-version":[{"id":2380,"href":"https:\/\/ktk.com.tr\/tr\/wp-json\/wp\/v2\/pages\/510\/revisions\/2380"}],"wp:attachment":[{"href":"https:\/\/ktk.com.tr\/tr\/wp-json\/wp\/v2\/media?parent=510"}],"curies":[{"name":"wp","href":"https:\/\/api.w.org\/{rel}","templated":true}]}}