{"id":509,"date":"2019-12-22T13:29:43","date_gmt":"2019-12-22T13:29:43","guid":{"rendered":"http:\/\/ktk.com.tr\/?page_id=509"},"modified":"2020-01-20T08:44:58","modified_gmt":"2020-01-20T08:44:58","slug":"circumferential-piston-pumps","status":"publish","type":"page","link":"https:\/\/ktk.com.tr\/tr\/circumferential-piston-pumps\/","title":{"rendered":"\u00c7evresel Piston Vanalar"},"content":{"rendered":"<p><img decoding=\"async\" loading=\"lazy\" width=\"546\" height=\"360\" src=\"https:\/\/ktk.com.tr\/wp-content\/uploads\/2020\/01\/SCPP-1_high_res_1_0.jpg\" alt=\"\" class=\"ktk\" srcset=\"https:\/\/ktk.com.tr\/wp-content\/uploads\/2020\/01\/SCPP-1_high_res_1_0.jpg 546w, https:\/\/ktk.com.tr\/wp-content\/uploads\/2020\/01\/SCPP-1_high_res_1_0-300x198.jpg 300w, https:\/\/ktk.com.tr\/wp-content\/uploads\/2020\/01\/SCPP-1_high_res_1_0-1x1.jpg 1w\" sizes=\"(max-width: 546px) 100vw, 546px\" \/>\t\t\t\t\t\t\t\t\t\t\t<\/p>\n<h2>SCPP<\/h2>\n<p>SCPP \u00e7evresel pistonlu pompa serisi, yiyecek, s\u00fct \u00fcr\u00fcnleri ve i\u00e7ecek ve di\u011fer hijyenik uygulamalar i\u00e7in y\u00fcksek de\u015farj bas\u0131n\u00e7lar\u0131nda \u00e7ok d\u00fc\u015f\u00fck viskoziteli \u00fcr\u00fcnleri ta\u015f\u0131mak i\u00e7in \u00f6zel olarak tasarlanm\u0131\u015f iki pozitif deplasmanl\u0131 pompadan olu\u015fur. Geni\u015f \u00fcr\u00fcn yelpazesi, \u00e7e\u015fitli \u00e7al\u0131\u015fma bas\u0131n\u00e7lar\u0131 alt\u0131nda geni\u015f bir gereksinim yelpazesini kar\u015f\u0131lar.<\/p>\n<p>\t\t\t<a href=\"https:\/\/ktk.com.tr\/wp-content\/uploads\/2020\/01\/SCPP-1-circumferential-piston-pump.pdf\" role=\"button\"><br \/>\n\t\t\t\t\t\t\u00dcr\u00fcn Bilgisi 1<br \/>\n\t\t\t\t\t<\/a><br \/>\n\t\t\t<a href=\"https:\/\/ktk.com.tr\/wp-content\/uploads\/2020\/01\/SCPP-2-circumferential-piston-pump.pdf\" role=\"button\"><br \/>\n\t\t\t\t\t\t\u00dcr\u00fcn Bilgisi 2<br \/>\n\t\t\t\t\t<\/a><br \/>\n\t\t\t<a href=\"https:\/\/ktk.com.tr\/wp-content\/uploads\/2020\/01\/SCPP-1-circumferential-piston-pump-2.pdf\" role=\"button\"><br \/>\n\t\t\t\t\t\tKullan\u0131m Klavuzu 1<br \/>\n\t\t\t\t\t<\/a><br \/>\n\t\t\t<a href=\"https:\/\/ktk.com.tr\/wp-content\/uploads\/2020\/01\/SCPP-2-circumferential-piston-pump-2.pdf\" role=\"button\"><br \/>\n\t\t\t\t\t\tKluulan\u0131m Klavuzu 2<br \/>\n\t\t\t\t\t<\/a><br \/>\n\t\t\t<a href=\"https:\/\/ktk.com.tr\/wp-content\/uploads\/2020\/01\/SCPP1.pdf\" role=\"button\"><br \/>\n\t\t\t\t\t\tYedek Par\u00e7a 1<br \/>\n\t\t\t\t\t<\/a><br \/>\n\t\t\t<a href=\"https:\/\/ktk.com.tr\/wp-content\/uploads\/2020\/01\/SCPP2.pdf\" role=\"button\"><br \/>\n\t\t\t\t\t\tYedek Par\u00e7a 2<br \/>\n\t\t\t\t\t<\/a><\/p>","protected":false},"excerpt":{"rendered":"<p>SCPP The SCPP circumferential piston pump range consists of two positive displacement pumps, specially designed for transporting very low viscosity products at higher discharge pressures for food, dairy and beverage and other hygienic applications. The extensive range meets a wide spectrum of requirements under various working pressures. Product Data 1 Product Data 2 Instruction Manual [&hellip;]<\/p>","protected":false},"author":1,"featured_media":0,"parent":0,"menu_order":0,"comment_status":"closed","ping_status":"closed","template":"","meta":[],"_links":{"self":[{"href":"https:\/\/ktk.com.tr\/tr\/wp-json\/wp\/v2\/pages\/509"}],"collection":[{"href":"https:\/\/ktk.com.tr\/tr\/wp-json\/wp\/v2\/pages"}],"about":[{"href":"https:\/\/ktk.com.tr\/tr\/wp-json\/wp\/v2\/types\/page"}],"author":[{"embeddable":true,"href":"https:\/\/ktk.com.tr\/tr\/wp-json\/wp\/v2\/users\/1"}],"replies":[{"embeddable":true,"href":"https:\/\/ktk.com.tr\/tr\/wp-json\/wp\/v2\/comments?post=509"}],"version-history":[{"count":8,"href":"https:\/\/ktk.com.tr\/tr\/wp-json\/wp\/v2\/pages\/509\/revisions"}],"predecessor-version":[{"id":2381,"href":"https:\/\/ktk.com.tr\/tr\/wp-json\/wp\/v2\/pages\/509\/revisions\/2381"}],"wp:attachment":[{"href":"https:\/\/ktk.com.tr\/tr\/wp-json\/wp\/v2\/media?parent=509"}],"curies":[{"name":"wp","href":"https:\/\/api.w.org\/{rel}","templated":true}]}}