{"id":508,"date":"2019-12-22T13:29:43","date_gmt":"2019-12-22T13:29:43","guid":{"rendered":"http:\/\/ktk.com.tr\/?page_id=508"},"modified":"2020-01-22T07:18:07","modified_gmt":"2020-01-22T07:18:07","slug":"centrifugal-pumps","status":"publish","type":"page","link":"https:\/\/ktk.com.tr\/tr\/centrifugal-pumps\/","title":{"rendered":"Santrif\u00fcj Pompalar"},"content":{"rendered":"<p><img decoding=\"async\" loading=\"lazy\" width=\"640\" height=\"360\" src=\"https:\/\/ktk.com.tr\/wp-content\/uploads\/2020\/01\/lkh_centrifugal_pump_left-side_row_640x360.jpg\" alt=\"\" class=\"ktk\" srcset=\"https:\/\/ktk.com.tr\/wp-content\/uploads\/2020\/01\/lkh_centrifugal_pump_left-side_row_640x360.jpg 640w, https:\/\/ktk.com.tr\/wp-content\/uploads\/2020\/01\/lkh_centrifugal_pump_left-side_row_640x360-300x169.jpg 300w, https:\/\/ktk.com.tr\/wp-content\/uploads\/2020\/01\/lkh_centrifugal_pump_left-side_row_640x360-1x1.jpg 1w\" sizes=\"(max-width: 640px) 100vw, 640px\" \/>\t\t\t\t\t\t\t\t\t\t\t<\/p>\n<h2>LKH<\/h2>\n<p>S\u00fct, g\u0131da ve i\u00e7ecek ve ki\u015fisel bak\u0131m end\u00fcstrilerinin hijyenik gereksinimlerini kar\u015f\u0131lamak \u00fczere tasarlanan LKH santrif\u00fcj pompalar, y\u00fcksek verimlilik ve yumu\u015fak \u00fcr\u00fcn kullan\u0131m\u0131 sa\u011flarken proses verimlili\u011fini art\u0131r\u0131r.<\/p>\n<p>\t\t\t<a href=\"https:\/\/ktk.com.tr\/wp-content\/uploads\/2020\/01\/LKH-Centrifugal-Pump-3.pdf\" role=\"button\"><br \/>\n\t\t\t\t\t\t\u00dcr\u00fcn Bilgisi<br \/>\n\t\t\t\t\t<\/a><br \/>\n\t\t\t<a href=\"https:\/\/ktk.com.tr\/wp-content\/uploads\/2020\/01\/LKH-Centrifugal-Pump.pdf\" role=\"button\"><br \/>\n\t\t\t\t\t\tKullan\u0131m Klavuzu<br \/>\n\t\t\t\t\t<\/a><br \/>\n\t\t\t<a href=\"https:\/\/ktk.com.tr\/wp-content\/uploads\/2020\/01\/LKH-Centrifugal-Pump-2.pdf\" role=\"button\"><br \/>\n\t\t\t\t\t\tYedek Par\u00e7a<br \/>\n\t\t\t\t\t<\/a><br \/>\n\t\t\t\t\t\t\t\t\t\t<img decoding=\"async\" loading=\"lazy\" width=\"640\" height=\"360\" src=\"https:\/\/ktk.com.tr\/wp-content\/uploads\/2020\/01\/lkh_ultrapure_left-new-640x360-1.jpg\" alt=\"\" class=\"ktk\" srcset=\"https:\/\/ktk.com.tr\/wp-content\/uploads\/2020\/01\/lkh_ultrapure_left-new-640x360-1.jpg 640w, https:\/\/ktk.com.tr\/wp-content\/uploads\/2020\/01\/lkh_ultrapure_left-new-640x360-1-300x169.jpg 300w, https:\/\/ktk.com.tr\/wp-content\/uploads\/2020\/01\/lkh_ultrapure_left-new-640x360-1-1x1.jpg 1w\" sizes=\"(max-width: 640px) 100vw, 640px\" \/>\t\t\t\t\t\t\t\t\t\t\t<\/p>\n<h2>LKH UltraPure<\/h2>\n<p>LKH UltraPure santrif\u00fcj pompalar maksimum \u00e7al\u0131\u015fma s\u00fcresi ve y\u00fcksek verimlilik sa\u011flar ve kolay temizlenebilirlik ve kapsaml\u0131 dok\u00fcmantasyonun avantajlar\u0131n\u0131 sunar. Biyoteknoloji ve ila\u00e7 end\u00fcstrilerinin \u00f6zel taleplerini kar\u015f\u0131lamak i\u00e7in tasarlanm\u0131\u015ft\u0131r. T\u00fcm Alfa Laval Ultrapure ekipmanlar\u0131 standart Alfa Laval Q-doc dok\u00fcmantasyon paketiyle birlikte teslim edilir.<\/p>\n<p>\t\t\t<a href=\"https:\/\/ktk.com.tr\/wp-content\/uploads\/2020\/01\/LKH-UltraPure-Centrifugal-pump.pdf\" role=\"button\"><br \/>\n\t\t\t\t\t\t\u00dcr\u00fcn Bilgisi<br \/>\n\t\t\t\t\t<\/a><br \/>\n\t\t\t<a href=\"https:\/\/ktk.com.tr\/wp-content\/uploads\/2020\/01\/LKH-UltraPure.pdf\" role=\"button\"><br \/>\n\t\t\t\t\t\tKullan\u0131m Klavuzu<br \/>\n\t\t\t\t\t<\/a><br \/>\n\t\t\t<a href=\"https:\/\/ktk.com.tr\/wp-content\/uploads\/2020\/01\/LKH-UltraPure-Centrifugal-Pump-2.pdf\" role=\"button\"><br \/>\n\t\t\t\t\t\tYedek Par\u00e7a<br \/>\n\t\t\t\t\t<\/a><br \/>\n\t\t\t\t\t\t\t\t\t\t<img decoding=\"async\" loading=\"lazy\" width=\"640\" height=\"360\" src=\"https:\/\/ktk.com.tr\/wp-content\/uploads\/2020\/01\/lkh_centrifugal_pump_left-side_row_640x360-5.jpg\" alt=\"\" class=\"ktk\" srcset=\"https:\/\/ktk.com.tr\/wp-content\/uploads\/2020\/01\/lkh_centrifugal_pump_left-side_row_640x360-5.jpg 640w, https:\/\/ktk.com.tr\/wp-content\/uploads\/2020\/01\/lkh_centrifugal_pump_left-side_row_640x360-5-300x169.jpg 300w, https:\/\/ktk.com.tr\/wp-content\/uploads\/2020\/01\/lkh_centrifugal_pump_left-side_row_640x360-5-1x1.jpg 1w\" sizes=\"(max-width: 640px) 100vw, 640px\" \/>\t\t\t\t\t\t\t\t\t\t\t<\/p>\n<h2>LKHex<\/h2>\n<p>LKHex santrif\u00fcj pompalar ATEX ve patlamaya dayan\u0131kl\u0131 uygulamalar, y\u00fcksek verimlilik ve yumu\u015fak \u00fcr\u00fcn kullan\u0131m\u0131 sa\u011flarken proses verimlili\u011fini art\u0131r\u0131r. S\u00fct, g\u0131da ve i\u00e7ecek ve ki\u015fisel bak\u0131m end\u00fcstrilerinin hijyenik gereksinimlerini kar\u015f\u0131lar.<\/p>\n<p>\t\t\t<a href=\"https:\/\/ktk.com.tr\/wp-content\/uploads\/2020\/01\/LKHex-Centrifugal-Pump.pdf\" role=\"button\"><br \/>\n\t\t\t\t\t\t\u00dcr\u00fcn Bilgisi<br \/>\n\t\t\t\t\t<\/a><br \/>\n\t\t\t<a href=\"https:\/\/ktk.com.tr\/wp-content\/uploads\/2020\/01\/LKHex-Centrifugal-Pump-2.pdf\" role=\"button\"><br \/>\n\t\t\t\t\t\tKullan\u0131m Klavuzu<br \/>\n\t\t\t\t\t<\/a><br \/>\n\t\t\t<a href=\"https:\/\/ktk.com.tr\/wp-content\/uploads\/2020\/01\/LKHex-Centrifugal-Pump-3.pdf\" role=\"button\"><br \/>\n\t\t\t\t\t\tYedek Par\u00e7a<br \/>\n\t\t\t\t\t<\/a><br \/>\n\t\t\t\t\t\t\t\t\t\t<img decoding=\"async\" loading=\"lazy\" width=\"640\" height=\"360\" src=\"https:\/\/ktk.com.tr\/wp-content\/uploads\/2020\/01\/lkh_centrifugal_pump_left-side_row_640x360-6.jpg\" alt=\"\" class=\"ktk\" srcset=\"https:\/\/ktk.com.tr\/wp-content\/uploads\/2020\/01\/lkh_centrifugal_pump_left-side_row_640x360-6.jpg 640w, https:\/\/ktk.com.tr\/wp-content\/uploads\/2020\/01\/lkh_centrifugal_pump_left-side_row_640x360-6-300x169.jpg 300w, https:\/\/ktk.com.tr\/wp-content\/uploads\/2020\/01\/lkh_centrifugal_pump_left-side_row_640x360-6-1x1.jpg 1w\" sizes=\"(max-width: 640px) 100vw, 640px\" \/>\t\t\t\t\t\t\t\t\t\t\t<\/p>\n<h2>LKH Evap<\/h2>\n<p>LKH Evap d\u00fc\u015f\u00fck NPSHr'dir, y\u00fcksek verimli santrif\u00fcj pompa buharla\u015fma uygulamalar\u0131 i\u00e7in optimize edilmi\u015ftir. LKH Evap ayr\u0131ca kat\u0131 madde birikiminin sorun olabilece\u011fi uygulamalar i\u00e7in ClearFlow \u00e7ark se\u00e7ene\u011fine sahiptir.<\/p>\n<p>\u00a0<br \/>\n\t\t\t<a href=\"https:\/\/ktk.com.tr\/wp-content\/uploads\/2020\/01\/LKH-Evap-Centrifugal-Pump.pdf\" role=\"button\"><br \/>\n\t\t\t\t\t\t\u00dcr\u00fcn Bilgisi<br \/>\n\t\t\t\t\t<\/a><br \/>\n\t\t\t<a href=\"https:\/\/ktk.com.tr\/wp-content\/uploads\/2020\/01\/LKH-Evaporator.pdf\" role=\"button\"><br \/>\n\t\t\t\t\t\tKullan\u0131m Klavuzu<br \/>\n\t\t\t\t\t<\/a><br \/>\n\t\t\t<a href=\"https:\/\/ktk.com.tr\/wp-content\/uploads\/2020\/01\/LKH-Evap.pdf\" role=\"button\"><br \/>\n\t\t\t\t\t\tYedek Par\u00e7a<br \/>\n\t\t\t\t\t<\/a><br \/>\n\t\t\t\t\t\t\t\t\t\t<img decoding=\"async\" loading=\"lazy\" width=\"640\" height=\"360\" src=\"https:\/\/ktk.com.tr\/wp-content\/uploads\/2020\/01\/lkhpf_centrifugal_pump_left_side_640x360.png\" alt=\"\" class=\"ktk\" srcset=\"https:\/\/ktk.com.tr\/wp-content\/uploads\/2020\/01\/lkhpf_centrifugal_pump_left_side_640x360.png 640w, https:\/\/ktk.com.tr\/wp-content\/uploads\/2020\/01\/lkhpf_centrifugal_pump_left_side_640x360-300x169.png 300w, https:\/\/ktk.com.tr\/wp-content\/uploads\/2020\/01\/lkhpf_centrifugal_pump_left_side_640x360-1x1.png 1w\" sizes=\"(max-width: 640px) 100vw, 640px\" \/>\t\t\t\t\t\t\t\t\t\t\t<\/p>\n<h2>LKHPF<\/h2>\n<p>LKH PF, y\u00fcksek bas\u0131n\u00e7l\u0131 filtrasyon uygulamalar\u0131 i\u00e7in ideal olan y\u00fcksek bas\u0131n\u00e7l\u0131, y\u00fcksek verimli bir santrif\u00fcj pompad\u0131r<\/p>\n<p>\t\t\t<a href=\"https:\/\/ktk.com.tr\/wp-content\/uploads\/2020\/01\/LKHP-Filtration-Centrifugal-Pump.pdf\" role=\"button\"><br \/>\n\t\t\t\t\t\t\u00dcr\u00fcn Bilgisi<br \/>\n\t\t\t\t\t<\/a><br \/>\n\t\t\t<a href=\"https:\/\/ktk.com.tr\/wp-content\/uploads\/2020\/01\/LKHPF.pdf\" role=\"button\"><br \/>\n\t\t\t\t\t\tKullan\u0131m Klavuzu<br \/>\n\t\t\t\t\t<\/a><br \/>\n\t\t\t<a href=\"https:\/\/ktk.com.tr\/wp-content\/uploads\/2020\/01\/LKHP-Filtration-Centrifugal-Pump-2.pdf\" role=\"button\"><br \/>\n\t\t\t\t\t\tYedek Par\u00e7a<br \/>\n\t\t\t\t\t<\/a><br \/>\n\t\t\t\t\t\t\t\t\t\t<img decoding=\"async\" loading=\"lazy\" width=\"640\" height=\"360\" src=\"https:\/\/ktk.com.tr\/wp-content\/uploads\/2020\/01\/lkh_centrifugal_pump_left-side_row_640x360-7.jpg\" alt=\"\" class=\"ktk\" srcset=\"https:\/\/ktk.com.tr\/wp-content\/uploads\/2020\/01\/lkh_centrifugal_pump_left-side_row_640x360-7.jpg 640w, https:\/\/ktk.com.tr\/wp-content\/uploads\/2020\/01\/lkh_centrifugal_pump_left-side_row_640x360-7-300x169.jpg 300w, https:\/\/ktk.com.tr\/wp-content\/uploads\/2020\/01\/lkh_centrifugal_pump_left-side_row_640x360-7-1x1.jpg 1w\" sizes=\"(max-width: 640px) 100vw, 640px\" \/>\t\t\t\t\t\t\t\t\t\t\t<\/p>\n<h2>LKHI<\/h2>\n<p>16 bara kadar giri\u015f bas\u0131n\u00e7lar\u0131 i\u00e7in LKHI santrif\u00fcj pompalar\u0131, y\u00fcksek verimlilik ve hassas \u00fcr\u00fcn kullan\u0131m\u0131 sa\u011flarken proses verimlili\u011fini art\u0131r\u0131r. S\u00fct \u00fcr\u00fcnleri, yiyecek ve i\u00e7ecek ve ki\u015fisel bak\u0131m end\u00fcstrilerinin hijyenik gereksinimlerini kar\u015f\u0131layacak \u015fekilde tasarlanm\u0131\u015ft\u0131r.<\/p>\n<p>\t\t\t<a href=\"https:\/\/ktk.com.tr\/wp-content\/uploads\/2020\/01\/LKHI-Centrifugal-Pump.pdf\" role=\"button\"><br \/>\n\t\t\t\t\t\t\u00dcr\u00fcn Bilgisi<br \/>\n\t\t\t\t\t<\/a><br \/>\n\t\t\t<a href=\"https:\/\/ktk.com.tr\/wp-content\/uploads\/2020\/01\/LKHI-Centrifugal-pump-2.pdf\" role=\"button\"><br \/>\n\t\t\t\t\t\tKullan\u0131m Klavuzu<br \/>\n\t\t\t\t\t<\/a><br \/>\n\t\t\t<a href=\"https:\/\/ktk.com.tr\/wp-content\/uploads\/2020\/01\/LKHI-Centrifugal-Pumps-for-16-bar-Inlet-Pressure.pdf\" role=\"button\"><br \/>\n\t\t\t\t\t\tYedek Par\u00e7a<br \/>\n\t\t\t\t\t<\/a><br \/>\n\t\t\t\t\t\t\t\t\t\t<img decoding=\"async\" loading=\"lazy\" width=\"640\" height=\"360\" src=\"https:\/\/ktk.com.tr\/wp-content\/uploads\/2020\/01\/lkh_multistage_centrifugal_pump_left_side_640x360.png\" alt=\"\" class=\"ktk\" srcset=\"https:\/\/ktk.com.tr\/wp-content\/uploads\/2020\/01\/lkh_multistage_centrifugal_pump_left_side_640x360.png 640w, https:\/\/ktk.com.tr\/wp-content\/uploads\/2020\/01\/lkh_multistage_centrifugal_pump_left_side_640x360-300x169.png 300w, https:\/\/ktk.com.tr\/wp-content\/uploads\/2020\/01\/lkh_multistage_centrifugal_pump_left_side_640x360-1x1.png 1w\" sizes=\"(max-width: 640px) 100vw, 640px\" \/>\t\t\t\t\t\t\t\t\t\t\t<\/p>\n<h2>LKH Multistage<\/h2>\n<p>S\u00fct, g\u0131da ve i\u00e7ecek ve ki\u015fisel bak\u0131m end\u00fcstrilerinin hijyenik gereksinimlerini kar\u015f\u0131lamak \u00fczere tasarlanan LKH-\u00c7ok Kademeli santrif\u00fcj pompalar, y\u00fcksek verimlilik ve yumu\u015fak \u00fcr\u00fcn kullan\u0131m\u0131 sa\u011flarken proses verimlili\u011fini art\u0131r\u0131r.<\/p>\n<p>\u00a0<br \/>\n\t\t\t<a href=\"https:\/\/ktk.com.tr\/wp-content\/uploads\/2020\/01\/LKH-110-and-LKH-120-P-Multi-Stage-Centrifugal-Pump.pdf\" role=\"button\"><br \/>\n\t\t\t\t\t\t\u00dcr\u00fcn Bilgisi<br \/>\n\t\t\t\t\t<\/a><br \/>\n\t\t\t<a href=\"https:\/\/ktk.com.tr\/wp-content\/uploads\/2020\/01\/LKH110-120-Multistage.pdf\" role=\"button\"><br \/>\n\t\t\t\t\t\tKullan\u0131m Klavuzu<br \/>\n\t\t\t\t\t<\/a><br \/>\n\t\t\t<a href=\"https:\/\/ktk.com.tr\/wp-content\/uploads\/2020\/01\/LKH-110-120-Multi-Stage-Centrifugal-Pump.pdf\" role=\"button\"><br \/>\n\t\t\t\t\t\tYedek Par\u00e7a<br \/>\n\t\t\t\t\t<\/a><br \/>\n\t\t\t\t\t\t\t\t\t\t<img decoding=\"async\" loading=\"lazy\" width=\"640\" height=\"360\" src=\"https:\/\/ktk.com.tr\/wp-content\/uploads\/2020\/01\/lkh_prime_row_right_web_640x.png\" alt=\"\" class=\"ktk\" srcset=\"https:\/\/ktk.com.tr\/wp-content\/uploads\/2020\/01\/lkh_prime_row_right_web_640x.png 640w, https:\/\/ktk.com.tr\/wp-content\/uploads\/2020\/01\/lkh_prime_row_right_web_640x-300x169.png 300w, https:\/\/ktk.com.tr\/wp-content\/uploads\/2020\/01\/lkh_prime_row_right_web_640x-1x1.png 1w\" sizes=\"(max-width: 640px) 100vw, 640px\" \/>\t\t\t\t\t\t\t\t\t\t\t<\/p>\n<h2>LKH Prime<\/h2>\n<p>Alfa Laval LKH Prime, g\u0131da, s\u00fct, i\u00e7ecek, ev ve ki\u015fisel bak\u0131m end\u00fcstrilerindeki en kat\u0131 gereksinimleri kar\u015f\u0131lamak i\u00e7in hava vidas\u0131 teknolojisi ve geli\u015fmi\u015f tasar\u0131m\u0131n bir kombinasyonunu kullanan verimli, \u00e7ok y\u00f6nl\u00fc ve hijyenik kendinden emi\u015fli bir pompad\u0131r. \u00d6ncelikle s\u00fcr\u00fcklenmi\u015f hava i\u00e7eren Yerinde Temizlik g\u00f6revleri i\u00e7in kullan\u0131l\u0131r, ayn\u0131 zamanda \u00fcr\u00fcn\u00fc pompalayabilir ve sermaye yat\u0131r\u0131m\u0131n\u0131 azaltabilir. \u015eimdi ek performans boyutu ile geni\u015fletilmi\u015f performans zarf\u0131 sa\u011flar.<\/p>\n<p>\t\t\t<a href=\"https:\/\/ktk.com.tr\/wp-content\/uploads\/2020\/01\/LKH-Prime.pdf\" role=\"button\"><br \/>\n\t\t\t\t\t\t\u00dcr\u00fcn Bilgisi<br \/>\n\t\t\t\t\t<\/a><br \/>\n\t\t\t<a href=\"https:\/\/ktk.com.tr\/wp-content\/uploads\/2020\/01\/LKH-Prime-Pump.pdf\" role=\"button\"><br \/>\n\t\t\t\t\t\tKullan\u0131m Klavuzu<br \/>\n\t\t\t\t\t<\/a><br \/>\n\t\t\t<a href=\"https:\/\/ktk.com.tr\/wp-content\/uploads\/2020\/01\/LKH-Prime-2.pdf\" role=\"button\"><br \/>\n\t\t\t\t\t\tYedek Par\u00e7a<br \/>\n\t\t\t\t\t<\/a><br \/>\n\t\t\t\t\t\t\t\t\t\t<img decoding=\"async\" loading=\"lazy\" width=\"640\" height=\"360\" src=\"https:\/\/ktk.com.tr\/wp-content\/uploads\/2020\/01\/lkh_prime_up_web_640x360.jpg\" alt=\"\" class=\"ktk\" srcset=\"https:\/\/ktk.com.tr\/wp-content\/uploads\/2020\/01\/lkh_prime_up_web_640x360.jpg 640w, https:\/\/ktk.com.tr\/wp-content\/uploads\/2020\/01\/lkh_prime_up_web_640x360-300x169.jpg 300w, https:\/\/ktk.com.tr\/wp-content\/uploads\/2020\/01\/lkh_prime_up_web_640x360-1x1.jpg 1w\" sizes=\"(max-width: 640px) 100vw, 640px\" \/>\t\t\t\t\t\t\t\t\t\t\t<\/p>\n<h2>LKH Prime UltraPure<\/h2>\n<p>Alfa Laval LKH Prime UltraPure, CIP s\u0131v\u0131lar\u0131 gibi hava \/ gaz i\u00e7eren s\u0131v\u0131lar i\u00e7in ila\u00e7 end\u00fcstrisinin ihtiya\u00e7lar\u0131n\u0131 kar\u015f\u0131layan sessiz \u00e7al\u0131\u015fan, y\u00fcksek safl\u0131kta bir pompad\u0131r. EHEDG sertifikal\u0131 ve 3-A sembol\u00fcn\u00fc ta\u015f\u0131ma yetkisine sahip olan bu \u00e7ok y\u00f6nl\u00fc pompan\u0131n hava vidas\u0131 teknolojisi CIP (yerinde temizlik), SIP (yerinde sterilizasyon) ve manuel temizlik i\u00e7in uygundur.<\/p>\n<p>\t\t\t<a href=\"https:\/\/ktk.com.tr\/wp-content\/uploads\/2020\/01\/LKH-Prime-UltraPure.pdf\" role=\"button\"><br \/>\n\t\t\t\t\t\t\u00dcr\u00fcn Bilgisi<br \/>\n\t\t\t\t\t<\/a><br \/>\n\t\t\t<a href=\"https:\/\/ktk.com.tr\/wp-content\/uploads\/2020\/01\/LKH-Prime-UltraPure-Pump.pdf\" role=\"button\"><br \/>\n\t\t\t\t\t\tKullan\u0131m Klavuzu<br \/>\n\t\t\t\t\t<\/a><br \/>\n\t\t\t<a href=\"https:\/\/ktk.com.tr\/wp-content\/uploads\/2020\/01\/LKH-Prime-UltraPure-2.pdf\" role=\"button\"><br \/>\n\t\t\t\t\t\tYedek Par\u00e7a<br \/>\n\t\t\t\t\t<\/a><br \/>\n\t\t\t\t\t\t\t\t\t\t<img decoding=\"async\" loading=\"lazy\" width=\"640\" height=\"360\" src=\"https:\/\/ktk.com.tr\/wp-content\/uploads\/2020\/01\/solidc_centrifugal_pump_left_side_640x360.png\" alt=\"\" class=\"ktk\" srcset=\"https:\/\/ktk.com.tr\/wp-content\/uploads\/2020\/01\/solidc_centrifugal_pump_left_side_640x360.png 640w, https:\/\/ktk.com.tr\/wp-content\/uploads\/2020\/01\/solidc_centrifugal_pump_left_side_640x360-300x169.png 300w, https:\/\/ktk.com.tr\/wp-content\/uploads\/2020\/01\/solidc_centrifugal_pump_left_side_640x360-1x1.png 1w\" sizes=\"(max-width: 640px) 100vw, 640px\" \/>\t\t\t\t\t\t\t\t\t\t\t<\/p>\n<h2>SolidC<\/h2>\n<p>S\u00fct, yiyecek ve i\u00e7ecek ve ki\u015fisel bak\u0131m end\u00fcstrilerinin hijyenik gereksinimlerini kar\u015f\u0131lamak \u00fczere tasarlanan SolidC, genel uygulamalar, aral\u0131kl\u0131 \u00fcr\u00fcn pompalama ve CIP g\u00f6revleri i\u00e7in standartla\u015ft\u0131r\u0131lm\u0131\u015f bir santrif\u00fcj pompad\u0131r.<\/p>\n<p>\t\t\t<a href=\"https:\/\/ktk.com.tr\/wp-content\/uploads\/2020\/01\/SolidC-Pump.pdf\" role=\"button\"><br \/>\n\t\t\t\t\t\t\u00dcr\u00fcn Bilgisi<br \/>\n\t\t\t\t\t<\/a><br \/>\n\t\t\t<a href=\"https:\/\/ktk.com.tr\/wp-content\/uploads\/2020\/01\/SolidC-Pump-2.pdf\" role=\"button\"><br \/>\n\t\t\t\t\t\tKullan\u0131m Klavuzu<br \/>\n\t\t\t\t\t<\/a><br \/>\n\t\t\t<a href=\"https:\/\/ktk.com.tr\/wp-content\/uploads\/2020\/01\/Solid-C-Pump.pdf\" role=\"button\"><br \/>\n\t\t\t\t\t\tYedek Par\u00e7a<br \/>\n\t\t\t\t\t<\/a><br \/>\n\t\t\t\t\t\t\t\t\t\t<img decoding=\"async\" loading=\"lazy\" width=\"640\" height=\"360\" src=\"https:\/\/ktk.com.tr\/wp-content\/uploads\/2020\/01\/solidc_ultrapure_centrifugal_pump_left_side_640x360.png\" alt=\"\" class=\"ktk\" srcset=\"https:\/\/ktk.com.tr\/wp-content\/uploads\/2020\/01\/solidc_ultrapure_centrifugal_pump_left_side_640x360.png 640w, https:\/\/ktk.com.tr\/wp-content\/uploads\/2020\/01\/solidc_ultrapure_centrifugal_pump_left_side_640x360-300x169.png 300w, https:\/\/ktk.com.tr\/wp-content\/uploads\/2020\/01\/solidc_ultrapure_centrifugal_pump_left_side_640x360-1x1.png 1w\" sizes=\"(max-width: 640px) 100vw, 640px\" \/>\t\t\t\t\t\t\t\t\t\t\t<\/p>\n<h2>SolidC UltraPure<\/h2>\n<p>SolidC UltraPure, kat\u0131 biyoteknoloji ve farmas\u00f6tik standartlar\u0131n\u0131 kar\u015f\u0131lamak i\u00e7in tasarlanm\u0131\u015f uygun maliyetli bir santrif\u00fcj pompad\u0131r. T\u00fcm Alfa Laval Ultrapure ekipmanlar\u0131 standart Alfa Laval Q-doc dok\u00fcmantasyon paketiyle birlikte teslim edilir.<\/p>\n<p>\t\t\t<a href=\"https:\/\/ktk.com.tr\/wp-content\/uploads\/2020\/01\/SolidC-UtraPure.pdf\" role=\"button\"><br \/>\n\t\t\t\t\t\t\u00dcr\u00fcn Bilgisi<br \/>\n\t\t\t\t\t<\/a><br \/>\n\t\t\t<a href=\"https:\/\/ktk.com.tr\/wp-content\/uploads\/2020\/01\/SolidC-UltraPure.pdf\" role=\"button\"><br \/>\n\t\t\t\t\t\tKullan\u0131m Klavuzu<br \/>\n\t\t\t\t\t<\/a><br \/>\n\t\t\t<a href=\"https:\/\/ktk.com.tr\/wp-content\/uploads\/2020\/01\/SolidC-Ultra-Pure-Centrifugal-Pump.pdf\" role=\"button\"><br \/>\n\t\t\t\t\t\tYedek Par\u00e7a<br \/>\n\t\t\t\t\t<\/a><br \/>\n\t\t\t\t\t\t\t\t\t\t<img decoding=\"async\" loading=\"lazy\" width=\"640\" height=\"360\" src=\"https:\/\/ktk.com.tr\/wp-content\/uploads\/2020\/01\/mr_centrifugal_pump_left_side_640x360.png\" alt=\"\" class=\"ktk\" srcset=\"https:\/\/ktk.com.tr\/wp-content\/uploads\/2020\/01\/mr_centrifugal_pump_left_side_640x360.png 640w, https:\/\/ktk.com.tr\/wp-content\/uploads\/2020\/01\/mr_centrifugal_pump_left_side_640x360-300x169.png 300w, https:\/\/ktk.com.tr\/wp-content\/uploads\/2020\/01\/mr_centrifugal_pump_left_side_640x360-1x1.png 1w\" sizes=\"(max-width: 640px) 100vw, 640px\" \/>\t\t\t\t\t\t\t\t\t\t\t<\/p>\n<h2>MR<\/h2>\n<p>MR serisi pompalar hava veya gaz i\u00e7eren s\u0131v\u0131lar\u0131 pompalamak i\u00e7in \u00f6zel olarak tasarlanm\u0131\u015ft\u0131r.Bu pompalar genellikle g\u0131da, s\u00fct, i\u00e7ecek ve ila\u00e7 end\u00fcstrilerindeki CIP iade uygulamalar\u0131 i\u00e7in kullan\u0131l\u0131r.<\/p>\n<p>\t\t\t<a href=\"https:\/\/ktk.com.tr\/wp-content\/uploads\/2020\/01\/MR-166S-185S-200S-300-Liquid-Ring-Pump.pdf\" role=\"button\"><br \/>\n\t\t\t\t\t\t\u00dcr\u00fcn Bilgisi<br \/>\n\t\t\t\t\t<\/a><br \/>\n\t\t\t<a href=\"https:\/\/ktk.com.tr\/wp-content\/uploads\/2020\/01\/MR166S-185S-200S.pdf\" role=\"button\"><br \/>\n\t\t\t\t\t\tKullan\u0131m Klavuzu<br \/>\n\t\t\t\t\t<\/a><br \/>\n\t\t\t<a href=\"https:\/\/ktk.com.tr\/wp-content\/uploads\/2020\/01\/MR166S-185S-200S-300.pdf\" role=\"button\"><br \/>\n\t\t\t\t\t\tYedek Par\u00e7a<br \/>\n\t\t\t\t\t<\/a><\/p>","protected":false},"excerpt":{"rendered":"<p>LKH Designed to meet the hygienic requirements of the dairy, food and beverage and personal care industries, LKH centrifugal pumps increase process productivity while providing high efficiency and gentle product handling. Product Data Instruction Manual Spare Parts LKH UltraPure LKH UltraPure centrifugal pumps deliver maximum uptime and high efficiency, and offer the benefits of easy [&hellip;]<\/p>","protected":false},"author":1,"featured_media":0,"parent":0,"menu_order":0,"comment_status":"closed","ping_status":"closed","template":"","meta":[],"_links":{"self":[{"href":"https:\/\/ktk.com.tr\/tr\/wp-json\/wp\/v2\/pages\/508"}],"collection":[{"href":"https:\/\/ktk.com.tr\/tr\/wp-json\/wp\/v2\/pages"}],"about":[{"href":"https:\/\/ktk.com.tr\/tr\/wp-json\/wp\/v2\/types\/page"}],"author":[{"embeddable":true,"href":"https:\/\/ktk.com.tr\/tr\/wp-json\/wp\/v2\/users\/1"}],"replies":[{"embeddable":true,"href":"https:\/\/ktk.com.tr\/tr\/wp-json\/wp\/v2\/comments?post=508"}],"version-history":[{"count":48,"href":"https:\/\/ktk.com.tr\/tr\/wp-json\/wp\/v2\/pages\/508\/revisions"}],"predecessor-version":[{"id":2415,"href":"https:\/\/ktk.com.tr\/tr\/wp-json\/wp\/v2\/pages\/508\/revisions\/2415"}],"wp:attachment":[{"href":"https:\/\/ktk.com.tr\/tr\/wp-json\/wp\/v2\/media?parent=508"}],"curies":[{"name":"wp","href":"https:\/\/api.w.org\/{rel}","templated":true}]}}