{"id":507,"date":"2019-12-22T13:29:43","date_gmt":"2019-12-22T13:29:43","guid":{"rendered":"http:\/\/ktk.com.tr\/?page_id=507"},"modified":"2020-01-20T08:43:04","modified_gmt":"2020-01-20T08:43:04","slug":"pumps","status":"publish","type":"page","link":"https:\/\/ktk.com.tr\/tr\/pumps\/","title":{"rendered":"Pompalar"},"content":{"rendered":"<p><img decoding=\"async\" loading=\"lazy\" width=\"1024\" height=\"574\" src=\"https:\/\/ktk.com.tr\/wp-content\/uploads\/2020\/01\/discover-alfa-laval-ultrapure-1024x574.jpg\" alt=\"\" class=\"ktk\" srcset=\"https:\/\/ktk.com.tr\/wp-content\/uploads\/2020\/01\/discover-alfa-laval-ultrapure-1024x574.jpg 1024w, https:\/\/ktk.com.tr\/wp-content\/uploads\/2020\/01\/discover-alfa-laval-ultrapure-300x168.jpg 300w, https:\/\/ktk.com.tr\/wp-content\/uploads\/2020\/01\/discover-alfa-laval-ultrapure-768x430.jpg 768w, https:\/\/ktk.com.tr\/wp-content\/uploads\/2020\/01\/discover-alfa-laval-ultrapure-1536x861.jpg 1536w, https:\/\/ktk.com.tr\/wp-content\/uploads\/2020\/01\/discover-alfa-laval-ultrapure-2048x1148.jpg 2048w, https:\/\/ktk.com.tr\/wp-content\/uploads\/2020\/01\/discover-alfa-laval-ultrapure-1x1.jpg 1w\" sizes=\"(max-width: 1024px) 100vw, 1024px\" \/>\t\t\t\t\t\t\t\t\t\t\t<\/p>\n<h1>Pompalar<\/h1>\n<h1>Alfa Laval, hijyenik uygulamalarda kullan\u0131lan tank ekipmanlar\u0131 i\u00e7in kar\u0131\u015ft\u0131r\u0131c\u0131lar ve kar\u0131\u015ft\u0131r\u0131c\u0131lar, temizlik ekipmanlar\u0131 ve aksesuarlar dahil olmak \u00fczere \u00e7ok \u00e7e\u015fitli bile\u015fenler ve \u00e7\u00f6z\u00fcmler sunar. Do\u011fru teknolojiyi se\u00e7mek, su, enerji, temizlik s\u0131v\u0131lar\u0131 ve zaman gibi de\u011ferli kaynaklardan tasarruf etmenizi sa\u011flar.<\/h1>\n<p>\t\t\t\t\t\t\t\t\t\t<img decoding=\"async\" loading=\"lazy\" width=\"340\" height=\"312\" src=\"https:\/\/ktk.com.tr\/wp-content\/uploads\/2020\/01\/lkh_pump_range_340x312.jpg\" alt=\"\" class=\"ktk\" srcset=\"https:\/\/ktk.com.tr\/wp-content\/uploads\/2020\/01\/lkh_pump_range_340x312.jpg 340w, https:\/\/ktk.com.tr\/wp-content\/uploads\/2020\/01\/lkh_pump_range_340x312-300x275.jpg 300w, https:\/\/ktk.com.tr\/wp-content\/uploads\/2020\/01\/lkh_pump_range_340x312-1x1.jpg 1w\" sizes=\"(max-width: 340px) 100vw, 340px\" \/>\t\t\t\t\t\t\t\t\t\t\t<\/p>\n<h2>Santrif\u00fcj Pompalar<\/h2>\n<p>KTK'n\u0131n Santrif\u00fcj portf\u00f6y\u00fc size kapsaml\u0131 ve y\u00fcksek verimli sa\u011flam pompa se\u00e7enekleri sunar. Alfa Laval LKH serisi, LKH Ultrapure, Solid C serisi gibi premium modeller. Uygulaman\u0131za uygun do\u011fru modele sahibiz.<\/p>\n<p>\t\t\t<a href=\"https:\/\/ktk.com.tr\/tr\/centrifugal-pumps\/\" role=\"button\"><br \/>\n\t\t\t\t\t\tDaha Fazla<br \/>\n\t\t\t\t\t<\/a><br \/>\n\t\t\t\t\t\t\t\t\t\t<img decoding=\"async\" loading=\"lazy\" width=\"546\" height=\"360\" src=\"https:\/\/ktk.com.tr\/wp-content\/uploads\/2020\/01\/SCPP-1_high_res_1_0.jpg\" alt=\"\" class=\"ktk\" srcset=\"https:\/\/ktk.com.tr\/wp-content\/uploads\/2020\/01\/SCPP-1_high_res_1_0.jpg 546w, https:\/\/ktk.com.tr\/wp-content\/uploads\/2020\/01\/SCPP-1_high_res_1_0-300x198.jpg 300w, https:\/\/ktk.com.tr\/wp-content\/uploads\/2020\/01\/SCPP-1_high_res_1_0-1x1.jpg 1w\" sizes=\"(max-width: 546px) 100vw, 546px\" \/>\t\t\t\t\t\t\t\t\t\t\t<\/p>\n<h2>\u00c7evresel Piston Vanalar<\/h2>\n<p>\u00c7evresel pistonlu pompa serisi, \u00e7ok d\u00fc\u015f\u00fck viskoziteli \u00fcr\u00fcnlerin g\u0131da, s\u00fct ve i\u00e7ecek ve di\u011fer hijyenik uygulamalar i\u00e7in daha y\u00fcksek de\u015farj bas\u0131n\u00e7lar\u0131nda ta\u015f\u0131nmas\u0131 i\u00e7in \u00f6zel olarak tasarlanm\u0131\u015ft\u0131r. Geni\u015f \u00fcr\u00fcn yelpazesi, \u00e7e\u015fitli \u00e7al\u0131\u015fma bas\u0131n\u00e7lar\u0131 alt\u0131nda geni\u015f bir gereksinim yelpazesini kar\u015f\u0131lar.<\/p>\n<p>\t\t\t<a href=\"https:\/\/ktk.com.tr\/tr\/circumferential-piston-pumps\/\" role=\"button\"><br \/>\n\t\t\t\t\t\tDaha Fazla<br \/>\n\t\t\t\t\t<\/a><br \/>\n\t\t\t\t\t\t\t\t\t\t<img decoding=\"async\" loading=\"lazy\" width=\"1024\" height=\"576\" src=\"https:\/\/ktk.com.tr\/wp-content\/uploads\/2020\/01\/maxresdefault-1024x576.jpg\" alt=\"\" class=\"ktk\" srcset=\"https:\/\/ktk.com.tr\/wp-content\/uploads\/2020\/01\/maxresdefault-1024x576.jpg 1024w, https:\/\/ktk.com.tr\/wp-content\/uploads\/2020\/01\/maxresdefault-300x169.jpg 300w, https:\/\/ktk.com.tr\/wp-content\/uploads\/2020\/01\/maxresdefault-768x432.jpg 768w, https:\/\/ktk.com.tr\/wp-content\/uploads\/2020\/01\/maxresdefault-1x1.jpg 1w, https:\/\/ktk.com.tr\/wp-content\/uploads\/2020\/01\/maxresdefault.jpg 1280w\" sizes=\"(max-width: 1024px) 100vw, 1024px\" \/>\t\t\t\t\t\t\t\t\t\t\t<\/p>\n<h2>D\u00f6ner Loblu Pompalar<\/h2>\n<p>D\u00f6ner loblu pompalar\u0131m\u0131z d\u00fc\u015f\u00fck, orta ve y\u00fcksek viskoziteli ortamlar i\u00e7in tasarlanm\u0131\u015ft\u0131r ve hafif pompalama hareketi ve g\u00fcvenilir performans sunar. Sa\u011flam yap\u0131s\u0131 ile her pompa farkl\u0131 bir talep t\u00fcr\u00fc i\u00e7in geli\u015ftirilmi\u015ftir ve y\u00fcksek kalite ve g\u00fcvenilirlik standartlar\u0131n\u0131 kar\u015f\u0131lar. Toplu olarak, i\u015fletme ekonomisi ve y\u00fcksek kullan\u0131m esnekli\u011fi sa\u011flarlar.<\/p>\n<p>\t\t\t<a href=\"https:\/\/ktk.com.tr\/tr\/rotary-lobe-pumps\/\" role=\"button\"><br \/>\n\t\t\t\t\t\tDaha Fazla<br \/>\n\t\t\t\t\t<\/a><br \/>\n\t\t\t\t\t\t\t\t\t\t<img decoding=\"async\" loading=\"lazy\" width=\"640\" height=\"360\" src=\"https:\/\/ktk.com.tr\/wp-content\/uploads\/2020\/01\/twinscrew_pump_640x360px.png\" alt=\"\" class=\"ktk\" srcset=\"https:\/\/ktk.com.tr\/wp-content\/uploads\/2020\/01\/twinscrew_pump_640x360px.png 640w, https:\/\/ktk.com.tr\/wp-content\/uploads\/2020\/01\/twinscrew_pump_640x360px-300x169.png 300w, https:\/\/ktk.com.tr\/wp-content\/uploads\/2020\/01\/twinscrew_pump_640x360px-1x1.png 1w\" sizes=\"(max-width: 640px) 100vw, 640px\" \/>\t\t\t\t\t\t\t\t\t\t\t<\/p>\n<h2>\u0130kiz Vidal\u0131 Pompalar<\/h2>\n<p>\u0130\u015fletim sistemi ikiz vidal\u0131 pompa,% 100 s\u0131hhi kullan\u0131m ve CIP ve Proses pompas\u0131 olarak idealdir, zaman ve bak\u0131m maliyetlerini azalt\u0131r Sertifikalar: 3-A, FDA ve EHEDG<\/p>\n<p>-Pulsation-free<br \/>-100% high-speed CIP<br \/>-Constant flow<br \/>-Easy assembly and disassembly<br \/>-Ideal for abrasive products<br \/>-No contact between casing and rotor working at high pressures<br \/>-Great suction capacity that eliminates low NPSH problems<br \/>-Gentle handling of cut-sensitive products.<br \/>-100% drainable<br \/>-Bidirectional: It is possible to recover the product from the line due to being reversible<\/p>\n<p>\t\t\t<a href=\"https:\/\/ktk.com.tr\/tr\/twin-screw\/\" role=\"button\"><br \/>\n\t\t\t\t\t\tDaha Fazla<br \/>\n\t\t\t\t\t<\/a><\/p>","protected":false},"excerpt":{"rendered":"<p>Pumps KTK Process Solutions offers the most comprehensive range of sanitary pumps in the Turkish Market. Representing the market leading brands for Centrifugal, Positive displacement and new technologies such as twin screw, we are assured we can find the right match for your application. Centrifugal Pumps The Centrifugal portfolio from KTK provides you with a [&hellip;]<\/p>","protected":false},"author":1,"featured_media":0,"parent":0,"menu_order":0,"comment_status":"closed","ping_status":"closed","template":"","meta":[],"_links":{"self":[{"href":"https:\/\/ktk.com.tr\/tr\/wp-json\/wp\/v2\/pages\/507"}],"collection":[{"href":"https:\/\/ktk.com.tr\/tr\/wp-json\/wp\/v2\/pages"}],"about":[{"href":"https:\/\/ktk.com.tr\/tr\/wp-json\/wp\/v2\/types\/page"}],"author":[{"embeddable":true,"href":"https:\/\/ktk.com.tr\/tr\/wp-json\/wp\/v2\/users\/1"}],"replies":[{"embeddable":true,"href":"https:\/\/ktk.com.tr\/tr\/wp-json\/wp\/v2\/comments?post=507"}],"version-history":[{"count":12,"href":"https:\/\/ktk.com.tr\/tr\/wp-json\/wp\/v2\/pages\/507\/revisions"}],"predecessor-version":[{"id":2378,"href":"https:\/\/ktk.com.tr\/tr\/wp-json\/wp\/v2\/pages\/507\/revisions\/2378"}],"wp:attachment":[{"href":"https:\/\/ktk.com.tr\/tr\/wp-json\/wp\/v2\/media?parent=507"}],"curies":[{"name":"wp","href":"https:\/\/api.w.org\/{rel}","templated":true}]}}