{"id":506,"date":"2019-12-22T13:29:43","date_gmt":"2019-12-22T13:29:43","guid":{"rendered":"http:\/\/ktk.com.tr\/?page_id=506"},"modified":"2020-01-20T08:50:52","modified_gmt":"2020-01-20T08:50:52","slug":"tank-mixers","status":"publish","type":"page","link":"https:\/\/ktk.com.tr\/tr\/tank-mixers\/","title":{"rendered":"Tank Mikserleri"},"content":{"rendered":"<p><img decoding=\"async\" loading=\"lazy\" width=\"640\" height=\"360\" src=\"https:\/\/ktk.com.tr\/wp-content\/uploads\/2020\/01\/levimag_with-blue-actuator_magnetic_mixer-640x360-1.jpg\" alt=\"\" class=\"ktk\" srcset=\"https:\/\/ktk.com.tr\/wp-content\/uploads\/2020\/01\/levimag_with-blue-actuator_magnetic_mixer-640x360-1.jpg 640w, https:\/\/ktk.com.tr\/wp-content\/uploads\/2020\/01\/levimag_with-blue-actuator_magnetic_mixer-640x360-1-300x169.jpg 300w, https:\/\/ktk.com.tr\/wp-content\/uploads\/2020\/01\/levimag_with-blue-actuator_magnetic_mixer-640x360-1-1x1.jpg 1w\" sizes=\"(max-width: 640px) 100vw, 640px\" \/>\t\t\t\t\t\t\t\t\t\t\t<\/p>\n<h2>LeviMag<\/h2>\n<p>Alfa Laval LeviMag\u00ae, son damlas\u0131na kadar kar\u0131\u015ft\u0131rmak ve \u00fcr\u00fcn verimini en \u00fcst d\u00fczeye \u00e7\u0131karmak i\u00e7in patentli bir levitating pervanesi ve geli\u015fmi\u015f tasar\u0131m kullanan aseptik bir manyetik kar\u0131\u015ft\u0131r\u0131c\u0131d\u0131r. Kompakt, enerji tasarruflu ve bak\u0131m\u0131 kolay, s\u00fct \u00fcr\u00fcnleri, yiyecek, i\u00e7ecek ve hijyenik \u00fcretim i\u00e7in zorlu gereksinimleri olan di\u011fer uygulamalar i\u00e7in m\u00fckemmeldir.<\/p>\n<p>\t\t\t<a href=\"https:\/\/ktk.com.tr\/wp-content\/uploads\/2020\/01\/Mixers-Leaflet.pdf\" role=\"button\"><br \/>\n\t\t\t\t\t\t\u00dcr\u00fcn Bilgisi<br \/>\n\t\t\t\t\t<\/a><br \/>\n\t\t\t<a href=\"https:\/\/ktk.com.tr\/tr\/contact-us\/\" role=\"button\"><br \/>\n\t\t\t\t\t\tL\u00fctfen \u0130leti\u015fime Ge\u00e7iniz<br \/>\n\t\t\t\t\t<\/a><br \/>\n\t\t\t<a href=\"https:\/\/ktk.com.tr\/wp-content\/uploads\/2020\/01\/Mixers-Spare-Parts.pdf\" role=\"button\"><br \/>\n\t\t\t\t\t\tYedek Par\u00e7a<br \/>\n\t\t\t\t\t<\/a><br \/>\n\t\t\t\t\t\t\t\t\t\t<img decoding=\"async\" loading=\"lazy\" width=\"640\" height=\"360\" src=\"https:\/\/ktk.com.tr\/wp-content\/uploads\/2020\/01\/levimag_ultrapure_actuator_640x360.png\" alt=\"\" class=\"ktk\" srcset=\"https:\/\/ktk.com.tr\/wp-content\/uploads\/2020\/01\/levimag_ultrapure_actuator_640x360.png 640w, https:\/\/ktk.com.tr\/wp-content\/uploads\/2020\/01\/levimag_ultrapure_actuator_640x360-300x169.png 300w, https:\/\/ktk.com.tr\/wp-content\/uploads\/2020\/01\/levimag_ultrapure_actuator_640x360-1x1.png 1w\" sizes=\"(max-width: 640px) 100vw, 640px\" \/>\t\t\t\t\t\t\t\t\t\t\t<\/p>\n<h2>LeviMag UltraPure<\/h2>\n<p>Alfa Laval LeviMag\u00ae UltraPure, son damlas\u0131na kadar kar\u0131\u015ft\u0131rmak ve \u00fcr\u00fcn verimini en \u00fcst d\u00fczeye \u00e7\u0131karmak i\u00e7in patentli bir levitating pervanesi ve geli\u015fmi\u015f tasar\u0131m kullanan aseptik bir manyetik kar\u0131\u015ft\u0131r\u0131c\u0131d\u0131r. Kompakt, enerji tasarruflu ve bak\u0131m\u0131 kolay, biyoteknoloji, farmas\u00f6tik ve serumlar, a\u015f\u0131lar, plazma fraksiyonlar\u0131, bakteriler ve h\u00fccre k\u00fclt\u00fcrleri ve API'ler gibi hijyenik ve steril uygulamalar i\u00e7in m\u00fckemmeldir.<\/p>\n<p>\t\t\t<a href=\"https:\/\/ktk.com.tr\/wp-content\/uploads\/2020\/01\/Mixers-Leaflet.pdf\" role=\"button\"><br \/>\n\t\t\t\t\t\t\u00dcr\u00fcn Bilgisi<br \/>\n\t\t\t\t\t<\/a><br \/>\n\t\t\t<a href=\"https:\/\/ktk.com.tr\/tr\/contact-us\/\" role=\"button\"><br \/>\n\t\t\t\t\t\tL\u00fctfen \u0130leti\u015fime Ge\u00e7iniz<br \/>\n\t\t\t\t\t<\/a><br \/>\n\t\t\t<a href=\"https:\/\/ktk.com.tr\/wp-content\/uploads\/2020\/01\/Mixers-Spare-Parts.pdf\" role=\"button\"><br \/>\n\t\t\t\t\t\tYedek Par\u00e7a<br \/>\n\t\t\t\t\t<\/a><br \/>\n\t\t\t\t\t\t\t\t\t\t<img decoding=\"async\" loading=\"lazy\" width=\"640\" height=\"360\" src=\"https:\/\/ktk.com.tr\/wp-content\/uploads\/2020\/01\/rotary_jet_mixer_right_side_640x360.png\" alt=\"\" class=\"ktk\" srcset=\"https:\/\/ktk.com.tr\/wp-content\/uploads\/2020\/01\/rotary_jet_mixer_right_side_640x360.png 640w, https:\/\/ktk.com.tr\/wp-content\/uploads\/2020\/01\/rotary_jet_mixer_right_side_640x360-300x169.png 300w, https:\/\/ktk.com.tr\/wp-content\/uploads\/2020\/01\/rotary_jet_mixer_right_side_640x360-1x1.png 1w\" sizes=\"(max-width: 640px) 100vw, 640px\" \/>\t\t\t\t\t\t\t\t\t\t\t<\/p>\n<h2>Rotary jet Mikser<\/h2>\n<p>Bira ve i\u00e7ecek, s\u00fct \u00fcr\u00fcnleri, ki\u015fisel bak\u0131m ve biyofarma end\u00fcstrilerinde kullan\u0131lmak \u00fczere tasarlanan Rotary jet mikserler, kar\u0131\u015ft\u0131rma s\u00fcresini, enerji t\u00fcketimini ve maliyetleri azalt\u0131rken s\u0131v\u0131 kar\u0131\u015ft\u0131rma, gaz da\u011f\u0131l\u0131m\u0131, toz kar\u0131\u015ft\u0131rma ve tank temizli\u011fini etkili bir \u015fekilde idare eder.<\/p>\n<p>\u00a0<br \/>\n\t\t\t<a href=\"https:\/\/ktk.com.tr\/wp-content\/uploads\/2020\/01\/Mixers-Leaflet.pdf\" role=\"button\"><br \/>\n\t\t\t\t\t\t\u00dcr\u00fcn Bilgisi<br \/>\n\t\t\t\t\t<\/a><br \/>\n\t\t\t<a href=\"https:\/\/ktk.com.tr\/tr\/contact-us\/\" role=\"button\"><br \/>\n\t\t\t\t\t\tL\u00fctfen \u0130leti\u015fime Ge\u00e7iniz<br \/>\n\t\t\t\t\t<\/a><br \/>\n\t\t\t<a href=\"https:\/\/ktk.com.tr\/wp-content\/uploads\/2020\/01\/Mixers-Spare-Parts.pdf\" role=\"button\"><br \/>\n\t\t\t\t\t\tYedek Par\u00e7a<br \/>\n\t\t\t\t\t<\/a><\/p>","protected":false},"excerpt":{"rendered":"<p>LeviMag The Alfa Laval LeviMag\u00ae is an aseptic magnetic mixer that uses a patented levitating impeller and advanced design to mix down to the last drop and maximize product yield. Compact, energy-efficient and easy to maintain, it is perfect for dairy, food, beverage and other applications that have demanding requirements for hygienic production. Product Data [&hellip;]<\/p>","protected":false},"author":1,"featured_media":0,"parent":0,"menu_order":0,"comment_status":"closed","ping_status":"closed","template":"","meta":[],"_links":{"self":[{"href":"https:\/\/ktk.com.tr\/tr\/wp-json\/wp\/v2\/pages\/506"}],"collection":[{"href":"https:\/\/ktk.com.tr\/tr\/wp-json\/wp\/v2\/pages"}],"about":[{"href":"https:\/\/ktk.com.tr\/tr\/wp-json\/wp\/v2\/types\/page"}],"author":[{"embeddable":true,"href":"https:\/\/ktk.com.tr\/tr\/wp-json\/wp\/v2\/users\/1"}],"replies":[{"embeddable":true,"href":"https:\/\/ktk.com.tr\/tr\/wp-json\/wp\/v2\/comments?post=506"}],"version-history":[{"count":8,"href":"https:\/\/ktk.com.tr\/tr\/wp-json\/wp\/v2\/pages\/506\/revisions"}],"predecessor-version":[{"id":2385,"href":"https:\/\/ktk.com.tr\/tr\/wp-json\/wp\/v2\/pages\/506\/revisions\/2385"}],"wp:attachment":[{"href":"https:\/\/ktk.com.tr\/tr\/wp-json\/wp\/v2\/media?parent=506"}],"curies":[{"name":"wp","href":"https:\/\/api.w.org\/{rel}","templated":true}]}}