{"id":505,"date":"2019-12-22T13:29:43","date_gmt":"2019-12-22T13:29:43","guid":{"rendered":"http:\/\/ktk.com.tr\/?page_id=505"},"modified":"2020-01-20T08:50:22","modified_gmt":"2020-01-20T08:50:22","slug":"powder-mixers","status":"publish","type":"page","link":"https:\/\/ktk.com.tr\/tr\/powder-mixers\/","title":{"rendered":"Toz Mikserleri"},"content":{"rendered":"<p><img decoding=\"async\" loading=\"lazy\" width=\"640\" height=\"360\" src=\"https:\/\/ktk.com.tr\/wp-content\/uploads\/2020\/01\/hybrid_powder_mixer_right_side_640x360.png\" alt=\"\" class=\"ktk\" srcset=\"https:\/\/ktk.com.tr\/wp-content\/uploads\/2020\/01\/hybrid_powder_mixer_right_side_640x360.png 640w, https:\/\/ktk.com.tr\/wp-content\/uploads\/2020\/01\/hybrid_powder_mixer_right_side_640x360-300x169.png 300w, https:\/\/ktk.com.tr\/wp-content\/uploads\/2020\/01\/hybrid_powder_mixer_right_side_640x360-1x1.png 1w\" sizes=\"(max-width: 640px) 100vw, 640px\" \/>\t\t\t\t\t\t\t\t\t\t\t<\/p>\n<h2>Hibrit Toz Mikseri<\/h2>\n<p>S\u00fct \u00fcr\u00fcnleri, yiyecek ve i\u00e7ecek end\u00fcstrileri i\u00e7in ideal olan bu uygun maliyetli \u00e7ift a\u015famal\u0131 s\u0131ral\u0131 toz \u00e7\u00f6z\u00fcnme \u00fcnitesi, \u0131slak ve kuru malzemeleri h\u0131zl\u0131 bir \u015fekilde kar\u0131\u015ft\u0131r\u0131r ve homojen bir kar\u0131\u015f\u0131m halinde pompalar.<\/p>\n<p>\t\t\t<a href=\"https:\/\/ktk.com.tr\/wp-content\/uploads\/2020\/01\/Powder-Mixer-Leaflet.pdf\" role=\"button\"><br \/>\n\t\t\t\t\t\t\u00dcr\u00fcn Bilgisi<br \/>\n\t\t\t\t\t<\/a><br \/>\n\t\t\t<a href=\"https:\/\/ktk.com.tr\/tr\/contact-us\/\" role=\"button\"><br \/>\n\t\t\t\t\t\tL\u00fctfen \u0130leti\u015fime Ge\u00e7iniz<br \/>\n\t\t\t\t\t<\/a><br \/>\n\t\t\t<a href=\"https:\/\/ktk.com.tr\/wp-content\/uploads\/2020\/01\/Mixers-Spare-Parts.pdf\" role=\"button\"><br \/>\n\t\t\t\t\t\tYedek Par\u00e7a<br \/>\n\t\t\t\t\t<\/a><br \/>\n\t\t\t\t\t\t\t\t\t\t<img decoding=\"async\" loading=\"lazy\" width=\"640\" height=\"360\" src=\"https:\/\/ktk.com.tr\/wp-content\/uploads\/2020\/01\/vortex_shear-mixer_stainless-steel640x360.png\" alt=\"\" class=\"ktk\" srcset=\"https:\/\/ktk.com.tr\/wp-content\/uploads\/2020\/01\/vortex_shear-mixer_stainless-steel640x360.png 640w, https:\/\/ktk.com.tr\/wp-content\/uploads\/2020\/01\/vortex_shear-mixer_stainless-steel640x360-300x169.png 300w, https:\/\/ktk.com.tr\/wp-content\/uploads\/2020\/01\/vortex_shear-mixer_stainless-steel640x360-1x1.png 1w\" sizes=\"(max-width: 640px) 100vw, 640px\" \/>\t\t\t\t\t\t\t\t\t\t\t<\/p>\n<h2>Vortkes Etkili Mikser<\/h2>\n<p>Alfa Laval Vortex Shear-Mixer, zorlu bulama\u00e7 kar\u0131\u015ft\u0131rma uygulamalar\u0131 i\u00e7in tasarlanm\u0131\u015f benzersiz bir y\u00fcksek performansl\u0131 Venturi e\u011fitimcisidir. Bunlar petrol ve gaz sondaj s\u0131v\u0131s\u0131 kar\u0131\u015ft\u0131rma, in\u015faat malzemesi \u00fcretimi, kimyasal \u00fcretim, madencilik, \u015feker \u00e7\u00f6zeltisi kar\u0131\u015ft\u0131rma, tuzlu su kar\u0131\u015ft\u0131rma, kozmetik, boya pigment kar\u0131\u015ft\u0131rma, metal i\u015fleme, plastik \u00fcretimi ve daha fazlas\u0131n\u0131 i\u00e7erir.<\/p>\n<p>\t\t\t<a href=\"https:\/\/ktk.com.tr\/wp-content\/uploads\/2020\/01\/Powder-Mixer-Leaflet.pdf\" role=\"button\"><br \/>\n\t\t\t\t\t\t\u00dcr\u00fcn Bilgisi<br \/>\n\t\t\t\t\t<\/a><br \/>\n\t\t\t<a href=\"https:\/\/ktk.com.tr\/tr\/contact-us\/\" role=\"button\"><br \/>\n\t\t\t\t\t\tL\u00fctfen \u0130leti\u015fime Ge\u00e7iniz<br \/>\n\t\t\t\t\t<\/a><br \/>\n\t\t\t<a href=\"https:\/\/ktk.com.tr\/wp-content\/uploads\/2020\/01\/Mixers-Spare-Parts.pdf\" role=\"button\"><br \/>\n\t\t\t\t\t\tYedek Par\u00e7a<br \/>\n\t\t\t\t\t<\/a><\/p>","protected":false},"excerpt":{"rendered":"<p>Hybrid Powder Mixer Ideal for the dairy, food and beverage industries, this cost-effective dual-stage inline powder dissolution unit quickly mixes and pumps wet and dry ingredients into a homogeneous blend. Product Data Please Contact Us Spare Parts Vortex Shear Mixer The Alfa Laval Vortex Shear-Mixer is a unique high-performance Venturi eductor designed for demanding slurry [&hellip;]<\/p>","protected":false},"author":1,"featured_media":0,"parent":0,"menu_order":0,"comment_status":"closed","ping_status":"closed","template":"","meta":[],"_links":{"self":[{"href":"https:\/\/ktk.com.tr\/tr\/wp-json\/wp\/v2\/pages\/505"}],"collection":[{"href":"https:\/\/ktk.com.tr\/tr\/wp-json\/wp\/v2\/pages"}],"about":[{"href":"https:\/\/ktk.com.tr\/tr\/wp-json\/wp\/v2\/types\/page"}],"author":[{"embeddable":true,"href":"https:\/\/ktk.com.tr\/tr\/wp-json\/wp\/v2\/users\/1"}],"replies":[{"embeddable":true,"href":"https:\/\/ktk.com.tr\/tr\/wp-json\/wp\/v2\/comments?post=505"}],"version-history":[{"count":7,"href":"https:\/\/ktk.com.tr\/tr\/wp-json\/wp\/v2\/pages\/505\/revisions"}],"predecessor-version":[{"id":2384,"href":"https:\/\/ktk.com.tr\/tr\/wp-json\/wp\/v2\/pages\/505\/revisions\/2384"}],"wp:attachment":[{"href":"https:\/\/ktk.com.tr\/tr\/wp-json\/wp\/v2\/media?parent=505"}],"curies":[{"name":"wp","href":"https:\/\/api.w.org\/{rel}","templated":true}]}}