{"id":504,"date":"2019-12-22T13:29:43","date_gmt":"2019-12-22T13:29:43","guid":{"rendered":"http:\/\/ktk.com.tr\/?page_id=504"},"modified":"2020-01-20T08:53:16","modified_gmt":"2020-01-20T08:53:16","slug":"agitators","status":"publish","type":"page","link":"https:\/\/ktk.com.tr\/tr\/agitators\/","title":{"rendered":"Kar\u0131\u015ft\u0131r\u0131c\u0131"},"content":{"rendered":"<p><img decoding=\"async\" loading=\"lazy\" width=\"640\" height=\"360\" src=\"https:\/\/ktk.com.tr\/wp-content\/uploads\/2020\/01\/agitator_alb_left_side_640x360.png\" alt=\"\" class=\"ktk\" srcset=\"https:\/\/ktk.com.tr\/wp-content\/uploads\/2020\/01\/agitator_alb_left_side_640x360.png 640w, https:\/\/ktk.com.tr\/wp-content\/uploads\/2020\/01\/agitator_alb_left_side_640x360-300x169.png 300w, https:\/\/ktk.com.tr\/wp-content\/uploads\/2020\/01\/agitator_alb_left_side_640x360-1x1.png 1w\" sizes=\"(max-width: 640px) 100vw, 640px\" \/>\t\t\t\t\t\t\t\t\t\t\t<\/p>\n<h2>ALB<\/h2>\n<p>Alfa Laval ALB alta monteli kar\u0131\u015ft\u0131r\u0131c\u0131, atmosferik ve bas\u0131n\u00e7l\u0131 tanklar i\u00e7in uygundur ve \u00e7e\u015fitli boyutlarda gelir. Mod\u00fcler tasar\u0131m ve boyut se\u00e7imi amaca uygun bir kar\u0131\u015ft\u0131r\u0131c\u0131 sa\u011flar, b\u00f6ylece gerekenden daha fazla yat\u0131r\u0131m yapmak zorunda kalmazs\u0131n\u0131z ve optimum g\u00fc\u00e7 t\u00fcketimini d\u00f6rt g\u00f6zle bekleyebilirsiniz. ALB kar\u0131\u015ft\u0131r\u0131c\u0131lar kolay CIP i\u00e7in tasarlanm\u0131\u015ft\u0131r ve steril \/ aseptik ve ATEX sertifikal\u0131 uygulamalarda da kullan\u0131labilir.<\/p>\n<p>\t\t\t<a href=\"https:\/\/ktk.com.tr\/wp-content\/uploads\/2020\/01\/Agigators-Leaflet.pdf\" role=\"button\"><br \/>\n\t\t\t\t\t\t\u00dcr\u00fcn Bilgisi<br \/>\n\t\t\t\t\t<\/a><br \/>\n\t\t\t<a href=\"https:\/\/ktk.com.tr\/tr\/contact-us\/\" role=\"button\"><br \/>\n\t\t\t\t\t\tL\u00fctfen \u0130leti\u015fime Ge\u00e7iniz<br \/>\n\t\t\t\t\t<\/a><br \/>\n\t\t\t<a href=\"https:\/\/ktk.com.tr\/wp-content\/uploads\/2020\/01\/Mixers-Spare-Parts.pdf\" role=\"button\"><br \/>\n\t\t\t\t\t\tYedek Par\u00e7a<br \/>\n\t\t\t\t\t<\/a><br \/>\n\t\t\t\t\t\t\t\t\t\t<img decoding=\"async\" loading=\"lazy\" width=\"640\" height=\"360\" src=\"https:\/\/ktk.com.tr\/wp-content\/uploads\/2020\/01\/agitator_als_front_640x360.png\" alt=\"\" class=\"ktk\" srcset=\"https:\/\/ktk.com.tr\/wp-content\/uploads\/2020\/01\/agitator_als_front_640x360.png 640w, https:\/\/ktk.com.tr\/wp-content\/uploads\/2020\/01\/agitator_als_front_640x360-300x169.png 300w, https:\/\/ktk.com.tr\/wp-content\/uploads\/2020\/01\/agitator_als_front_640x360-1x1.png 1w\" sizes=\"(max-width: 640px) 100vw, 640px\" \/>\t\t\t\t\t\t\t\t\t\t\t<\/p>\n<h2>ALS<\/h2>\n<p>Alfa Laval ALS yana monte edilen kar\u0131\u015ft\u0131r\u0131c\u0131, atmosferik ve bas\u0131n\u00e7l\u0131 tanklar i\u00e7in uygundur ve \u00e7e\u015fitli boyutlarda gelir. Mod\u00fcler tasar\u0131m ve boyutland\u0131rma se\u00e7enekleri amaca uygun bir kar\u0131\u015ft\u0131r\u0131c\u0131 sa\u011flar, b\u00f6ylece ihtiya\u00e7 duydu\u011funuzdan daha fazla yat\u0131r\u0131m yapmak zorunda kalmazs\u0131n\u0131z ve optimum g\u00fc\u00e7 t\u00fcketimi sa\u011flar. ALS kar\u0131\u015ft\u0131r\u0131c\u0131lar kolay CIP i\u00e7in tasarlanm\u0131\u015ft\u0131r ve steril \/ aseptik ve ATEX sertifikal\u0131 uygulamalarda da kullan\u0131labilir.<\/p>\n<p>\t\t\t<a href=\"https:\/\/ktk.com.tr\/wp-content\/uploads\/2020\/01\/Agigators-Leaflet.pdf\" role=\"button\"><br \/>\n\t\t\t\t\t\t\u00dcr\u00fcn Bilgisi<br \/>\n\t\t\t\t\t<\/a><br \/>\n\t\t\t<a href=\"https:\/\/ktk.com.tr\/tr\/contact-us\/\" role=\"button\"><br \/>\n\t\t\t\t\t\tL\u00fctfen \u0130leti\u015fime Ge\u00e7iniz<br \/>\n\t\t\t\t\t<\/a><br \/>\n\t\t\t<a href=\"https:\/\/ktk.com.tr\/wp-content\/uploads\/2020\/01\/Mixers-Spare-Parts.pdf\" role=\"button\"><br \/>\n\t\t\t\t\t\tYedek Par\u00e7a<br \/>\n\t\t\t\t\t<\/a><br \/>\n\t\t\t\t\t\t\t\t\t\t<img decoding=\"async\" loading=\"lazy\" width=\"640\" height=\"360\" src=\"https:\/\/ktk.com.tr\/wp-content\/uploads\/2020\/01\/agitator_alt_front_640x360.png\" alt=\"\" class=\"ktk\" srcset=\"https:\/\/ktk.com.tr\/wp-content\/uploads\/2020\/01\/agitator_alt_front_640x360.png 640w, https:\/\/ktk.com.tr\/wp-content\/uploads\/2020\/01\/agitator_alt_front_640x360-300x169.png 300w, https:\/\/ktk.com.tr\/wp-content\/uploads\/2020\/01\/agitator_alt_front_640x360-1x1.png 1w\" sizes=\"(max-width: 640px) 100vw, 640px\" \/>\t\t\t\t\t\t\t\t\t\t\t<\/p>\n<h2>ALT<\/h2>\n<p>Alfa Laval ALT \u00fcstten monteli kar\u0131\u015ft\u0131r\u0131c\u0131, atmosferik ve bas\u0131n\u00e7l\u0131 tanklar i\u00e7in uygundur ve \u00e7e\u015fitli boyutlarda gelir. Mod\u00fcler tasar\u0131m ve boyutland\u0131rma se\u00e7enekleri, gerekenden daha fazla yat\u0131r\u0131m yapman\u0131z gerekmeyece\u011fi ve optimum g\u00fc\u00e7 t\u00fcketimini d\u00f6rt g\u00f6zle bekleyebilece\u011finiz anlam\u0131na gelir. ALT kar\u0131\u015ft\u0131r\u0131c\u0131lar kolay CIP i\u00e7in tasarlanm\u0131\u015ft\u0131r ve ayr\u0131ca steril \/ aseptik ve ATEX sertifikal\u0131 uygulamalarda kullan\u0131lmak \u00fczere yap\u0131land\u0131r\u0131labilir.<\/p>\n<p>\u00a0<br \/>\n\t\t\t<a href=\"https:\/\/ktk.com.tr\/wp-content\/uploads\/2020\/01\/Agigators-Leaflet.pdf\" role=\"button\"><br \/>\n\t\t\t\t\t\t\u00dcr\u00fcn Bilgisi<br \/>\n\t\t\t\t\t<\/a><br \/>\n\t\t\t<a href=\"https:\/\/ktk.com.tr\/tr\/contact-us\/\" role=\"button\"><br \/>\n\t\t\t\t\t\tL\u00fctfen \u0130leti\u015fime Ge\u00e7iniz<br \/>\n\t\t\t\t\t<\/a><br \/>\n\t\t\t<a href=\"https:\/\/ktk.com.tr\/wp-content\/uploads\/2020\/01\/Mixers-Spare-Parts.pdf\" role=\"button\"><br \/>\n\t\t\t\t\t\tYedek Par\u00e7a<br \/>\n\t\t\t\t\t<\/a><br \/>\n\t\t\t\t\t\t\t\t\t\t<img decoding=\"async\" loading=\"lazy\" width=\"640\" height=\"360\" src=\"https:\/\/ktk.com.tr\/wp-content\/uploads\/2020\/01\/agitator_altb_640x360.png\" alt=\"\" class=\"ktk\" srcset=\"https:\/\/ktk.com.tr\/wp-content\/uploads\/2020\/01\/agitator_altb_640x360.png 640w, https:\/\/ktk.com.tr\/wp-content\/uploads\/2020\/01\/agitator_altb_640x360-300x169.png 300w, https:\/\/ktk.com.tr\/wp-content\/uploads\/2020\/01\/agitator_altb_640x360-1x1.png 1w\" sizes=\"(max-width: 640px) 100vw, 640px\" \/>\t\t\t\t\t\t\t\t\t\t\t<\/p>\n<h2>ALTB<\/h2>\n<p>Alfa Laval ALTB \u00fcstten monteli kar\u0131\u015ft\u0131r\u0131c\u0131, atmosferik ve bas\u0131n\u00e7l\u0131 tanklar i\u00e7in uygundur ve \u00e7e\u015fitli boyutlarda gelir. Alt deste\u011fin eklenmesi \u015faft\u0131 dengeler ve g\u00fcvenilir \u00e7al\u0131\u015fma sa\u011flar. Boyutland\u0131rma se\u00e7enekleri aral\u0131\u011f\u0131, optimum g\u00fc\u00e7 t\u00fcketimini d\u00f6rt g\u00f6zle bekleyebilece\u011finiz anlam\u0131na gelir. ALTB kar\u0131\u015ft\u0131r\u0131c\u0131lar kolay CIP i\u00e7in tasarlanm\u0131\u015ft\u0131r ve ayr\u0131ca steril \/ aseptik uygulamalarda kullan\u0131lmak \u00fczere yap\u0131land\u0131r\u0131labilir.<\/p>\n<p>\u00a0<br \/>\n\t\t\t<a href=\"https:\/\/ktk.com.tr\/wp-content\/uploads\/2020\/01\/Agigators-Leaflet.pdf\" role=\"button\"><br \/>\n\t\t\t\t\t\t\u00dcr\u00fcn Bilgisi<br \/>\n\t\t\t\t\t<\/a><br \/>\n\t\t\t<a href=\"https:\/\/ktk.com.tr\/tr\/contact-us\/\" role=\"button\"><br \/>\n\t\t\t\t\t\tL\u00fctfen \u0130leti\u015fime Ge\u00e7iniz<br \/>\n\t\t\t\t\t<\/a><br \/>\n\t\t\t<a href=\"https:\/\/ktk.com.tr\/wp-content\/uploads\/2020\/01\/Mixers-Spare-Parts.pdf\" role=\"button\"><br \/>\n\t\t\t\t\t\tYedek Par\u00e7a<br \/>\n\t\t\t\t\t<\/a><\/p>","protected":false},"excerpt":{"rendered":"<p>ALB The Alfa Laval ALB bottom-mounted agitator is suitable for atmospheric and pressurized tanks and comes in a range of sizes. The modular design and choice of size ensures an agitator fit-for-purpose so you won\u2019t have to invest more than needed and can look forward to optimal power consumption. The ALB agitators are designed for [&hellip;]<\/p>","protected":false},"author":1,"featured_media":0,"parent":0,"menu_order":0,"comment_status":"closed","ping_status":"closed","template":"","meta":[],"_links":{"self":[{"href":"https:\/\/ktk.com.tr\/tr\/wp-json\/wp\/v2\/pages\/504"}],"collection":[{"href":"https:\/\/ktk.com.tr\/tr\/wp-json\/wp\/v2\/pages"}],"about":[{"href":"https:\/\/ktk.com.tr\/tr\/wp-json\/wp\/v2\/types\/page"}],"author":[{"embeddable":true,"href":"https:\/\/ktk.com.tr\/tr\/wp-json\/wp\/v2\/users\/1"}],"replies":[{"embeddable":true,"href":"https:\/\/ktk.com.tr\/tr\/wp-json\/wp\/v2\/comments?post=504"}],"version-history":[{"count":13,"href":"https:\/\/ktk.com.tr\/tr\/wp-json\/wp\/v2\/pages\/504\/revisions"}],"predecessor-version":[{"id":2386,"href":"https:\/\/ktk.com.tr\/tr\/wp-json\/wp\/v2\/pages\/504\/revisions\/2386"}],"wp:attachment":[{"href":"https:\/\/ktk.com.tr\/tr\/wp-json\/wp\/v2\/media?parent=504"}],"curies":[{"name":"wp","href":"https:\/\/api.w.org\/{rel}","templated":true}]}}