{"id":503,"date":"2019-12-22T13:29:43","date_gmt":"2019-12-22T13:29:43","guid":{"rendered":"http:\/\/ktk.com.tr\/?page_id=503"},"modified":"2020-01-20T08:47:19","modified_gmt":"2020-01-20T08:47:19","slug":"mixing-equipment","status":"publish","type":"page","link":"https:\/\/ktk.com.tr\/tr\/mixing-equipment\/","title":{"rendered":"Kar\u0131\u015ft\u0131rma Ekipmanlar\u0131"},"content":{"rendered":"<p><img decoding=\"async\" loading=\"lazy\" width=\"280\" height=\"262\" src=\"https:\/\/ktk.com.tr\/wp-content\/uploads\/2020\/01\/Mixing-equipment.jpg\" alt=\"\" class=\"ktk\" srcset=\"https:\/\/ktk.com.tr\/wp-content\/uploads\/2020\/01\/Mixing-equipment.jpg 280w, https:\/\/ktk.com.tr\/wp-content\/uploads\/2020\/01\/Mixing-equipment-1x1.jpg 1w\" sizes=\"(max-width: 280px) 100vw, 280px\" \/>\t\t\t\t\t\t\t\t\t\t\t<\/p>\n<h1>Kar\u0131\u015ft\u0131rma Ekipmanlar\u0131<\/h1>\n<p style=\"text-align: left;\">Kapsaml\u0131 kar\u0131\u015ft\u0131rma ekipman\u0131 portf\u00f6y\u00fcm\u00fcz, s\u0131v\u0131 ve toz ak\u0131\u015f\u0131na hitap etmektedir.<br \/>Through highly efficient new technology, we are able to achieve quick and effective blending of different media to yoru requirments.<\/p>\n<p>\t\t\t\t\t\t\t\t\t\t<img decoding=\"async\" loading=\"lazy\" width=\"640\" height=\"360\" src=\"https:\/\/ktk.com.tr\/wp-content\/uploads\/2020\/01\/hybrid_powder_mixer_right_side_640x360.png\" alt=\"\" class=\"ktk\" srcset=\"https:\/\/ktk.com.tr\/wp-content\/uploads\/2020\/01\/hybrid_powder_mixer_right_side_640x360.png 640w, https:\/\/ktk.com.tr\/wp-content\/uploads\/2020\/01\/hybrid_powder_mixer_right_side_640x360-300x169.png 300w, https:\/\/ktk.com.tr\/wp-content\/uploads\/2020\/01\/hybrid_powder_mixer_right_side_640x360-1x1.png 1w\" sizes=\"(max-width: 640px) 100vw, 640px\" \/>\t\t\t\t\t\t\t\t\t\t\t<\/p>\n<h2>Toz Mikserleri<\/h2>\n<p>Mikserlerimiz, daha az enerji tasarrufu, \u00fcst\u00fcn temizlik ve daha az i\u015flem s\u00fcresi ve \/ veya daha y\u00fcksek verim a\u00e7\u0131s\u0131ndan daha y\u00fcksek enerji tasarrufu, daha y\u00fcksek proses verimlili\u011fi sa\u011flayarak do\u011fru kar\u0131\u015ft\u0131rma y\u00f6ntemini ihtiya\u00e7lar\u0131n\u0131za g\u00f6re e\u015fle\u015ftirmenizi sa\u011flar. Bu, hammadde ve kaynaklar\u0131n daha iyi kullan\u0131lmas\u0131, \u00fcr\u00fcn kalitesinin iyile\u015ftirilmesi ve uzun vadede daha az at\u0131k anlam\u0131na gelir.<\/p>\n<p>\t\t\t<a href=\"https:\/\/ktk.com.tr\/tr\/powder-mixers\/\" role=\"button\"><br \/>\n\t\t\t\t\t\tDaha Fazla<br \/>\n\t\t\t\t\t<\/a><br \/>\n\t\t\t\t\t\t\t\t\t\t<img decoding=\"async\" loading=\"lazy\" width=\"640\" height=\"360\" src=\"https:\/\/ktk.com.tr\/wp-content\/uploads\/2020\/01\/levimag_ultrapure_actuator_640x360.png\" alt=\"\" class=\"ktk\" srcset=\"https:\/\/ktk.com.tr\/wp-content\/uploads\/2020\/01\/levimag_ultrapure_actuator_640x360.png 640w, https:\/\/ktk.com.tr\/wp-content\/uploads\/2020\/01\/levimag_ultrapure_actuator_640x360-300x169.png 300w, https:\/\/ktk.com.tr\/wp-content\/uploads\/2020\/01\/levimag_ultrapure_actuator_640x360-1x1.png 1w\" sizes=\"(max-width: 640px) 100vw, 640px\" \/>\t\t\t\t\t\t\t\t\t\t\t<\/p>\n<h2>Tank Mikserleri<\/h2>\n<p>Y\u0131pranabilen veya t\u0131kanmaya neden olabilecek hi\u00e7bir hareketli par\u00e7a olmad\u0131\u011f\u0131ndan, e\u011fitimcilerimiz \u201ch\u0131z\u0131n y\u00fcksek, bas\u0131nc\u0131n d\u00fc\u015f\u00fck ve bas\u0131nc\u0131n nerede oldu\u011fu\u201d Bernoulli Prensibini kullanarak y\u00fcksek hacimli malzemeleri \u00e7ok h\u0131zl\u0131 bir \u015fekilde hareket ettirmek i\u00e7in yap\u0131l\u0131r. y\u00fcksek, h\u0131z d\u00fc\u015f\u00fck. \u201d<\/p>\n<p>\t\t\t<a href=\"https:\/\/ktk.com.tr\/tr\/tank-mixers\/\" role=\"button\"><br \/>\n\t\t\t\t\t\tDaha Fazla<br \/>\n\t\t\t\t\t<\/a><br \/>\n\t\t\t\t\t\t\t\t\t\t<img decoding=\"async\" loading=\"lazy\" width=\"640\" height=\"360\" src=\"https:\/\/ktk.com.tr\/wp-content\/uploads\/2020\/01\/agitator_als_front_640x360.png\" alt=\"\" class=\"ktk\" srcset=\"https:\/\/ktk.com.tr\/wp-content\/uploads\/2020\/01\/agitator_als_front_640x360.png 640w, https:\/\/ktk.com.tr\/wp-content\/uploads\/2020\/01\/agitator_als_front_640x360-300x169.png 300w, https:\/\/ktk.com.tr\/wp-content\/uploads\/2020\/01\/agitator_als_front_640x360-1x1.png 1w\" sizes=\"(max-width: 640px) 100vw, 640px\" \/>\t\t\t\t\t\t\t\t\t\t\t<\/p>\n<h2>Kar\u0131\u015ft\u0131r\u0131c\u0131<\/h2>\n<p>Kar\u0131\u015ft\u0131r\u0131c\u0131lar esnek, mod\u00fcler bir tasar\u0131ma sahiptir ve kar\u0131\u015ft\u0131rma \u00e7\u00f6z\u00fcm\u00fcn\u00fc tam gereksinimlerinize g\u00f6re uyarlaman\u0131z\u0131 sa\u011flar. Kar\u0131\u015ft\u0131r\u0131c\u0131 serisi, alt destekli veya alt desteksiz \u00fcst montajl\u0131 \u00fcnitelerin yan\u0131 s\u0131ra alt veya yan montajl\u0131 \u00fcniteleri i\u00e7erir. Mod\u00fclerlik, kurulum ve bak\u0131m kolayl\u0131\u011f\u0131 i\u00e7in kendini \u00f6d\u00fcn\u00e7 verir ve \u00fcst\u00fcn tasar\u0131m kalite, performans ve ekonomi sa\u011flar. Bu amaca y\u00f6nelik kar\u0131\u015ft\u0131r\u0131c\u0131lar, optimum ak\u0131\u015f\u0131 destekleyen \u00e7arklara sahiptir.<\/p>\n<p>\t\t\t<a href=\"https:\/\/ktk.com.tr\/tr\/agitators\/\" role=\"button\"><br \/>\n\t\t\t\t\t\tDaha Fazla<br \/>\n\t\t\t\t\t<\/a><\/p>","protected":false},"excerpt":{"rendered":"<p>Mixing Equipment Our extensive portfolio of mixing equipment caters for liquid mixing in vessels through to powder addition into liquid streams.Through highly efficient new technology, we are able to achieve quick and effective blending of different media to yoru requirments. Powder Mixers Our mixers allow you to match the right mixing method to your needs, [&hellip;]<\/p>","protected":false},"author":1,"featured_media":0,"parent":0,"menu_order":0,"comment_status":"closed","ping_status":"closed","template":"","meta":[],"_links":{"self":[{"href":"https:\/\/ktk.com.tr\/tr\/wp-json\/wp\/v2\/pages\/503"}],"collection":[{"href":"https:\/\/ktk.com.tr\/tr\/wp-json\/wp\/v2\/pages"}],"about":[{"href":"https:\/\/ktk.com.tr\/tr\/wp-json\/wp\/v2\/types\/page"}],"author":[{"embeddable":true,"href":"https:\/\/ktk.com.tr\/tr\/wp-json\/wp\/v2\/users\/1"}],"replies":[{"embeddable":true,"href":"https:\/\/ktk.com.tr\/tr\/wp-json\/wp\/v2\/comments?post=503"}],"version-history":[{"count":9,"href":"https:\/\/ktk.com.tr\/tr\/wp-json\/wp\/v2\/pages\/503\/revisions"}],"predecessor-version":[{"id":2383,"href":"https:\/\/ktk.com.tr\/tr\/wp-json\/wp\/v2\/pages\/503\/revisions\/2383"}],"wp:attachment":[{"href":"https:\/\/ktk.com.tr\/tr\/wp-json\/wp\/v2\/media?parent=503"}],"curies":[{"name":"wp","href":"https:\/\/api.w.org\/{rel}","templated":true}]}}