{"id":499,"date":"2019-12-22T13:29:43","date_gmt":"2019-12-22T13:29:43","guid":{"rendered":"http:\/\/ktk.com.tr\/?page_id=499"},"modified":"2020-01-20T09:36:11","modified_gmt":"2020-01-20T09:36:11","slug":"level-instruments","status":"publish","type":"page","link":"https:\/\/ktk.com.tr\/tr\/level-instruments\/","title":{"rendered":"Seviye \u00d6l\u00e7\u00fcm Enstr\u00fcmanlar\u0131"},"content":{"rendered":"<p><img decoding=\"async\" loading=\"lazy\" width=\"640\" height=\"360\" src=\"https:\/\/ktk.com.tr\/wp-content\/uploads\/2020\/01\/level_switch_right_side_640x360.png\" alt=\"\" class=\"ktk\" srcset=\"https:\/\/ktk.com.tr\/wp-content\/uploads\/2020\/01\/level_switch_right_side_640x360.png 640w, https:\/\/ktk.com.tr\/wp-content\/uploads\/2020\/01\/level_switch_right_side_640x360-300x169.png 300w, https:\/\/ktk.com.tr\/wp-content\/uploads\/2020\/01\/level_switch_right_side_640x360-1x1.png 1w\" sizes=\"(max-width: 640px) 100vw, 640px\" \/>\t\t\t\t\t\t\t\t\t\t\t<\/p>\n<h2>Seviye \u015ealteri<\/h2>\n<p>Seviye \u015falterleri, hijyenik bira fabrikas\u0131, yiyecek ve i\u00e7ecek ve biyofarma i\u015flemleri i\u00e7in do\u011fru ve g\u00fcvenilir uzak s\u0131v\u0131 seviyesi g\u00f6stergesi sa\u011flar.<\/p>\n<p>\t\t\t<a href=\"https:\/\/ktk.com.tr\/wp-content\/uploads\/2020\/01\/Instrumentation-Leaflet.pdf\" role=\"button\"><br \/>\n\t\t\t\t\t\t\u00dcr\u00fcn Bilgisi<br \/>\n\t\t\t\t\t<\/a><br \/>\n\t\t\t<a href=\"https:\/\/ktk.com.tr\/tr\/contact-us\/\" role=\"button\"><br \/>\n\t\t\t\t\t\tL\u00fctfen \u0130leti\u015fime Ge\u00e7iniz<br \/>\n\t\t\t\t\t<\/a><br \/>\n\t\t\t<a href=\"https:\/\/ktk.com.tr\/wp-content\/uploads\/2020\/01\/Instrumentation-Spare-parts.pdf\" role=\"button\"><br \/>\n\t\t\t\t\t\tYedek Par\u00e7a<br \/>\n\t\t\t\t\t<\/a><br \/>\n\t\t\t\t\t\t\t\t\t\t<img decoding=\"async\" loading=\"lazy\" width=\"640\" height=\"360\" src=\"https:\/\/ktk.com.tr\/wp-content\/uploads\/2020\/01\/potentiometric_level_transmitter_640x360.png\" alt=\"\" class=\"ktk\" srcset=\"https:\/\/ktk.com.tr\/wp-content\/uploads\/2020\/01\/potentiometric_level_transmitter_640x360.png 640w, https:\/\/ktk.com.tr\/wp-content\/uploads\/2020\/01\/potentiometric_level_transmitter_640x360-300x169.png 300w, https:\/\/ktk.com.tr\/wp-content\/uploads\/2020\/01\/potentiometric_level_transmitter_640x360-1x1.png 1w\" sizes=\"(max-width: 640px) 100vw, 640px\" \/>\t\t\t\t\t\t\t\t\t\t\t<\/p>\n<h2>Potansiyometrik Seviye Transmit\u0131r\u0131<\/h2>\n<p>Alfa Laval Potansiyometrik Seviye Transmitteri, \u00f6zellikle ket\u00e7ap, bal ve di\u015f macunu gibi olduk\u00e7a viskoz ve macun \u00fcr\u00fcnler i\u00e7eren k\u00fc\u00e7\u00fck tanklar i\u00e7in tasarlanm\u0131\u015ft\u0131r.<\/p>\n<p>\t\t\t<a href=\"https:\/\/ktk.com.tr\/wp-content\/uploads\/2020\/01\/Instrumentation-Leaflet.pdf\" role=\"button\"><br \/>\n\t\t\t\t\t\t\u00dcr\u00fcn Bilgisi<br \/>\n\t\t\t\t\t<\/a><br \/>\n\t\t\t<a href=\"https:\/\/ktk.com.tr\/tr\/contact-us\/\" role=\"button\"><br \/>\n\t\t\t\t\t\tL\u00fctfen \u0130leti\u015fime Ge\u00e7iniz<br \/>\n\t\t\t\t\t<\/a><br \/>\n\t\t\t<a href=\"https:\/\/ktk.com.tr\/wp-content\/uploads\/2020\/01\/Instrumentation-Spare-parts.pdf\" role=\"button\"><br \/>\n\t\t\t\t\t\tYedek Par\u00e7a<br \/>\n\t\t\t\t\t<\/a><\/p>","protected":false},"excerpt":{"rendered":"<p>Level Switch Level switches provide accurate and reliable remote liquid level indication for hygienic brewery, food and beverage, and biopharm processes. Product Data Please Contact Us Spare Parts Potentiometric Level Transmitter The Alfa Laval Potentiometric Level Transmitter is designed specifically for small tanks containing highly viscous and pasty products, such as ketchup, honey and toothpaste. [&hellip;]<\/p>","protected":false},"author":1,"featured_media":0,"parent":0,"menu_order":0,"comment_status":"closed","ping_status":"closed","template":"","meta":[],"_links":{"self":[{"href":"https:\/\/ktk.com.tr\/tr\/wp-json\/wp\/v2\/pages\/499"}],"collection":[{"href":"https:\/\/ktk.com.tr\/tr\/wp-json\/wp\/v2\/pages"}],"about":[{"href":"https:\/\/ktk.com.tr\/tr\/wp-json\/wp\/v2\/types\/page"}],"author":[{"embeddable":true,"href":"https:\/\/ktk.com.tr\/tr\/wp-json\/wp\/v2\/users\/1"}],"replies":[{"embeddable":true,"href":"https:\/\/ktk.com.tr\/tr\/wp-json\/wp\/v2\/comments?post=499"}],"version-history":[{"count":7,"href":"https:\/\/ktk.com.tr\/tr\/wp-json\/wp\/v2\/pages\/499\/revisions"}],"predecessor-version":[{"id":2402,"href":"https:\/\/ktk.com.tr\/tr\/wp-json\/wp\/v2\/pages\/499\/revisions\/2402"}],"wp:attachment":[{"href":"https:\/\/ktk.com.tr\/tr\/wp-json\/wp\/v2\/media?parent=499"}],"curies":[{"name":"wp","href":"https:\/\/api.w.org\/{rel}","templated":true}]}}