{"id":498,"date":"2019-12-22T13:29:43","date_gmt":"2019-12-22T13:29:43","guid":{"rendered":"http:\/\/ktk.com.tr\/?page_id=498"},"modified":"2020-01-20T09:07:54","modified_gmt":"2020-01-20T09:07:54","slug":"instrumentation-accessories","status":"publish","type":"page","link":"https:\/\/ktk.com.tr\/tr\/instrumentation-accessories\/","title":{"rendered":"\u00d6l\u00e7\u00fcm Enstr\u00fcman\u0131 Aksesuarlar\u0131"},"content":{"rendered":"<p><img decoding=\"async\" loading=\"lazy\" width=\"640\" height=\"360\" src=\"https:\/\/ktk.com.tr\/wp-content\/uploads\/2020\/01\/inline_instrumentationbody_640x360.jpg\" alt=\"\" class=\"ktk\" srcset=\"https:\/\/ktk.com.tr\/wp-content\/uploads\/2020\/01\/inline_instrumentationbody_640x360.jpg 640w, https:\/\/ktk.com.tr\/wp-content\/uploads\/2020\/01\/inline_instrumentationbody_640x360-300x169.jpg 300w, https:\/\/ktk.com.tr\/wp-content\/uploads\/2020\/01\/inline_instrumentationbody_640x360-1x1.jpg 1w\" sizes=\"(max-width: 640px) 100vw, 640px\" \/>\t\t\t\t\t\t\t\t\t\t\t<\/p>\n<h2>Enstr\u00fcman Ek G\u00f6vde Par\u00e7alar\u0131<\/h2>\n<p>Alfa Laval enstr\u00fcman ek g\u00f6vdesi, Alfa Laval HTC hijyenik ba\u011flant\u0131s\u0131n\u0131 kullanarak herhangi bir boru hatt\u0131n\u0131 eksiksiz Alfa Laval enstr\u00fcmantasyon portf\u00f6y\u00fcne s\u0131\u011fd\u0131rman\u0131z\u0131 sa\u011flar.<\/p>\n<p>\t\t\t<a href=\"https:\/\/ktk.com.tr\/wp-content\/uploads\/2020\/01\/Instrumentation-Leaflet.pdf\" role=\"button\"><br \/>\n\t\t\t\t\t\t\u00dcr\u00fcn Bilgisi<br \/>\n\t\t\t\t\t<\/a><br \/>\n\t\t\t<a href=\"https:\/\/ktk.com.tr\/tr\/contact-us\/\" role=\"button\"><br \/>\n\t\t\t\t\t\tL\u00fctfen \u0130leti\u015fime Ge\u00e7iniz<br \/>\n\t\t\t\t\t<\/a><br \/>\n\t\t\t<a href=\"https:\/\/ktk.com.tr\/wp-content\/uploads\/2020\/01\/Instrumentation-Spare-parts.pdf\" role=\"button\"><br \/>\n\t\t\t\t\t\tYedek Par\u00e7a<br \/>\n\t\t\t\t\t<\/a><br \/>\n\t\t\t\t\t\t\t\t\t\t<img decoding=\"async\" loading=\"lazy\" width=\"640\" height=\"360\" src=\"https:\/\/ktk.com.tr\/wp-content\/uploads\/2020\/01\/alfa-lavel-flexprogrammer_640x360.jpg\" alt=\"\" class=\"ktk\" srcset=\"https:\/\/ktk.com.tr\/wp-content\/uploads\/2020\/01\/alfa-lavel-flexprogrammer_640x360.jpg 640w, https:\/\/ktk.com.tr\/wp-content\/uploads\/2020\/01\/alfa-lavel-flexprogrammer_640x360-300x169.jpg 300w, https:\/\/ktk.com.tr\/wp-content\/uploads\/2020\/01\/alfa-lavel-flexprogrammer_640x360-1x1.jpg 1w\" sizes=\"(max-width: 640px) 100vw, 640px\" \/>\t\t\t\t\t\t\t\t\t\t\t<\/p>\n<h2>Enstr\u00fcman Programc\u0131s\u0131<\/h2>\n<p>Enstr\u00fcman programc\u0131s\u0131, \u00e7ok say\u0131da Alfa Laval cihaz\u0131 i\u00e7in \u00f6zel bir yap\u0131land\u0131rma arac\u0131d\u0131r: seviye anahtar\u0131, bas\u0131n\u00e7 vericisi, s\u0131cakl\u0131k vericisi ve iletkenlik vericisi.<\/p>\n<p>\t\t\t<a href=\"https:\/\/ktk.com.tr\/wp-content\/uploads\/2020\/01\/Instrumentation-Leaflet.pdf\" role=\"button\"><br \/>\n\t\t\t\t\t\t\u00dcr\u00fcn Bilgisi<br \/>\n\t\t\t\t\t<\/a><br \/>\n\t\t\t<a href=\"https:\/\/ktk.com.tr\/tr\/contact-us\/\" role=\"button\"><br \/>\n\t\t\t\t\t\tL\u00fctfen \u0130leti\u015fime Ge\u00e7iniz<br \/>\n\t\t\t\t\t<\/a><br \/>\n\t\t\t<a href=\"https:\/\/ktk.com.tr\/wp-content\/uploads\/2020\/01\/Instrumentation-Spare-parts.pdf\" role=\"button\"><br \/>\n\t\t\t\t\t\tYedek Par\u00e7a<br \/>\n\t\t\t\t\t<\/a><\/p>","protected":false},"excerpt":{"rendered":"<p>Inline Instrumentation Body The Alfa Laval in-line instrumentation body enables you to fit any pipeline with the complete Alfa Laval instrumentation portfolio using the Alfa Laval HTC hygienic connection. Product Data Please Contact Us Spare Parts Instrument Programmer The instrument programmer is the dedicated configuring tool for a wide range of Alfa Laval instruments: level [&hellip;]<\/p>","protected":false},"author":1,"featured_media":0,"parent":0,"menu_order":0,"comment_status":"closed","ping_status":"closed","template":"","meta":[],"_links":{"self":[{"href":"https:\/\/ktk.com.tr\/tr\/wp-json\/wp\/v2\/pages\/498"}],"collection":[{"href":"https:\/\/ktk.com.tr\/tr\/wp-json\/wp\/v2\/pages"}],"about":[{"href":"https:\/\/ktk.com.tr\/tr\/wp-json\/wp\/v2\/types\/page"}],"author":[{"embeddable":true,"href":"https:\/\/ktk.com.tr\/tr\/wp-json\/wp\/v2\/users\/1"}],"replies":[{"embeddable":true,"href":"https:\/\/ktk.com.tr\/tr\/wp-json\/wp\/v2\/comments?post=498"}],"version-history":[{"count":8,"href":"https:\/\/ktk.com.tr\/tr\/wp-json\/wp\/v2\/pages\/498\/revisions"}],"predecessor-version":[{"id":2401,"href":"https:\/\/ktk.com.tr\/tr\/wp-json\/wp\/v2\/pages\/498\/revisions\/2401"}],"wp:attachment":[{"href":"https:\/\/ktk.com.tr\/tr\/wp-json\/wp\/v2\/media?parent=498"}],"curies":[{"name":"wp","href":"https:\/\/api.w.org\/{rel}","templated":true}]}}