{"id":497,"date":"2019-12-22T13:29:43","date_gmt":"2019-12-22T13:29:43","guid":{"rendered":"http:\/\/ktk.com.tr\/?page_id=497"},"modified":"2021-10-25T18:25:06","modified_gmt":"2021-10-25T15:25:06","slug":"flow-instruments","status":"publish","type":"page","link":"https:\/\/ktk.com.tr\/tr\/flow-instruments\/","title":{"rendered":"Ak\u0131\u015f \u00d6l\u00e7\u00fcm Enstr\u00fcmanlar\u0131m\u0131z"},"content":{"rendered":"<p><img decoding=\"async\" loading=\"lazy\" class=\"ktk\" src=\"https:\/\/ktk.com.tr\/wp-content\/uploads\/2020\/01\/flow_meter_front_640x360.png\" sizes=\"(max-width: 640px) 100vw, 640px\" srcset=\"https:\/\/ktk.com.tr\/wp-content\/uploads\/2020\/01\/flow_meter_front_640x360.png 640w, https:\/\/ktk.com.tr\/wp-content\/uploads\/2020\/01\/flow_meter_front_640x360-300x169.png 300w, https:\/\/ktk.com.tr\/wp-content\/uploads\/2020\/01\/flow_meter_front_640x360-1x1.png 1w\" alt=\"\" width=\"640\" height=\"360\" \/><\/p>\n<h2>Debi \u00d6l\u00e7er<\/h2>\n<p>Alfa Laval Debi \u00d6l\u00e7er, \u00e7ok \u00e7e\u015fitli hijyenik end\u00fcstriler i\u00e7in membran filtreleme mod\u00fcllerinde ve tesislerinde besleme, n\u00fcfuz etme, yeniden tutma ve diawater ak\u0131\u015flar\u0131n\u0131n do\u011fru \u00f6l\u00e7\u00fcm\u00fcn\u00fc sa\u011flar.<\/p>\n<p><a role=\"button\" href=\"https:\/\/ktk.com.tr\/wp-content\/uploads\/2020\/01\/Instrumentation-Leaflet.pdf\"><br \/>\n\u00dcr\u00fcn Bilgisi<br \/>\n<\/a><br \/>\n<a role=\"button\" href=\"https:\/\/ktk.com.tr\/tr\/contact-us\/\"><br \/>\nL\u00fctfen \u0130leti\u015fime Ge\u00e7iniz<br \/>\n<\/a><br \/>\n<a role=\"button\" href=\"https:\/\/ktk.com.tr\/wp-content\/uploads\/2020\/01\/Instrumentation-Spare-parts.pdf\"><br \/>\nYedek Par\u00e7a<br \/>\n<\/a><br \/>\n<img decoding=\"async\" loading=\"lazy\" class=\"ktk\" src=\"https:\/\/ktk.com.tr\/wp-content\/uploads\/2020\/01\/flow_transmitter_right_side_640x360.png\" sizes=\"(max-width: 640px) 100vw, 640px\" srcset=\"https:\/\/ktk.com.tr\/wp-content\/uploads\/2020\/01\/flow_transmitter_right_side_640x360.png 640w, https:\/\/ktk.com.tr\/wp-content\/uploads\/2020\/01\/flow_transmitter_right_side_640x360-300x169.png 300w, https:\/\/ktk.com.tr\/wp-content\/uploads\/2020\/01\/flow_transmitter_right_side_640x360-1x1.png 1w\" alt=\"\" width=\"640\" height=\"360\" \/><\/p>\n<h2>Ak\u0131\u015f Transmiteri<\/h2>\n<p>Alfa Laval ak\u0131\u015f transmiteri, elektriksel olarak iletken s\u0131v\u0131lar\u0131n hacimsel ak\u0131\u015f h\u0131z\u0131n\u0131 \u00f6l\u00e7mek i\u00e7in kullan\u0131lan elektromanyetik hassas \u00f6l\u00e7\u00fcm cihazlar\u0131d\u0131r. Hijyenik olarak tasarlanan \u00fcr\u00fcnler, s\u00fct, g\u0131da ve biyofarma end\u00fcstrilerinde kullan\u0131m i\u00e7in m\u00fckemmel se\u00e7imlerdir.<\/p>\n<p><a role=\"button\" href=\"https:\/\/ktk.com.tr\/wp-content\/uploads\/2020\/01\/Instrumentation-Leaflet.pdf\"><br \/>\n\u00dcr\u00fcn Bilgisi<br \/>\n<\/a><br \/>\n<a role=\"button\" href=\"https:\/\/ktk.com.tr\/tr\/contact-us\/\"><br \/>\nL\u00fctfen \u0130leti\u015fime Ge\u00e7iniz<br \/>\n<\/a><br \/>\n<a role=\"button\" href=\"https:\/\/ktk.com.tr\/wp-content\/uploads\/2020\/01\/Instrumentation-Spare-parts.pdf\"><br \/>\nYedek Par\u00e7a<br \/>\n<\/a><\/p>","protected":false},"excerpt":{"rendered":"<p>Flow Meter Alfa Laval Flow Meter provides accurate measurement of feed, permeate, retentate and diawater flows in membrane filtration modules and plants for a wide range of hygienic industries. Product Data Please Contact Us Spare Parts Flow Transmitter Alfa Laval flow transmitters are electromagnetic precision meters used to measure the volumetric flow rate of electrically [&hellip;]<\/p>","protected":false},"author":1,"featured_media":0,"parent":0,"menu_order":0,"comment_status":"closed","ping_status":"closed","template":"","meta":[],"_links":{"self":[{"href":"https:\/\/ktk.com.tr\/tr\/wp-json\/wp\/v2\/pages\/497"}],"collection":[{"href":"https:\/\/ktk.com.tr\/tr\/wp-json\/wp\/v2\/pages"}],"about":[{"href":"https:\/\/ktk.com.tr\/tr\/wp-json\/wp\/v2\/types\/page"}],"author":[{"embeddable":true,"href":"https:\/\/ktk.com.tr\/tr\/wp-json\/wp\/v2\/users\/1"}],"replies":[{"embeddable":true,"href":"https:\/\/ktk.com.tr\/tr\/wp-json\/wp\/v2\/comments?post=497"}],"version-history":[{"count":10,"href":"https:\/\/ktk.com.tr\/tr\/wp-json\/wp\/v2\/pages\/497\/revisions"}],"predecessor-version":[{"id":2560,"href":"https:\/\/ktk.com.tr\/tr\/wp-json\/wp\/v2\/pages\/497\/revisions\/2560"}],"wp:attachment":[{"href":"https:\/\/ktk.com.tr\/tr\/wp-json\/wp\/v2\/media?parent=497"}],"curies":[{"name":"wp","href":"https:\/\/api.w.org\/{rel}","templated":true}]}}