{"id":495,"date":"2019-12-22T13:29:43","date_gmt":"2019-12-22T13:29:43","guid":{"rendered":"http:\/\/ktk.com.tr\/?page_id=495"},"modified":"2020-01-20T09:04:42","modified_gmt":"2020-01-20T09:04:42","slug":"analytical-instruments","status":"publish","type":"page","link":"https:\/\/ktk.com.tr\/tr\/analytical-instruments\/","title":{"rendered":"Analitik \u00d6l\u00e7\u00fcm Enstr\u00fcmanalar\u0131"},"content":{"rendered":"<p><img decoding=\"async\" loading=\"lazy\" width=\"640\" height=\"360\" src=\"https:\/\/ktk.com.tr\/wp-content\/uploads\/2020\/01\/conductivity_sensor_front_640x360.png\" alt=\"\" class=\"ktk\" srcset=\"https:\/\/ktk.com.tr\/wp-content\/uploads\/2020\/01\/conductivity_sensor_front_640x360.png 640w, https:\/\/ktk.com.tr\/wp-content\/uploads\/2020\/01\/conductivity_sensor_front_640x360-300x169.png 300w, https:\/\/ktk.com.tr\/wp-content\/uploads\/2020\/01\/conductivity_sensor_front_640x360-1x1.png 1w\" sizes=\"(max-width: 640px) 100vw, 640px\" \/>\t\t\t\t\t\t\t\t\t\t\t<\/p>\n<h2>\u0130letkenlik Transmiter\u0131<\/h2>\n<p>Bira fabrikas\u0131, yiyecek ve i\u00e7ecek ve biyofarma end\u00fcstrilerinde kullan\u0131m i\u00e7in idealdir. Alfa Laval \u0130letkenlik Vericileri, bir proses s\u0131v\u0131s\u0131n\u0131n elektrik ak\u0131mlar\u0131n\u0131 ta\u015f\u0131ma yetene\u011finin do\u011fru ve g\u00fcvenilir bir \u015fekilde \u00f6l\u00e7\u00fclmesini sa\u011flar.<\/p>\n<p>\t\t\t<a href=\"https:\/\/ktk.com.tr\/wp-content\/uploads\/2020\/01\/Instrumentation-Leaflet.pdf\" role=\"button\"><br \/>\n\t\t\t\t\t\t\u00dcr\u00fcn Bilgisi<br \/>\n\t\t\t\t\t<\/a><br \/>\n\t\t\t<a href=\"https:\/\/ktk.com.tr\/tr\/contact-us\/\" role=\"button\"><br \/>\n\t\t\t\t\t\tL\u00fctfen \u0130leti\u015fime Ge\u00e7iniz<br \/>\n\t\t\t\t\t<\/a><br \/>\n\t\t\t<a href=\"https:\/\/ktk.com.tr\/wp-content\/uploads\/2020\/01\/Instrumentation-Spare-parts.pdf\" role=\"button\"><br \/>\n\t\t\t\t\t\tYedek Par\u00e7a<br \/>\n\t\t\t\t\t<\/a><\/p>","protected":false},"excerpt":{"rendered":"<p>Conductivity Transmitter Ideal for use in the brewery, food and beverage, and biopharm industries. Alfa Laval Conductivity Transmitters provide accurate and reliable measurement of a process liquid\u2019s ability to carry electrical currents. Product Data Please Contact Us Spare Parts<\/p>","protected":false},"author":1,"featured_media":0,"parent":0,"menu_order":0,"comment_status":"closed","ping_status":"closed","template":"","meta":[],"_links":{"self":[{"href":"https:\/\/ktk.com.tr\/tr\/wp-json\/wp\/v2\/pages\/495"}],"collection":[{"href":"https:\/\/ktk.com.tr\/tr\/wp-json\/wp\/v2\/pages"}],"about":[{"href":"https:\/\/ktk.com.tr\/tr\/wp-json\/wp\/v2\/types\/page"}],"author":[{"embeddable":true,"href":"https:\/\/ktk.com.tr\/tr\/wp-json\/wp\/v2\/users\/1"}],"replies":[{"embeddable":true,"href":"https:\/\/ktk.com.tr\/tr\/wp-json\/wp\/v2\/comments?post=495"}],"version-history":[{"count":10,"href":"https:\/\/ktk.com.tr\/tr\/wp-json\/wp\/v2\/pages\/495\/revisions"}],"predecessor-version":[{"id":2397,"href":"https:\/\/ktk.com.tr\/tr\/wp-json\/wp\/v2\/pages\/495\/revisions\/2397"}],"wp:attachment":[{"href":"https:\/\/ktk.com.tr\/tr\/wp-json\/wp\/v2\/media?parent=495"}],"curies":[{"name":"wp","href":"https:\/\/api.w.org\/{rel}","templated":true}]}}