{"id":494,"date":"2019-12-22T13:29:43","date_gmt":"2019-12-22T13:29:43","guid":{"rendered":"http:\/\/ktk.com.tr\/?page_id=494"},"modified":"2020-01-20T09:04:23","modified_gmt":"2020-01-20T09:04:23","slug":"instrumentation","status":"publish","type":"page","link":"https:\/\/ktk.com.tr\/tr\/instrumentation\/","title":{"rendered":"\u00d6l\u00e7\u00fcm Enstr\u00fcmanlar\u0131"},"content":{"rendered":"<p><img decoding=\"async\" loading=\"lazy\" width=\"280\" height=\"262\" src=\"https:\/\/ktk.com.tr\/wp-content\/uploads\/2020\/01\/INSTRUMENTATION.jpg\" alt=\"\" class=\"ktk\" srcset=\"https:\/\/ktk.com.tr\/wp-content\/uploads\/2020\/01\/INSTRUMENTATION.jpg 280w, https:\/\/ktk.com.tr\/wp-content\/uploads\/2020\/01\/INSTRUMENTATION-1x1.jpg 1w\" sizes=\"(max-width: 280px) 100vw, 280px\" \/>\t\t\t\t\t\t\t\t\t\t\t<\/p>\n<h1>\u00d6l\u00e7\u00fcm Enstr\u00fcmanlar\u0131<\/h1>\n<p>Alfa Laval, g\u0131da, s\u00fct, i\u00e7ecek ve ila\u00e7 end\u00fcstrileri i\u00e7in ideal olan tart\u0131m sistemleri, vericiler, seviye anahtarlar\u0131 ve iletkenlik sens\u00f6rleri ile bas\u0131n\u00e7, s\u0131cakl\u0131k ve daha fazlas\u0131 i\u00e7in \u00e7\u00f6z\u00fcmler sunan geni\u015f bir enstr\u00fcmantasyon yelpazesi sunar. Bas\u0131n\u00e7, s\u0131cakl\u0131k, ak\u0131\u015f ve seviyenin \u00f6l\u00e7\u00fcm\u00fc i\u00e7in t\u00fcm enstr\u00fcmanlar ve analiz ekipman\u0131 hijyenik kullan\u0131m i\u00e7in tasarlanm\u0131\u015ft\u0131r.<\/p>\n<p>\t\t\t\t\t\t\t\t\t\t<img decoding=\"async\" loading=\"lazy\" width=\"640\" height=\"360\" src=\"https:\/\/ktk.com.tr\/wp-content\/uploads\/2020\/01\/conductivity_sensor_front_640x360.png\" alt=\"\" class=\"ktk\" srcset=\"https:\/\/ktk.com.tr\/wp-content\/uploads\/2020\/01\/conductivity_sensor_front_640x360.png 640w, https:\/\/ktk.com.tr\/wp-content\/uploads\/2020\/01\/conductivity_sensor_front_640x360-300x169.png 300w, https:\/\/ktk.com.tr\/wp-content\/uploads\/2020\/01\/conductivity_sensor_front_640x360-1x1.png 1w\" sizes=\"(max-width: 640px) 100vw, 640px\" \/>\t\t\t\t\t\t\t\t\t\t\t<\/p>\n<h2>Analitik \u00d6l\u00e7\u00fcm Enstr\u00fcmanalar\u0131<\/h2>\n<p>\u0130letkenlik sens\u00f6rlerimiz, proses s\u0131v\u0131lar\u0131n\u0131n elektrik ak\u0131mlar\u0131n\u0131 ta\u015f\u0131ma yetene\u011fini \u00f6l\u00e7en olduk\u00e7a hassas, tamamen paslanmaz \u00e7elik cihazlard\u0131r.<\/p>\n<p>\t\t\t<a href=\"https:\/\/ktk.com.tr\/tr\/analytical-instruments\/\" role=\"button\"><br \/>\n\t\t\t\t\t\tDaha Fazla<br \/>\n\t\t\t\t\t<\/a><br \/>\n\t\t\t\t\t\t\t\t\t\t<img decoding=\"async\" loading=\"lazy\" width=\"640\" height=\"360\" src=\"https:\/\/ktk.com.tr\/wp-content\/uploads\/2020\/01\/rotacheck_front_640x360.png\" alt=\"\" class=\"ktk\" srcset=\"https:\/\/ktk.com.tr\/wp-content\/uploads\/2020\/01\/rotacheck_front_640x360.png 640w, https:\/\/ktk.com.tr\/wp-content\/uploads\/2020\/01\/rotacheck_front_640x360-300x169.png 300w, https:\/\/ktk.com.tr\/wp-content\/uploads\/2020\/01\/rotacheck_front_640x360-1x1.png 1w\" sizes=\"(max-width: 640px) 100vw, 640px\" \/>\t\t\t\t\t\t\t\t\t\t\t<\/p>\n<h2>Temizlik Validasyonu \u00d6l\u00e7\u00fcm Enstr\u00fcmanlar\u0131<\/h2>\n<p>Temizlik validasyonu \u00f6l\u00e7\u00fcm enstr\u00fcmanlar\u0131m\u0131z, tank temizli\u011finde kalite g\u00fcvencesini art\u0131rmak i\u00e7in kan\u0131tlanm\u0131\u015f, g\u00fcvenilir bir y\u00f6ntem sunar.<\/p>\n<p>\t\t\t<a href=\"https:\/\/ktk.com.tr\/tr\/cleaning-validation-instruments\/\" role=\"button\"><br \/>\n\t\t\t\t\t\tDaha Fazla<br \/>\n\t\t\t\t\t<\/a><br \/>\n\t\t\t\t\t\t\t\t\t\t<img decoding=\"async\" loading=\"lazy\" width=\"640\" height=\"360\" src=\"https:\/\/ktk.com.tr\/wp-content\/uploads\/2020\/01\/flow_transmitter_right_side_640x360.png\" alt=\"\" class=\"ktk\" srcset=\"https:\/\/ktk.com.tr\/wp-content\/uploads\/2020\/01\/flow_transmitter_right_side_640x360.png 640w, https:\/\/ktk.com.tr\/wp-content\/uploads\/2020\/01\/flow_transmitter_right_side_640x360-300x169.png 300w, https:\/\/ktk.com.tr\/wp-content\/uploads\/2020\/01\/flow_transmitter_right_side_640x360-1x1.png 1w\" sizes=\"(max-width: 640px) 100vw, 640px\" \/>\t\t\t\t\t\t\t\t\t\t\t<\/p>\n<h2>Ak\u0131\u015f \u00d6l\u00e7\u00fcm Enstr\u00fcmanlar\u0131m\u0131z<\/h2>\n<p>Ak\u0131\u015f \u00f6l\u00e7\u00fcm enstr\u00fcmanlar\u0131m\u0131z, membran filtrasyon mod\u00fclleri ve tesislerinde s\u0131v\u0131 seviyelerinin do\u011fru \u00f6l\u00e7\u00fcm\u00fcn\u00fc sa\u011flayan hijyenik ak\u0131\u015f \u00f6l\u00e7\u00fcm cihazlar\u0131d\u0131r.<\/p>\n<p>\t\t\t<a href=\"https:\/\/ktk.com.tr\/tr\/flow-instruments\/\" role=\"button\"><br \/>\n\t\t\t\t\t\tDaha Fazla<br \/>\n\t\t\t\t\t<\/a><br \/>\n\t\t\t\t\t\t\t\t\t\t<img decoding=\"async\" loading=\"lazy\" width=\"640\" height=\"360\" src=\"https:\/\/ktk.com.tr\/wp-content\/uploads\/2020\/01\/inline_instrumentationbody_640x360.jpg\" alt=\"\" class=\"ktk\" srcset=\"https:\/\/ktk.com.tr\/wp-content\/uploads\/2020\/01\/inline_instrumentationbody_640x360.jpg 640w, https:\/\/ktk.com.tr\/wp-content\/uploads\/2020\/01\/inline_instrumentationbody_640x360-300x169.jpg 300w, https:\/\/ktk.com.tr\/wp-content\/uploads\/2020\/01\/inline_instrumentationbody_640x360-1x1.jpg 1w\" sizes=\"(max-width: 640px) 100vw, 640px\" \/>\t\t\t\t\t\t\t\t\t\t\t<\/p>\n<h2>\u00d6l\u00e7\u00fcm Enstr\u00fcman\u0131 Aksesuarlar\u0131<\/h2>\n<p>Enstr\u00fcmantasyon aksesuarlar\u0131m\u0131z yiyecek, i\u00e7ecek, s\u00fct \u00fcr\u00fcnleri, ki\u015fisel bak\u0131m ve ila\u00e7 end\u00fcstrilerinde hijyenik \u00fcretimde kullan\u0131labilir.<\/p>\n<p>\t\t\t<a href=\"https:\/\/ktk.com.tr\/tr\/instrumentation-accessories\/\" role=\"button\"><br \/>\n\t\t\t\t\t\tDaha Fazla<br \/>\n\t\t\t\t\t<\/a><br \/>\n\t\t\t\t\t\t\t\t\t\t<img decoding=\"async\" loading=\"lazy\" width=\"640\" height=\"360\" src=\"https:\/\/ktk.com.tr\/wp-content\/uploads\/2020\/01\/potentiometric_level_transmitter_640x360.png\" alt=\"\" class=\"ktk\" srcset=\"https:\/\/ktk.com.tr\/wp-content\/uploads\/2020\/01\/potentiometric_level_transmitter_640x360.png 640w, https:\/\/ktk.com.tr\/wp-content\/uploads\/2020\/01\/potentiometric_level_transmitter_640x360-300x169.png 300w, https:\/\/ktk.com.tr\/wp-content\/uploads\/2020\/01\/potentiometric_level_transmitter_640x360-1x1.png 1w\" sizes=\"(max-width: 640px) 100vw, 640px\" \/>\t\t\t\t\t\t\t\t\t\t\t<\/p>\n<h2>Seviye \u00d6l\u00e7\u00fcm Enstr\u00fcmanlar\u0131<\/h2>\n<p>Seviye \u00f6l\u00e7\u00fcm enstr\u00fcmanlar\u0131m\u0131z g\u0131da, s\u00fct, i\u00e7ecek ve farmas\u00f6tik i\u015flemler i\u00e7in do\u011fru ve g\u00fcvenilir uzak s\u0131v\u0131 seviyesi endikasyonlar\u0131 sa\u011flar.<\/p>\n<p>\t\t\t<a href=\"https:\/\/ktk.com.tr\/tr\/level-instruments\/\" role=\"button\"><br \/>\n\t\t\t\t\t\tDaha Fazla<br \/>\n\t\t\t\t\t<\/a><br \/>\n\t\t\t\t\t\t\t\t\t\t<img decoding=\"async\" loading=\"lazy\" width=\"640\" height=\"360\" src=\"https:\/\/ktk.com.tr\/wp-content\/uploads\/2020\/01\/pressure_gauge_front_640x360.png\" alt=\"\" class=\"ktk\" srcset=\"https:\/\/ktk.com.tr\/wp-content\/uploads\/2020\/01\/pressure_gauge_front_640x360.png 640w, https:\/\/ktk.com.tr\/wp-content\/uploads\/2020\/01\/pressure_gauge_front_640x360-300x169.png 300w, https:\/\/ktk.com.tr\/wp-content\/uploads\/2020\/01\/pressure_gauge_front_640x360-1x1.png 1w\" sizes=\"(max-width: 640px) 100vw, 640px\" \/>\t\t\t\t\t\t\t\t\t\t\t<\/p>\n<h2>Bas\u0131n\u00e7 \u00d6l\u00e7\u00fcm Enstr\u00fcmanlar\u0131m\u0131z<\/h2>\n<p>Bas\u0131n\u00e7 \u00f6l\u00e7\u00fcm enstr\u00fcmanlar\u0131m\u0131z do\u011fru, g\u00fcvenilir bas\u0131n\u00e7 g\u00f6stergeleri sa\u011flar. Bas\u0131n\u00e7 \u00f6l\u00e7\u00fcm cihazlar\u0131, filtrasyon ve pompa sistemlerinde, bas\u0131n\u00e7l\u0131 kaplarda, valf matrislerinde ve di\u011fer hijyenik ve farmas\u00f6tik proses ekipmanlar\u0131nda kullan\u0131m i\u00e7in uygundur.<\/p>\n<p>\u00a0<br \/>\n\t\t\t<a href=\"https:\/\/ktk.com.tr\/tr\/pressure-instruments\/\" role=\"button\"><br \/>\n\t\t\t\t\t\tDaha Fazla<br \/>\n\t\t\t\t\t<\/a><br \/>\n\t\t\t\t\t\t\t\t\t\t<img decoding=\"async\" loading=\"lazy\" width=\"640\" height=\"360\" src=\"https:\/\/ktk.com.tr\/wp-content\/uploads\/2020\/01\/temperature_transmitter_right_side_640x360.png\" alt=\"\" class=\"ktk\" srcset=\"https:\/\/ktk.com.tr\/wp-content\/uploads\/2020\/01\/temperature_transmitter_right_side_640x360.png 640w, https:\/\/ktk.com.tr\/wp-content\/uploads\/2020\/01\/temperature_transmitter_right_side_640x360-300x169.png 300w, https:\/\/ktk.com.tr\/wp-content\/uploads\/2020\/01\/temperature_transmitter_right_side_640x360-1x1.png 1w\" sizes=\"(max-width: 640px) 100vw, 640px\" \/>\t\t\t\t\t\t\t\t\t\t\t<\/p>\n<h2>S\u0131cakl\u0131k \u00d6l\u00e7\u00fcm Enstr\u00fcmanlar\u0131m\u0131z<\/h2>\n<p>S\u0131cakl\u0131k \u00f6l\u00e7\u00fcm enstr\u00fcmanlar\u0131m\u0131z, hijyenik ve farmas\u00f6tik \u00fcretimde do\u011fru ve g\u00fcvenilir s\u0131cakl\u0131k \u00f6l\u00e7\u00fcmleri sa\u011flar.<\/p>\n<p>\t\t\t<a href=\"https:\/\/ktk.com.tr\/tr\/temperature-instruments\/\" role=\"button\"><br \/>\n\t\t\t\t\t\tDaha Fazla<br \/>\n\t\t\t\t\t<\/a><br \/>\n\t\t\t\t\t\t\t\t\t\t<img decoding=\"async\" loading=\"lazy\" width=\"640\" height=\"360\" src=\"https:\/\/ktk.com.tr\/wp-content\/uploads\/2020\/01\/cl-compression-load-cells_640x360.jpg\" alt=\"\" class=\"ktk\" srcset=\"https:\/\/ktk.com.tr\/wp-content\/uploads\/2020\/01\/cl-compression-load-cells_640x360.jpg 640w, https:\/\/ktk.com.tr\/wp-content\/uploads\/2020\/01\/cl-compression-load-cells_640x360-300x169.jpg 300w, https:\/\/ktk.com.tr\/wp-content\/uploads\/2020\/01\/cl-compression-load-cells_640x360-1x1.jpg 1w\" sizes=\"(max-width: 640px) 100vw, 640px\" \/>\t\t\t\t\t\t\t\t\t\t\t<\/p>\n<h2>Tart\u0131m Enstr\u00fcmanlar\u0131m\u0131z<\/h2>\n<p>Alfa Laval tart\u0131m sistemi, kuvvet ve a\u011f\u0131rl\u0131\u011f\u0131 \u00f6l\u00e7mede kullan\u0131lan di\u011fer teknolojilere k\u0131yasla bir dizi avantaj sa\u011flayan patentli bir dijital kapasitif teknolojiye dayanmaktad\u0131r. Tart\u0131 sistemi kar\u0131\u015ft\u0131rma, dozajlama, seviye ayarlama veya parti i\u015fleri i\u00e7in idealdir. Sa\u011flam teknoloji, montaj kitleri olmadan Alfa Laval y\u00fck h\u00fccrelerinin basit ve hijyenik bir \u015fekilde kurulmas\u0131n\u0131 sa\u011flar. Basit kurulum, bak\u0131m ihtiyac\u0131n\u0131 ortadan kald\u0131r\u0131r ve toplam sahip olma maliyetini azalt\u0131r.<\/p>\n<p>\t\t\t<a href=\"https:\/\/ktk.com.tr\/tr\/weighing-systems\/\" role=\"button\"><br \/>\n\t\t\t\t\t\tDaha Fazla<br \/>\n\t\t\t\t\t<\/a><\/p>","protected":false},"excerpt":{"rendered":"<p>Instrumentation Alfa Laval offers a wide range of instrumentation ideal for the food, dairy, beverage and pharmaceutical industries, covering weighing systems, transmitters, level switches and conductivity sensors as well as solutions for pressure, temperature and more. All instrumentation for the measurement of pressure, temperature, flow and level as well as analysis equipment is designed for [&hellip;]<\/p>","protected":false},"author":1,"featured_media":0,"parent":0,"menu_order":0,"comment_status":"closed","ping_status":"closed","template":"","meta":[],"_links":{"self":[{"href":"https:\/\/ktk.com.tr\/tr\/wp-json\/wp\/v2\/pages\/494"}],"collection":[{"href":"https:\/\/ktk.com.tr\/tr\/wp-json\/wp\/v2\/pages"}],"about":[{"href":"https:\/\/ktk.com.tr\/tr\/wp-json\/wp\/v2\/types\/page"}],"author":[{"embeddable":true,"href":"https:\/\/ktk.com.tr\/tr\/wp-json\/wp\/v2\/users\/1"}],"replies":[{"embeddable":true,"href":"https:\/\/ktk.com.tr\/tr\/wp-json\/wp\/v2\/comments?post=494"}],"version-history":[{"count":7,"href":"https:\/\/ktk.com.tr\/tr\/wp-json\/wp\/v2\/pages\/494\/revisions"}],"predecessor-version":[{"id":2396,"href":"https:\/\/ktk.com.tr\/tr\/wp-json\/wp\/v2\/pages\/494\/revisions\/2396"}],"wp:attachment":[{"href":"https:\/\/ktk.com.tr\/tr\/wp-json\/wp\/v2\/media?parent=494"}],"curies":[{"name":"wp","href":"https:\/\/api.w.org\/{rel}","templated":true}]}}