{"id":492,"date":"2019-12-22T13:29:43","date_gmt":"2019-12-22T13:29:43","guid":{"rendered":"http:\/\/ktk.com.tr\/?page_id=492"},"modified":"2020-01-20T09:39:27","modified_gmt":"2020-01-20T09:39:27","slug":"ultrapure-fittings","status":"publish","type":"page","link":"https:\/\/ktk.com.tr\/tr\/ultrapure-fittings\/","title":{"rendered":"UltraPure Ba\u011flant\u0131 Par\u00e7alar\u0131"},"content":{"rendered":"<p><img decoding=\"async\" loading=\"lazy\" width=\"640\" height=\"360\" src=\"https:\/\/ktk.com.tr\/wp-content\/uploads\/2020\/01\/sanitary_fittings_triclover_asme_640x360.png\" alt=\"\" class=\"ktk\" srcset=\"https:\/\/ktk.com.tr\/wp-content\/uploads\/2020\/01\/sanitary_fittings_triclover_asme_640x360.png 640w, https:\/\/ktk.com.tr\/wp-content\/uploads\/2020\/01\/sanitary_fittings_triclover_asme_640x360-300x169.png 300w, https:\/\/ktk.com.tr\/wp-content\/uploads\/2020\/01\/sanitary_fittings_triclover_asme_640x360-1x1.png 1w\" sizes=\"(max-width: 640px) 100vw, 640px\" \/>\t\t\t\t\t\t\t\t\t\t\t<\/p>\n<h2>Tri-Clover UltraPure ASME BPE Ba\u011flant\u0131 Par\u00e7alar\u0131<\/h2>\n<p>Alfa Laval Tri-Clover UltraPure ASME BPE serisi, hepsi ASME BPE standartlar\u0131na uygun \u00e7e\u015fitli boyutlarda ve uygulamalarda kapsaml\u0131 bir boru ve ba\u011flant\u0131 par\u00e7as\u0131 yelpazesi i\u00e7erir. G\u00fcvenli ve kolay kurulum i\u00e7in \u00fcretilen y\u00fcksek kalitesi ve iyi kaynaklanabilirli\u011fi biyofarmas\u00f6tik end\u00fcstrilerinin standartlar\u0131n\u0131 kar\u015f\u0131lar.<\/p>\n<p>\t\t\t<a href=\"https:\/\/ktk.com.tr\/wp-content\/uploads\/2020\/01\/alfa-laval-installation-material-product-leaflet-ese00301.pdf\" role=\"button\"><br \/>\n\t\t\t\t\t\t\u00dcr\u00fcn Bilgisi<br \/>\n\t\t\t\t\t<\/a><br \/>\n\t\t\t<a href=\"https:\/\/ktk.com.tr\/tr\/contact-us\/\" role=\"button\"><br \/>\n\t\t\t\t\t\tL\u00fctfen \u0130leti\u015fime Ge\u00e7iniz<br \/>\n\t\t\t\t\t<\/a><\/p>","protected":false},"excerpt":{"rendered":"<p>Tri-Clover UltraPure ASME BPE Fittings Alfa Laval Tri-Clover UltraPure ASME BPE range includes a comprehensive selection of tubes and fittings of varying dimensions and executions all compliant with ASME BPE standards. Made for safe and easy installation, its high quality and good weldability meet the standards of biopharmaceutical industries. Product Data Please Contact Us<\/p>","protected":false},"author":1,"featured_media":0,"parent":0,"menu_order":0,"comment_status":"closed","ping_status":"closed","template":"","meta":[],"_links":{"self":[{"href":"https:\/\/ktk.com.tr\/tr\/wp-json\/wp\/v2\/pages\/492"}],"collection":[{"href":"https:\/\/ktk.com.tr\/tr\/wp-json\/wp\/v2\/pages"}],"about":[{"href":"https:\/\/ktk.com.tr\/tr\/wp-json\/wp\/v2\/types\/page"}],"author":[{"embeddable":true,"href":"https:\/\/ktk.com.tr\/tr\/wp-json\/wp\/v2\/users\/1"}],"replies":[{"embeddable":true,"href":"https:\/\/ktk.com.tr\/tr\/wp-json\/wp\/v2\/comments?post=492"}],"version-history":[{"count":6,"href":"https:\/\/ktk.com.tr\/tr\/wp-json\/wp\/v2\/pages\/492\/revisions"}],"predecessor-version":[{"id":2407,"href":"https:\/\/ktk.com.tr\/tr\/wp-json\/wp\/v2\/pages\/492\/revisions\/2407"}],"wp:attachment":[{"href":"https:\/\/ktk.com.tr\/tr\/wp-json\/wp\/v2\/media?parent=492"}],"curies":[{"name":"wp","href":"https:\/\/api.w.org\/{rel}","templated":true}]}}