{"id":490,"date":"2019-12-22T13:29:43","date_gmt":"2019-12-22T13:29:43","guid":{"rendered":"http:\/\/ktk.com.tr\/?page_id=490"},"modified":"2020-01-20T09:40:26","modified_gmt":"2020-01-20T09:40:26","slug":"hygienic-fittings","status":"publish","type":"page","link":"https:\/\/ktk.com.tr\/tr\/hygienic-fittings\/","title":{"rendered":"Hijyenik Ba\u011flant\u0131 Par\u00e7alar\u0131"},"content":{"rendered":"<p><img decoding=\"async\" loading=\"lazy\" width=\"640\" height=\"360\" src=\"https:\/\/ktk.com.tr\/wp-content\/uploads\/2020\/01\/ultrapure_fittings_series_adin_640x360.png\" alt=\"\" class=\"ktk\" srcset=\"https:\/\/ktk.com.tr\/wp-content\/uploads\/2020\/01\/ultrapure_fittings_series_adin_640x360.png 640w, https:\/\/ktk.com.tr\/wp-content\/uploads\/2020\/01\/ultrapure_fittings_series_adin_640x360-300x169.png 300w, https:\/\/ktk.com.tr\/wp-content\/uploads\/2020\/01\/ultrapure_fittings_series_adin_640x360-1x1.png 1w\" sizes=\"(max-width: 640px) 100vw, 640px\" \/>\t\t\t\t\t\t\t\t\t\t\t<\/p>\n<h2>Hijyenik BS 4825 Part 1 Ba\u011flant\u0131 Par\u00e7alar\u0131<\/h2>\n<p>Bu \u00fcr\u00fcn yelpazesi, p\u00fcr\u00fcz ortalamas\u0131 (Ra) &lt;0,8 - 1,6 \u03bc olan i\u00e7 y\u00fczey kaplamal\u0131 geni\u015f bir ba\u011flant\u0131 yelpazesi sunar. Hijyenik \u00fcr\u00fcn yelpazesindeki armat\u00fcrler BS 4825 boyut standard\u0131na uygundur.<\/p>\n<p>\t\t\t<a href=\"https:\/\/ktk.com.tr\/wp-content\/uploads\/2020\/01\/alfa-laval-installation-material-product-leaflet-ese00301.pdf\" role=\"button\"><br \/>\n\t\t\t\t\t\t\u00dcr\u00fcn Bilgisi<br \/>\n\t\t\t\t\t<\/a><br \/>\n\t\t\t<a href=\"https:\/\/ktk.com.tr\/tr\/contact-us\/\" role=\"button\"><br \/>\n\t\t\t\t\t\tL\u00fctfen \u0130leti\u015fime Ge\u00e7iniz<br \/>\n\t\t\t\t\t<\/a><br \/>\n\t\t\t\t\t\t\t\t\t\t<img decoding=\"async\" loading=\"lazy\" width=\"640\" height=\"360\" src=\"https:\/\/ktk.com.tr\/wp-content\/uploads\/2020\/01\/ultrapure_fittings_series_adin_640x360.png\" alt=\"\" class=\"ktk\" srcset=\"https:\/\/ktk.com.tr\/wp-content\/uploads\/2020\/01\/ultrapure_fittings_series_adin_640x360.png 640w, https:\/\/ktk.com.tr\/wp-content\/uploads\/2020\/01\/ultrapure_fittings_series_adin_640x360-300x169.png 300w, https:\/\/ktk.com.tr\/wp-content\/uploads\/2020\/01\/ultrapure_fittings_series_adin_640x360-1x1.png 1w\" sizes=\"(max-width: 640px) 100vw, 640px\" \/>\t\t\t\t\t\t\t\t\t\t\t<\/p>\n<h2>Hijyenik DIN Ba\u011flant\u0131 Par\u00e7alar\u0131<\/h2>\n<p>Bu \u00fcr\u00fcn yelpazesi, p\u00fcr\u00fcz ortalamas\u0131 (Ra) &lt;0,8 - 1,6 \u03bc olan i\u00e7 y\u00fczey kaplamal\u0131 geni\u015f bir ba\u011flant\u0131 yelpazesi sunar. Hijyenik \u00fcr\u00fcn yelpazesindeki fitingler EN 10357-A boyut standard\u0131na uygundur.<\/p>\n<p>\t\t\t<a href=\"https:\/\/ktk.com.tr\/wp-content\/uploads\/2020\/01\/alfa-laval-installation-material-product-leaflet-ese00301.pdf\" role=\"button\"><br \/>\n\t\t\t\t\t\t\u00dcr\u00fcn Bilgisi<br \/>\n\t\t\t\t\t<\/a><br \/>\n\t\t\t<a href=\"https:\/\/ktk.com.tr\/tr\/contact-us\/\" role=\"button\"><br \/>\n\t\t\t\t\t\tL\u00fctfen \u0130leti\u015fime Ge\u00e7iniz<br \/>\n\t\t\t\t\t<\/a><br \/>\n\t\t\t\t\t\t\t\t\t\t<img decoding=\"async\" loading=\"lazy\" width=\"640\" height=\"360\" src=\"https:\/\/ktk.com.tr\/wp-content\/uploads\/2020\/01\/ultrapure_fittings_series_adin_640x360.png\" alt=\"\" class=\"ktk\" srcset=\"https:\/\/ktk.com.tr\/wp-content\/uploads\/2020\/01\/ultrapure_fittings_series_adin_640x360.png 640w, https:\/\/ktk.com.tr\/wp-content\/uploads\/2020\/01\/ultrapure_fittings_series_adin_640x360-300x169.png 300w, https:\/\/ktk.com.tr\/wp-content\/uploads\/2020\/01\/ultrapure_fittings_series_adin_640x360-1x1.png 1w\" sizes=\"(max-width: 640px) 100vw, 640px\" \/>\t\t\t\t\t\t\t\t\t\t\t<\/p>\n<h2>Hijyenik ISO 2037 Ba\u011flant\u0131 Par\u00e7alar\u0131<\/h2>\n<p>Bu \u00fcr\u00fcn yelpazesi, p\u00fcr\u00fcz ortalamas\u0131 (Ra) &lt;0,8 - 1,6 \u03bc olan i\u00e7 y\u00fczey kaplamal\u0131 geni\u015f bir ba\u011flant\u0131 yelpazesi sunar. Hijyenik \u00fcr\u00fcn yelpazesindeki armat\u00fcrler, boyut standard\u0131 olan ISO 2037&#039;ye uygundur.<\/p>\n<p>\u00a0<br \/>\n\t\t\t<a href=\"https:\/\/ktk.com.tr\/wp-content\/uploads\/2020\/01\/alfa-laval-installation-material-product-leaflet-ese00301.pdf\" role=\"button\"><br \/>\n\t\t\t\t\t\t\u00dcr\u00fcn Bilgisi<br \/>\n\t\t\t\t\t<\/a><br \/>\n\t\t\t<a href=\"https:\/\/ktk.com.tr\/tr\/contact-us\/\" role=\"button\"><br \/>\n\t\t\t\t\t\tL\u00fctfen \u0130leti\u015fime Ge\u00e7iniz<br \/>\n\t\t\t\t\t<\/a><br \/>\n\t\t\t\t\t\t\t\t\t\t<img decoding=\"async\" loading=\"lazy\" width=\"640\" height=\"360\" src=\"https:\/\/ktk.com.tr\/wp-content\/uploads\/2020\/01\/ultrapure_fittings_series_adin_640x360.png\" alt=\"\" class=\"ktk\" srcset=\"https:\/\/ktk.com.tr\/wp-content\/uploads\/2020\/01\/ultrapure_fittings_series_adin_640x360.png 640w, https:\/\/ktk.com.tr\/wp-content\/uploads\/2020\/01\/ultrapure_fittings_series_adin_640x360-300x169.png 300w, https:\/\/ktk.com.tr\/wp-content\/uploads\/2020\/01\/ultrapure_fittings_series_adin_640x360-1x1.png 1w\" sizes=\"(max-width: 640px) 100vw, 640px\" \/>\t\t\t\t\t\t\t\t\t\t\t<\/p>\n<h2>Tri-Clover Hijyenik ASME Ba\u011flant\u0131 Par\u00e7alar\u0131<\/h2>\n<p>Tri-Clover \u00fcr\u00fcn yelpazesi, elektro y\u00fczeyli veya mekanik olarak parlat\u0131lm\u0131\u015f p\u00fcr\u00fczl\u00fcl\u00fck ortalamas\u0131 (Ra) &lt;0,4 - 0,8 \u03bc olan i\u00e7 y\u00fczey kaplamalar\u0131na sahip kapsaml\u0131 bir ba\u011flant\u0131 par\u00e7as\u0131 se\u00e7imi i\u00e7erir. Bu aral\u0131ktaki armat\u00fcrler ASME 3A boyut standartlar\u0131na uygundur.<\/p>\n<p>\u00a0<br \/>\n\t\t\t<a href=\"https:\/\/ktk.com.tr\/wp-content\/uploads\/2020\/01\/alfa-laval-installation-material-product-leaflet-ese00301.pdf\" role=\"button\"><br \/>\n\t\t\t\t\t\t\u00dcr\u00fcn Bilgisi<br \/>\n\t\t\t\t\t<\/a><br \/>\n\t\t\t<a href=\"https:\/\/ktk.com.tr\/tr\/contact-us\/\" role=\"button\"><br \/>\n\t\t\t\t\t\tL\u00fctfen \u0130leti\u015fime Ge\u00e7iniz<br \/>\n\t\t\t\t\t<\/a><\/p>","protected":false},"excerpt":{"rendered":"<p>Hygienic BS 4825 Part 1 Fittings This product range provides a wide range of fittings with internal surface finishes that have a roughness average (Ra) of &lt; 0.8 &#8211; 1.6 \u03bc. Fittings in the hygienic range comply with BS 4825 dimension standard. Product Data Please Contact Us Hygienic DIN Fittings This product range provides a [&hellip;]<\/p>","protected":false},"author":1,"featured_media":0,"parent":0,"menu_order":0,"comment_status":"closed","ping_status":"closed","template":"","meta":[],"_links":{"self":[{"href":"https:\/\/ktk.com.tr\/tr\/wp-json\/wp\/v2\/pages\/490"}],"collection":[{"href":"https:\/\/ktk.com.tr\/tr\/wp-json\/wp\/v2\/pages"}],"about":[{"href":"https:\/\/ktk.com.tr\/tr\/wp-json\/wp\/v2\/types\/page"}],"author":[{"embeddable":true,"href":"https:\/\/ktk.com.tr\/tr\/wp-json\/wp\/v2\/users\/1"}],"replies":[{"embeddable":true,"href":"https:\/\/ktk.com.tr\/tr\/wp-json\/wp\/v2\/comments?post=490"}],"version-history":[{"count":8,"href":"https:\/\/ktk.com.tr\/tr\/wp-json\/wp\/v2\/pages\/490\/revisions"}],"predecessor-version":[{"id":2409,"href":"https:\/\/ktk.com.tr\/tr\/wp-json\/wp\/v2\/pages\/490\/revisions\/2409"}],"wp:attachment":[{"href":"https:\/\/ktk.com.tr\/tr\/wp-json\/wp\/v2\/media?parent=490"}],"curies":[{"name":"wp","href":"https:\/\/api.w.org\/{rel}","templated":true}]}}